{"id":1271,"date":"2020-08-15T14:23:12","date_gmt":"2020-08-15T14:23:12","guid":{"rendered":"http:\/\/www.terciariascapuchinas.es\/\/?page_id=1271"},"modified":"2020-12-31T13:28:22","modified_gmt":"2020-12-31T13:28:22","slug":"testigos-de-la-caridad","status":"publish","type":"page","link":"https:\/\/www.terciariascapuchinas.org\/fr\/quienes-somos\/testigos-de-la-caridad\/","title":{"rendered":"Testigos de la Caridad"},"content":{"rendered":"\t\t<div data-elementor-type=\"wp-page\" data-elementor-id=\"1271\" class=\"elementor elementor-1271\">\n\t\t\t\t\t\t<div class=\"elementor-inner\">\n\t\t\t\t<div class=\"elementor-section-wrap\">\n\t\t\t\t\t\t\t\t\t<section class=\"elementor-section elementor-top-section elementor-element elementor-element-16d5c8b elementor-section-boxed elementor-section-height-default elementor-section-height-default\" data-id=\"16d5c8b\" data-element_type=\"section\" data-settings=\"{&quot;background_background&quot;:&quot;classic&quot;}\">\n\t\t\t\t\t\t<div class=\"elementor-container elementor-column-gap-default\">\n\t\t\t\t\t\t\t<div class=\"elementor-row\">\n\t\t\t\t\t<div class=\"elementor-column elementor-col-100 elementor-top-column elementor-element elementor-element-e9e9ad8\" data-id=\"e9e9ad8\" data-element_type=\"column\">\n\t\t\t<div class=\"elementor-column-wrap elementor-element-populated\">\n\t\t\t\t\t\t\t<div class=\"elementor-widget-wrap\">\n\t\t\t\t\t\t<div class=\"elementor-element elementor-element-c69cf47 elementor-align-left elementor-icon-list--layout-traditional elementor-list-item-link-full_width elementor-widget elementor-widget-icon-list\" data-id=\"c69cf47\" data-element_type=\"widget\" data-widget_type=\"icon-list.default\">\n\t\t\t\t<div class=\"elementor-widget-container\">\n\t\t\t\t\t<ul class=\"elementor-icon-list-items\">\n\t\t\t\t\t\t\t<li class=\"elementor-icon-list-item\">\n\t\t\t\t\t\t\t\t\t\t\t<span class=\"elementor-icon-list-icon\">\n\t\t\t\t\t\t\t<i aria-hidden=\"true\" class=\"fas fa-dove\"><\/i>\t\t\t\t\t\t<\/span>\n\t\t\t\t\t\t\t\t\t\t<span class=\"elementor-icon-list-text\">T\u00e9moins de la charit\u00e9, risquant la vie dans la mission jusqu\u2019au bout<\/span>\n\t\t\t\t\t\t\t\t\t<\/li>\n\t\t\t\t\t\t<\/ul>\n\t\t\t\t<\/div>\n\t\t\t\t<\/div>\n\t\t\t\t<div class=\"elementor-element elementor-element-09b81e9 elementor-widget elementor-widget-heading\" data-id=\"09b81e9\" data-element_type=\"widget\" data-widget_type=\"heading.default\">\n\t\t\t\t<div class=\"elementor-widget-container\">\n\t\t\t<h2 class=\"elementor-heading-title elementor-size-default\">Nos premi\u00e8res s\u0153urs Clara del Grao, Francisca de las Llagas de Alcal\u00e1, Serafina de Benaguacil et la novice Mar\u00eda de los Desamparados de Sueras qui moururent contamin\u00e9es en aidant les malades du chol\u00e9ra au d\u00e9but de notre histoire, furent des \u00ab martyres de la charit\u00e9 \u00bb en donnant leur vie pour le prochain et plus tard, nos S\u0153urs Rosario de Soano, Serafina de Ochovi et Francisca Javier de Rafelbu\u00f1ol furent des \u00ab martyres de la foi \u00bb pendant la guerre espagnole. Par apr\u00e8s d\u2019autres s\u0153urs, \u00e0 l\u2019exemple de J\u00e9sus, ne craignirent pas de mettre leur propre vie en danger pour sauver celle des autres.<\/h2>\t\t<\/div>\n\t\t\t\t<\/div>\n\t\t\t\t<div class=\"elementor-element elementor-element-8e6fb3b elementor-widget elementor-widget-heading\" data-id=\"8e6fb3b\" data-element_type=\"widget\" data-widget_type=\"heading.default\">\n\t\t\t\t<div class=\"elementor-widget-container\">\n\t\t\t<h2 class=\"elementor-heading-title elementor-size-default\">En novembre 1985, le Nevado del Ruiz, un volcan en apparence inactif situ\u00e9 dans la r\u00e9gion de Tolima (Colombie) sortit de sa l\u00e9thargie et tr\u00e8s vite cracha un torrent de grand d\u00e9bit provenant du d\u00e9gel des neiges qui le recouvraient, m\u00e9lang\u00e9 \u00e0 des cendres et de la boue, qui ensevelirent \u00e0 jamais la petite ville de Armero o\u00f9 se trouvait une de nos communaut\u00e9s et son \u00e9cole. Malgr\u00e9 l\u2019alerte donn\u00e9e face \u00e0 la menace, les s\u0153urs d\u00e9cid\u00e8rent de ne pas quitter les lieux mais de rester parmi les leurs pour les accueillir chez elles le moment venu. Mais la rivi\u00e8re de boue qui d\u00e9valait \u00e0 toute vitesse la montagne emporta tout sur son passage : la s\u0153ur Bertalina Mar\u00edn et la novice Nora Engrith Ram\u00edrez furent ensevelies \u00e0 tout jamais dans le cimeti\u00e8re qu\u2019\u00e9tait devenu Armero. La s\u0153ur Julia Alba Saldarriaga mourut peu apr\u00e8s des suites des br\u00fblures provoqu\u00e9es par la chaleur de la boue. Tout autant que nos premi\u00e8res s\u0153urs, nous les consid\u00e9rons \u00ab victimes de la charit\u00e9 \u00bb pour leur d\u00e9vouement \u00e0 leur prochain.<\/h2>\t\t<\/div>\n\t\t\t\t<\/div>\n\t\t\t\t<div class=\"elementor-element elementor-element-7e478ce elementor-widget elementor-widget-heading\" data-id=\"7e478ce\" data-element_type=\"widget\" data-widget_type=\"heading.default\">\n\t\t\t\t<div class=\"elementor-widget-container\">\n\t\t\t<h2 class=\"elementor-heading-title elementor-size-default\">Deux ans plus tard, en juillet 1987, notre s\u0153ur In\u00e9s Arango, missionnaire chez les tribus indig\u00e8nes de la jungle amazonienne de l\u2019\u00c9quateur, perdait la vie avec l\u2019\u00e9v\u00eaque et missionnaire capucin Mgr Alejandro Labaka. Anim\u00e9s par leur grande ardeur d\u2019annoncer le Christ et lors d\u2019un de leurs voyages pour prendre contact avec une des tribus, mur\u00e9e dans sa culture et qui avait montr\u00e9 auparavant une certaine agressivit\u00e9 \u00e0 l\u2019encontre des \u00e9trangers des compagnies p\u00e9troli\u00e8res qui envahissaient leurs terres, les deux missionnaires moururent lanc\u00e9ol\u00e9s par les indig\u00e8nes. Mgr Labaka et la S\u0153ur In\u00e9s n\u2019ont pas \u00e9t\u00e9 des martyres de la foi mais ils ont \u00e9t\u00e9 t\u00e9moins et messagers de l\u2019amour de Dieu pour les indiens Tagaeri.<\/h2>\t\t<\/div>\n\t\t\t\t<\/div>\n\t\t\t\t<div class=\"elementor-element elementor-element-2da1e55 elementor-widget elementor-widget-text-editor\" data-id=\"2da1e55\" data-element_type=\"widget\" data-widget_type=\"text-editor.default\">\n\t\t\t\t<div class=\"elementor-widget-container\">\n\t\t\t\t\t\t\t\t<div class=\"elementor-text-editor elementor-clearfix\">\n\t\t\t\t<p><img loading=\"lazy\" class=\"alignnone wp-image-3944 size-large\" src=\"https:\/\/www.terciariascapuchinas.es\/wp-content\/uploads\/2020\/12\/ines3-1024x721.jpg\" alt=\"\" width=\"580\" height=\"408\" srcset=\"https:\/\/www.terciariascapuchinas.org\/fr\/wp-content\/uploads\/2020\/12\/ines3-1024x721.jpg 1024w, https:\/\/www.terciariascapuchinas.org\/fr\/wp-content\/uploads\/2020\/12\/ines3-300x211.jpg 300w, https:\/\/www.terciariascapuchinas.org\/fr\/wp-content\/uploads\/2020\/12\/ines3-768x541.jpg 768w, https:\/\/www.terciariascapuchinas.org\/fr\/wp-content\/uploads\/2020\/12\/ines3-1536x1081.jpg 1536w, https:\/\/www.terciariascapuchinas.org\/fr\/wp-content\/uploads\/2020\/12\/ines3-1200x845.jpg 1200w, https:\/\/www.terciariascapuchinas.org\/fr\/wp-content\/uploads\/2020\/12\/ines3-1980x1394.jpg 1980w, https:\/\/www.terciariascapuchinas.org\/fr\/wp-content\/uploads\/2020\/12\/ines3.jpg 2031w\" sizes=\"(max-width: 580px) 100vw, 580px\" \/><\/p><p><img loading=\"lazy\" class=\"alignnone wp-image-3949 size-large\" src=\"https:\/\/www.terciariascapuchinas.es\/wp-content\/uploads\/2020\/12\/104-Ine\u0301s-Arango-1024x576.jpeg\" alt=\"\" width=\"580\" height=\"326\" srcset=\"https:\/\/www.terciariascapuchinas.org\/fr\/wp-content\/uploads\/2020\/12\/104-Ine\u0301s-Arango-1024x576.jpeg 1024w, https:\/\/www.terciariascapuchinas.org\/fr\/wp-content\/uploads\/2020\/12\/104-Ine\u0301s-Arango-300x169.jpeg 300w, https:\/\/www.terciariascapuchinas.org\/fr\/wp-content\/uploads\/2020\/12\/104-Ine\u0301s-Arango-768x432.jpeg 768w, https:\/\/www.terciariascapuchinas.org\/fr\/wp-content\/uploads\/2020\/12\/104-Ine\u0301s-Arango-1200x675.jpeg 1200w, https:\/\/www.terciariascapuchinas.org\/fr\/wp-content\/uploads\/2020\/12\/104-Ine\u0301s-Arango-rotated.jpeg 1280w\" sizes=\"(max-width: 580px) 100vw, 580px\" \/> <img loading=\"lazy\" class=\"alignnone wp-image-3950 size-large\" src=\"https:\/\/www.terciariascapuchinas.es\/wp-content\/uploads\/2020\/12\/103.-Ine\u0301s-Arango-2-576x1024.jpeg\" alt=\"\" width=\"576\" height=\"1024\" srcset=\"https:\/\/www.terciariascapuchinas.org\/fr\/wp-content\/uploads\/2020\/12\/103.-Ine\u0301s-Arango-2-576x1024.jpeg 576w, https:\/\/www.terciariascapuchinas.org\/fr\/wp-content\/uploads\/2020\/12\/103.-Ine\u0301s-Arango-2-169x300.jpeg 169w, https:\/\/www.terciariascapuchinas.org\/fr\/wp-content\/uploads\/2020\/12\/103.-Ine\u0301s-Arango-2.jpeg 720w\" sizes=\"(max-width: 576px) 100vw, 576px\" \/><\/p>\t\t\t\t\t<\/div>\n\t\t\t\t\t\t<\/div>\n\t\t\t\t<\/div>\n\t\t\t\t\t\t<\/div>\n\t\t\t\t\t<\/div>\n\t\t<\/div>\n\t\t\t\t\t\t\t\t<\/div>\n\t\t\t\t\t<\/div>\n\t\t<\/section>\n\t\t\t\t\t\t\t\t\t<\/div>\n\t\t\t<\/div>\n\t\t\t\t\t<\/div>\n\t\t","protected":false},"excerpt":{"rendered":"<p>T\u00e9moins de la charit\u00e9, risquant la vie dans la mission jusqu\u2019au bout Nos premi\u00e8res s\u0153urs Clara del Grao, Francisca de las Llagas de Alcal\u00e1, Serafina de Benaguacil et la novice Mar\u00eda de los Desamparados de Sueras qui moururent contamin\u00e9es en aidant les malades du chol\u00e9ra au d\u00e9but de notre histoire, furent des \u00ab martyres de [&hellip;]<\/p>\n","protected":false},"author":1,"featured_media":0,"parent":25,"menu_order":0,"comment_status":"closed","ping_status":"closed","template":"elementor_header_footer","meta":[],"_links":{"self":[{"href":"https:\/\/www.terciariascapuchinas.org\/fr\/wp-json\/wp\/v2\/pages\/1271"}],"collection":[{"href":"https:\/\/www.terciariascapuchinas.org\/fr\/wp-json\/wp\/v2\/pages"}],"about":[{"href":"https:\/\/www.terciariascapuchinas.org\/fr\/wp-json\/wp\/v2\/types\/page"}],"author":[{"embeddable":true,"href":"https:\/\/www.terciariascapuchinas.org\/fr\/wp-json\/wp\/v2\/users\/1"}],"replies":[{"embeddable":true,"href":"https:\/\/www.terciariascapuchinas.org\/fr\/wp-json\/wp\/v2\/comments?post=1271"}],"version-history":[{"count":25,"href":"https:\/\/www.terciariascapuchinas.org\/fr\/wp-json\/wp\/v2\/pages\/1271\/revisions"}],"predecessor-version":[{"id":4460,"href":"https:\/\/www.terciariascapuchinas.org\/fr\/wp-json\/wp\/v2\/pages\/1271\/revisions\/4460"}],"up":[{"embeddable":true,"href":"https:\/\/www.terciariascapuchinas.org\/fr\/wp-json\/wp\/v2\/pages\/25"}],"wp:attachment":[{"href":"https:\/\/www.terciariascapuchinas.org\/fr\/wp-json\/wp\/v2\/media?parent=1271"}],"curies":[{"name":"wp","href":"https:\/\/api.w.org\/{rel}","templated":true}]}}