{"id":1274,"date":"2020-08-15T14:32:27","date_gmt":"2020-08-15T14:32:27","guid":{"rendered":"http:\/\/www.terciariascapuchinas.es\/\/?page_id=1274"},"modified":"2020-12-28T16:11:11","modified_gmt":"2020-12-28T16:11:11","slug":"valores-de-nuestro-ser","status":"publish","type":"page","link":"https:\/\/www.terciariascapuchinas.org\/fr\/quienes-somos\/carisma-y-espiritualidad\/valores-de-nuestro-ser\/","title":{"rendered":"Valores Fundamentales"},"content":{"rendered":"\t\t<div data-elementor-type=\"wp-page\" data-elementor-id=\"1274\" class=\"elementor elementor-1274\">\n\t\t\t\t\t\t<div class=\"elementor-inner\">\n\t\t\t\t<div class=\"elementor-section-wrap\">\n\t\t\t\t\t\t\t\t\t<section class=\"elementor-section elementor-top-section elementor-element elementor-element-16d5c8b elementor-section-boxed elementor-section-height-default elementor-section-height-default\" data-id=\"16d5c8b\" data-element_type=\"section\" data-settings=\"{&quot;background_background&quot;:&quot;classic&quot;}\">\n\t\t\t\t\t\t<div class=\"elementor-container elementor-column-gap-default\">\n\t\t\t\t\t\t\t<div class=\"elementor-row\">\n\t\t\t\t\t<div class=\"elementor-column elementor-col-100 elementor-top-column elementor-element elementor-element-e9e9ad8\" data-id=\"e9e9ad8\" data-element_type=\"column\">\n\t\t\t<div class=\"elementor-column-wrap elementor-element-populated\">\n\t\t\t\t\t\t\t<div class=\"elementor-widget-wrap\">\n\t\t\t\t\t\t<div class=\"elementor-element elementor-element-c69cf47 elementor-align-left elementor-icon-list--layout-traditional elementor-list-item-link-full_width elementor-widget elementor-widget-icon-list\" data-id=\"c69cf47\" data-element_type=\"widget\" data-widget_type=\"icon-list.default\">\n\t\t\t\t<div class=\"elementor-widget-container\">\n\t\t\t\t\t<ul class=\"elementor-icon-list-items\">\n\t\t\t\t\t\t\t<li class=\"elementor-icon-list-item\">\n\t\t\t\t\t\t\t\t\t\t\t<span class=\"elementor-icon-list-icon\">\n\t\t\t\t\t\t\t<i aria-hidden=\"true\" class=\"fas fa-pray\"><\/i>\t\t\t\t\t\t<\/span>\n\t\t\t\t\t\t\t\t\t\t<span class=\"elementor-icon-list-text\">Valeurs fondamentales de notre  \u00ab \u00eatre \u00bb<\/span>\n\t\t\t\t\t\t\t\t\t<\/li>\n\t\t\t\t\t\t<\/ul>\n\t\t\t\t<\/div>\n\t\t\t\t<\/div>\n\t\t\t\t<div class=\"elementor-element elementor-element-09b81e9 elementor-widget elementor-widget-heading\" data-id=\"09b81e9\" data-element_type=\"widget\" data-widget_type=\"heading.default\">\n\t\t\t\t<div class=\"elementor-widget-container\">\n\t\t\t<h2 class=\"elementor-heading-title elementor-size-default\">\u00ab Nous offrant totalement et librement nous suivons J\u00e9sus-Christ moyennant les v\u0153ux d'ob\u00e9issance, de pauvret\u00e9 et de chastet\u00e9 \u00bb (cf. Const. 2) \u00ab Notre forme de vie et r\u00e8gle supr\u00eame est de garder le Saint \u00c9vangile en vivant en communaut\u00e9 fraternelle, minorit\u00e9 et p\u00e9nitence, en communion avec l\u2019\u00c9glise et dans la fid\u00e9lit\u00e9 \u00e0 notre charisme exprim\u00e9 dans les Constitutions \u00bb (Const. 3).<\/h2>\t\t<\/div>\n\t\t\t\t<\/div>\n\t\t\t\t<div class=\"elementor-element elementor-element-fd10300 elementor-widget elementor-widget-heading\" data-id=\"fd10300\" data-element_type=\"widget\" data-widget_type=\"heading.default\">\n\t\t\t\t<div class=\"elementor-widget-container\">\n\t\t\t<h2 class=\"elementor-heading-title elementor-size-default\">Pour le franciscain, pour nous, la vie m\u00eame devient mission accompagn\u00e9e par les \u0153uvres concr\u00e8tes au service des autres avec un style particulier. Notre Congr\u00e9gation puise aux sources de la <b>spiritualit\u00e9<\/b> de Fran\u00e7ois d\u2019Assise transmise par Louis Amig\u00f3, amoureux et pleinement fid\u00e8le \u00e0 sa vocation franciscaine et capucine avec un<b> charisme<\/b> qui souligne tout sp\u00e9cialement la dimension mis\u00e9ricordieuse de l\u2019amour.<\/h2>\t\t<\/div>\n\t\t\t\t<\/div>\n\t\t\t\t<div class=\"elementor-element elementor-element-5c041d5 elementor-widget elementor-widget-spacer\" data-id=\"5c041d5\" data-element_type=\"widget\" data-widget_type=\"spacer.default\">\n\t\t\t\t<div class=\"elementor-widget-container\">\n\t\t\t\t\t<div class=\"elementor-spacer\">\n\t\t\t<div class=\"elementor-spacer-inner\"><\/div>\n\t\t<\/div>\n\t\t\t\t<\/div>\n\t\t\t\t<\/div>\n\t\t\t\t<div class=\"elementor-element elementor-element-8112dd5 elementor-widget elementor-widget-heading\" data-id=\"8112dd5\" data-element_type=\"widget\" data-widget_type=\"heading.default\">\n\t\t\t\t<div class=\"elementor-widget-container\">\n\t\t\t<h2 class=\"elementor-heading-title elementor-size-default\">Nous suivons J\u00e9sus-Christ \u00e0 la mani\u00e8re de Fran\u00e7ois d\u2019Assise et de Louis Amig\u00f3<\/h2>\t\t<\/div>\n\t\t\t\t<\/div>\n\t\t\t\t<div class=\"elementor-element elementor-element-9b614bc elementor-widget elementor-widget-heading\" data-id=\"9b614bc\" data-element_type=\"widget\" data-widget_type=\"heading.default\">\n\t\t\t\t<div class=\"elementor-widget-container\">\n\t\t\t<h2 class=\"elementor-heading-title elementor-size-default\">Fran\u00e7ois d\u2019Assise n\u2019eut d\u2019autre richesse que le Christ de l\u2019\u00c9vangile et notre P\u00e8re Fondateur nous transmit ce m\u00eame esprit \u00e0 travers sa vie et ses \u00e9crits en nous proposant la m\u00eame voie comme pr\u00e9sum\u00e9 de base et essentiel. Pour nous, ce Christ se r\u00e9v\u00e8le avec des caract\u00e9ristiques particuli\u00e8res : un Christ ins\u00e9parable du P\u00e8re ; incarn\u00e9, pauvre, humble, crucifi\u00e9 et ressuscit\u00e9 ; un Christ Bon Pasteur et R\u00e9dempteur.<\/h2>\t\t<\/div>\n\t\t\t\t<\/div>\n\t\t\t\t<div class=\"elementor-element elementor-element-6a7bdbc elementor-widget elementor-widget-text-editor\" data-id=\"6a7bdbc\" data-element_type=\"widget\" data-widget_type=\"text-editor.default\">\n\t\t\t\t<div class=\"elementor-widget-container\">\n\t\t\t\t\t\t\t\t<div class=\"elementor-text-editor elementor-clearfix\">\n\t\t\t\t<p><img loading=\"lazy\" class=\"alignnone wp-image-3963 size-full\" src=\"https:\/\/www.terciariascapuchinas.es\/wp-content\/uploads\/2020\/12\/cruz-de-san-damiano-original.jpg\" alt=\"\" width=\"1024\" height=\"770\" srcset=\"https:\/\/www.terciariascapuchinas.org\/fr\/wp-content\/uploads\/2020\/12\/cruz-de-san-damiano-original.jpg 1024w, https:\/\/www.terciariascapuchinas.org\/fr\/wp-content\/uploads\/2020\/12\/cruz-de-san-damiano-original-300x226.jpg 300w, https:\/\/www.terciariascapuchinas.org\/fr\/wp-content\/uploads\/2020\/12\/cruz-de-san-damiano-original-768x578.jpg 768w\" sizes=\"(max-width: 1024px) 100vw, 1024px\" \/><\/p>\t\t\t\t\t<\/div>\n\t\t\t\t\t\t<\/div>\n\t\t\t\t<\/div>\n\t\t\t\t<div class=\"elementor-element elementor-element-99931f5 elementor-widget elementor-widget-spacer\" data-id=\"99931f5\" data-element_type=\"widget\" data-widget_type=\"spacer.default\">\n\t\t\t\t<div class=\"elementor-widget-container\">\n\t\t\t\t\t<div class=\"elementor-spacer\">\n\t\t\t<div class=\"elementor-spacer-inner\"><\/div>\n\t\t<\/div>\n\t\t\t\t<\/div>\n\t\t\t\t<\/div>\n\t\t\t\t<div class=\"elementor-element elementor-element-564d294 elementor-widget elementor-widget-heading\" data-id=\"564d294\" data-element_type=\"widget\" data-widget_type=\"heading.default\">\n\t\t\t\t<div class=\"elementor-widget-container\">\n\t\t\t<h2 class=\"elementor-heading-title elementor-size-default\">En communion fraternelle<\/h2>\t\t<\/div>\n\t\t\t\t<\/div>\n\t\t\t\t<div class=\"elementor-element elementor-element-9394730 elementor-widget elementor-widget-heading\" data-id=\"9394730\" data-element_type=\"widget\" data-widget_type=\"heading.default\">\n\t\t\t\t<div class=\"elementor-widget-container\">\n\t\t\t<h2 class=\"elementor-heading-title elementor-size-default\">Suivre le Christ se r\u00e9alise en fraternit\u00e9 comme un lieu de rencontre o\u00f9 les s\u0153urs s\u2019accompagnent et partagent la joie de l\u2019appel. Une fraternit\u00e9 qui est \u00e0 la fois un don et un travail, qui c\u00e9l\u00e8bre J\u00e9sus-Christ, o\u00f9 l\u2019on vit dans le service humble et l\u2019ob\u00e9issance mutuelle et qui implique l\u2019\u00e9galit\u00e9 de toutes les s\u0153urs. <\/h2>\t\t<\/div>\n\t\t\t\t<\/div>\n\t\t\t\t<div class=\"elementor-element elementor-element-32f4000 elementor-widget elementor-widget-text-editor\" data-id=\"32f4000\" data-element_type=\"widget\" data-widget_type=\"text-editor.default\">\n\t\t\t\t<div class=\"elementor-widget-container\">\n\t\t\t\t\t\t\t\t<div class=\"elementor-text-editor elementor-clearfix\">\n\t\t\t\t<p><img loading=\"lazy\" class=\"alignnone wp-image-3961 size-full\" src=\"https:\/\/www.terciariascapuchinas.es\/wp-content\/uploads\/2020\/12\/2.-Junioras-Comunio\u0301n-fraterna.jpg\" alt=\"\" width=\"2048\" height=\"1152\" srcset=\"https:\/\/www.terciariascapuchinas.org\/fr\/wp-content\/uploads\/2020\/12\/2.-Junioras-Comunio\u0301n-fraterna.jpg 2048w, https:\/\/www.terciariascapuchinas.org\/fr\/wp-content\/uploads\/2020\/12\/2.-Junioras-Comunio\u0301n-fraterna-300x169.jpg 300w, https:\/\/www.terciariascapuchinas.org\/fr\/wp-content\/uploads\/2020\/12\/2.-Junioras-Comunio\u0301n-fraterna-1024x576.jpg 1024w, https:\/\/www.terciariascapuchinas.org\/fr\/wp-content\/uploads\/2020\/12\/2.-Junioras-Comunio\u0301n-fraterna-768x432.jpg 768w, https:\/\/www.terciariascapuchinas.org\/fr\/wp-content\/uploads\/2020\/12\/2.-Junioras-Comunio\u0301n-fraterna-1536x864.jpg 1536w, https:\/\/www.terciariascapuchinas.org\/fr\/wp-content\/uploads\/2020\/12\/2.-Junioras-Comunio\u0301n-fraterna-1200x675.jpg 1200w, https:\/\/www.terciariascapuchinas.org\/fr\/wp-content\/uploads\/2020\/12\/2.-Junioras-Comunio\u0301n-fraterna-1980x1114.jpg 1980w\" sizes=\"(max-width: 2048px) 100vw, 2048px\" \/><\/p>\t\t\t\t\t<\/div>\n\t\t\t\t\t\t<\/div>\n\t\t\t\t<\/div>\n\t\t\t\t<div class=\"elementor-element elementor-element-9829044 elementor-widget elementor-widget-spacer\" data-id=\"9829044\" data-element_type=\"widget\" data-widget_type=\"spacer.default\">\n\t\t\t\t<div class=\"elementor-widget-container\">\n\t\t\t\t\t<div class=\"elementor-spacer\">\n\t\t\t<div class=\"elementor-spacer-inner\"><\/div>\n\t\t<\/div>\n\t\t\t\t<\/div>\n\t\t\t\t<\/div>\n\t\t\t\t<div class=\"elementor-element elementor-element-6102aa7 elementor-widget elementor-widget-heading\" data-id=\"6102aa7\" data-element_type=\"widget\" data-widget_type=\"heading.default\">\n\t\t\t\t<div class=\"elementor-widget-container\">\n\t\t\t<h2 class=\"elementor-heading-title elementor-size-default\">En minorit\u00e9<\/h2>\t\t<\/div>\n\t\t\t\t<\/div>\n\t\t\t\t<div class=\"elementor-element elementor-element-08104ef elementor-widget elementor-widget-heading\" data-id=\"08104ef\" data-element_type=\"widget\" data-widget_type=\"heading.default\">\n\t\t\t\t<div class=\"elementor-widget-container\">\n\t\t\t<h2 class=\"elementor-heading-title elementor-size-default\">La minorit\u00e9 franciscaine comprend la petitesse \u00e9vang\u00e9lique et une attitude de service. \u00catre mineur est similaire \u00e0 \u00eatre serviteur, pauvre, simple, humble, port\u00e9 aux autres, \u00e0 leur service, disponible, sans d\u00e9sir de domination. La minorit\u00e9 comme ensemble d\u2019attitudes \u00e9vang\u00e9liques a pour nous des manifestations concr\u00e8tes dans : l\u2019ob\u00e9issance, la pauvret\u00e9 et humilit\u00e9 ; l\u2019option pr\u00e9f\u00e9rentielle pour les plus pauvres et n\u00e9cessiteux ; la confiance dans la Providence ; l\u2019engagement pour la justice, la paix, la d\u00e9fense de la vie et la sauvegarde de la cr\u00e9ation.<\/h2>\t\t<\/div>\n\t\t\t\t<\/div>\n\t\t\t\t<div class=\"elementor-element elementor-element-a11ecbb elementor-widget elementor-widget-text-editor\" data-id=\"a11ecbb\" data-element_type=\"widget\" data-widget_type=\"text-editor.default\">\n\t\t\t\t<div class=\"elementor-widget-container\">\n\t\t\t\t\t\t\t\t<div class=\"elementor-text-editor elementor-clearfix\">\n\t\t\t\t<p><img loading=\"lazy\" class=\"alignnone wp-image-3962 size-full\" src=\"https:\/\/www.terciariascapuchinas.es\/wp-content\/uploads\/2020\/12\/3.-Lavatorio-de-los-pies.jpg\" alt=\"\" width=\"374\" height=\"512\" srcset=\"https:\/\/www.terciariascapuchinas.org\/fr\/wp-content\/uploads\/2020\/12\/3.-Lavatorio-de-los-pies.jpg 374w, https:\/\/www.terciariascapuchinas.org\/fr\/wp-content\/uploads\/2020\/12\/3.-Lavatorio-de-los-pies-219x300.jpg 219w\" sizes=\"(max-width: 374px) 100vw, 374px\" \/><\/p>\t\t\t\t\t<\/div>\n\t\t\t\t\t\t<\/div>\n\t\t\t\t<\/div>\n\t\t\t\t<div class=\"elementor-element elementor-element-7ae59fe elementor-widget elementor-widget-spacer\" data-id=\"7ae59fe\" data-element_type=\"widget\" data-widget_type=\"spacer.default\">\n\t\t\t\t<div class=\"elementor-widget-container\">\n\t\t\t\t\t<div class=\"elementor-spacer\">\n\t\t\t<div class=\"elementor-spacer-inner\"><\/div>\n\t\t<\/div>\n\t\t\t\t<\/div>\n\t\t\t\t<\/div>\n\t\t\t\t<div class=\"elementor-element elementor-element-1bf2d06 elementor-widget elementor-widget-heading\" data-id=\"1bf2d06\" data-element_type=\"widget\" data-widget_type=\"heading.default\">\n\t\t\t\t<div class=\"elementor-widget-container\">\n\t\t\t<h2 class=\"elementor-heading-title elementor-size-default\">P\u00e9nitence-conversion<\/h2>\t\t<\/div>\n\t\t\t\t<\/div>\n\t\t\t\t<div class=\"elementor-element elementor-element-5505323 elementor-widget elementor-widget-heading\" data-id=\"5505323\" data-element_type=\"widget\" data-widget_type=\"heading.default\">\n\t\t\t\t<div class=\"elementor-widget-container\">\n\t\t\t<h2 class=\"elementor-heading-title elementor-size-default\">L\u2019esprit de p\u00e9nitence et conversion permanente sont des \u00e9l\u00e9ments essentiels de notre charisme. La p\u00e9nitence est, avant tout, un changement de mentalit\u00e9. \u00catre p\u00e9nitent comme Fran\u00e7ois, Claire et Louis Amig\u00f3 suppose : que Dieu devienne le bien total, le bien supr\u00eame, le seul bien\u2026 (AlD 3), redimensionner toutes les valeurs et int\u00e9r\u00eats que nous pouvons avoir et mener une vie de pri\u00e8re, aust\u00e8re, fraternelle et de service inconditionnel pour nos fr\u00e8res et s\u0153urs en nous sachant des cr\u00e9atures dans les mains du Cr\u00e9ateur.<\/h2>\t\t<\/div>\n\t\t\t\t<\/div>\n\t\t\t\t<div class=\"elementor-element elementor-element-421f843 elementor-widget elementor-widget-spacer\" data-id=\"421f843\" data-element_type=\"widget\" data-widget_type=\"spacer.default\">\n\t\t\t\t<div class=\"elementor-widget-container\">\n\t\t\t\t\t<div class=\"elementor-spacer\">\n\t\t\t<div class=\"elementor-spacer-inner\"><\/div>\n\t\t<\/div>\n\t\t\t\t<\/div>\n\t\t\t\t<\/div>\n\t\t\t\t<div class=\"elementor-element elementor-element-69a0a46 elementor-widget elementor-widget-heading\" data-id=\"69a0a46\" data-element_type=\"widget\" data-widget_type=\"heading.default\">\n\t\t\t\t<div class=\"elementor-widget-container\">\n\t\t\t<h2 class=\"elementor-heading-title elementor-size-default\">En fid\u00e9lit\u00e9 \u00e0 l\u2019Eglise<\/h2>\t\t<\/div>\n\t\t\t\t<\/div>\n\t\t\t\t<div class=\"elementor-element elementor-element-1e9d3de elementor-widget elementor-widget-heading\" data-id=\"1e9d3de\" data-element_type=\"widget\" data-widget_type=\"heading.default\">\n\t\t\t\t<div class=\"elementor-widget-container\">\n\t\t\t<h2 class=\"elementor-heading-title elementor-size-default\">Saint Fran\u00e7ois percevait l\u2019imm\u00e9diatet\u00e9 de la pr\u00e9sence de J\u00e9sus dans son \u00c9glise dans la personne tr\u00e8s concr\u00e8te du \u00ab Pape de l\u2019Eglise Romaine \u00bb qu\u2019il d\u00e9signe par son propre nom (cf. 2R 2), des \u00c9v\u00eaques, des th\u00e9ologiens et jusqu\u2019au plus pauvre et petit des pr\u00eatres (cf. Test 6). Le P. Louis Amig\u00f3 fonda notre Congr\u00e9gation en \u00e9troit accord  avec l\u2019\u00c9glise, il v\u00e9cut comme un de ses fils ob\u00e9issant, il a inculqu\u00e9 l\u2019amour, la soumission, le respect, la collaboration, l\u2019approfondissement de sa doctrine, l\u2019accueil de ses initiatives et suggestions, en nous invitant \u00e0 t\u00e9moigner de la communion comme membres actifs de celle-ci.<\/h2>\t\t<\/div>\n\t\t\t\t<\/div>\n\t\t\t\t<div class=\"elementor-element elementor-element-867be4b elementor-widget elementor-widget-spacer\" data-id=\"867be4b\" data-element_type=\"widget\" data-widget_type=\"spacer.default\">\n\t\t\t\t<div class=\"elementor-widget-container\">\n\t\t\t\t\t<div class=\"elementor-spacer\">\n\t\t\t<div class=\"elementor-spacer-inner\"><\/div>\n\t\t<\/div>\n\t\t\t\t<\/div>\n\t\t\t\t<\/div>\n\t\t\t\t<div class=\"elementor-element elementor-element-2b35fee elementor-widget elementor-widget-heading\" data-id=\"2b35fee\" data-element_type=\"widget\" data-widget_type=\"heading.default\">\n\t\t\t\t<div class=\"elementor-widget-container\">\n\t\t\t<h2 class=\"elementor-heading-title elementor-size-default\">Vie apostolique<\/h2>\t\t<\/div>\n\t\t\t\t<\/div>\n\t\t\t\t<div class=\"elementor-element elementor-element-e986ae5 elementor-widget elementor-widget-heading\" data-id=\"e986ae5\" data-element_type=\"widget\" data-widget_type=\"heading.default\">\n\t\t\t\t<div class=\"elementor-widget-container\">\n\t\t\t<h2 class=\"elementor-heading-title elementor-size-default\">Notre mission apostolique est la r\u00e9alisation de notre \u00ab forme de vie \u00bb exprim\u00e9e dans la R\u00e8gle et les Constitutions.\n\nComme authentique communaut\u00e9 \u00e9vang\u00e9lique nous sommes pouss\u00e9es par l\u2019Esprit Saint \u00e0 collaborer dans la mission salvatrice de l\u2019\u00c9glise qui nous envoie \u00e0 \u00eatre pr\u00e9sence du Seigneur et messag\u00e8res de paix dans le monde (Const. 57). Nous \u00e9vang\u00e9lisons \u00ab avec le t\u00e9moignage de notre propre vie, l\u2019exercice de la charit\u00e9 et l\u2019annonce de la Parole \u00e0 tout ceux qui ont besoin de nous, pr\u00e9f\u00e9rentiellement aux plus pauvres et n\u00e9cessiteux \u00bb (Const. 4) \n<\/h2>\t\t<\/div>\n\t\t\t\t<\/div>\n\t\t\t\t<div class=\"elementor-element elementor-element-35eb9c6 elementor-widget elementor-widget-heading\" data-id=\"35eb9c6\" data-element_type=\"widget\" data-widget_type=\"heading.default\">\n\t\t\t\t<div class=\"elementor-widget-container\">\n\t\t\t<h2 class=\"elementor-heading-title elementor-size-default\">Toute notre vie doit se caract\u00e9riser par l\u2019attitude du Bon Pasteur et l\u2019esprit de la Sainte Famille.<\/h2>\t\t<\/div>\n\t\t\t\t<\/div>\n\t\t\t\t<div class=\"elementor-element elementor-element-f4e37ab elementor-widget elementor-widget-spacer\" data-id=\"f4e37ab\" data-element_type=\"widget\" data-widget_type=\"spacer.default\">\n\t\t\t\t<div class=\"elementor-widget-container\">\n\t\t\t\t\t<div class=\"elementor-spacer\">\n\t\t\t<div class=\"elementor-spacer-inner\"><\/div>\n\t\t<\/div>\n\t\t\t\t<\/div>\n\t\t\t\t<\/div>\n\t\t\t\t<div class=\"elementor-element elementor-element-7bb0010 elementor-widget elementor-widget-heading\" data-id=\"7bb0010\" data-element_type=\"widget\" data-widget_type=\"heading.default\">\n\t\t\t\t<div class=\"elementor-widget-container\">\n\t\t\t<h2 class=\"elementor-heading-title elementor-size-default\">Avec l\u2019attitude du Bon Pasteur<\/h2>\t\t<\/div>\n\t\t\t\t<\/div>\n\t\t\t\t<div class=\"elementor-element elementor-element-bdb1a18 elementor-widget elementor-widget-heading\" data-id=\"bdb1a18\" data-element_type=\"widget\" data-widget_type=\"heading.default\">\n\t\t\t\t<div class=\"elementor-widget-container\">\n\t\t\t<h2 class=\"elementor-heading-title elementor-size-default\">J\u00e9sus-Christ est l\u2019unique Pasteur qui conna\u00eet ses brebis, les aime, risque tout pour elles et donne sa vie selon le commandement re\u00e7u du P\u00e8re. Notre P\u00e8re Fondateur a incarn\u00e9 cette attitude dans sa vie en se distinguant par sa sensibilit\u00e9 et son d\u00e9vouement aux exclus. Le Bon Pasteur est l\u2019image qu\u2019il a choisit comme guide et expression de ce qu\u2019il souhaitait vivre ; c\u2019est pourquoi sa devise \u00e9piscopale f\u00fbt : \u00ab je donne ma vie pour mes brebis \u00bb. Nous aussi  nous l\u2019incarnons quand nous annon\u00e7ons et construisons la paix, quand nous cherchons le c\u0153ur des femmes et des hommes \u00e0 travers le dialogue, le respect, l\u2019\u00e9coute, la compr\u00e9hension, quand nous partons \u00e0 la rencontre des rejet\u00e9s\u2026<\/h2>\t\t<\/div>\n\t\t\t\t<\/div>\n\t\t\t\t<div class=\"elementor-element elementor-element-5b0d8e5 elementor-widget elementor-widget-spacer\" data-id=\"5b0d8e5\" data-element_type=\"widget\" data-widget_type=\"spacer.default\">\n\t\t\t\t<div class=\"elementor-widget-container\">\n\t\t\t\t\t<div class=\"elementor-spacer\">\n\t\t\t<div class=\"elementor-spacer-inner\"><\/div>\n\t\t<\/div>\n\t\t\t\t<\/div>\n\t\t\t\t<\/div>\n\t\t\t\t<div class=\"elementor-element elementor-element-fc9d7bd elementor-widget elementor-widget-heading\" data-id=\"fc9d7bd\" data-element_type=\"widget\" data-widget_type=\"heading.default\">\n\t\t\t\t<div class=\"elementor-widget-container\">\n\t\t\t<h2 class=\"elementor-heading-title elementor-size-default\">Avec l\u2019esprit de la Sainte Famille, notre mod\u00e8le<\/h2>\t\t<\/div>\n\t\t\t\t<\/div>\n\t\t\t\t<div class=\"elementor-element elementor-element-0ad0543 elementor-widget elementor-widget-heading\" data-id=\"0ad0543\" data-element_type=\"widget\" data-widget_type=\"heading.default\">\n\t\t\t\t<div class=\"elementor-widget-container\">\n\t\t\t<h2 class=\"elementor-heading-title elementor-size-default\">Notre P\u00e8re Fondateur a confi\u00e9 notre Congr\u00e9gation sous la protection de la Sainte Famille et il a voulu qu\u2019elle soit pour nous une inspiration et un mod\u00e8le : \u00ab \u2026surtout  dans son esprit de pri\u00e8re, vie de famille et disponibilit\u00e9 \u00e0 la volont\u00e9 de Dieu \u00bb (Const. 6). Notre Congr\u00e9gation, au regard de la Sainte Famille, devient une famille singuli\u00e8re de s\u0153urs et une fraternit\u00e9 franciscaine particuli\u00e8re. Mais aussi, \u00ab la famille de Nazareth nous engage dans notre travail apostolique \u00e0 cr\u00e9er un climat de famille et \u00e0 pr\u00eater une sp\u00e9ciale attention \u00e0 la promotion chr\u00e9tienne des familles \u00bb (cf. Const. 61). Nous sommes appel\u00e9es \u00e0 vivre l\u2019accueil, la simplicit\u00e9, la sensibilit\u00e9 face \u00e0 la souffrance et \u00e0 maintenir \u00e9veill\u00e9e la pr\u00e9occupation et le d\u00e9vouement, particuli\u00e8rement dans l\u2019accompagnement des familles, la d\u00e9fense de la vie et la dignit\u00e9 de la femme et des enfants.<\/h2>\t\t<\/div>\n\t\t\t\t<\/div>\n\t\t\t\t<div class=\"elementor-element elementor-element-8c406d5 elementor-widget elementor-widget-image\" data-id=\"8c406d5\" data-element_type=\"widget\" data-widget_type=\"image.default\">\n\t\t\t\t<div class=\"elementor-widget-container\">\n\t\t\t\t\t\t\t\t<div class=\"elementor-image\">\n\t\t\t\t\t\t\t\t\t\t\t\t<img width=\"1176\" height=\"686\" src=\"https:\/\/www.terciariascapuchinas.org\/fr\/wp-content\/uploads\/2020\/10\/Captura-de-pantalla-2020-10-17-a-las-0.43.01.png\" class=\"attachment-full size-full\" alt=\"\" loading=\"lazy\" srcset=\"https:\/\/www.terciariascapuchinas.org\/fr\/wp-content\/uploads\/2020\/10\/Captura-de-pantalla-2020-10-17-a-las-0.43.01.png 1176w, https:\/\/www.terciariascapuchinas.org\/fr\/wp-content\/uploads\/2020\/10\/Captura-de-pantalla-2020-10-17-a-las-0.43.01-300x175.png 300w, https:\/\/www.terciariascapuchinas.org\/fr\/wp-content\/uploads\/2020\/10\/Captura-de-pantalla-2020-10-17-a-las-0.43.01-1024x597.png 1024w, https:\/\/www.terciariascapuchinas.org\/fr\/wp-content\/uploads\/2020\/10\/Captura-de-pantalla-2020-10-17-a-las-0.43.01-768x448.png 768w\" sizes=\"(max-width: 1176px) 100vw, 1176px\" \/>\t\t\t\t\t\t\t\t\t\t\t\t\t\t<\/div>\n\t\t\t\t\t\t<\/div>\n\t\t\t\t<\/div>\n\t\t\t\t<div class=\"elementor-element elementor-element-a00bb02 elementor-widget elementor-widget-heading\" data-id=\"a00bb02\" data-element_type=\"widget\" data-widget_type=\"heading.default\">\n\t\t\t\t<div class=\"elementor-widget-container\">\n\t\t\t<h2 class=\"elementor-heading-title elementor-size-default\">L\u2019image de la Sainte famille qui pr\u00e9side l\u2019\u00e9glise du m\u00eame nom dans notre Maison M\u00e8re de Massamagrell-Valence-Espagne est celle que le P\u00e8re Fondateur avait choisi avant m\u00eame la construction du temple parce qu\u2019il avait vu en elle l\u2019image de ses deux congr\u00e9gations. Son souhait est d\u2019\u00e9tablir un lien entre la Famille de Nazareth et notre plus ch\u00e8re activit\u00e9 apostolique qui est celle d\u2019accompagner les enfants et les jeunes d\u00e9sempar\u00e9s en situation de risque, \u00ab pouss\u00e9es \u00e0 la compassion \u00bb, activit\u00e9 que nous r\u00e9alisons depuis l\u2019origine de notre Congr\u00e9gation \u00e0 cot\u00e9 de la tombe du P\u00e8re Louis et \u00e0 l\u2019abri du regard de la Sainte Famille.<\/h2>\t\t<\/div>\n\t\t\t\t<\/div>\n\t\t\t\t\t\t<\/div>\n\t\t\t\t\t<\/div>\n\t\t<\/div>\n\t\t\t\t\t\t\t\t<\/div>\n\t\t\t\t\t<\/div>\n\t\t<\/section>\n\t\t\t\t\t\t\t\t\t<\/div>\n\t\t\t<\/div>\n\t\t\t\t\t<\/div>\n\t\t","protected":false},"excerpt":{"rendered":"<p>Valeurs fondamentales de notre \u00ab \u00eatre \u00bb \u00ab Nous offrant totalement et librement nous suivons J\u00e9sus-Christ moyennant les v\u0153ux d&#8217;ob\u00e9issance, de pauvret\u00e9 et de chastet\u00e9 \u00bb (cf. Const. 2) \u00ab Notre forme de vie et r\u00e8gle supr\u00eame est de garder le Saint \u00c9vangile en vivant en communaut\u00e9 fraternelle, minorit\u00e9 et p\u00e9nitence, en communion avec l\u2019\u00c9glise [&hellip;]<\/p>\n","protected":false},"author":1,"featured_media":0,"parent":29,"menu_order":0,"comment_status":"closed","ping_status":"closed","template":"elementor_header_footer","meta":[],"_links":{"self":[{"href":"https:\/\/www.terciariascapuchinas.org\/fr\/wp-json\/wp\/v2\/pages\/1274"}],"collection":[{"href":"https:\/\/www.terciariascapuchinas.org\/fr\/wp-json\/wp\/v2\/pages"}],"about":[{"href":"https:\/\/www.terciariascapuchinas.org\/fr\/wp-json\/wp\/v2\/types\/page"}],"author":[{"embeddable":true,"href":"https:\/\/www.terciariascapuchinas.org\/fr\/wp-json\/wp\/v2\/users\/1"}],"replies":[{"embeddable":true,"href":"https:\/\/www.terciariascapuchinas.org\/fr\/wp-json\/wp\/v2\/comments?post=1274"}],"version-history":[{"count":26,"href":"https:\/\/www.terciariascapuchinas.org\/fr\/wp-json\/wp\/v2\/pages\/1274\/revisions"}],"predecessor-version":[{"id":4323,"href":"https:\/\/www.terciariascapuchinas.org\/fr\/wp-json\/wp\/v2\/pages\/1274\/revisions\/4323"}],"up":[{"embeddable":true,"href":"https:\/\/www.terciariascapuchinas.org\/fr\/wp-json\/wp\/v2\/pages\/29"}],"wp:attachment":[{"href":"https:\/\/www.terciariascapuchinas.org\/fr\/wp-json\/wp\/v2\/media?parent=1274"}],"curies":[{"name":"wp","href":"https:\/\/api.w.org\/{rel}","templated":true}]}}