{"id":1280,"date":"2020-08-15T14:37:32","date_gmt":"2020-08-15T14:37:32","guid":{"rendered":"http:\/\/www.terciariascapuchinas.es\/\/?page_id=1280"},"modified":"2020-12-28T16:12:58","modified_gmt":"2020-12-28T16:12:58","slug":"apuntes-sobre-su-vida","status":"publish","type":"page","link":"https:\/\/www.terciariascapuchinas.org\/fr\/quienes-somos\/fundador\/apuntes-sobre-su-vida\/","title":{"rendered":"Apuntes sobre su vida"},"content":{"rendered":"\t\t<div data-elementor-type=\"wp-page\" data-elementor-id=\"1280\" class=\"elementor elementor-1280\">\n\t\t\t\t\t\t<div class=\"elementor-inner\">\n\t\t\t\t<div class=\"elementor-section-wrap\">\n\t\t\t\t\t\t\t\t\t<section class=\"elementor-section elementor-top-section elementor-element elementor-element-16d5c8b elementor-section-boxed elementor-section-height-default elementor-section-height-default\" data-id=\"16d5c8b\" data-element_type=\"section\" data-settings=\"{&quot;background_background&quot;:&quot;classic&quot;}\">\n\t\t\t\t\t\t<div class=\"elementor-container elementor-column-gap-default\">\n\t\t\t\t\t\t\t<div class=\"elementor-row\">\n\t\t\t\t\t<div class=\"elementor-column elementor-col-100 elementor-top-column elementor-element elementor-element-e9e9ad8\" data-id=\"e9e9ad8\" data-element_type=\"column\">\n\t\t\t<div class=\"elementor-column-wrap elementor-element-populated\">\n\t\t\t\t\t\t\t<div class=\"elementor-widget-wrap\">\n\t\t\t\t\t\t<div class=\"elementor-element elementor-element-c69cf47 elementor-align-left elementor-icon-list--layout-traditional elementor-list-item-link-full_width elementor-widget elementor-widget-icon-list\" data-id=\"c69cf47\" data-element_type=\"widget\" data-widget_type=\"icon-list.default\">\n\t\t\t\t<div class=\"elementor-widget-container\">\n\t\t\t\t\t<ul class=\"elementor-icon-list-items\">\n\t\t\t\t\t\t\t<li class=\"elementor-icon-list-item\">\n\t\t\t\t\t\t\t\t\t\t\t<span class=\"elementor-icon-list-icon\">\n\t\t\t\t\t\t\t<i aria-hidden=\"true\" class=\"fas fa-file-signature\"><\/i>\t\t\t\t\t\t<\/span>\n\t\t\t\t\t\t\t\t\t\t<span class=\"elementor-icon-list-text\">Notes sur sa vie<\/span>\n\t\t\t\t\t\t\t\t\t<\/li>\n\t\t\t\t\t\t<\/ul>\n\t\t\t\t<\/div>\n\t\t\t\t<\/div>\n\t\t\t\t<div class=\"elementor-element elementor-element-998faff elementor-widget elementor-widget-text-editor\" data-id=\"998faff\" data-element_type=\"widget\" data-widget_type=\"text-editor.default\">\n\t\t\t\t<div class=\"elementor-widget-container\">\n\t\t\t\t\t\t\t\t<div class=\"elementor-text-editor elementor-clearfix\">\n\t\t\t\t<p>Le fondateur de notre Famille religieuse est Fr\u00e8re Louis Amig\u00f3 y Ferrer, OFMCap.<\/p><p><img loading=\"lazy\" class=\"alignleft wp-image-3969\" src=\"https:\/\/www.terciariascapuchinas.es\/wp-content\/uploads\/2020\/12\/fundador2-1.jpg\" alt=\"\" width=\"650\" height=\"915\" srcset=\"https:\/\/www.terciariascapuchinas.org\/fr\/wp-content\/uploads\/2020\/12\/fundador2-1.jpg 1356w, https:\/\/www.terciariascapuchinas.org\/fr\/wp-content\/uploads\/2020\/12\/fundador2-1-213x300.jpg 213w, https:\/\/www.terciariascapuchinas.org\/fr\/wp-content\/uploads\/2020\/12\/fundador2-1-727x1024.jpg 727w, https:\/\/www.terciariascapuchinas.org\/fr\/wp-content\/uploads\/2020\/12\/fundador2-1-768x1081.jpg 768w, https:\/\/www.terciariascapuchinas.org\/fr\/wp-content\/uploads\/2020\/12\/fundador2-1-1091x1536.jpg 1091w, https:\/\/www.terciariascapuchinas.org\/fr\/wp-content\/uploads\/2020\/12\/fundador2-1-1200x1689.jpg 1200w\" sizes=\"(max-width: 650px) 100vw, 650px\" \/><\/p><p>Louis Amig\u00f3 est n\u00e9 le 17 octobre 1854 \u00e0 Massamagrell (Valence \u2013 Espagne) et tout au long de ses presque 80 ans, il a v\u00e9cu des p\u00e9riodes difficiles de l\u2019histoire de l\u2019Espagne. La mort pr\u00e9matur\u00e9e de ses parents alors qu\u2019il n\u2019\u00e9tait encore qu\u2019un jeune enfant fut pour lui une dure \u00e9preuve. Il entretenait profond\u00e9ment sa vie chr\u00e9tienne et s\u2019\u00e9tait engag\u00e9 dans certains groupes avec lesquels il pouvait cheminer dans la foi et se consacrer \u00e0 des \u0153uvres de mis\u00e9ricorde telles que visiter les malades de l\u2019H\u00f4pital de Valence et les prisonniers. Parmi ces groupes, le Tiers Ordre S\u00e9culier Franciscain toucha profond\u00e9ment sa vie.<\/p><p>L\u2019appel \u00e0 la vie consacr\u00e9e se manifestait en lui avec une clart\u00e9 croissante tout au long de sa jeunesse et, vu que pendant ces ann\u00e9es l\u00e0\u00a0 toute pr\u00e9sence religieuse avait \u00e9t\u00e9 supprim\u00e9e en Espagne, en 1874 il partit \u00e0 Bayonne (France) et rev\u00eatit l\u2019habit au couvent capucin o\u00f9 s\u2019\u00e9taient r\u00e9fugi\u00e9s les fr\u00e8res espagnols oblig\u00e9s de quitter leur patrie, une ann\u00e9e plus tard il fit sa profession religieuse. Trois ans apr\u00e8s, il partait avec le premier groupe de Capucins qui rentrait en Espagne pour y restaurer l\u2019Ordre. En 1879\u00a0 il fut ordonn\u00e9 pr\u00eatre et commen\u00e7a \u00e0 \u00e9largir son minist\u00e8re avec enthousiasme et cr\u00e9ativit\u00e9 \u00e0 la mani\u00e8re et dans les milieux les plus caract\u00e9ristiques de la vie capucine\u00a0: pr\u00e9dication, confessions, apostolat avec les jeunes et la\u00efcs du Tiers Ordre, visites dans les prisons et les h\u00f4pitaux o\u00f9 la souffrance \u00e9tait particuli\u00e8rement pr\u00e9sente. Cela lui permit d\u2019avoir de nombreux contacts et en quelque sorte marca la route vers la r\u00e9alisation du projet que Dieu \u00a0avait pour lui comme fondateur.<\/p><p>La rencontre avec des personnes d\u00e9sireuses d\u2019une vie de \u00ab\u00a0plus grande perfection\u00a0\u00bb l\u2019incita \u00e0 la fondation d\u2019une congr\u00e9gation de religieuses et, dans sa chambre du couvent de Massamagrell, il commen\u00e7a \u00e0 \u00e9crire des constitutions en y refl\u00e9tant la spiritualit\u00e9 franciscaine-capucine que lui-m\u00eame vivait avec joie. Tr\u00e8s vite Dieu mis sur son chemin des femmes qui souhaitaient vivre selon ces constitutions et une fois les proc\u00e9dures canoniques requises termin\u00e9es, le 11 mai 1885, au Sanctuaire de Notre Dame de Montiel (Valence-Espagne) naissait dans l\u2019Eglise, la Congr\u00e9gation des S\u0153urs Tertiaires Capucines de la Sainte Famille. Son Fondateur avait 30 ans, c\u2019\u00e9tait un homme de Dieu capable d\u2019orienter et accompagner le cheminement de la naissante Congr\u00e9gation avec humilit\u00e9, sagesse, force d\u2019esprit, confiance dans la Providence et vue sur l\u2019avenir.<\/p><p>En 1889, et pouss\u00e9, par sa grande sensibilit\u00e9 envers les jeunes en situation de risque ou \u00ab\u00a0d\u00e9vi\u00e9s du bon chemin\u00a0\u00bb, le P\u00e8re Louis fonda la Congr\u00e9gation des Religieux Tertiaires Capucins de Notre Dame des Douleurs d\u00e9di\u00e9e sp\u00e9cifiquement dans son apostolat \u00e0 l\u2019\u00e9ducation et r\u00e9\u00e9ducation d\u2019enfants et de jeunes avec des probl\u00e8mes de comportement, \u00e0 la diff\u00e9rence des S\u0153urs dont l\u2019activit\u00e9 apostolique \u00e9tait \u00e9largie \u00e0 plusieurs domaines.<\/p><p>En 1907 le P\u00e8re Louis fut nomm\u00e9 \u00e9v\u00eaque et d\u00e8s ce moment l\u00e0 \u00a0jusqu\u2019\u00e0 sa mort, il fut le pasteur et accompagnateur des Dioc\u00e8ses espagnoles de Solsona (L\u00e9rida) et Segorbe (Castell\u00f3n), en se distinguant par son souci et initiatives en faveur des familles et des classes sociales les plus d\u00e9favoris\u00e9es, ouvri\u00e8res et paysannes, et par son z\u00e8le pour la promotion et la mise en pratique de la doctrine sociale de l\u2019\u00c9glise et la formation dans la foi et la morale chr\u00e9tienne.<\/p><p>Il mourut \u00e0 Godella (Valence-Espagne) le 30 septembre 1934 et sa d\u00e9pouille repose dans la chapelle de notre Maison M\u00e8re \u00e0 Massamagrell (Valence-Espagne).<\/p><p>Les th\u00e9ologiens qui ont analys\u00e9 toute la documentation relative au Processus de B\u00e9atification\u00a0 ont soulign\u00e9\u00a0 \u00ab\u00a0la parfaite droiture de\u00a0 sa vie et sa permanente progression dans le v\u00e9cu des vertus et de son union avec Dieu, en avan\u00e7ant sur le chemin ardu de la saintet\u00e9 et en conciliant ses dons naturels avec ceux de la gr\u00e2ce divine. Ils ont mis en valeur la mani\u00e8re admirable par laquelle il sut allier son \u00eatre capucin, fondateur et \u00e9v\u00eaque, en affirmant que \u00ab\u00a0son message constitue un appel lumineux pour l\u2019\u00e9poque dans laquelle nous vivons, pas uniquement pour le clerg\u00e9\u00a0 et les religieux mais aussi pour tout le peuple de Dieu\u00a0\u00bb.<\/p><p>Le 13 juin 1992 il fut d\u00e9clar\u00e9\u00a0 \u00ab\u00a0V\u00e9n\u00e9rable\u00a0\u00bb. Un miracle attribu\u00e9 \u00e0 son intercession est indispensable pour sa b\u00e9atification.<\/p>\t\t\t\t\t<\/div>\n\t\t\t\t\t\t<\/div>\n\t\t\t\t<\/div>\n\t\t\t\t\t\t<\/div>\n\t\t\t\t\t<\/div>\n\t\t<\/div>\n\t\t\t\t\t\t\t\t<\/div>\n\t\t\t\t\t<\/div>\n\t\t<\/section>\n\t\t\t\t\t\t\t\t\t<\/div>\n\t\t\t<\/div>\n\t\t\t\t\t<\/div>\n\t\t","protected":false},"excerpt":{"rendered":"<p>Notes sur sa vie Le fondateur de notre Famille religieuse est Fr\u00e8re Louis Amig\u00f3 y Ferrer, OFMCap. Louis Amig\u00f3 est n\u00e9 le 17 octobre 1854 \u00e0 Massamagrell (Valence \u2013 Espagne) et tout au long de ses presque 80 ans, il a v\u00e9cu des p\u00e9riodes difficiles de l\u2019histoire de l\u2019Espagne. La mort pr\u00e9matur\u00e9e de ses parents [&hellip;]<\/p>\n","protected":false},"author":1,"featured_media":0,"parent":31,"menu_order":0,"comment_status":"closed","ping_status":"closed","template":"elementor_header_footer","meta":[],"_links":{"self":[{"href":"https:\/\/www.terciariascapuchinas.org\/fr\/wp-json\/wp\/v2\/pages\/1280"}],"collection":[{"href":"https:\/\/www.terciariascapuchinas.org\/fr\/wp-json\/wp\/v2\/pages"}],"about":[{"href":"https:\/\/www.terciariascapuchinas.org\/fr\/wp-json\/wp\/v2\/types\/page"}],"author":[{"embeddable":true,"href":"https:\/\/www.terciariascapuchinas.org\/fr\/wp-json\/wp\/v2\/users\/1"}],"replies":[{"embeddable":true,"href":"https:\/\/www.terciariascapuchinas.org\/fr\/wp-json\/wp\/v2\/comments?post=1280"}],"version-history":[{"count":20,"href":"https:\/\/www.terciariascapuchinas.org\/fr\/wp-json\/wp\/v2\/pages\/1280\/revisions"}],"predecessor-version":[{"id":4326,"href":"https:\/\/www.terciariascapuchinas.org\/fr\/wp-json\/wp\/v2\/pages\/1280\/revisions\/4326"}],"up":[{"embeddable":true,"href":"https:\/\/www.terciariascapuchinas.org\/fr\/wp-json\/wp\/v2\/pages\/31"}],"wp:attachment":[{"href":"https:\/\/www.terciariascapuchinas.org\/fr\/wp-json\/wp\/v2\/media?parent=1280"}],"curies":[{"name":"wp","href":"https:\/\/api.w.org\/{rel}","templated":true}]}}