{"id":1289,"date":"2020-08-15T14:53:33","date_gmt":"2020-08-15T14:53:33","guid":{"rendered":"http:\/\/www.terciariascapuchinas.es\/\/?page_id=1289"},"modified":"2020-12-28T16:41:48","modified_gmt":"2020-12-28T16:41:48","slug":"introduccion","status":"publish","type":"page","link":"https:\/\/www.terciariascapuchinas.org\/fr\/introduccion\/","title":{"rendered":"Introducci\u00f3n"},"content":{"rendered":"\t\t<div data-elementor-type=\"wp-page\" data-elementor-id=\"1289\" class=\"elementor elementor-1289\">\n\t\t\t\t\t\t<div class=\"elementor-inner\">\n\t\t\t\t<div class=\"elementor-section-wrap\">\n\t\t\t\t\t\t\t\t\t<section class=\"elementor-section elementor-top-section elementor-element elementor-element-16d5c8b elementor-section-boxed elementor-section-height-default elementor-section-height-default\" data-id=\"16d5c8b\" data-element_type=\"section\" data-settings=\"{&quot;background_background&quot;:&quot;classic&quot;}\">\n\t\t\t\t\t\t<div class=\"elementor-container elementor-column-gap-default\">\n\t\t\t\t\t\t\t<div class=\"elementor-row\">\n\t\t\t\t\t<div class=\"elementor-column elementor-col-100 elementor-top-column elementor-element elementor-element-e9e9ad8\" data-id=\"e9e9ad8\" data-element_type=\"column\">\n\t\t\t<div class=\"elementor-column-wrap elementor-element-populated\">\n\t\t\t\t\t\t\t<div class=\"elementor-widget-wrap\">\n\t\t\t\t\t\t<div class=\"elementor-element elementor-element-c69cf47 elementor-align-left elementor-icon-list--layout-traditional elementor-list-item-link-full_width elementor-widget elementor-widget-icon-list\" data-id=\"c69cf47\" data-element_type=\"widget\" data-widget_type=\"icon-list.default\">\n\t\t\t\t<div class=\"elementor-widget-container\">\n\t\t\t\t\t<ul class=\"elementor-icon-list-items\">\n\t\t\t\t\t\t\t<li class=\"elementor-icon-list-item\">\n\t\t\t\t\t\t\t\t\t\t\t<span class=\"elementor-icon-list-icon\">\n\t\t\t\t\t\t\t<i aria-hidden=\"true\" class=\"far fa-hand-paper\"><\/i>\t\t\t\t\t\t<\/span>\n\t\t\t\t\t\t\t\t\t\t<span class=\"elementor-icon-list-text\">introduction<\/span>\n\t\t\t\t\t\t\t\t\t<\/li>\n\t\t\t\t\t\t<\/ul>\n\t\t\t\t<\/div>\n\t\t\t\t<\/div>\n\t\t\t\t<div class=\"elementor-element elementor-element-09b81e9 elementor-widget elementor-widget-heading\" data-id=\"09b81e9\" data-element_type=\"widget\" data-widget_type=\"heading.default\">\n\t\t\t\t<div class=\"elementor-widget-container\">\n\t\t\t<h2 class=\"elementor-heading-title elementor-size-default\">En suivant l\u2019exemple de notre P\u00e8re Fondateur, nous nous sentons envoy\u00e9es pour gu\u00e9rir, prot\u00e9ger et instruire tous ceux qui en ont besoin et sp\u00e9cialement les plus pauvres, en \u00e9tant solidaires avec eux et en partageant leur r\u00e9alit\u00e9 pour les aider \u00e0 d\u00e9couvrir leur dignit\u00e9 de fils de Dieu et les promouvoir int\u00e9gralement. Engag\u00e9es \u00e0 incarner le Christ dans l\u2019histoire et \u00e0 collaborer dans la construction de la soci\u00e9t\u00e9 humaine, nous essayons d\u2019annoncer J\u00e9sus et son \u00c9vangile \u00e0 travers toutes nos activit\u00e9s que nous r\u00e9alisons toujours au nom de la communaut\u00e9 qui est celle qui nous envoie (cf. Const. 58 et 59). Nous r\u00e9alisons notre mission en communion avec l\u2019\u00c9glise attentives aux d\u00e9fis que le moment historique nous pr\u00e9sente. <\/h2>\t\t<\/div>\n\t\t\t\t<\/div>\n\t\t\t\t<div class=\"elementor-element elementor-element-f91d226 elementor-widget elementor-widget-heading\" data-id=\"f91d226\" data-element_type=\"widget\" data-widget_type=\"heading.default\">\n\t\t\t\t<div class=\"elementor-widget-container\">\n\t\t\t<h2 class=\"elementor-heading-title elementor-size-default\">Dans les premi\u00e8res Constitutions, notre P\u00e8re Fondateur a trac\u00e9 comme champs d\u2019activit\u00e9 de la Congr\u00e9gation, les h\u00f4pitaux, asiles, maisons de formation, orphelinats et missions, mais il pr\u00e9cisa que ce n\u2019\u00e9taient que des champs \u00ab pr\u00e9f\u00e9rentiels \u00bb laissant ainsi la porte ouverte \u00e0 l\u2019engagement dans n\u2019importe quel autre service (cf. OCLA 2293; Const. 60). C\u2019est ainsi que nous agissons en discernant \u00e0 tout moment et \u00e0 chaque endroit le quoi et comment nous pouvons aller \u00e0 la rencontre des besoins de nos fr\u00e8res et y r\u00e9pondre en accord avec notre charisme. Pour cela nous essayons d\u2019\u00eatre actualis\u00e9es par rapport \u00e0 notre travail (cf. Dir. 39).<\/h2>\t\t<\/div>\n\t\t\t\t<\/div>\n\t\t\t\t<div class=\"elementor-element elementor-element-0efabbe elementor-widget elementor-widget-heading\" data-id=\"0efabbe\" data-element_type=\"widget\" data-widget_type=\"heading.default\">\n\t\t\t\t<div class=\"elementor-widget-container\">\n\t\t\t<h2 class=\"elementor-heading-title elementor-size-default\">Nous r\u00e9alisons notre mission dans des \u0153uvres qui nous sont propres mais aussi qui appartiennent \u00e0 d\u2019autres organismes en essayant d\u2019\u00eatre partout une pr\u00e9sence \u00e9vang\u00e9lisatrice et charismatique. Dans  beaucoup de nos \u0153uvres nous partageons notre mission avec des la\u00efcs que nous formons \u00e0 notre charisme pour travailler en plus grande communion et compl\u00e9mentarit\u00e9 (cf. Const. 64 et Dir. 51).<\/h2>\t\t<\/div>\n\t\t\t\t<\/div>\n\t\t\t\t\t\t<\/div>\n\t\t\t\t\t<\/div>\n\t\t<\/div>\n\t\t\t\t\t\t\t\t<\/div>\n\t\t\t\t\t<\/div>\n\t\t<\/section>\n\t\t\t\t\t\t\t\t\t<\/div>\n\t\t\t<\/div>\n\t\t\t\t\t<\/div>\n\t\t","protected":false},"excerpt":{"rendered":"<p>introduction En suivant l\u2019exemple de notre P\u00e8re Fondateur, nous nous sentons envoy\u00e9es pour gu\u00e9rir, prot\u00e9ger et instruire tous ceux qui en ont besoin et sp\u00e9cialement les plus pauvres, en \u00e9tant solidaires avec eux et en partageant leur r\u00e9alit\u00e9 pour les aider \u00e0 d\u00e9couvrir leur dignit\u00e9 de fils de Dieu et les promouvoir int\u00e9gralement. Engag\u00e9es \u00e0 [&hellip;]<\/p>\n","protected":false},"author":1,"featured_media":0,"parent":0,"menu_order":0,"comment_status":"closed","ping_status":"closed","template":"elementor_header_footer","meta":[],"_links":{"self":[{"href":"https:\/\/www.terciariascapuchinas.org\/fr\/wp-json\/wp\/v2\/pages\/1289"}],"collection":[{"href":"https:\/\/www.terciariascapuchinas.org\/fr\/wp-json\/wp\/v2\/pages"}],"about":[{"href":"https:\/\/www.terciariascapuchinas.org\/fr\/wp-json\/wp\/v2\/types\/page"}],"author":[{"embeddable":true,"href":"https:\/\/www.terciariascapuchinas.org\/fr\/wp-json\/wp\/v2\/users\/1"}],"replies":[{"embeddable":true,"href":"https:\/\/www.terciariascapuchinas.org\/fr\/wp-json\/wp\/v2\/comments?post=1289"}],"version-history":[{"count":14,"href":"https:\/\/www.terciariascapuchinas.org\/fr\/wp-json\/wp\/v2\/pages\/1289\/revisions"}],"predecessor-version":[{"id":4333,"href":"https:\/\/www.terciariascapuchinas.org\/fr\/wp-json\/wp\/v2\/pages\/1289\/revisions\/4333"}],"wp:attachment":[{"href":"https:\/\/www.terciariascapuchinas.org\/fr\/wp-json\/wp\/v2\/media?parent=1289"}],"curies":[{"name":"wp","href":"https:\/\/api.w.org\/{rel}","templated":true}]}}