{"id":27,"date":"2020-05-04T12:25:57","date_gmt":"2020-05-04T12:25:57","guid":{"rendered":"http:\/\/florastrosytarot.com\/terciarias\/?page_id=27"},"modified":"2021-01-07T14:54:15","modified_gmt":"2021-01-07T14:54:15","slug":"historia","status":"publish","type":"page","link":"https:\/\/www.terciariascapuchinas.org\/fr\/quienes-somos\/historia\/","title":{"rendered":"Historia"},"content":{"rendered":"\t\t<div data-elementor-type=\"wp-page\" data-elementor-id=\"27\" class=\"elementor elementor-27\">\n\t\t\t\t\t\t<div class=\"elementor-inner\">\n\t\t\t\t<div class=\"elementor-section-wrap\">\n\t\t\t\t\t\t\t\t\t<section class=\"elementor-section elementor-top-section elementor-element elementor-element-52bbf0d7 elementor-section-boxed elementor-section-height-default elementor-section-height-default\" data-id=\"52bbf0d7\" data-element_type=\"section\" data-settings=\"{&quot;background_background&quot;:&quot;classic&quot;}\">\n\t\t\t\t\t\t<div class=\"elementor-container elementor-column-gap-default\">\n\t\t\t\t\t\t\t<div class=\"elementor-row\">\n\t\t\t\t\t<div class=\"elementor-column elementor-col-100 elementor-top-column elementor-element elementor-element-43170cd1\" data-id=\"43170cd1\" data-element_type=\"column\">\n\t\t\t<div class=\"elementor-column-wrap elementor-element-populated\">\n\t\t\t\t\t\t\t<div class=\"elementor-widget-wrap\">\n\t\t\t\t\t\t<div class=\"elementor-element elementor-element-5a2b195 elementor-align-left elementor-icon-list--layout-traditional elementor-list-item-link-full_width elementor-widget elementor-widget-icon-list\" data-id=\"5a2b195\" data-element_type=\"widget\" data-widget_type=\"icon-list.default\">\n\t\t\t\t<div class=\"elementor-widget-container\">\n\t\t\t\t\t<ul class=\"elementor-icon-list-items\">\n\t\t\t\t\t\t\t<li class=\"elementor-icon-list-item\">\n\t\t\t\t\t\t\t\t\t\t\t<span class=\"elementor-icon-list-icon\">\n\t\t\t\t\t\t\t<i aria-hidden=\"true\" class=\"fas fa-church\"><\/i>\t\t\t\t\t\t<\/span>\n\t\t\t\t\t\t\t\t\t\t<span class=\"elementor-icon-list-text\">Histoire de la Congr\u00e9gation<\/span>\n\t\t\t\t\t\t\t\t\t<\/li>\n\t\t\t\t\t\t<\/ul>\n\t\t\t\t<\/div>\n\t\t\t\t<\/div>\n\t\t\t\t<div class=\"elementor-element elementor-element-fa1d014 elementor-widget elementor-widget-text-editor\" data-id=\"fa1d014\" data-element_type=\"widget\" data-widget_type=\"text-editor.default\">\n\t\t\t\t<div class=\"elementor-widget-container\">\n\t\t\t\t\t\t\t\t<div class=\"elementor-text-editor elementor-clearfix\">\n\t\t\t\t<p>L\u2019histoire des S\u0153urs Tertiaires Capucines de la Sainte Famille a commenc\u00e9 le 11 mai 1885 au Sanctuaire de \u00ab\u00a0Notre Dame de Montiel\u00a0\u00bb (Valence-Espagne).<\/p><p><img loading=\"lazy\" class=\"alignleft wp-image-3909\" src=\"https:\/\/www.terciariascapuchinas.es\/wp-content\/uploads\/2020\/12\/Padre-Luis-entregando-las-Constituciones-224x300.jpg\" alt=\"\" width=\"313\" height=\"420\" srcset=\"https:\/\/www.terciariascapuchinas.org\/fr\/wp-content\/uploads\/2020\/12\/Padre-Luis-entregando-las-Constituciones-224x300.jpg 224w, https:\/\/www.terciariascapuchinas.org\/fr\/wp-content\/uploads\/2020\/12\/Padre-Luis-entregando-las-Constituciones-763x1024.jpg 763w, https:\/\/www.terciariascapuchinas.org\/fr\/wp-content\/uploads\/2020\/12\/Padre-Luis-entregando-las-Constituciones-768x1031.jpg 768w, https:\/\/www.terciariascapuchinas.org\/fr\/wp-content\/uploads\/2020\/12\/Padre-Luis-entregando-las-Constituciones.jpg 918w\" sizes=\"(max-width: 313px) 100vw, 313px\" \/><\/p><p>Son Fondateur, le jeune pr\u00eatre capucin Fr\u00e8re Louis Amig\u00f3 (1854-1934) avait con\u00e7u sa fondation, attentif aux signes que Dieu lui manifestait dans son minist\u00e8re et, tout en accueillant l\u2019inqui\u00e9tude de certaines personnes de son entourage d\u00e9sireuses de se consacrer \u00e0 Dieu, il \u00e9crivit des Constitutions (cf. OCLA 68) qui refl\u00e9taient l\u2019esprit franciscain-capucin et proposaient un engagement de vie consacr\u00e9e qui conjuguait\u00a0 la contemplation et le don de soi attentionn\u00e9 au secours des besoins de leur prochains, surtout dans les h\u00f4pitaux, centres d\u2019enseignement, orphelinats et missions (cf. OCLA 2293).<\/p><p>Tr\u00e8s vite nos premi\u00e8res S\u0153urs eurent l\u2019occasion de manifester \u00e0 leurs prochains l\u2019amour de Dieu, fruit de leur exp\u00e9rience dans la pri\u00e8re (cf. OCLA 2293)\u00a0: peu apr\u00e8s la fondation, pendant l\u2019\u00e9pid\u00e9mie de chol\u00e9ra de l\u2019ann\u00e9e 1885, les s\u0153urs quitt\u00e8rent le Sanctuaire de Montiel pour aller s\u2019occuper des malades \u00e0 Benaguacil puis \u00e0 Massamagrell o\u00f9 les trois plus jeunes s\u0153urs et une novice furent contamin\u00e9es et moururent. Plus tard dans ce m\u00eame village et affect\u00e9es par l\u2019abandon des enfants devenus orphelins \u00e0 cause de l\u2019\u00e9pid\u00e9mie, elles les regroup\u00e8rent dans une maison pour assurer leur \u00e9ducation. Ainsi, petit \u00e0 petit et au rythme de Dieu, se d\u00e9finissait l\u2019apostolat de la Congr\u00e9gation qui, comme le P\u00e8re Louis l\u2019avait pr\u00e9conis\u00e9, devait r\u00e9pondre aux signes des temps.<\/p><p>La Congr\u00e9gation s\u2019\u00e9tendit rapidement en Espagne et en 1905 s\u2019ouvrit \u00e0 d\u2019autres pays de mission. La premi\u00e8re destination missionnaire fut la Colombie o\u00f9 les s\u0153urs arriv\u00e8rent en 1905 pour, \u00e0 partir de l\u00e0, se rendre dans d\u2019autres pays d\u2019Am\u00e9rique Latine. En 1929, les s\u0153urs partirent vers la Chine, une aventure tronqu\u00e9e pr\u00e9matur\u00e9ment puisque l\u2019ann\u00e9e 1949 elles en furent chass\u00e9es \u00e0 cause de la situation politique. L\u2019ann\u00e9e 1971 nous sommes arriv\u00e9es en Afrique, en R\u00e9publique D\u00e9mocratique du Congo (Za\u00efre) et en 1982 nous sommes retourn\u00e9es en Asie avec la fondation aux Philippines.<\/p><p>La petite famille de s\u0153urs qui avait initi\u00e9 l\u2019aventure au Sanctuaire de Montiel est aujourd\u2019hui pr\u00e9sente dans 34 pays de quatre continents et s\u2019enrichit au fur et \u00e0 mesure de ce que les jeunes des diff\u00e9rentes cultures apportent \u00e0 travers la joie de leur appel et l\u2019enthousiasme de leur cons\u00e9cration au service des autres.<\/p><p><img loading=\"lazy\" class=\"alignnone wp-image-4453 size-full\" src=\"https:\/\/www.terciariascapuchinas.org\/fr\/wp-content\/uploads\/2020\/12\/capitulo-1.jpeg\" alt=\"\" width=\"1421\" height=\"739\" srcset=\"https:\/\/www.terciariascapuchinas.org\/fr\/wp-content\/uploads\/2020\/12\/capitulo-1.jpeg 1421w, https:\/\/www.terciariascapuchinas.org\/fr\/wp-content\/uploads\/2020\/12\/capitulo-1-300x156.jpeg 300w, https:\/\/www.terciariascapuchinas.org\/fr\/wp-content\/uploads\/2020\/12\/capitulo-1-1024x533.jpeg 1024w, https:\/\/www.terciariascapuchinas.org\/fr\/wp-content\/uploads\/2020\/12\/capitulo-1-768x399.jpeg 768w, https:\/\/www.terciariascapuchinas.org\/fr\/wp-content\/uploads\/2020\/12\/capitulo-1-1200x624.jpeg 1200w\" sizes=\"(max-width: 1421px) 100vw, 1421px\" \/><\/p>\t\t\t\t\t<\/div>\n\t\t\t\t\t\t<\/div>\n\t\t\t\t<\/div>\n\t\t\t\t<div class=\"elementor-element elementor-element-bdf8e79 elementor-widget elementor-widget-text-editor\" data-id=\"bdf8e79\" data-element_type=\"widget\" data-widget_type=\"text-editor.default\">\n\t\t\t\t<div class=\"elementor-widget-container\">\n\t\t\t\t\t\t\t\t<div class=\"elementor-text-editor elementor-clearfix\">\n\t\t\t\t<p><img loading=\"lazy\" class=\"aligncenter wp-image-3912 size-full\" src=\"https:\/\/www.terciariascapuchinas.es\/wp-content\/uploads\/2020\/12\/historia1.jpg\" alt=\"\" width=\"2063\" height=\"2232\" srcset=\"https:\/\/www.terciariascapuchinas.org\/fr\/wp-content\/uploads\/2020\/12\/historia1.jpg 2063w, https:\/\/www.terciariascapuchinas.org\/fr\/wp-content\/uploads\/2020\/12\/historia1-277x300.jpg 277w, https:\/\/www.terciariascapuchinas.org\/fr\/wp-content\/uploads\/2020\/12\/historia1-946x1024.jpg 946w, https:\/\/www.terciariascapuchinas.org\/fr\/wp-content\/uploads\/2020\/12\/historia1-768x831.jpg 768w, https:\/\/www.terciariascapuchinas.org\/fr\/wp-content\/uploads\/2020\/12\/historia1-1420x1536.jpg 1420w, https:\/\/www.terciariascapuchinas.org\/fr\/wp-content\/uploads\/2020\/12\/historia1-1893x2048.jpg 1893w, https:\/\/www.terciariascapuchinas.org\/fr\/wp-content\/uploads\/2020\/12\/historia1-1200x1298.jpg 1200w, https:\/\/www.terciariascapuchinas.org\/fr\/wp-content\/uploads\/2020\/12\/historia1-1980x2142.jpg 1980w\" sizes=\"(max-width: 2063px) 100vw, 2063px\" \/><\/p><p>\u00a0<\/p>\t\t\t\t\t<\/div>\n\t\t\t\t\t\t<\/div>\n\t\t\t\t<\/div>\n\t\t\t\t<div class=\"elementor-element elementor-element-cdb3aa5 elementor-align-left elementor-icon-list--layout-traditional elementor-list-item-link-full_width elementor-widget elementor-widget-icon-list\" data-id=\"cdb3aa5\" data-element_type=\"widget\" data-widget_type=\"icon-list.default\">\n\t\t\t\t<div class=\"elementor-widget-container\">\n\t\t\t\t\t<ul class=\"elementor-icon-list-items\">\n\t\t\t\t\t\t\t<li class=\"elementor-icon-list-item\">\n\t\t\t\t\t\t\t\t\t\t\t<span class=\"elementor-icon-list-icon\">\n\t\t\t\t\t\t\t<i aria-hidden=\"true\" class=\"fas fa-church\"><\/i>\t\t\t\t\t\t<\/span>\n\t\t\t\t\t\t\t\t\t\t<span class=\"elementor-icon-list-text\">S\u0153urs fondatrices dans les diff\u00e9rentes nations<\/span>\n\t\t\t\t\t\t\t\t\t<\/li>\n\t\t\t\t\t\t<\/ul>\n\t\t\t\t<\/div>\n\t\t\t\t<\/div>\n\t\t\t\t<div class=\"elementor-element elementor-element-b65f66f elementor-widget elementor-widget-text-editor\" data-id=\"b65f66f\" data-element_type=\"widget\" data-widget_type=\"text-editor.default\">\n\t\t\t\t<div class=\"elementor-widget-container\">\n\t\t\t\t\t\t\t\t<div class=\"elementor-text-editor elementor-clearfix\">\n\t\t\t\t<p><img loading=\"lazy\" class=\"alignnone wp-image-3914 size-full\" src=\"https:\/\/www.terciariascapuchinas.es\/wp-content\/uploads\/2020\/12\/historia2-1.jpg\" alt=\"\" width=\"1095\" height=\"1458\" srcset=\"https:\/\/www.terciariascapuchinas.org\/fr\/wp-content\/uploads\/2020\/12\/historia2-1.jpg 1095w, https:\/\/www.terciariascapuchinas.org\/fr\/wp-content\/uploads\/2020\/12\/historia2-1-225x300.jpg 225w, https:\/\/www.terciariascapuchinas.org\/fr\/wp-content\/uploads\/2020\/12\/historia2-1-769x1024.jpg 769w, https:\/\/www.terciariascapuchinas.org\/fr\/wp-content\/uploads\/2020\/12\/historia2-1-768x1023.jpg 768w, https:\/\/www.terciariascapuchinas.org\/fr\/wp-content\/uploads\/2020\/12\/historia2-1-300x400.jpg 300w\" sizes=\"(max-width: 1095px) 100vw, 1095px\" \/><\/p><p><img loading=\"lazy\" class=\"alignnone wp-image-3915 size-full\" src=\"https:\/\/www.terciariascapuchinas.es\/wp-content\/uploads\/2020\/12\/historia3.jpg\" alt=\"\" width=\"1095\" height=\"1458\" srcset=\"https:\/\/www.terciariascapuchinas.org\/fr\/wp-content\/uploads\/2020\/12\/historia3.jpg 1095w, https:\/\/www.terciariascapuchinas.org\/fr\/wp-content\/uploads\/2020\/12\/historia3-225x300.jpg 225w, https:\/\/www.terciariascapuchinas.org\/fr\/wp-content\/uploads\/2020\/12\/historia3-769x1024.jpg 769w, https:\/\/www.terciariascapuchinas.org\/fr\/wp-content\/uploads\/2020\/12\/historia3-768x1023.jpg 768w, https:\/\/www.terciariascapuchinas.org\/fr\/wp-content\/uploads\/2020\/12\/historia3-300x400.jpg 300w\" sizes=\"(max-width: 1095px) 100vw, 1095px\" \/><\/p><p><img loading=\"lazy\" class=\"alignnone wp-image-3916 size-full\" src=\"https:\/\/www.terciariascapuchinas.es\/wp-content\/uploads\/2020\/12\/historia4.jpg\" alt=\"\" width=\"1095\" height=\"1458\" srcset=\"https:\/\/www.terciariascapuchinas.org\/fr\/wp-content\/uploads\/2020\/12\/historia4.jpg 1095w, https:\/\/www.terciariascapuchinas.org\/fr\/wp-content\/uploads\/2020\/12\/historia4-225x300.jpg 225w, https:\/\/www.terciariascapuchinas.org\/fr\/wp-content\/uploads\/2020\/12\/historia4-769x1024.jpg 769w, https:\/\/www.terciariascapuchinas.org\/fr\/wp-content\/uploads\/2020\/12\/historia4-768x1023.jpg 768w, https:\/\/www.terciariascapuchinas.org\/fr\/wp-content\/uploads\/2020\/12\/historia4-300x400.jpg 300w\" sizes=\"(max-width: 1095px) 100vw, 1095px\" \/><\/p><p><img loading=\"lazy\" class=\"alignnone wp-image-3917 size-full\" src=\"https:\/\/www.terciariascapuchinas.es\/wp-content\/uploads\/2020\/12\/historia5.jpg\" alt=\"\" width=\"1095\" height=\"1458\" srcset=\"https:\/\/www.terciariascapuchinas.org\/fr\/wp-content\/uploads\/2020\/12\/historia5.jpg 1095w, https:\/\/www.terciariascapuchinas.org\/fr\/wp-content\/uploads\/2020\/12\/historia5-225x300.jpg 225w, https:\/\/www.terciariascapuchinas.org\/fr\/wp-content\/uploads\/2020\/12\/historia5-769x1024.jpg 769w, https:\/\/www.terciariascapuchinas.org\/fr\/wp-content\/uploads\/2020\/12\/historia5-768x1023.jpg 768w, https:\/\/www.terciariascapuchinas.org\/fr\/wp-content\/uploads\/2020\/12\/historia5-300x400.jpg 300w\" sizes=\"(max-width: 1095px) 100vw, 1095px\" \/><\/p><p><img loading=\"lazy\" class=\"alignnone wp-image-3918 size-full\" src=\"https:\/\/www.terciariascapuchinas.es\/wp-content\/uploads\/2020\/12\/historia6.jpg\" alt=\"\" width=\"1095\" height=\"1458\" srcset=\"https:\/\/www.terciariascapuchinas.org\/fr\/wp-content\/uploads\/2020\/12\/historia6.jpg 1095w, https:\/\/www.terciariascapuchinas.org\/fr\/wp-content\/uploads\/2020\/12\/historia6-225x300.jpg 225w, https:\/\/www.terciariascapuchinas.org\/fr\/wp-content\/uploads\/2020\/12\/historia6-769x1024.jpg 769w, https:\/\/www.terciariascapuchinas.org\/fr\/wp-content\/uploads\/2020\/12\/historia6-768x1023.jpg 768w, https:\/\/www.terciariascapuchinas.org\/fr\/wp-content\/uploads\/2020\/12\/historia6-300x400.jpg 300w\" sizes=\"(max-width: 1095px) 100vw, 1095px\" \/><\/p><p><img loading=\"lazy\" class=\"alignnone wp-image-3919 size-full\" src=\"https:\/\/www.terciariascapuchinas.es\/wp-content\/uploads\/2020\/12\/historia7.jpg\" alt=\"\" width=\"1095\" height=\"1458\" srcset=\"https:\/\/www.terciariascapuchinas.org\/fr\/wp-content\/uploads\/2020\/12\/historia7.jpg 1095w, https:\/\/www.terciariascapuchinas.org\/fr\/wp-content\/uploads\/2020\/12\/historia7-225x300.jpg 225w, https:\/\/www.terciariascapuchinas.org\/fr\/wp-content\/uploads\/2020\/12\/historia7-769x1024.jpg 769w, https:\/\/www.terciariascapuchinas.org\/fr\/wp-content\/uploads\/2020\/12\/historia7-768x1023.jpg 768w, https:\/\/www.terciariascapuchinas.org\/fr\/wp-content\/uploads\/2020\/12\/historia7-300x400.jpg 300w\" sizes=\"(max-width: 1095px) 100vw, 1095px\" \/><\/p><p><img loading=\"lazy\" class=\"alignnone wp-image-3920 size-full\" src=\"https:\/\/www.terciariascapuchinas.es\/wp-content\/uploads\/2020\/12\/historia7a.jpg\" alt=\"\" width=\"1095\" height=\"1458\" srcset=\"https:\/\/www.terciariascapuchinas.org\/fr\/wp-content\/uploads\/2020\/12\/historia7a.jpg 1095w, https:\/\/www.terciariascapuchinas.org\/fr\/wp-content\/uploads\/2020\/12\/historia7a-225x300.jpg 225w, https:\/\/www.terciariascapuchinas.org\/fr\/wp-content\/uploads\/2020\/12\/historia7a-769x1024.jpg 769w, https:\/\/www.terciariascapuchinas.org\/fr\/wp-content\/uploads\/2020\/12\/historia7a-768x1023.jpg 768w, https:\/\/www.terciariascapuchinas.org\/fr\/wp-content\/uploads\/2020\/12\/historia7a-300x400.jpg 300w\" sizes=\"(max-width: 1095px) 100vw, 1095px\" \/><\/p><p><img loading=\"lazy\" class=\"alignnone wp-image-3921 size-full\" src=\"https:\/\/www.terciariascapuchinas.es\/wp-content\/uploads\/2020\/12\/historia8.jpg\" alt=\"\" width=\"1095\" height=\"1458\" srcset=\"https:\/\/www.terciariascapuchinas.org\/fr\/wp-content\/uploads\/2020\/12\/historia8.jpg 1095w, https:\/\/www.terciariascapuchinas.org\/fr\/wp-content\/uploads\/2020\/12\/historia8-225x300.jpg 225w, https:\/\/www.terciariascapuchinas.org\/fr\/wp-content\/uploads\/2020\/12\/historia8-769x1024.jpg 769w, https:\/\/www.terciariascapuchinas.org\/fr\/wp-content\/uploads\/2020\/12\/historia8-768x1023.jpg 768w, https:\/\/www.terciariascapuchinas.org\/fr\/wp-content\/uploads\/2020\/12\/historia8-300x400.jpg 300w\" sizes=\"(max-width: 1095px) 100vw, 1095px\" \/><\/p><p><img loading=\"lazy\" class=\"alignnone wp-image-3926 size-full\" src=\"https:\/\/www.terciariascapuchinas.es\/wp-content\/uploads\/2020\/12\/historia9.jpg\" alt=\"\" width=\"1095\" height=\"1458\" srcset=\"https:\/\/www.terciariascapuchinas.org\/fr\/wp-content\/uploads\/2020\/12\/historia9.jpg 1095w, https:\/\/www.terciariascapuchinas.org\/fr\/wp-content\/uploads\/2020\/12\/historia9-225x300.jpg 225w, https:\/\/www.terciariascapuchinas.org\/fr\/wp-content\/uploads\/2020\/12\/historia9-769x1024.jpg 769w, https:\/\/www.terciariascapuchinas.org\/fr\/wp-content\/uploads\/2020\/12\/historia9-768x1023.jpg 768w, https:\/\/www.terciariascapuchinas.org\/fr\/wp-content\/uploads\/2020\/12\/historia9-300x400.jpg 300w\" sizes=\"(max-width: 1095px) 100vw, 1095px\" \/><\/p><p><img loading=\"lazy\" class=\"alignnone wp-image-3927 size-full\" src=\"https:\/\/www.terciariascapuchinas.es\/wp-content\/uploads\/2020\/12\/historia10.jpg\" alt=\"\" width=\"1095\" height=\"1458\" srcset=\"https:\/\/www.terciariascapuchinas.org\/fr\/wp-content\/uploads\/2020\/12\/historia10.jpg 1095w, https:\/\/www.terciariascapuchinas.org\/fr\/wp-content\/uploads\/2020\/12\/historia10-225x300.jpg 225w, https:\/\/www.terciariascapuchinas.org\/fr\/wp-content\/uploads\/2020\/12\/historia10-769x1024.jpg 769w, https:\/\/www.terciariascapuchinas.org\/fr\/wp-content\/uploads\/2020\/12\/historia10-768x1023.jpg 768w, https:\/\/www.terciariascapuchinas.org\/fr\/wp-content\/uploads\/2020\/12\/historia10-300x400.jpg 300w\" sizes=\"(max-width: 1095px) 100vw, 1095px\" \/><\/p><p><img loading=\"lazy\" class=\"alignnone wp-image-3928 size-full\" src=\"https:\/\/www.terciariascapuchinas.es\/wp-content\/uploads\/2020\/12\/historia11.jpg\" alt=\"\" width=\"1095\" height=\"1458\" srcset=\"https:\/\/www.terciariascapuchinas.org\/fr\/wp-content\/uploads\/2020\/12\/historia11.jpg 1095w, https:\/\/www.terciariascapuchinas.org\/fr\/wp-content\/uploads\/2020\/12\/historia11-225x300.jpg 225w, https:\/\/www.terciariascapuchinas.org\/fr\/wp-content\/uploads\/2020\/12\/historia11-769x1024.jpg 769w, https:\/\/www.terciariascapuchinas.org\/fr\/wp-content\/uploads\/2020\/12\/historia11-768x1023.jpg 768w, https:\/\/www.terciariascapuchinas.org\/fr\/wp-content\/uploads\/2020\/12\/historia11-300x400.jpg 300w\" sizes=\"(max-width: 1095px) 100vw, 1095px\" \/><\/p><p><img loading=\"lazy\" class=\"alignnone wp-image-3929 size-full\" src=\"https:\/\/www.terciariascapuchinas.es\/wp-content\/uploads\/2020\/12\/historia12.jpg\" alt=\"\" width=\"1095\" height=\"1458\" srcset=\"https:\/\/www.terciariascapuchinas.org\/fr\/wp-content\/uploads\/2020\/12\/historia12.jpg 1095w, https:\/\/www.terciariascapuchinas.org\/fr\/wp-content\/uploads\/2020\/12\/historia12-225x300.jpg 225w, https:\/\/www.terciariascapuchinas.org\/fr\/wp-content\/uploads\/2020\/12\/historia12-769x1024.jpg 769w, https:\/\/www.terciariascapuchinas.org\/fr\/wp-content\/uploads\/2020\/12\/historia12-768x1023.jpg 768w, https:\/\/www.terciariascapuchinas.org\/fr\/wp-content\/uploads\/2020\/12\/historia12-300x400.jpg 300w\" sizes=\"(max-width: 1095px) 100vw, 1095px\" \/><\/p><p><img loading=\"lazy\" class=\"alignnone wp-image-3933 size-full\" src=\"https:\/\/www.terciariascapuchinas.es\/wp-content\/uploads\/2020\/12\/historia13.jpg\" alt=\"\" width=\"1095\" height=\"1458\" srcset=\"https:\/\/www.terciariascapuchinas.org\/fr\/wp-content\/uploads\/2020\/12\/historia13.jpg 1095w, https:\/\/www.terciariascapuchinas.org\/fr\/wp-content\/uploads\/2020\/12\/historia13-225x300.jpg 225w, https:\/\/www.terciariascapuchinas.org\/fr\/wp-content\/uploads\/2020\/12\/historia13-769x1024.jpg 769w, https:\/\/www.terciariascapuchinas.org\/fr\/wp-content\/uploads\/2020\/12\/historia13-768x1023.jpg 768w, https:\/\/www.terciariascapuchinas.org\/fr\/wp-content\/uploads\/2020\/12\/historia13-300x400.jpg 300w\" sizes=\"(max-width: 1095px) 100vw, 1095px\" \/><\/p><p>\u00a0<\/p><p>\u00a0<\/p>\t\t\t\t\t<\/div>\n\t\t\t\t\t\t<\/div>\n\t\t\t\t<\/div>\n\t\t\t\t<div class=\"elementor-element elementor-element-8a21103 elementor-align-left elementor-icon-list--layout-traditional elementor-list-item-link-full_width elementor-widget elementor-widget-icon-list\" data-id=\"8a21103\" data-element_type=\"widget\" data-widget_type=\"icon-list.default\">\n\t\t\t\t<div class=\"elementor-widget-container\">\n\t\t\t\t\t<ul class=\"elementor-icon-list-items\">\n\t\t\t\t\t\t\t<li class=\"elementor-icon-list-item\">\n\t\t\t\t\t\t\t\t\t\t\t<span class=\"elementor-icon-list-icon\">\n\t\t\t\t\t\t\t<i aria-hidden=\"true\" class=\"fas fa-church\"><\/i>\t\t\t\t\t\t<\/span>\n\t\t\t\t\t\t\t\t\t\t<span class=\"elementor-icon-list-text\">Initiatrices de pr\u00e9sences\u00a0: Inde (2008), Sri Lanka (2011), Vietnam (2015), El Salvador (2017) et aussi la \"refondation\" de l\u2019\u00c9quateur (1977) et la Chine (2018).<\/span>\n\t\t\t\t\t\t\t\t\t<\/li>\n\t\t\t\t\t\t<\/ul>\n\t\t\t\t<\/div>\n\t\t\t\t<\/div>\n\t\t\t\t<div class=\"elementor-element elementor-element-9abe3ad elementor-align-left elementor-icon-list--layout-traditional elementor-list-item-link-full_width elementor-widget elementor-widget-icon-list\" data-id=\"9abe3ad\" data-element_type=\"widget\" data-widget_type=\"icon-list.default\">\n\t\t\t\t<div class=\"elementor-widget-container\">\n\t\t\t\t\t<ul class=\"elementor-icon-list-items\">\n\t\t\t\t\t\t\t<li class=\"elementor-icon-list-item\">\n\t\t\t\t\t\t\t\t\t\t<span class=\"elementor-icon-list-text\">Nos pr\u00e9sences congr\u00e9gationnelles de Suisse, Rep. Centrafricaine et Allemagne ont \u00e9t\u00e9 supprim\u00e9es.<\/span>\n\t\t\t\t\t\t\t\t\t<\/li>\n\t\t\t\t\t\t<\/ul>\n\t\t\t\t<\/div>\n\t\t\t\t<\/div>\n\t\t\t\t<div class=\"elementor-element elementor-element-1b267cc elementor-aspect-ratio-169 elementor-widget elementor-widget-video\" data-id=\"1b267cc\" data-element_type=\"widget\" data-settings=\"{&quot;youtube_url&quot;:&quot;https:\\\/\\\/www.youtube.com\\\/watch?v=anF9rI3bWj4&quot;,&quot;video_type&quot;:&quot;youtube&quot;,&quot;controls&quot;:&quot;yes&quot;,&quot;aspect_ratio&quot;:&quot;169&quot;}\" data-widget_type=\"video.default\">\n\t\t\t\t<div class=\"elementor-widget-container\">\n\t\t\t\t\t<div class=\"elementor-wrapper elementor-fit-aspect-ratio elementor-open-inline\">\n\t\t\t<div class=\"elementor-video\"><\/div>\t\t<\/div>\n\t\t\t\t<\/div>\n\t\t\t\t<\/div>\n\t\t\t\t\t\t<\/div>\n\t\t\t\t\t<\/div>\n\t\t<\/div>\n\t\t\t\t\t\t\t\t<\/div>\n\t\t\t\t\t<\/div>\n\t\t<\/section>\n\t\t\t\t\t\t\t\t\t<\/div>\n\t\t\t<\/div>\n\t\t\t\t\t<\/div>\n\t\t","protected":false},"excerpt":{"rendered":"<p>Histoire de la Congr\u00e9gation L\u2019histoire des S\u0153urs Tertiaires Capucines de la Sainte Famille a commenc\u00e9 le 11 mai 1885 au Sanctuaire de \u00ab\u00a0Notre Dame de Montiel\u00a0\u00bb (Valence-Espagne). Son Fondateur, le jeune pr\u00eatre capucin Fr\u00e8re Louis Amig\u00f3 (1854-1934) avait con\u00e7u sa fondation, attentif aux signes que Dieu lui manifestait dans son minist\u00e8re et, tout en accueillant [&hellip;]<\/p>\n","protected":false},"author":1,"featured_media":0,"parent":25,"menu_order":0,"comment_status":"closed","ping_status":"closed","template":"elementor_header_footer","meta":[],"_links":{"self":[{"href":"https:\/\/www.terciariascapuchinas.org\/fr\/wp-json\/wp\/v2\/pages\/27"}],"collection":[{"href":"https:\/\/www.terciariascapuchinas.org\/fr\/wp-json\/wp\/v2\/pages"}],"about":[{"href":"https:\/\/www.terciariascapuchinas.org\/fr\/wp-json\/wp\/v2\/types\/page"}],"author":[{"embeddable":true,"href":"https:\/\/www.terciariascapuchinas.org\/fr\/wp-json\/wp\/v2\/users\/1"}],"replies":[{"embeddable":true,"href":"https:\/\/www.terciariascapuchinas.org\/fr\/wp-json\/wp\/v2\/comments?post=27"}],"version-history":[{"count":40,"href":"https:\/\/www.terciariascapuchinas.org\/fr\/wp-json\/wp\/v2\/pages\/27\/revisions"}],"predecessor-version":[{"id":4629,"href":"https:\/\/www.terciariascapuchinas.org\/fr\/wp-json\/wp\/v2\/pages\/27\/revisions\/4629"}],"up":[{"embeddable":true,"href":"https:\/\/www.terciariascapuchinas.org\/fr\/wp-json\/wp\/v2\/pages\/25"}],"wp:attachment":[{"href":"https:\/\/www.terciariascapuchinas.org\/fr\/wp-json\/wp\/v2\/media?parent=27"}],"curies":[{"name":"wp","href":"https:\/\/api.w.org\/{rel}","templated":true}]}}