{"id":37,"date":"2020-05-04T12:28:09","date_gmt":"2020-05-04T12:28:09","guid":{"rendered":"http:\/\/florastrosytarot.com\/terciarias\/?page_id=37"},"modified":"2020-12-28T15:59:01","modified_gmt":"2020-12-28T15:59:01","slug":"nuestras-martires","status":"publish","type":"page","link":"https:\/\/www.terciariascapuchinas.org\/fr\/quienes-somos\/nuestras-martires\/","title":{"rendered":"Nuestras M\u00e1rtires"},"content":{"rendered":"\t\t<div data-elementor-type=\"wp-page\" data-elementor-id=\"37\" class=\"elementor elementor-37\">\n\t\t\t\t\t\t<div class=\"elementor-inner\">\n\t\t\t\t<div class=\"elementor-section-wrap\">\n\t\t\t\t\t\t\t\t\t<section class=\"elementor-section elementor-top-section elementor-element elementor-element-7502ba6d elementor-section-boxed elementor-section-height-default elementor-section-height-default\" data-id=\"7502ba6d\" data-element_type=\"section\" data-settings=\"{&quot;background_background&quot;:&quot;classic&quot;}\">\n\t\t\t\t\t\t<div class=\"elementor-container elementor-column-gap-default\">\n\t\t\t\t\t\t\t<div class=\"elementor-row\">\n\t\t\t\t\t<div class=\"elementor-column elementor-col-100 elementor-top-column elementor-element elementor-element-5a518fff\" data-id=\"5a518fff\" data-element_type=\"column\">\n\t\t\t<div class=\"elementor-column-wrap elementor-element-populated\">\n\t\t\t\t\t\t\t<div class=\"elementor-widget-wrap\">\n\t\t\t\t\t\t<div class=\"elementor-element elementor-element-1a467131 elementor-align-left elementor-icon-list--layout-traditional elementor-list-item-link-full_width elementor-widget elementor-widget-icon-list\" data-id=\"1a467131\" data-element_type=\"widget\" data-widget_type=\"icon-list.default\">\n\t\t\t\t<div class=\"elementor-widget-container\">\n\t\t\t\t\t<ul class=\"elementor-icon-list-items\">\n\t\t\t\t\t\t\t<li class=\"elementor-icon-list-item\">\n\t\t\t\t\t\t\t\t\t\t\t<span class=\"elementor-icon-list-icon\">\n\t\t\t\t\t\t\t<i aria-hidden=\"true\" class=\"fas fa-cross\"><\/i>\t\t\t\t\t\t<\/span>\n\t\t\t\t\t\t\t\t\t\t<span class=\"elementor-icon-list-text\">S\u0153urs B\u00e9ates Martyres<\/span>\n\t\t\t\t\t\t\t\t\t<\/li>\n\t\t\t\t\t\t<\/ul>\n\t\t\t\t<\/div>\n\t\t\t\t<\/div>\n\t\t\t\t<div class=\"elementor-element elementor-element-85a11ed elementor-widget elementor-widget-text-editor\" data-id=\"85a11ed\" data-element_type=\"widget\" data-widget_type=\"text-editor.default\">\n\t\t\t\t<div class=\"elementor-widget-container\">\n\t\t\t\t\t\t\t\t<div class=\"elementor-text-editor elementor-clearfix\">\n\t\t\t\t<p>La guerre civile espagnole (1936-1939) s\u2019est caract\u00e9ris\u00e9e par une pers\u00e9cution religieuse f\u00e9roce qui tua pr\u00e8s de 12000 chr\u00e9tiens\u00a0; parmi eux, quatre de nos s\u0153urs ont subit le martyre caus\u00e9 par la haine de la foi\u00a0: Rosario de Soano (1863-1936), Serafina de Ochovi (1872-1936), Francisca Javier de Rafelbu\u00f1ol (1901-1936) et Aurelia de Valencia (1884-1936).<\/p><p><img loading=\"lazy\" class=\"wp-image-3939 size-large alignleft\" src=\"https:\/\/www.terciariascapuchinas.es\/wp-content\/uploads\/2020\/12\/Martires1-716x1024.jpg\" alt=\"\" width=\"580\" height=\"829\" srcset=\"https:\/\/www.terciariascapuchinas.org\/fr\/wp-content\/uploads\/2020\/12\/Martires1-716x1024.jpg 716w, https:\/\/www.terciariascapuchinas.org\/fr\/wp-content\/uploads\/2020\/12\/Martires1-210x300.jpg 210w, https:\/\/www.terciariascapuchinas.org\/fr\/wp-content\/uploads\/2020\/12\/Martires1-768x1099.jpg 768w, https:\/\/www.terciariascapuchinas.org\/fr\/wp-content\/uploads\/2020\/12\/Martires1-1074x1536.jpg 1074w, https:\/\/www.terciariascapuchinas.org\/fr\/wp-content\/uploads\/2020\/12\/Martires1.jpg 1091w\" sizes=\"(max-width: 580px) 100vw, 580px\" \/><\/p><p>Quand la guerre a \u00e9clat\u00e9 elles se trouvaient dans la zone de Valence o\u00f9 la pers\u00e9cution\u00a0 \u00e9tait particuli\u00e8rement dure et comme d\u2019autres s\u0153urs l\u2019avaient d\u00e9j\u00e0 fait, elles quitt\u00e8rent leur maison religieuse d\u00e9j\u00e0 occup\u00e9e par les soldats et cherch\u00e8rent refuge dans leurs propres familles ou dans d\u2019autres qui les accueillirent, mais elles ne purent \u00e9chapper \u00e0 la fureur des miliciens qui avaient l\u2019ordre \u00ab\u00a0d\u2019an\u00e9antir la religion\u00a0\u00bb. Les S\u0153urs Rosario et Serafina furent fusill\u00e9es ensemble le 23 ao\u00fbt 1936 et la S\u0153ur Francisca Javier originaire de Valence qui s\u2019\u00e9tait r\u00e9fugi\u00e9e chez ses parents, fut fusill\u00e9e avec son fr\u00e8re pr\u00eatre le 28 janvier de la m\u00eame ann\u00e9e. Ces trois s\u0153urs furent b\u00e9atifi\u00e9es le 11 mars 2001 avec d\u2019autres martyres de la m\u00eame pers\u00e9cution. La A S\u0153ur Aurelia de Valence fut \u00e9galement ex\u00e9cut\u00e9e mais faute de t\u00e9moignages de son martyre, sa cause de b\u00e9atification ne put \u00eatre introduite.<\/p><p>Malgr\u00e9 le secret qui enferme toujours ces \u00e9v\u00e8nements, quelques t\u00e9moignages nous sont parvenus sur le martyre de nos s\u0153urs. Ils racontent que la S\u0153ur Rosario avant son ex\u00e9cution, retira la bague de son alliance comme consacr\u00e9e et la remit \u00e0 son bourreau en lui disant\u00a0:\u00a0\u00ab\u00a0Tiens, je te la donne en signe de mon pardon\u00a0\u00bb et le jeune homme qui la re\u00e7ut fut tellement impressionn\u00e9 qu\u2019il remit l\u2019alliance \u00e0 une autre religieuse qui \u00e9tait incarc\u00e9r\u00e9e. Un t\u00e9moin qui avait connu la S\u0153ur Serafina affirme que dans les moments difficiles de sa vie elle avait tendance \u00e0 s\u2019angoisser mais d\u2019autres t\u00e9moins ont affirm\u00e9 que pendant les heures qui ont pr\u00e9c\u00e9d\u00e9 son ex\u00e9cution, elle resta calme et sereine et avec la S\u0153ur Rosario elle mourut en proclamant\u00a0: \u00ab\u00a0Vive le Christ Roi\u00a0!\u00a0\u00bb. La S\u0153ur Francisca Javier avait confi\u00e9 un jour \u00e0 sa maman sa peur de la mort et sa propre m\u00e8re l\u2019encouragea par ces mots\u00a0: \u00ab\u00a0N\u2019aie pas peur\u00a0! Le Seigneur t\u2019aidera si la situation se pr\u00e9sente \u00e0 toi. Ma fille, ne renie pas J\u00e9sus-Christ\u00a0 qui t\u2019appelle au martyre\u00a0!\u00a0\u00bb. Ces mots l\u2019aid\u00e8rent \u00e0 se pr\u00e9parer pour affronter la mort et avant de s\u2019effondrer sous le coup de feu, elle s\u2019exclama\u00a0:\u00a0\u00ab\u00a0Que Dieu vous pardonne comme moi-m\u00eame je vous pardonne\u00a0\u00bb.<\/p>\t\t\t\t\t<\/div>\n\t\t\t\t\t\t<\/div>\n\t\t\t\t<\/div>\n\t\t\t\t\t\t<\/div>\n\t\t\t\t\t<\/div>\n\t\t<\/div>\n\t\t\t\t\t\t\t\t<\/div>\n\t\t\t\t\t<\/div>\n\t\t<\/section>\n\t\t\t\t\t\t\t\t\t<\/div>\n\t\t\t<\/div>\n\t\t\t\t\t<\/div>\n\t\t","protected":false},"excerpt":{"rendered":"<p>S\u0153urs B\u00e9ates Martyres La guerre civile espagnole (1936-1939) s\u2019est caract\u00e9ris\u00e9e par une pers\u00e9cution religieuse f\u00e9roce qui tua pr\u00e8s de 12000 chr\u00e9tiens\u00a0; parmi eux, quatre de nos s\u0153urs ont subit le martyre caus\u00e9 par la haine de la foi\u00a0: Rosario de Soano (1863-1936), Serafina de Ochovi (1872-1936), Francisca Javier de Rafelbu\u00f1ol (1901-1936) et Aurelia de Valencia [&hellip;]<\/p>\n","protected":false},"author":1,"featured_media":0,"parent":25,"menu_order":0,"comment_status":"closed","ping_status":"closed","template":"elementor_header_footer","meta":[],"_links":{"self":[{"href":"https:\/\/www.terciariascapuchinas.org\/fr\/wp-json\/wp\/v2\/pages\/37"}],"collection":[{"href":"https:\/\/www.terciariascapuchinas.org\/fr\/wp-json\/wp\/v2\/pages"}],"about":[{"href":"https:\/\/www.terciariascapuchinas.org\/fr\/wp-json\/wp\/v2\/types\/page"}],"author":[{"embeddable":true,"href":"https:\/\/www.terciariascapuchinas.org\/fr\/wp-json\/wp\/v2\/users\/1"}],"replies":[{"embeddable":true,"href":"https:\/\/www.terciariascapuchinas.org\/fr\/wp-json\/wp\/v2\/comments?post=37"}],"version-history":[{"count":21,"href":"https:\/\/www.terciariascapuchinas.org\/fr\/wp-json\/wp\/v2\/pages\/37\/revisions"}],"predecessor-version":[{"id":4310,"href":"https:\/\/www.terciariascapuchinas.org\/fr\/wp-json\/wp\/v2\/pages\/37\/revisions\/4310"}],"up":[{"embeddable":true,"href":"https:\/\/www.terciariascapuchinas.org\/fr\/wp-json\/wp\/v2\/pages\/25"}],"wp:attachment":[{"href":"https:\/\/www.terciariascapuchinas.org\/fr\/wp-json\/wp\/v2\/media?parent=37"}],"curies":[{"name":"wp","href":"https:\/\/api.w.org\/{rel}","templated":true}]}}