{"id":71,"date":"2020-05-04T12:49:36","date_gmt":"2020-05-04T12:49:36","guid":{"rendered":"http:\/\/florastrosytarot.com\/terciarias\/?page_id=71"},"modified":"2021-01-10T14:52:19","modified_gmt":"2021-01-10T14:52:19","slug":"educacion","status":"publish","type":"page","link":"https:\/\/www.terciariascapuchinas.org\/fr\/campos-de-mision\/educacion\/","title":{"rendered":"Educaci\u00f3n"},"content":{"rendered":"\t\t<div data-elementor-type=\"wp-page\" data-elementor-id=\"71\" class=\"elementor elementor-71\">\n\t\t\t\t\t\t<div class=\"elementor-inner\">\n\t\t\t\t<div class=\"elementor-section-wrap\">\n\t\t\t\t\t\t\t\t\t<section class=\"elementor-section elementor-top-section elementor-element elementor-element-3b2c0cf3 elementor-section-boxed elementor-section-height-default elementor-section-height-default\" data-id=\"3b2c0cf3\" data-element_type=\"section\" data-settings=\"{&quot;background_background&quot;:&quot;classic&quot;}\">\n\t\t\t\t\t\t<div class=\"elementor-container elementor-column-gap-default\">\n\t\t\t\t\t\t\t<div class=\"elementor-row\">\n\t\t\t\t\t<div class=\"elementor-column elementor-col-100 elementor-top-column elementor-element elementor-element-13ff8435\" data-id=\"13ff8435\" data-element_type=\"column\">\n\t\t\t<div class=\"elementor-column-wrap elementor-element-populated\">\n\t\t\t\t\t\t\t<div class=\"elementor-widget-wrap\">\n\t\t\t\t\t\t<div class=\"elementor-element elementor-element-5f885aff elementor-align-left elementor-icon-list--layout-traditional elementor-list-item-link-full_width elementor-widget elementor-widget-icon-list\" data-id=\"5f885aff\" data-element_type=\"widget\" data-widget_type=\"icon-list.default\">\n\t\t\t\t<div class=\"elementor-widget-container\">\n\t\t\t\t\t<ul class=\"elementor-icon-list-items\">\n\t\t\t\t\t\t\t<li class=\"elementor-icon-list-item\">\n\t\t\t\t\t\t\t\t\t\t\t<span class=\"elementor-icon-list-icon\">\n\t\t\t\t\t\t\t<i aria-hidden=\"true\" class=\"fas fa-chalkboard-teacher\"><\/i>\t\t\t\t\t\t<\/span>\n\t\t\t\t\t\t\t\t\t\t<span class=\"elementor-icon-list-text\">\u00c9ducation<\/span>\n\t\t\t\t\t\t\t\t\t<\/li>\n\t\t\t\t\t\t<\/ul>\n\t\t\t\t<\/div>\n\t\t\t\t<\/div>\n\t\t\t\t<div class=\"elementor-element elementor-element-96a5de6 elementor-widget elementor-widget-heading\" data-id=\"96a5de6\" data-element_type=\"widget\" data-widget_type=\"heading.default\">\n\t\t\t\t<div class=\"elementor-widget-container\">\n\t\t\t<h2 class=\"elementor-heading-title elementor-size-default\">Reconnaissant l\u2019importance de l\u2019\u00e9ducation pour le bien de la soci\u00e9t\u00e9, nous sommes engag\u00e9es dans des \u0153uvres \u00e9ducatives en vue de la formation int\u00e9grale de la personne, en accompagnant sa croissance humaine et en la conduisant \u00e0 la rencontre du Christ (cf. Dir. 40). Nous le faisons en appliquant les principes p\u00e9dagogiques amigoniennes surgis du c\u0153ur du P\u00e8re Louis et muris dans le temps par l\u2019exp\u00e9rience des membres de ses deux congr\u00e9gations, de m\u00eame que par la formation des jeunes g\u00e9n\u00e9rations dans le bon usage de la libert\u00e9 et en les pr\u00e9parant \u00e0 assumer leur responsabilit\u00e9 dans la soci\u00e9t\u00e9 (cf. Dir. 41). Dans notre t\u00e2che \u00e9ducative nous essayons  de nous consacrer avec une particuli\u00e8re attention aux \u00e9l\u00e8ves les plus fragiles et ayant des difficult\u00e9s de comportement et d\u2019apprentissage.<\/h2>\t\t<\/div>\n\t\t\t\t<\/div>\n\t\t\t\t<div class=\"elementor-element elementor-element-48f76d2 elementor-widget elementor-widget-gallery\" data-id=\"48f76d2\" data-element_type=\"widget\" data-settings=\"{&quot;columns&quot;:3,&quot;lazyload&quot;:&quot;yes&quot;,&quot;gallery_layout&quot;:&quot;grid&quot;,&quot;columns_tablet&quot;:2,&quot;columns_mobile&quot;:1,&quot;gap&quot;:{&quot;unit&quot;:&quot;px&quot;,&quot;size&quot;:10,&quot;sizes&quot;:[]},&quot;gap_tablet&quot;:{&quot;unit&quot;:&quot;px&quot;,&quot;size&quot;:10,&quot;sizes&quot;:[]},&quot;gap_mobile&quot;:{&quot;unit&quot;:&quot;px&quot;,&quot;size&quot;:10,&quot;sizes&quot;:[]},&quot;link_to&quot;:&quot;file&quot;,&quot;aspect_ratio&quot;:&quot;3:2&quot;,&quot;overlay_background&quot;:&quot;yes&quot;,&quot;content_hover_animation&quot;:&quot;fade-in&quot;}\" data-widget_type=\"gallery.default\">\n\t\t\t\t<div class=\"elementor-widget-container\">\n\t\t\t\t\t<div class=\"elementor-gallery__container\">\n\t\t\t\t\t\t\t<a class=\"e-gallery-item elementor-gallery-item elementor-animated-content\" href=\"https:\/\/www.terciariascapuchinas.org\/fr\/wp-content\/uploads\/2020\/12\/Pastoral-Educativa-Africa.png\" data-elementor-open-lightbox=\"yes\" data-elementor-lightbox-slideshow=\"all-48f76d2\" data-elementor-lightbox-title=\"\u00c9ducation\" e-action-hash=\"#elementor-action%3Aaction%3Dlightbox%26settings%3DeyJpZCI6NDAyOSwidXJsIjoiaHR0cHM6XC9cL3d3dy50ZXJjaWFyaWFzY2FwdWNoaW5hcy5vcmdcL2ZyXC93cC1jb250ZW50XC91cGxvYWRzXC8yMDIwXC8xMlwvUGFzdG9yYWwtRWR1Y2F0aXZhLUFmcmljYS5wbmciLCJzbGlkZXNob3ciOiJhbGwtNDhmNzZkMiJ9\">\n\t\t\t\t\t<div class=\"e-gallery-image elementor-gallery-item__image\" data-thumbnail=\"https:\/\/www.terciariascapuchinas.org\/fr\/wp-content\/uploads\/2020\/12\/Pastoral-Educativa-Africa-768x576.png\" data-width=\"580\" data-height=\"435\" alt=\"\" ><\/div>\n\t\t\t\t\t\t\t\t\t\t\t<div class=\"elementor-gallery-item__overlay\"><\/div>\n\t\t\t\t\t\t\t\t\t\t\t\t\t\t<\/a>\n\t\t\t\t\t\t\t<a class=\"e-gallery-item elementor-gallery-item elementor-animated-content\" href=\"https:\/\/www.terciariascapuchinas.org\/fr\/wp-content\/uploads\/2020\/12\/Pastoral-Educativa-africa3.png\" data-elementor-open-lightbox=\"yes\" data-elementor-lightbox-slideshow=\"all-48f76d2\" data-elementor-lightbox-title=\"\u00c9ducation\" e-action-hash=\"#elementor-action%3Aaction%3Dlightbox%26settings%3DeyJpZCI6NDAzMCwidXJsIjoiaHR0cHM6XC9cL3d3dy50ZXJjaWFyaWFzY2FwdWNoaW5hcy5vcmdcL2ZyXC93cC1jb250ZW50XC91cGxvYWRzXC8yMDIwXC8xMlwvUGFzdG9yYWwtRWR1Y2F0aXZhLWFmcmljYTMucG5nIiwic2xpZGVzaG93IjoiYWxsLTQ4Zjc2ZDIifQ%3D%3D\">\n\t\t\t\t\t<div class=\"e-gallery-image elementor-gallery-item__image\" data-thumbnail=\"https:\/\/www.terciariascapuchinas.org\/fr\/wp-content\/uploads\/2020\/12\/Pastoral-Educativa-africa3-768x1023.png\" data-width=\"580\" data-height=\"773\" alt=\"\" ><\/div>\n\t\t\t\t\t\t\t\t\t\t\t<div class=\"elementor-gallery-item__overlay\"><\/div>\n\t\t\t\t\t\t\t\t\t\t\t\t\t\t<\/a>\n\t\t\t\t\t\t\t<a class=\"e-gallery-item elementor-gallery-item elementor-animated-content\" href=\"https:\/\/www.terciariascapuchinas.org\/fr\/wp-content\/uploads\/2020\/12\/Pastoral-Educativa-africa2.png\" data-elementor-open-lightbox=\"yes\" data-elementor-lightbox-slideshow=\"all-48f76d2\" data-elementor-lightbox-title=\"\u00c9ducation\" e-action-hash=\"#elementor-action%3Aaction%3Dlightbox%26settings%3DeyJpZCI6NDAzMSwidXJsIjoiaHR0cHM6XC9cL3d3dy50ZXJjaWFyaWFzY2FwdWNoaW5hcy5vcmdcL2ZyXC93cC1jb250ZW50XC91cGxvYWRzXC8yMDIwXC8xMlwvUGFzdG9yYWwtRWR1Y2F0aXZhLWFmcmljYTIucG5nIiwic2xpZGVzaG93IjoiYWxsLTQ4Zjc2ZDIifQ%3D%3D\">\n\t\t\t\t\t<div class=\"e-gallery-image elementor-gallery-item__image\" data-thumbnail=\"https:\/\/www.terciariascapuchinas.org\/fr\/wp-content\/uploads\/2020\/12\/Pastoral-Educativa-africa2-768x576.png\" data-width=\"580\" data-height=\"435\" alt=\"\" ><\/div>\n\t\t\t\t\t\t\t\t\t\t\t<div class=\"elementor-gallery-item__overlay\"><\/div>\n\t\t\t\t\t\t\t\t\t\t\t\t\t\t<\/a>\n\t\t\t\t\t\t\t<a class=\"e-gallery-item elementor-gallery-item elementor-animated-content\" href=\"https:\/\/www.terciariascapuchinas.org\/fr\/wp-content\/uploads\/2020\/12\/24.-Pastoral-Educativa-Armero-Guayabal-scaled.jpg\" data-elementor-open-lightbox=\"yes\" data-elementor-lightbox-slideshow=\"all-48f76d2\" data-elementor-lightbox-title=\"\u00c9ducation\" e-action-hash=\"#elementor-action%3Aaction%3Dlightbox%26settings%3DeyJpZCI6NDAwMCwidXJsIjoiaHR0cHM6XC9cL3d3dy50ZXJjaWFyaWFzY2FwdWNoaW5hcy5vcmdcL2ZyXC93cC1jb250ZW50XC91cGxvYWRzXC8yMDIwXC8xMlwvMjQuLVBhc3RvcmFsLUVkdWNhdGl2YS1Bcm1lcm8tR3VheWFiYWwtc2NhbGVkLmpwZyIsInNsaWRlc2hvdyI6ImFsbC00OGY3NmQyIn0%3D\">\n\t\t\t\t\t<div class=\"e-gallery-image elementor-gallery-item__image\" data-thumbnail=\"https:\/\/www.terciariascapuchinas.org\/fr\/wp-content\/uploads\/2020\/12\/24.-Pastoral-Educativa-Armero-Guayabal-768x432.jpg\" data-width=\"580\" data-height=\"326\" alt=\"\" ><\/div>\n\t\t\t\t\t\t\t\t\t\t\t<div class=\"elementor-gallery-item__overlay\"><\/div>\n\t\t\t\t\t\t\t\t\t\t\t\t\t\t<\/a>\n\t\t\t\t\t\t\t<a class=\"e-gallery-item elementor-gallery-item elementor-animated-content\" href=\"https:\/\/www.terciariascapuchinas.org\/fr\/wp-content\/uploads\/2020\/12\/23.-Past.-Educativa-Clase-de-Ingle\u0301s-Corea-scaled.jpg\" data-elementor-open-lightbox=\"yes\" data-elementor-lightbox-slideshow=\"all-48f76d2\" data-elementor-lightbox-title=\"\u00c9ducation\" e-action-hash=\"#elementor-action%3Aaction%3Dlightbox%26settings%3DeyJpZCI6Mzk5OSwidXJsIjoiaHR0cHM6XC9cL3d3dy50ZXJjaWFyaWFzY2FwdWNoaW5hcy5vcmdcL2ZyXC93cC1jb250ZW50XC91cGxvYWRzXC8yMDIwXC8xMlwvMjMuLVBhc3QuLUVkdWNhdGl2YS1DbGFzZS1kZS1JbmdsZVx1MDMwMXMtQ29yZWEtc2NhbGVkLmpwZyIsInNsaWRlc2hvdyI6ImFsbC00OGY3NmQyIn0%3D\">\n\t\t\t\t\t<div class=\"e-gallery-image elementor-gallery-item__image\" data-thumbnail=\"https:\/\/www.terciariascapuchinas.org\/fr\/wp-content\/uploads\/2020\/12\/23.-Past.-Educativa-Clase-de-Ingle\u0301s-Corea-768x432.jpg\" data-width=\"580\" data-height=\"326\" alt=\"\" ><\/div>\n\t\t\t\t\t\t\t\t\t\t\t<div class=\"elementor-gallery-item__overlay\"><\/div>\n\t\t\t\t\t\t\t\t\t\t\t\t\t\t<\/a>\n\t\t\t\t\t\t\t<a class=\"e-gallery-item elementor-gallery-item elementor-animated-content\" href=\"https:\/\/www.terciariascapuchinas.org\/fr\/wp-content\/uploads\/2020\/12\/22-.-Past.-Nin\u0303os-de-Sri-Lanka.jpg\" data-elementor-open-lightbox=\"yes\" data-elementor-lightbox-slideshow=\"all-48f76d2\" data-elementor-lightbox-title=\"\u00c9ducation\" e-action-hash=\"#elementor-action%3Aaction%3Dlightbox%26settings%3DeyJpZCI6Mzk5OCwidXJsIjoiaHR0cHM6XC9cL3d3dy50ZXJjaWFyaWFzY2FwdWNoaW5hcy5vcmdcL2ZyXC93cC1jb250ZW50XC91cGxvYWRzXC8yMDIwXC8xMlwvMjItLi1QYXN0Li1OaW5cdTAzMDNvcy1kZS1TcmktTGFua2EuanBnIiwic2xpZGVzaG93IjoiYWxsLTQ4Zjc2ZDIifQ%3D%3D\">\n\t\t\t\t\t<div class=\"e-gallery-image elementor-gallery-item__image\" data-thumbnail=\"https:\/\/www.terciariascapuchinas.org\/fr\/wp-content\/uploads\/2020\/12\/22-.-Past.-Nin\u0303os-de-Sri-Lanka-768x576.jpg\" data-width=\"580\" data-height=\"435\" alt=\"\" ><\/div>\n\t\t\t\t\t\t\t\t\t\t\t<div class=\"elementor-gallery-item__overlay\"><\/div>\n\t\t\t\t\t\t\t\t\t\t\t\t\t\t<\/a>\n\t\t\t\t\t\t\t<a class=\"e-gallery-item elementor-gallery-item elementor-animated-content\" href=\"https:\/\/www.terciariascapuchinas.org\/fr\/wp-content\/uploads\/2020\/12\/21.-Past.-Educativa-Corea.jpeg\" data-elementor-open-lightbox=\"yes\" data-elementor-lightbox-slideshow=\"all-48f76d2\" data-elementor-lightbox-title=\"\u00c9ducation\" e-action-hash=\"#elementor-action%3Aaction%3Dlightbox%26settings%3DeyJpZCI6Mzk5NywidXJsIjoiaHR0cHM6XC9cL3d3dy50ZXJjaWFyaWFzY2FwdWNoaW5hcy5vcmdcL2ZyXC93cC1jb250ZW50XC91cGxvYWRzXC8yMDIwXC8xMlwvMjEuLVBhc3QuLUVkdWNhdGl2YS1Db3JlYS5qcGVnIiwic2xpZGVzaG93IjoiYWxsLTQ4Zjc2ZDIifQ%3D%3D\">\n\t\t\t\t\t<div class=\"e-gallery-image elementor-gallery-item__image\" data-thumbnail=\"https:\/\/www.terciariascapuchinas.org\/fr\/wp-content\/uploads\/2020\/12\/21.-Past.-Educativa-Corea.jpeg\" data-width=\"580\" data-height=\"435\" alt=\"\" ><\/div>\n\t\t\t\t\t\t\t\t\t\t\t<div class=\"elementor-gallery-item__overlay\"><\/div>\n\t\t\t\t\t\t\t\t\t\t\t\t\t\t<\/a>\n\t\t\t\t\t\t\t<a class=\"e-gallery-item elementor-gallery-item elementor-animated-content\" href=\"https:\/\/www.terciariascapuchinas.org\/fr\/wp-content\/uploads\/2020\/12\/20.-Past.-Educ.-Costa-Rica.jpg\" data-elementor-open-lightbox=\"yes\" data-elementor-lightbox-slideshow=\"all-48f76d2\" data-elementor-lightbox-title=\"\u00c9ducation\" e-action-hash=\"#elementor-action%3Aaction%3Dlightbox%26settings%3DeyJpZCI6Mzk5NiwidXJsIjoiaHR0cHM6XC9cL3d3dy50ZXJjaWFyaWFzY2FwdWNoaW5hcy5vcmdcL2ZyXC93cC1jb250ZW50XC91cGxvYWRzXC8yMDIwXC8xMlwvMjAuLVBhc3QuLUVkdWMuLUNvc3RhLVJpY2EuanBnIiwic2xpZGVzaG93IjoiYWxsLTQ4Zjc2ZDIifQ%3D%3D\">\n\t\t\t\t\t<div class=\"e-gallery-image elementor-gallery-item__image\" data-thumbnail=\"https:\/\/www.terciariascapuchinas.org\/fr\/wp-content\/uploads\/2020\/12\/20.-Past.-Educ.-Costa-Rica-768x548.jpg\" data-width=\"580\" data-height=\"414\" alt=\"\" ><\/div>\n\t\t\t\t\t\t\t\t\t\t\t<div class=\"elementor-gallery-item__overlay\"><\/div>\n\t\t\t\t\t\t\t\t\t\t\t\t\t\t<\/a>\n\t\t\t\t\t\t\t<a class=\"e-gallery-item elementor-gallery-item elementor-animated-content\" href=\"https:\/\/www.terciariascapuchinas.org\/fr\/wp-content\/uploads\/2020\/12\/18.-Past.-.-Educ.-Teculuta\u0301n.jpg\" data-elementor-open-lightbox=\"yes\" data-elementor-lightbox-slideshow=\"all-48f76d2\" data-elementor-lightbox-title=\"\u00c9ducation\" e-action-hash=\"#elementor-action%3Aaction%3Dlightbox%26settings%3DeyJpZCI6Mzk5NCwidXJsIjoiaHR0cHM6XC9cL3d3dy50ZXJjaWFyaWFzY2FwdWNoaW5hcy5vcmdcL2ZyXC93cC1jb250ZW50XC91cGxvYWRzXC8yMDIwXC8xMlwvMTguLVBhc3QuLS4tRWR1Yy4tVGVjdWx1dGFcdTAzMDFuLmpwZyIsInNsaWRlc2hvdyI6ImFsbC00OGY3NmQyIn0%3D\">\n\t\t\t\t\t<div class=\"e-gallery-image elementor-gallery-item__image\" data-thumbnail=\"https:\/\/www.terciariascapuchinas.org\/fr\/wp-content\/uploads\/2020\/12\/18.-Past.-.-Educ.-Teculuta\u0301n-768x576.jpg\" data-width=\"580\" data-height=\"435\" alt=\"\" ><\/div>\n\t\t\t\t\t\t\t\t\t\t\t<div class=\"elementor-gallery-item__overlay\"><\/div>\n\t\t\t\t\t\t\t\t\t\t\t\t\t\t<\/a>\n\t\t\t\t\t\t\t<a class=\"e-gallery-item elementor-gallery-item elementor-animated-content\" href=\"https:\/\/www.terciariascapuchinas.org\/fr\/wp-content\/uploads\/2020\/12\/17.-Past.-Educ.-Venezuela.jpg\" data-elementor-open-lightbox=\"yes\" data-elementor-lightbox-slideshow=\"all-48f76d2\" data-elementor-lightbox-title=\"\u00c9ducation\" e-action-hash=\"#elementor-action%3Aaction%3Dlightbox%26settings%3DeyJpZCI6Mzk5MywidXJsIjoiaHR0cHM6XC9cL3d3dy50ZXJjaWFyaWFzY2FwdWNoaW5hcy5vcmdcL2ZyXC93cC1jb250ZW50XC91cGxvYWRzXC8yMDIwXC8xMlwvMTcuLVBhc3QuLUVkdWMuLVZlbmV6dWVsYS5qcGciLCJzbGlkZXNob3ciOiJhbGwtNDhmNzZkMiJ9\">\n\t\t\t\t\t<div class=\"e-gallery-image elementor-gallery-item__image\" data-thumbnail=\"https:\/\/www.terciariascapuchinas.org\/fr\/wp-content\/uploads\/2020\/12\/17.-Past.-Educ.-Venezuela-768x576.jpg\" data-width=\"580\" data-height=\"435\" alt=\"\" ><\/div>\n\t\t\t\t\t\t\t\t\t\t\t<div class=\"elementor-gallery-item__overlay\"><\/div>\n\t\t\t\t\t\t\t\t\t\t\t\t\t\t<\/a>\n\t\t\t\t\t\t\t<a class=\"e-gallery-item elementor-gallery-item elementor-animated-content\" href=\"https:\/\/www.terciariascapuchinas.org\/fr\/wp-content\/uploads\/2020\/12\/16.-Past.-Educ.-Tupita.jpg\" data-elementor-open-lightbox=\"yes\" data-elementor-lightbox-slideshow=\"all-48f76d2\" data-elementor-lightbox-title=\"\u00c9ducation\" e-action-hash=\"#elementor-action%3Aaction%3Dlightbox%26settings%3DeyJpZCI6Mzk5MiwidXJsIjoiaHR0cHM6XC9cL3d3dy50ZXJjaWFyaWFzY2FwdWNoaW5hcy5vcmdcL2ZyXC93cC1jb250ZW50XC91cGxvYWRzXC8yMDIwXC8xMlwvMTYuLVBhc3QuLUVkdWMuLVR1cGl0YS5qcGciLCJzbGlkZXNob3ciOiJhbGwtNDhmNzZkMiJ9\">\n\t\t\t\t\t<div class=\"e-gallery-image elementor-gallery-item__image\" data-thumbnail=\"https:\/\/www.terciariascapuchinas.org\/fr\/wp-content\/uploads\/2020\/12\/16.-Past.-Educ.-Tupita-768x576.jpg\" data-width=\"580\" data-height=\"435\" alt=\"\" ><\/div>\n\t\t\t\t\t\t\t\t\t\t\t<div class=\"elementor-gallery-item__overlay\"><\/div>\n\t\t\t\t\t\t\t\t\t\t\t\t\t\t<\/a>\n\t\t\t\t\t\t\t<a class=\"e-gallery-item elementor-gallery-item elementor-animated-content\" href=\"https:\/\/www.terciariascapuchinas.org\/fr\/wp-content\/uploads\/2020\/12\/15.-Past.-Educ.-Almirante-Panama\u0301.jpg\" data-elementor-open-lightbox=\"yes\" data-elementor-lightbox-slideshow=\"all-48f76d2\" data-elementor-lightbox-title=\"\u00c9ducation\" e-action-hash=\"#elementor-action%3Aaction%3Dlightbox%26settings%3DeyJpZCI6Mzk5MSwidXJsIjoiaHR0cHM6XC9cL3d3dy50ZXJjaWFyaWFzY2FwdWNoaW5hcy5vcmdcL2ZyXC93cC1jb250ZW50XC91cGxvYWRzXC8yMDIwXC8xMlwvMTUuLVBhc3QuLUVkdWMuLUFsbWlyYW50ZS1QYW5hbWFcdTAzMDEuanBnIiwic2xpZGVzaG93IjoiYWxsLTQ4Zjc2ZDIifQ%3D%3D\">\n\t\t\t\t\t<div class=\"e-gallery-image elementor-gallery-item__image\" data-thumbnail=\"https:\/\/www.terciariascapuchinas.org\/fr\/wp-content\/uploads\/2020\/12\/15.-Past.-Educ.-Almirante-Panama\u0301-768x576.jpg\" data-width=\"580\" data-height=\"435\" alt=\"\" ><\/div>\n\t\t\t\t\t\t\t\t\t\t\t<div class=\"elementor-gallery-item__overlay\"><\/div>\n\t\t\t\t\t\t\t\t\t\t\t\t\t\t<\/a>\n\t\t\t\t\t\t\t<a class=\"e-gallery-item elementor-gallery-item elementor-animated-content\" href=\"https:\/\/www.terciariascapuchinas.org\/fr\/wp-content\/uploads\/2020\/12\/14.-Past.-Educ..jpg\" data-elementor-open-lightbox=\"yes\" data-elementor-lightbox-slideshow=\"all-48f76d2\" data-elementor-lightbox-title=\"\u00c9ducation\" e-action-hash=\"#elementor-action%3Aaction%3Dlightbox%26settings%3DeyJpZCI6Mzk5MCwidXJsIjoiaHR0cHM6XC9cL3d3dy50ZXJjaWFyaWFzY2FwdWNoaW5hcy5vcmdcL2ZyXC93cC1jb250ZW50XC91cGxvYWRzXC8yMDIwXC8xMlwvMTQuLVBhc3QuLUVkdWMuLmpwZyIsInNsaWRlc2hvdyI6ImFsbC00OGY3NmQyIn0%3D\">\n\t\t\t\t\t<div class=\"e-gallery-image elementor-gallery-item__image\" data-thumbnail=\"https:\/\/www.terciariascapuchinas.org\/fr\/wp-content\/uploads\/2020\/12\/14.-Past.-Educ.-768x576.jpg\" data-width=\"580\" data-height=\"435\" alt=\"\" ><\/div>\n\t\t\t\t\t\t\t\t\t\t\t<div class=\"elementor-gallery-item__overlay\"><\/div>\n\t\t\t\t\t\t\t\t\t\t\t\t\t\t<\/a>\n\t\t\t\t\t\t\t<a class=\"e-gallery-item elementor-gallery-item elementor-animated-content\" href=\"https:\/\/www.terciariascapuchinas.org\/fr\/wp-content\/uploads\/2020\/12\/13.-Past.-Educ.-Chiquimula.jpg\" data-elementor-open-lightbox=\"yes\" data-elementor-lightbox-slideshow=\"all-48f76d2\" data-elementor-lightbox-title=\"\u00c9ducation\" e-action-hash=\"#elementor-action%3Aaction%3Dlightbox%26settings%3DeyJpZCI6Mzk4OSwidXJsIjoiaHR0cHM6XC9cL3d3dy50ZXJjaWFyaWFzY2FwdWNoaW5hcy5vcmdcL2ZyXC93cC1jb250ZW50XC91cGxvYWRzXC8yMDIwXC8xMlwvMTMuLVBhc3QuLUVkdWMuLUNoaXF1aW11bGEuanBnIiwic2xpZGVzaG93IjoiYWxsLTQ4Zjc2ZDIifQ%3D%3D\">\n\t\t\t\t\t<div class=\"e-gallery-image elementor-gallery-item__image\" data-thumbnail=\"https:\/\/www.terciariascapuchinas.org\/fr\/wp-content\/uploads\/2020\/12\/13.-Past.-Educ.-Chiquimula-768x576.jpg\" data-width=\"580\" data-height=\"435\" alt=\"\" ><\/div>\n\t\t\t\t\t\t\t\t\t\t\t<div class=\"elementor-gallery-item__overlay\"><\/div>\n\t\t\t\t\t\t\t\t\t\t\t\t\t\t<\/a>\n\t\t\t\t\t\t\t<a class=\"e-gallery-item elementor-gallery-item elementor-animated-content\" href=\"https:\/\/www.terciariascapuchinas.org\/fr\/wp-content\/uploads\/2020\/12\/12.-Pastoral-Educativa-Nin\u0303os-Limo\u0301n.jpg\" data-elementor-open-lightbox=\"yes\" data-elementor-lightbox-slideshow=\"all-48f76d2\" data-elementor-lightbox-title=\"\u00c9ducation\" e-action-hash=\"#elementor-action%3Aaction%3Dlightbox%26settings%3DeyJpZCI6Mzk4OCwidXJsIjoiaHR0cHM6XC9cL3d3dy50ZXJjaWFyaWFzY2FwdWNoaW5hcy5vcmdcL2ZyXC93cC1jb250ZW50XC91cGxvYWRzXC8yMDIwXC8xMlwvMTIuLVBhc3RvcmFsLUVkdWNhdGl2YS1OaW5cdTAzMDNvcy1MaW1vXHUwMzAxbi5qcGciLCJzbGlkZXNob3ciOiJhbGwtNDhmNzZkMiJ9\">\n\t\t\t\t\t<div class=\"e-gallery-image elementor-gallery-item__image\" data-thumbnail=\"https:\/\/www.terciariascapuchinas.org\/fr\/wp-content\/uploads\/2020\/12\/12.-Pastoral-Educativa-Nin\u0303os-Limo\u0301n-768x423.jpg\" data-width=\"580\" data-height=\"319\" alt=\"\" ><\/div>\n\t\t\t\t\t\t\t\t\t\t\t<div class=\"elementor-gallery-item__overlay\"><\/div>\n\t\t\t\t\t\t\t\t\t\t\t\t\t\t<\/a>\n\t\t\t\t\t\t\t<a class=\"e-gallery-item elementor-gallery-item elementor-animated-content\" href=\"https:\/\/www.terciariascapuchinas.org\/fr\/wp-content\/uploads\/2020\/12\/10.-P.-Educ-Upata.jpg\" data-elementor-open-lightbox=\"yes\" data-elementor-lightbox-slideshow=\"all-48f76d2\" data-elementor-lightbox-title=\"\u00c9ducation\" e-action-hash=\"#elementor-action%3Aaction%3Dlightbox%26settings%3DeyJpZCI6Mzk4NiwidXJsIjoiaHR0cHM6XC9cL3d3dy50ZXJjaWFyaWFzY2FwdWNoaW5hcy5vcmdcL2ZyXC93cC1jb250ZW50XC91cGxvYWRzXC8yMDIwXC8xMlwvMTAuLVAuLUVkdWMtVXBhdGEuanBnIiwic2xpZGVzaG93IjoiYWxsLTQ4Zjc2ZDIifQ%3D%3D\">\n\t\t\t\t\t<div class=\"e-gallery-image elementor-gallery-item__image\" data-thumbnail=\"https:\/\/www.terciariascapuchinas.org\/fr\/wp-content\/uploads\/2020\/12\/10.-P.-Educ-Upata-768x576.jpg\" data-width=\"580\" data-height=\"435\" alt=\"\" ><\/div>\n\t\t\t\t\t\t\t\t\t\t\t<div class=\"elementor-gallery-item__overlay\"><\/div>\n\t\t\t\t\t\t\t\t\t\t\t\t\t\t<\/a>\n\t\t\t\t\t\t\t<a class=\"e-gallery-item elementor-gallery-item elementor-animated-content\" href=\"https:\/\/www.terciariascapuchinas.org\/fr\/wp-content\/uploads\/2020\/12\/9.-Pastoral-Educativa-Limo\u0301n.jpg\" data-elementor-open-lightbox=\"yes\" data-elementor-lightbox-slideshow=\"all-48f76d2\" data-elementor-lightbox-title=\"\u00c9ducation\" e-action-hash=\"#elementor-action%3Aaction%3Dlightbox%26settings%3DeyJpZCI6Mzk4NSwidXJsIjoiaHR0cHM6XC9cL3d3dy50ZXJjaWFyaWFzY2FwdWNoaW5hcy5vcmdcL2ZyXC93cC1jb250ZW50XC91cGxvYWRzXC8yMDIwXC8xMlwvOS4tUGFzdG9yYWwtRWR1Y2F0aXZhLUxpbW9cdTAzMDFuLmpwZyIsInNsaWRlc2hvdyI6ImFsbC00OGY3NmQyIn0%3D\">\n\t\t\t\t\t<div class=\"e-gallery-image elementor-gallery-item__image\" data-thumbnail=\"https:\/\/www.terciariascapuchinas.org\/fr\/wp-content\/uploads\/2020\/12\/9.-Pastoral-Educativa-Limo\u0301n.jpg\" data-width=\"580\" data-height=\"1031\" alt=\"\" ><\/div>\n\t\t\t\t\t\t\t\t\t\t\t<div class=\"elementor-gallery-item__overlay\"><\/div>\n\t\t\t\t\t\t\t\t\t\t\t\t\t\t<\/a>\n\t\t\t\t\t\t\t<a class=\"e-gallery-item elementor-gallery-item elementor-animated-content\" href=\"https:\/\/www.terciariascapuchinas.org\/fr\/wp-content\/uploads\/2020\/12\/8.-Normal-de-Urrao-scaled.jpg\" data-elementor-open-lightbox=\"yes\" data-elementor-lightbox-slideshow=\"all-48f76d2\" data-elementor-lightbox-title=\"\u00c9ducation\" e-action-hash=\"#elementor-action%3Aaction%3Dlightbox%26settings%3DeyJpZCI6Mzk4NCwidXJsIjoiaHR0cHM6XC9cL3d3dy50ZXJjaWFyaWFzY2FwdWNoaW5hcy5vcmdcL2ZyXC93cC1jb250ZW50XC91cGxvYWRzXC8yMDIwXC8xMlwvOC4tTm9ybWFsLWRlLVVycmFvLXNjYWxlZC5qcGciLCJzbGlkZXNob3ciOiJhbGwtNDhmNzZkMiJ9\">\n\t\t\t\t\t<div class=\"e-gallery-image elementor-gallery-item__image\" data-thumbnail=\"https:\/\/www.terciariascapuchinas.org\/fr\/wp-content\/uploads\/2020\/12\/8.-Normal-de-Urrao-768x247.jpg\" data-width=\"580\" data-height=\"187\" alt=\"\" ><\/div>\n\t\t\t\t\t\t\t\t\t\t\t<div class=\"elementor-gallery-item__overlay\"><\/div>\n\t\t\t\t\t\t\t\t\t\t\t\t\t\t<\/a>\n\t\t\t\t\t<\/div>\n\t\t\t<\/div>\n\t\t\t\t<\/div>\n\t\t\t\t\t\t<\/div>\n\t\t\t\t\t<\/div>\n\t\t<\/div>\n\t\t\t\t\t\t\t\t<\/div>\n\t\t\t\t\t<\/div>\n\t\t<\/section>\n\t\t\t\t\t\t\t\t\t<\/div>\n\t\t\t<\/div>\n\t\t\t\t\t<\/div>\n\t\t","protected":false},"excerpt":{"rendered":"<p>\u00c9ducation Reconnaissant l\u2019importance de l\u2019\u00e9ducation pour le bien de la soci\u00e9t\u00e9, nous sommes engag\u00e9es dans des \u0153uvres \u00e9ducatives en vue de la formation int\u00e9grale de la personne, en accompagnant sa croissance humaine et en la conduisant \u00e0 la rencontre du Christ (cf. Dir. 40). Nous le faisons en appliquant les principes p\u00e9dagogiques amigoniennes surgis du [&hellip;]<\/p>\n","protected":false},"author":1,"featured_media":0,"parent":69,"menu_order":0,"comment_status":"closed","ping_status":"closed","template":"elementor_header_footer","meta":[],"_links":{"self":[{"href":"https:\/\/www.terciariascapuchinas.org\/fr\/wp-json\/wp\/v2\/pages\/71"}],"collection":[{"href":"https:\/\/www.terciariascapuchinas.org\/fr\/wp-json\/wp\/v2\/pages"}],"about":[{"href":"https:\/\/www.terciariascapuchinas.org\/fr\/wp-json\/wp\/v2\/types\/page"}],"author":[{"embeddable":true,"href":"https:\/\/www.terciariascapuchinas.org\/fr\/wp-json\/wp\/v2\/users\/1"}],"replies":[{"embeddable":true,"href":"https:\/\/www.terciariascapuchinas.org\/fr\/wp-json\/wp\/v2\/comments?post=71"}],"version-history":[{"count":30,"href":"https:\/\/www.terciariascapuchinas.org\/fr\/wp-json\/wp\/v2\/pages\/71\/revisions"}],"predecessor-version":[{"id":4654,"href":"https:\/\/www.terciariascapuchinas.org\/fr\/wp-json\/wp\/v2\/pages\/71\/revisions\/4654"}],"up":[{"embeddable":true,"href":"https:\/\/www.terciariascapuchinas.org\/fr\/wp-json\/wp\/v2\/pages\/69"}],"wp:attachment":[{"href":"https:\/\/www.terciariascapuchinas.org\/fr\/wp-json\/wp\/v2\/media?parent=71"}],"curies":[{"name":"wp","href":"https:\/\/api.w.org\/{rel}","templated":true}]}}