{"id":77,"date":"2020-05-04T12:55:35","date_gmt":"2020-05-04T12:55:35","guid":{"rendered":"http:\/\/florastrosytarot.com\/terciarias\/?page_id=77"},"modified":"2021-01-10T14:56:06","modified_gmt":"2021-01-10T14:56:06","slug":"salud","status":"publish","type":"page","link":"https:\/\/www.terciariascapuchinas.org\/fr\/campos-de-mision\/salud\/","title":{"rendered":"Salud"},"content":{"rendered":"\t\t<div data-elementor-type=\"wp-page\" data-elementor-id=\"77\" class=\"elementor elementor-77\">\n\t\t\t\t\t\t<div class=\"elementor-inner\">\n\t\t\t\t<div class=\"elementor-section-wrap\">\n\t\t\t\t\t\t\t\t\t<section class=\"elementor-section elementor-top-section elementor-element elementor-element-ea08656 elementor-section-boxed elementor-section-height-default elementor-section-height-default\" data-id=\"ea08656\" data-element_type=\"section\" data-settings=\"{&quot;background_background&quot;:&quot;classic&quot;}\">\n\t\t\t\t\t\t<div class=\"elementor-container elementor-column-gap-default\">\n\t\t\t\t\t\t\t<div class=\"elementor-row\">\n\t\t\t\t\t<div class=\"elementor-column elementor-col-100 elementor-top-column elementor-element elementor-element-45df4d5\" data-id=\"45df4d5\" data-element_type=\"column\">\n\t\t\t<div class=\"elementor-column-wrap elementor-element-populated\">\n\t\t\t\t\t\t\t<div class=\"elementor-widget-wrap\">\n\t\t\t\t\t\t<div class=\"elementor-element elementor-element-8b19fe4 elementor-align-left elementor-icon-list--layout-traditional elementor-list-item-link-full_width elementor-widget elementor-widget-icon-list\" data-id=\"8b19fe4\" data-element_type=\"widget\" data-widget_type=\"icon-list.default\">\n\t\t\t\t<div class=\"elementor-widget-container\">\n\t\t\t\t\t<ul class=\"elementor-icon-list-items\">\n\t\t\t\t\t\t\t<li class=\"elementor-icon-list-item\">\n\t\t\t\t\t\t\t\t\t\t\t<span class=\"elementor-icon-list-icon\">\n\t\t\t\t\t\t\t<i aria-hidden=\"true\" class=\"fas fa-briefcase-medical\"><\/i>\t\t\t\t\t\t<\/span>\n\t\t\t\t\t\t\t\t\t\t<span class=\"elementor-icon-list-text\">Sant\u00e9<\/span>\n\t\t\t\t\t\t\t\t\t<\/li>\n\t\t\t\t\t\t<\/ul>\n\t\t\t\t<\/div>\n\t\t\t\t<\/div>\n\t\t\t\t\t\t<\/div>\n\t\t\t\t\t<\/div>\n\t\t<\/div>\n\t\t\t\t\t\t\t\t<\/div>\n\t\t\t\t\t<\/div>\n\t\t<\/section>\n\t\t\t\t<section class=\"elementor-section elementor-top-section elementor-element elementor-element-888ef1d elementor-section-boxed elementor-section-height-default elementor-section-height-default\" data-id=\"888ef1d\" data-element_type=\"section\" data-settings=\"{&quot;background_background&quot;:&quot;classic&quot;}\">\n\t\t\t\t\t\t<div class=\"elementor-container elementor-column-gap-default\">\n\t\t\t\t\t\t\t<div class=\"elementor-row\">\n\t\t\t\t\t<div class=\"elementor-column elementor-col-100 elementor-top-column elementor-element elementor-element-86cd595\" data-id=\"86cd595\" data-element_type=\"column\">\n\t\t\t<div class=\"elementor-column-wrap elementor-element-populated\">\n\t\t\t\t\t\t\t<div class=\"elementor-widget-wrap\">\n\t\t\t\t\t\t<div class=\"elementor-element elementor-element-4b7eaca elementor-widget elementor-widget-heading\" data-id=\"4b7eaca\" data-element_type=\"widget\" data-widget_type=\"heading.default\">\n\t\t\t\t<div class=\"elementor-widget-container\">\n\t\t\t<h2 class=\"elementor-heading-title elementor-size-default\">Le domaine de la sant\u00e9 fut le premier milieu de notre activit\u00e9 au service des n\u00e9cessiteux. Depuis lors, et selon les besoins de temps et de lieux, nous sommes pr\u00e9sentes dans les h\u00f4pitaux, maisons de repos, centres nutritionnels pour enfants et centres de sant\u00e9. Avec la certitude que le Christ est pr\u00e9sent dans chaque malade, nous contemplons son visage et nous en prenons soin avec bont\u00e9, sollicitude, patience, compr\u00e9hension. Nous favorisons le respect et la d\u00e9fense de la vie humaine et soutenues par la foi en l\u2019Evangile, nous accompagnons ceux qui se pr\u00e9parent \u00e0 la rencontre avec le P\u00e8re pour que, avec leurs familles, ils puissent vivre ce moment dans la paix et l\u2019esp\u00e9rance (cf. Dir. 45, 46 y 47).<\/h2>\t\t<\/div>\n\t\t\t\t<\/div>\n\t\t\t\t<div class=\"elementor-element elementor-element-b449c96 elementor-widget elementor-widget-gallery\" data-id=\"b449c96\" data-element_type=\"widget\" data-settings=\"{&quot;columns&quot;:3,&quot;lazyload&quot;:&quot;yes&quot;,&quot;gallery_layout&quot;:&quot;grid&quot;,&quot;columns_tablet&quot;:2,&quot;columns_mobile&quot;:1,&quot;gap&quot;:{&quot;unit&quot;:&quot;px&quot;,&quot;size&quot;:10,&quot;sizes&quot;:[]},&quot;gap_tablet&quot;:{&quot;unit&quot;:&quot;px&quot;,&quot;size&quot;:10,&quot;sizes&quot;:[]},&quot;gap_mobile&quot;:{&quot;unit&quot;:&quot;px&quot;,&quot;size&quot;:10,&quot;sizes&quot;:[]},&quot;link_to&quot;:&quot;file&quot;,&quot;aspect_ratio&quot;:&quot;3:2&quot;,&quot;overlay_background&quot;:&quot;yes&quot;,&quot;content_hover_animation&quot;:&quot;fade-in&quot;}\" data-widget_type=\"gallery.default\">\n\t\t\t\t<div class=\"elementor-widget-container\">\n\t\t\t\t\t<div class=\"elementor-gallery__container\">\n\t\t\t\t\t\t\t<a class=\"e-gallery-item elementor-gallery-item elementor-animated-content\" href=\"https:\/\/www.terciariascapuchinas.org\/fr\/wp-content\/uploads\/2020\/12\/36.-Past.-de-la-salud-Vietnam.jpg\" data-elementor-open-lightbox=\"yes\" data-elementor-lightbox-slideshow=\"all-b449c96\" data-elementor-lightbox-title=\"Sant\u00e9\" e-action-hash=\"#elementor-action%3Aaction%3Dlightbox%26settings%3DeyJpZCI6NDA1OCwidXJsIjoiaHR0cHM6XC9cL3d3dy50ZXJjaWFyaWFzY2FwdWNoaW5hcy5vcmdcL2ZyXC93cC1jb250ZW50XC91cGxvYWRzXC8yMDIwXC8xMlwvMzYuLVBhc3QuLWRlLWxhLXNhbHVkLVZpZXRuYW0uanBnIiwic2xpZGVzaG93IjoiYWxsLWI0NDljOTYifQ%3D%3D\">\n\t\t\t\t\t<div class=\"e-gallery-image elementor-gallery-item__image\" data-thumbnail=\"https:\/\/www.terciariascapuchinas.org\/fr\/wp-content\/uploads\/2020\/12\/36.-Past.-de-la-salud-Vietnam-768x576.jpg\" data-width=\"580\" data-height=\"435\" alt=\"\" ><\/div>\n\t\t\t\t\t\t\t\t\t\t\t<div class=\"elementor-gallery-item__overlay\"><\/div>\n\t\t\t\t\t\t\t\t\t\t\t\t\t\t<\/a>\n\t\t\t\t\t\t\t<a class=\"e-gallery-item elementor-gallery-item elementor-animated-content\" href=\"https:\/\/www.terciariascapuchinas.org\/fr\/wp-content\/uploads\/2020\/12\/37.-Past.-de-la-Salud-Filipinas.jpg\" data-elementor-open-lightbox=\"yes\" data-elementor-lightbox-slideshow=\"all-b449c96\" data-elementor-lightbox-title=\"Sant\u00e9\" e-action-hash=\"#elementor-action%3Aaction%3Dlightbox%26settings%3DeyJpZCI6NDA1OSwidXJsIjoiaHR0cHM6XC9cL3d3dy50ZXJjaWFyaWFzY2FwdWNoaW5hcy5vcmdcL2ZyXC93cC1jb250ZW50XC91cGxvYWRzXC8yMDIwXC8xMlwvMzcuLVBhc3QuLWRlLWxhLVNhbHVkLUZpbGlwaW5hcy5qcGciLCJzbGlkZXNob3ciOiJhbGwtYjQ0OWM5NiJ9\">\n\t\t\t\t\t<div class=\"e-gallery-image elementor-gallery-item__image\" data-thumbnail=\"https:\/\/www.terciariascapuchinas.org\/fr\/wp-content\/uploads\/2020\/12\/37.-Past.-de-la-Salud-Filipinas-768x576.jpg\" data-width=\"580\" data-height=\"435\" alt=\"\" ><\/div>\n\t\t\t\t\t\t\t\t\t\t\t<div class=\"elementor-gallery-item__overlay\"><\/div>\n\t\t\t\t\t\t\t\t\t\t\t\t\t\t<\/a>\n\t\t\t\t\t\t\t<a class=\"e-gallery-item elementor-gallery-item elementor-animated-content\" href=\"https:\/\/www.terciariascapuchinas.org\/fr\/wp-content\/uploads\/2020\/12\/38.-Past.-de-la-salud.jpg\" data-elementor-open-lightbox=\"yes\" data-elementor-lightbox-slideshow=\"all-b449c96\" data-elementor-lightbox-title=\"Sant\u00e9\" e-action-hash=\"#elementor-action%3Aaction%3Dlightbox%26settings%3DeyJpZCI6NDA2MCwidXJsIjoiaHR0cHM6XC9cL3d3dy50ZXJjaWFyaWFzY2FwdWNoaW5hcy5vcmdcL2ZyXC93cC1jb250ZW50XC91cGxvYWRzXC8yMDIwXC8xMlwvMzguLVBhc3QuLWRlLWxhLXNhbHVkLmpwZyIsInNsaWRlc2hvdyI6ImFsbC1iNDQ5Yzk2In0%3D\">\n\t\t\t\t\t<div class=\"e-gallery-image elementor-gallery-item__image\" data-thumbnail=\"https:\/\/www.terciariascapuchinas.org\/fr\/wp-content\/uploads\/2020\/12\/38.-Past.-de-la-salud-768x576.jpg\" data-width=\"580\" data-height=\"435\" alt=\"\" ><\/div>\n\t\t\t\t\t\t\t\t\t\t\t<div class=\"elementor-gallery-item__overlay\"><\/div>\n\t\t\t\t\t\t\t\t\t\t\t\t\t\t<\/a>\n\t\t\t\t\t\t\t<a class=\"e-gallery-item elementor-gallery-item elementor-animated-content\" href=\"https:\/\/www.terciariascapuchinas.org\/fr\/wp-content\/uploads\/2020\/12\/39.-Past.-Salud-Vietnam.jpg\" data-elementor-open-lightbox=\"yes\" data-elementor-lightbox-slideshow=\"all-b449c96\" data-elementor-lightbox-title=\"Sant\u00e9\" e-action-hash=\"#elementor-action%3Aaction%3Dlightbox%26settings%3DeyJpZCI6NDA2MSwidXJsIjoiaHR0cHM6XC9cL3d3dy50ZXJjaWFyaWFzY2FwdWNoaW5hcy5vcmdcL2ZyXC93cC1jb250ZW50XC91cGxvYWRzXC8yMDIwXC8xMlwvMzkuLVBhc3QuLVNhbHVkLVZpZXRuYW0uanBnIiwic2xpZGVzaG93IjoiYWxsLWI0NDljOTYifQ%3D%3D\">\n\t\t\t\t\t<div class=\"e-gallery-image elementor-gallery-item__image\" data-thumbnail=\"https:\/\/www.terciariascapuchinas.org\/fr\/wp-content\/uploads\/2020\/12\/39.-Past.-Salud-Vietnam-768x576.jpg\" data-width=\"580\" data-height=\"435\" alt=\"\" ><\/div>\n\t\t\t\t\t\t\t\t\t\t\t<div class=\"elementor-gallery-item__overlay\"><\/div>\n\t\t\t\t\t\t\t\t\t\t\t\t\t\t<\/a>\n\t\t\t\t\t\t\t<a class=\"e-gallery-item elementor-gallery-item elementor-animated-content\" href=\"https:\/\/www.terciariascapuchinas.org\/fr\/wp-content\/uploads\/2020\/12\/40.-Past.-de-la-salud.jpg\" data-elementor-open-lightbox=\"yes\" data-elementor-lightbox-slideshow=\"all-b449c96\" data-elementor-lightbox-title=\"Sant\u00e9\" e-action-hash=\"#elementor-action%3Aaction%3Dlightbox%26settings%3DeyJpZCI6NDA2MiwidXJsIjoiaHR0cHM6XC9cL3d3dy50ZXJjaWFyaWFzY2FwdWNoaW5hcy5vcmdcL2ZyXC93cC1jb250ZW50XC91cGxvYWRzXC8yMDIwXC8xMlwvNDAuLVBhc3QuLWRlLWxhLXNhbHVkLmpwZyIsInNsaWRlc2hvdyI6ImFsbC1iNDQ5Yzk2In0%3D\">\n\t\t\t\t\t<div class=\"e-gallery-image elementor-gallery-item__image\" data-thumbnail=\"https:\/\/www.terciariascapuchinas.org\/fr\/wp-content\/uploads\/2020\/12\/40.-Past.-de-la-salud-768x432.jpg\" data-width=\"580\" data-height=\"326\" alt=\"\" ><\/div>\n\t\t\t\t\t\t\t\t\t\t\t<div class=\"elementor-gallery-item__overlay\"><\/div>\n\t\t\t\t\t\t\t\t\t\t\t\t\t\t<\/a>\n\t\t\t\t\t\t\t<a class=\"e-gallery-item elementor-gallery-item elementor-animated-content\" href=\"https:\/\/www.terciariascapuchinas.org\/fr\/wp-content\/uploads\/2020\/12\/42.-Past.-de-la-Salud.jpg\" data-elementor-open-lightbox=\"yes\" data-elementor-lightbox-slideshow=\"all-b449c96\" data-elementor-lightbox-title=\"Sant\u00e9\" e-action-hash=\"#elementor-action%3Aaction%3Dlightbox%26settings%3DeyJpZCI6NDA2OCwidXJsIjoiaHR0cHM6XC9cL3d3dy50ZXJjaWFyaWFzY2FwdWNoaW5hcy5vcmdcL2ZyXC93cC1jb250ZW50XC91cGxvYWRzXC8yMDIwXC8xMlwvNDIuLVBhc3QuLWRlLWxhLVNhbHVkLmpwZyIsInNsaWRlc2hvdyI6ImFsbC1iNDQ5Yzk2In0%3D\">\n\t\t\t\t\t<div class=\"e-gallery-image elementor-gallery-item__image\" data-thumbnail=\"https:\/\/www.terciariascapuchinas.org\/fr\/wp-content\/uploads\/2020\/12\/42.-Past.-de-la-Salud.jpg\" data-width=\"562\" data-height=\"1000\" alt=\"\" ><\/div>\n\t\t\t\t\t\t\t\t\t\t\t<div class=\"elementor-gallery-item__overlay\"><\/div>\n\t\t\t\t\t\t\t\t\t\t\t\t\t\t<\/a>\n\t\t\t\t\t\t\t<a class=\"e-gallery-item elementor-gallery-item elementor-animated-content\" href=\"https:\/\/www.terciariascapuchinas.org\/fr\/wp-content\/uploads\/2020\/12\/41.-Past.-de-la-salud-Titay-1.jpg\" data-elementor-open-lightbox=\"yes\" data-elementor-lightbox-slideshow=\"all-b449c96\" data-elementor-lightbox-title=\"Sant\u00e9\" e-action-hash=\"#elementor-action%3Aaction%3Dlightbox%26settings%3DeyJpZCI6NDA3NywidXJsIjoiaHR0cHM6XC9cL3d3dy50ZXJjaWFyaWFzY2FwdWNoaW5hcy5vcmdcL2ZyXC93cC1jb250ZW50XC91cGxvYWRzXC8yMDIwXC8xMlwvNDEuLVBhc3QuLWRlLWxhLXNhbHVkLVRpdGF5LTEuanBnIiwic2xpZGVzaG93IjoiYWxsLWI0NDljOTYifQ%3D%3D\">\n\t\t\t\t\t<div class=\"e-gallery-image elementor-gallery-item__image\" data-thumbnail=\"https:\/\/www.terciariascapuchinas.org\/fr\/wp-content\/uploads\/2020\/12\/41.-Past.-de-la-salud-Titay-1-768x576.jpg\" data-width=\"580\" data-height=\"435\" alt=\"\" ><\/div>\n\t\t\t\t\t\t\t\t\t\t\t<div class=\"elementor-gallery-item__overlay\"><\/div>\n\t\t\t\t\t\t\t\t\t\t\t\t\t\t<\/a>\n\t\t\t\t\t\t\t<a class=\"e-gallery-item elementor-gallery-item elementor-animated-content\" href=\"https:\/\/www.terciariascapuchinas.org\/fr\/wp-content\/uploads\/2020\/12\/43.-Past.-de-Salud-Kansenia-1.jpg\" data-elementor-open-lightbox=\"yes\" data-elementor-lightbox-slideshow=\"all-b449c96\" data-elementor-lightbox-title=\"Sant\u00e9\" e-action-hash=\"#elementor-action%3Aaction%3Dlightbox%26settings%3DeyJpZCI6NDA3OCwidXJsIjoiaHR0cHM6XC9cL3d3dy50ZXJjaWFyaWFzY2FwdWNoaW5hcy5vcmdcL2ZyXC93cC1jb250ZW50XC91cGxvYWRzXC8yMDIwXC8xMlwvNDMuLVBhc3QuLWRlLVNhbHVkLUthbnNlbmlhLTEuanBnIiwic2xpZGVzaG93IjoiYWxsLWI0NDljOTYifQ%3D%3D\">\n\t\t\t\t\t<div class=\"e-gallery-image elementor-gallery-item__image\" data-thumbnail=\"https:\/\/www.terciariascapuchinas.org\/fr\/wp-content\/uploads\/2020\/12\/43.-Past.-de-Salud-Kansenia-1-768x576.jpg\" data-width=\"580\" data-height=\"435\" alt=\"\" ><\/div>\n\t\t\t\t\t\t\t\t\t\t\t<div class=\"elementor-gallery-item__overlay\"><\/div>\n\t\t\t\t\t\t\t\t\t\t\t\t\t\t<\/a>\n\t\t\t\t\t<\/div>\n\t\t\t<\/div>\n\t\t\t\t<\/div>\n\t\t\t\t\t\t<\/div>\n\t\t\t\t\t<\/div>\n\t\t<\/div>\n\t\t\t\t\t\t\t\t<\/div>\n\t\t\t\t\t<\/div>\n\t\t<\/section>\n\t\t\t\t\t\t\t\t\t<\/div>\n\t\t\t<\/div>\n\t\t\t\t\t<\/div>\n\t\t","protected":false},"excerpt":{"rendered":"<p>Sant\u00e9 Le domaine de la sant\u00e9 fut le premier milieu de notre activit\u00e9 au service des n\u00e9cessiteux. Depuis lors, et selon les besoins de temps et de lieux, nous sommes pr\u00e9sentes dans les h\u00f4pitaux, maisons de repos, centres nutritionnels pour enfants et centres de sant\u00e9. Avec la certitude que le Christ est pr\u00e9sent dans chaque [&hellip;]<\/p>\n","protected":false},"author":1,"featured_media":0,"parent":69,"menu_order":0,"comment_status":"closed","ping_status":"closed","template":"elementor_header_footer","meta":[],"_links":{"self":[{"href":"https:\/\/www.terciariascapuchinas.org\/fr\/wp-json\/wp\/v2\/pages\/77"}],"collection":[{"href":"https:\/\/www.terciariascapuchinas.org\/fr\/wp-json\/wp\/v2\/pages"}],"about":[{"href":"https:\/\/www.terciariascapuchinas.org\/fr\/wp-json\/wp\/v2\/types\/page"}],"author":[{"embeddable":true,"href":"https:\/\/www.terciariascapuchinas.org\/fr\/wp-json\/wp\/v2\/users\/1"}],"replies":[{"embeddable":true,"href":"https:\/\/www.terciariascapuchinas.org\/fr\/wp-json\/wp\/v2\/comments?post=77"}],"version-history":[{"count":24,"href":"https:\/\/www.terciariascapuchinas.org\/fr\/wp-json\/wp\/v2\/pages\/77\/revisions"}],"predecessor-version":[{"id":4660,"href":"https:\/\/www.terciariascapuchinas.org\/fr\/wp-json\/wp\/v2\/pages\/77\/revisions\/4660"}],"up":[{"embeddable":true,"href":"https:\/\/www.terciariascapuchinas.org\/fr\/wp-json\/wp\/v2\/pages\/69"}],"wp:attachment":[{"href":"https:\/\/www.terciariascapuchinas.org\/fr\/wp-json\/wp\/v2\/media?parent=77"}],"curies":[{"name":"wp","href":"https:\/\/api.w.org\/{rel}","templated":true}]}}