{"id":94,"date":"2020-05-04T13:03:47","date_gmt":"2020-05-04T13:03:47","guid":{"rendered":"http:\/\/florastrosytarot.com\/terciarias\/?page_id=94"},"modified":"2021-01-10T15:02:31","modified_gmt":"2021-01-10T15:02:31","slug":"pastoral-juvenil-y-vocacional","status":"publish","type":"page","link":"https:\/\/www.terciariascapuchinas.org\/fr\/formacion\/pastoral-juvenil-y-vocacional\/","title":{"rendered":"Pastoral Juvenil y Vocacional"},"content":{"rendered":"\t\t<div data-elementor-type=\"wp-page\" data-elementor-id=\"94\" class=\"elementor elementor-94\">\n\t\t\t\t\t\t<div class=\"elementor-inner\">\n\t\t\t\t<div class=\"elementor-section-wrap\">\n\t\t\t\t\t\t\t\t\t<section class=\"elementor-section elementor-top-section elementor-element elementor-element-cc3bdc6 elementor-section-boxed elementor-section-height-default elementor-section-height-default\" data-id=\"cc3bdc6\" data-element_type=\"section\" data-settings=\"{&quot;background_background&quot;:&quot;classic&quot;}\">\n\t\t\t\t\t\t<div class=\"elementor-container elementor-column-gap-default\">\n\t\t\t\t\t\t\t<div class=\"elementor-row\">\n\t\t\t\t\t<div class=\"elementor-column elementor-col-100 elementor-top-column elementor-element elementor-element-9733888\" data-id=\"9733888\" data-element_type=\"column\">\n\t\t\t<div class=\"elementor-column-wrap elementor-element-populated\">\n\t\t\t\t\t\t\t<div class=\"elementor-widget-wrap\">\n\t\t\t\t\t\t<div class=\"elementor-element elementor-element-005296b elementor-align-left elementor-icon-list--layout-traditional elementor-list-item-link-full_width elementor-widget elementor-widget-icon-list\" data-id=\"005296b\" data-element_type=\"widget\" data-widget_type=\"icon-list.default\">\n\t\t\t\t<div class=\"elementor-widget-container\">\n\t\t\t\t\t<ul class=\"elementor-icon-list-items\">\n\t\t\t\t\t\t\t<li class=\"elementor-icon-list-item\">\n\t\t\t\t\t\t\t\t\t\t\t<span class=\"elementor-icon-list-icon\">\n\t\t\t\t\t\t\t<i aria-hidden=\"true\" class=\"fas fa-female\"><\/i>\t\t\t\t\t\t<\/span>\n\t\t\t\t\t\t\t\t\t\t<span class=\"elementor-icon-list-text\">Pastorale Vocationnelle  <\/span>\n\t\t\t\t\t\t\t\t\t<\/li>\n\t\t\t\t\t\t<\/ul>\n\t\t\t\t<\/div>\n\t\t\t\t<\/div>\n\t\t\t\t<section class=\"elementor-section elementor-inner-section elementor-element elementor-element-e704cef elementor-section-boxed elementor-section-height-default elementor-section-height-default\" data-id=\"e704cef\" data-element_type=\"section\">\n\t\t\t\t\t\t<div class=\"elementor-container elementor-column-gap-default\">\n\t\t\t\t\t\t\t<div class=\"elementor-row\">\n\t\t\t\t\t<div class=\"elementor-column elementor-col-100 elementor-inner-column elementor-element elementor-element-2dcf6ca\" data-id=\"2dcf6ca\" data-element_type=\"column\">\n\t\t\t<div class=\"elementor-column-wrap elementor-element-populated\">\n\t\t\t\t\t\t\t<div class=\"elementor-widget-wrap\">\n\t\t\t\t\t\t<div class=\"elementor-element elementor-element-fa6eee6 elementor-widget elementor-widget-heading\" data-id=\"fa6eee6\" data-element_type=\"widget\" data-widget_type=\"heading.default\">\n\t\t\t\t<div class=\"elementor-widget-container\">\n\t\t\t<h2 class=\"elementor-heading-title elementor-size-default\">Persuad\u00e9es que notre vocation de femmes consacr\u00e9es comme Tertiaires Capucines de la Sainte Famille est un grand et merveilleux don que Dieu nous a donn\u00e9 et que l\u2019accompagnement des jeunes fait partie de notre mission, nous veillons \u00e0 faire de la pastorale vocationnelle un espace de recherche et de rencontre avec les jeunes pour que, malgr\u00e9 les nombreuses propositions qui leur sont propos\u00e9es pour arriver \u00e0 leur autor\u00e9alisation, ils d\u00e9couvrent l\u2019appel de Dieu et puissent avoir la force d\u2019y r\u00e9pondre et trouver ainsi le vrai bonheur.<\/h2>\t\t<\/div>\n\t\t\t\t<\/div>\n\t\t\t\t\t\t<\/div>\n\t\t\t\t\t<\/div>\n\t\t<\/div>\n\t\t\t\t\t\t\t\t<\/div>\n\t\t\t\t\t<\/div>\n\t\t<\/section>\n\t\t\t\t<div class=\"elementor-element elementor-element-b05bb4b elementor-widget elementor-widget-spacer\" data-id=\"b05bb4b\" data-element_type=\"widget\" data-widget_type=\"spacer.default\">\n\t\t\t\t<div class=\"elementor-widget-container\">\n\t\t\t\t\t<div class=\"elementor-spacer\">\n\t\t\t<div class=\"elementor-spacer-inner\"><\/div>\n\t\t<\/div>\n\t\t\t\t<\/div>\n\t\t\t\t<\/div>\n\t\t\t\t<section class=\"elementor-section elementor-inner-section elementor-element elementor-element-f6758a8 elementor-section-boxed elementor-section-height-default elementor-section-height-default\" data-id=\"f6758a8\" data-element_type=\"section\">\n\t\t\t\t\t\t<div class=\"elementor-container elementor-column-gap-default\">\n\t\t\t\t\t\t\t<div class=\"elementor-row\">\n\t\t\t\t\t<div class=\"elementor-column elementor-col-100 elementor-inner-column elementor-element elementor-element-69805c3\" data-id=\"69805c3\" data-element_type=\"column\">\n\t\t\t<div class=\"elementor-column-wrap elementor-element-populated\">\n\t\t\t\t\t\t\t<div class=\"elementor-widget-wrap\">\n\t\t\t\t\t\t<div class=\"elementor-element elementor-element-3289629 elementor-widget elementor-widget-heading\" data-id=\"3289629\" data-element_type=\"widget\" data-widget_type=\"heading.default\">\n\t\t\t\t<div class=\"elementor-widget-container\">\n\t\t\t<h2 class=\"elementor-heading-title elementor-size-default\">Le chemin de la Pastorale vocationnelle est un itin\u00e9raire de rapprochement \u00e0 J\u00e9sus et de rencontre avec Lui \u00e0 travers sa Parole, la pri\u00e8re et les pauvres qui nous r\u00e9v\u00e8lent son visage et qui sont nos destinataires. Tout au long de leur cheminement nous proposons aux jeunes de vivre des exp\u00e9riences dans nos communaut\u00e9s pour qu\u2019ils puissent mieux conna\u00eetre notre forme de vie et ne cheminent pas seuls mais accompagn\u00e9s de s\u0153urs enthousiasm\u00e9es et heureuses pour ce qu\u2019elles sont.<\/h2>\t\t<\/div>\n\t\t\t\t<\/div>\n\t\t\t\t<div class=\"elementor-element elementor-element-b81c3bf elementor-widget elementor-widget-gallery\" data-id=\"b81c3bf\" data-element_type=\"widget\" data-settings=\"{&quot;columns&quot;:3,&quot;lazyload&quot;:&quot;yes&quot;,&quot;gallery_layout&quot;:&quot;grid&quot;,&quot;columns_tablet&quot;:2,&quot;columns_mobile&quot;:1,&quot;gap&quot;:{&quot;unit&quot;:&quot;px&quot;,&quot;size&quot;:10,&quot;sizes&quot;:[]},&quot;gap_tablet&quot;:{&quot;unit&quot;:&quot;px&quot;,&quot;size&quot;:10,&quot;sizes&quot;:[]},&quot;gap_mobile&quot;:{&quot;unit&quot;:&quot;px&quot;,&quot;size&quot;:10,&quot;sizes&quot;:[]},&quot;link_to&quot;:&quot;file&quot;,&quot;aspect_ratio&quot;:&quot;3:2&quot;,&quot;overlay_background&quot;:&quot;yes&quot;,&quot;content_hover_animation&quot;:&quot;fade-in&quot;}\" data-widget_type=\"gallery.default\">\n\t\t\t\t<div class=\"elementor-widget-container\">\n\t\t\t\t\t<div class=\"elementor-gallery__container\">\n\t\t\t\t\t\t\t<a class=\"e-gallery-item elementor-gallery-item elementor-animated-content\" href=\"https:\/\/www.terciariascapuchinas.org\/fr\/wp-content\/uploads\/2020\/12\/76.-Pastoral-juvenil-interprovincial.jpg\" data-elementor-open-lightbox=\"yes\" data-elementor-lightbox-slideshow=\"all-b81c3bf\" data-elementor-lightbox-title=\"Pastorale Vocationnelle\" e-action-hash=\"#elementor-action%3Aaction%3Dlightbox%26settings%3DeyJpZCI6NDE1NiwidXJsIjoiaHR0cHM6XC9cL3d3dy50ZXJjaWFyaWFzY2FwdWNoaW5hcy5vcmdcL2ZyXC93cC1jb250ZW50XC91cGxvYWRzXC8yMDIwXC8xMlwvNzYuLVBhc3RvcmFsLWp1dmVuaWwtaW50ZXJwcm92aW5jaWFsLmpwZyIsInNsaWRlc2hvdyI6ImFsbC1iODFjM2JmIn0%3D\">\n\t\t\t\t\t<div class=\"e-gallery-image elementor-gallery-item__image\" data-thumbnail=\"https:\/\/www.terciariascapuchinas.org\/fr\/wp-content\/uploads\/2020\/12\/76.-Pastoral-juvenil-interprovincial.jpg\" data-width=\"580\" data-height=\"435\" alt=\"\" ><\/div>\n\t\t\t\t\t\t\t\t\t\t\t<div class=\"elementor-gallery-item__overlay\"><\/div>\n\t\t\t\t\t\t\t\t\t\t\t\t\t\t<\/a>\n\t\t\t\t\t\t\t<a class=\"e-gallery-item elementor-gallery-item elementor-animated-content\" href=\"https:\/\/www.terciariascapuchinas.org\/fr\/wp-content\/uploads\/2020\/12\/77.-Pastoral-Juvenil.jpg\" data-elementor-open-lightbox=\"yes\" data-elementor-lightbox-slideshow=\"all-b81c3bf\" data-elementor-lightbox-title=\"Pastorale Vocationnelle\" e-action-hash=\"#elementor-action%3Aaction%3Dlightbox%26settings%3DeyJpZCI6NDE1NywidXJsIjoiaHR0cHM6XC9cL3d3dy50ZXJjaWFyaWFzY2FwdWNoaW5hcy5vcmdcL2ZyXC93cC1jb250ZW50XC91cGxvYWRzXC8yMDIwXC8xMlwvNzcuLVBhc3RvcmFsLUp1dmVuaWwuanBnIiwic2xpZGVzaG93IjoiYWxsLWI4MWMzYmYifQ%3D%3D\">\n\t\t\t\t\t<div class=\"e-gallery-image elementor-gallery-item__image\" data-thumbnail=\"https:\/\/www.terciariascapuchinas.org\/fr\/wp-content\/uploads\/2020\/12\/77.-Pastoral-Juvenil-1024x768.jpg\" data-width=\"580\" data-height=\"435\" alt=\"\" ><\/div>\n\t\t\t\t\t\t\t\t\t\t\t<div class=\"elementor-gallery-item__overlay\"><\/div>\n\t\t\t\t\t\t\t\t\t\t\t\t\t\t<\/a>\n\t\t\t\t\t\t\t<a class=\"e-gallery-item elementor-gallery-item elementor-animated-content\" href=\"https:\/\/www.terciariascapuchinas.org\/fr\/wp-content\/uploads\/2020\/12\/79.-pastoral-juvenil-vocacional-Reflexio\u0301n-y-discernimiento.jpg\" data-elementor-open-lightbox=\"yes\" data-elementor-lightbox-slideshow=\"all-b81c3bf\" data-elementor-lightbox-title=\"Pastorale Vocationnelle\" e-action-hash=\"#elementor-action%3Aaction%3Dlightbox%26settings%3DeyJpZCI6NDE2MCwidXJsIjoiaHR0cHM6XC9cL3d3dy50ZXJjaWFyaWFzY2FwdWNoaW5hcy5vcmdcL2ZyXC93cC1jb250ZW50XC91cGxvYWRzXC8yMDIwXC8xMlwvNzkuLXBhc3RvcmFsLWp1dmVuaWwtdm9jYWNpb25hbC1SZWZsZXhpb1x1MDMwMW4teS1kaXNjZXJuaW1pZW50by5qcGciLCJzbGlkZXNob3ciOiJhbGwtYjgxYzNiZiJ9\">\n\t\t\t\t\t<div class=\"e-gallery-image elementor-gallery-item__image\" data-thumbnail=\"https:\/\/www.terciariascapuchinas.org\/fr\/wp-content\/uploads\/2020\/12\/79.-pastoral-juvenil-vocacional-Reflexio\u0301n-y-discernimiento-768x1024.jpg\" data-width=\"580\" data-height=\"773\" alt=\"\" ><\/div>\n\t\t\t\t\t\t\t\t\t\t\t<div class=\"elementor-gallery-item__overlay\"><\/div>\n\t\t\t\t\t\t\t\t\t\t\t\t\t\t<\/a>\n\t\t\t\t\t\t\t<a class=\"e-gallery-item elementor-gallery-item elementor-animated-content\" href=\"https:\/\/www.terciariascapuchinas.org\/fr\/wp-content\/uploads\/2020\/12\/80.-Pastoral-juvenil-vocacional-Colombia.jpg\" data-elementor-open-lightbox=\"yes\" data-elementor-lightbox-slideshow=\"all-b81c3bf\" data-elementor-lightbox-title=\"Pastorale Vocationnelle\" e-action-hash=\"#elementor-action%3Aaction%3Dlightbox%26settings%3DeyJpZCI6NDE2MSwidXJsIjoiaHR0cHM6XC9cL3d3dy50ZXJjaWFyaWFzY2FwdWNoaW5hcy5vcmdcL2ZyXC93cC1jb250ZW50XC91cGxvYWRzXC8yMDIwXC8xMlwvODAuLVBhc3RvcmFsLWp1dmVuaWwtdm9jYWNpb25hbC1Db2xvbWJpYS5qcGciLCJzbGlkZXNob3ciOiJhbGwtYjgxYzNiZiJ9\">\n\t\t\t\t\t<div class=\"e-gallery-image elementor-gallery-item__image\" data-thumbnail=\"https:\/\/www.terciariascapuchinas.org\/fr\/wp-content\/uploads\/2020\/12\/80.-Pastoral-juvenil-vocacional-Colombia.jpg\" data-width=\"580\" data-height=\"326\" alt=\"\" ><\/div>\n\t\t\t\t\t\t\t\t\t\t\t<div class=\"elementor-gallery-item__overlay\"><\/div>\n\t\t\t\t\t\t\t\t\t\t\t\t\t\t<\/a>\n\t\t\t\t\t\t\t<a class=\"e-gallery-item elementor-gallery-item elementor-animated-content\" href=\"https:\/\/www.terciariascapuchinas.org\/fr\/wp-content\/uploads\/2020\/12\/81.-Pastoral-Juvenil-recreacio\u0301n.jpg\" data-elementor-open-lightbox=\"yes\" data-elementor-lightbox-slideshow=\"all-b81c3bf\" data-elementor-lightbox-title=\"Pastorale Vocationnelle\" e-action-hash=\"#elementor-action%3Aaction%3Dlightbox%26settings%3DeyJpZCI6NDE2MiwidXJsIjoiaHR0cHM6XC9cL3d3dy50ZXJjaWFyaWFzY2FwdWNoaW5hcy5vcmdcL2ZyXC93cC1jb250ZW50XC91cGxvYWRzXC8yMDIwXC8xMlwvODEuLVBhc3RvcmFsLUp1dmVuaWwtcmVjcmVhY2lvXHUwMzAxbi5qcGciLCJzbGlkZXNob3ciOiJhbGwtYjgxYzNiZiJ9\">\n\t\t\t\t\t<div class=\"e-gallery-image elementor-gallery-item__image\" data-thumbnail=\"https:\/\/www.terciariascapuchinas.org\/fr\/wp-content\/uploads\/2020\/12\/81.-Pastoral-Juvenil-recreacio\u0301n.jpg\" data-width=\"580\" data-height=\"326\" alt=\"\" ><\/div>\n\t\t\t\t\t\t\t\t\t\t\t<div class=\"elementor-gallery-item__overlay\"><\/div>\n\t\t\t\t\t\t\t\t\t\t\t\t\t\t<\/a>\n\t\t\t\t\t\t\t<a class=\"e-gallery-item elementor-gallery-item elementor-animated-content\" href=\"https:\/\/www.terciariascapuchinas.org\/fr\/wp-content\/uploads\/2020\/12\/82.-Pastoral-juvenil-encuentro.jpg\" data-elementor-open-lightbox=\"yes\" data-elementor-lightbox-slideshow=\"all-b81c3bf\" data-elementor-lightbox-title=\"Pastorale Vocationnelle\" e-action-hash=\"#elementor-action%3Aaction%3Dlightbox%26settings%3DeyJpZCI6NDE2MywidXJsIjoiaHR0cHM6XC9cL3d3dy50ZXJjaWFyaWFzY2FwdWNoaW5hcy5vcmdcL2ZyXC93cC1jb250ZW50XC91cGxvYWRzXC8yMDIwXC8xMlwvODIuLVBhc3RvcmFsLWp1dmVuaWwtZW5jdWVudHJvLmpwZyIsInNsaWRlc2hvdyI6ImFsbC1iODFjM2JmIn0%3D\">\n\t\t\t\t\t<div class=\"e-gallery-image elementor-gallery-item__image\" data-thumbnail=\"https:\/\/www.terciariascapuchinas.org\/fr\/wp-content\/uploads\/2020\/12\/82.-Pastoral-juvenil-encuentro.jpg\" data-width=\"580\" data-height=\"326\" alt=\"\" ><\/div>\n\t\t\t\t\t\t\t\t\t\t\t<div class=\"elementor-gallery-item__overlay\"><\/div>\n\t\t\t\t\t\t\t\t\t\t\t\t\t\t<\/a>\n\t\t\t\t\t\t\t<a class=\"e-gallery-item elementor-gallery-item elementor-animated-content\" href=\"https:\/\/www.terciariascapuchinas.org\/fr\/wp-content\/uploads\/2020\/12\/84.-Pastoral-juvenil-con-los-Terciarios-Capuchinos.jpg\" data-elementor-open-lightbox=\"yes\" data-elementor-lightbox-slideshow=\"all-b81c3bf\" data-elementor-lightbox-title=\"Pastorale Vocationnelle\" e-action-hash=\"#elementor-action%3Aaction%3Dlightbox%26settings%3DeyJpZCI6NDE2NSwidXJsIjoiaHR0cHM6XC9cL3d3dy50ZXJjaWFyaWFzY2FwdWNoaW5hcy5vcmdcL2ZyXC93cC1jb250ZW50XC91cGxvYWRzXC8yMDIwXC8xMlwvODQuLVBhc3RvcmFsLWp1dmVuaWwtY29uLWxvcy1UZXJjaWFyaW9zLUNhcHVjaGlub3MuanBnIiwic2xpZGVzaG93IjoiYWxsLWI4MWMzYmYifQ%3D%3D\">\n\t\t\t\t\t<div class=\"e-gallery-image elementor-gallery-item__image\" data-thumbnail=\"https:\/\/www.terciariascapuchinas.org\/fr\/wp-content\/uploads\/2020\/12\/84.-Pastoral-juvenil-con-los-Terciarios-Capuchinos-1024x473.jpg\" data-width=\"580\" data-height=\"268\" alt=\"\" ><\/div>\n\t\t\t\t\t\t\t\t\t\t\t<div class=\"elementor-gallery-item__overlay\"><\/div>\n\t\t\t\t\t\t\t\t\t\t\t\t\t\t<\/a>\n\t\t\t\t\t\t\t<a class=\"e-gallery-item elementor-gallery-item elementor-animated-content\" href=\"https:\/\/www.terciariascapuchinas.org\/fr\/wp-content\/uploads\/2020\/12\/85.-Pastoral-vocacional-Costa-Rica.jpg\" data-elementor-open-lightbox=\"yes\" data-elementor-lightbox-slideshow=\"all-b81c3bf\" data-elementor-lightbox-title=\"Pastorale Vocationnelle\" e-action-hash=\"#elementor-action%3Aaction%3Dlightbox%26settings%3DeyJpZCI6NDE2NiwidXJsIjoiaHR0cHM6XC9cL3d3dy50ZXJjaWFyaWFzY2FwdWNoaW5hcy5vcmdcL2ZyXC93cC1jb250ZW50XC91cGxvYWRzXC8yMDIwXC8xMlwvODUuLVBhc3RvcmFsLXZvY2FjaW9uYWwtQ29zdGEtUmljYS5qcGciLCJzbGlkZXNob3ciOiJhbGwtYjgxYzNiZiJ9\">\n\t\t\t\t\t<div class=\"e-gallery-image elementor-gallery-item__image\" data-thumbnail=\"https:\/\/www.terciariascapuchinas.org\/fr\/wp-content\/uploads\/2020\/12\/85.-Pastoral-vocacional-Costa-Rica.jpg\" data-width=\"580\" data-height=\"486\" alt=\"\" ><\/div>\n\t\t\t\t\t\t\t\t\t\t\t<div class=\"elementor-gallery-item__overlay\"><\/div>\n\t\t\t\t\t\t\t\t\t\t\t\t\t\t<\/a>\n\t\t\t\t\t\t\t<a class=\"e-gallery-item elementor-gallery-item elementor-animated-content\" href=\"https:\/\/www.terciariascapuchinas.org\/fr\/wp-content\/uploads\/2020\/12\/78.-Pastoral-juvenil-1.jpg\" data-elementor-open-lightbox=\"yes\" data-elementor-lightbox-slideshow=\"all-b81c3bf\" data-elementor-lightbox-title=\"Pastorale Vocationnelle\" e-action-hash=\"#elementor-action%3Aaction%3Dlightbox%26settings%3DeyJpZCI6NDE2OCwidXJsIjoiaHR0cHM6XC9cL3d3dy50ZXJjaWFyaWFzY2FwdWNoaW5hcy5vcmdcL2ZyXC93cC1jb250ZW50XC91cGxvYWRzXC8yMDIwXC8xMlwvNzguLVBhc3RvcmFsLWp1dmVuaWwtMS5qcGciLCJzbGlkZXNob3ciOiJhbGwtYjgxYzNiZiJ9\">\n\t\t\t\t\t<div class=\"e-gallery-image elementor-gallery-item__image\" data-thumbnail=\"https:\/\/www.terciariascapuchinas.org\/fr\/wp-content\/uploads\/2020\/12\/78.-Pastoral-juvenil-1-1024x768.jpg\" data-width=\"580\" data-height=\"435\" alt=\"\" ><\/div>\n\t\t\t\t\t\t\t\t\t\t\t<div class=\"elementor-gallery-item__overlay\"><\/div>\n\t\t\t\t\t\t\t\t\t\t\t\t\t\t<\/a>\n\t\t\t\t\t<\/div>\n\t\t\t<\/div>\n\t\t\t\t<\/div>\n\t\t\t\t<div class=\"elementor-element elementor-element-0865fce elementor-widget elementor-widget-heading\" data-id=\"0865fce\" data-element_type=\"widget\" data-widget_type=\"heading.default\">\n\t\t\t\t<div class=\"elementor-widget-container\">\n\t\t\t<h2 class=\"elementor-heading-title elementor-size-default\">Pour en savoir plus, contacte-nou :  <b><i>secregen@terciariascapuchinas.org<\/i><\/b><\/h2>\t\t<\/div>\n\t\t\t\t<\/div>\n\t\t\t\t\t\t<\/div>\n\t\t\t\t\t<\/div>\n\t\t<\/div>\n\t\t\t\t\t\t\t\t<\/div>\n\t\t\t\t\t<\/div>\n\t\t<\/section>\n\t\t\t\t\t\t<\/div>\n\t\t\t\t\t<\/div>\n\t\t<\/div>\n\t\t\t\t\t\t\t\t<\/div>\n\t\t\t\t\t<\/div>\n\t\t<\/section>\n\t\t\t\t\t\t\t\t\t<\/div>\n\t\t\t<\/div>\n\t\t\t\t\t<\/div>\n\t\t","protected":false},"excerpt":{"rendered":"<p>Pastorale Vocationnelle Persuad\u00e9es que notre vocation de femmes consacr\u00e9es comme Tertiaires Capucines de la Sainte Famille est un grand et merveilleux don que Dieu nous a donn\u00e9 et que l\u2019accompagnement des jeunes fait partie de notre mission, nous veillons \u00e0 faire de la pastorale vocationnelle un espace de recherche et de rencontre avec les jeunes [&hellip;]<\/p>\n","protected":false},"author":1,"featured_media":0,"parent":81,"menu_order":0,"comment_status":"closed","ping_status":"closed","template":"elementor_header_footer","meta":[],"_links":{"self":[{"href":"https:\/\/www.terciariascapuchinas.org\/fr\/wp-json\/wp\/v2\/pages\/94"}],"collection":[{"href":"https:\/\/www.terciariascapuchinas.org\/fr\/wp-json\/wp\/v2\/pages"}],"about":[{"href":"https:\/\/www.terciariascapuchinas.org\/fr\/wp-json\/wp\/v2\/types\/page"}],"author":[{"embeddable":true,"href":"https:\/\/www.terciariascapuchinas.org\/fr\/wp-json\/wp\/v2\/users\/1"}],"replies":[{"embeddable":true,"href":"https:\/\/www.terciariascapuchinas.org\/fr\/wp-json\/wp\/v2\/comments?post=94"}],"version-history":[{"count":24,"href":"https:\/\/www.terciariascapuchinas.org\/fr\/wp-json\/wp\/v2\/pages\/94\/revisions"}],"predecessor-version":[{"id":4673,"href":"https:\/\/www.terciariascapuchinas.org\/fr\/wp-json\/wp\/v2\/pages\/94\/revisions\/4673"}],"up":[{"embeddable":true,"href":"https:\/\/www.terciariascapuchinas.org\/fr\/wp-json\/wp\/v2\/pages\/81"}],"wp:attachment":[{"href":"https:\/\/www.terciariascapuchinas.org\/fr\/wp-json\/wp\/v2\/media?parent=94"}],"curies":[{"name":"wp","href":"https:\/\/api.w.org\/{rel}","templated":true}]}}