{"id":950,"date":"2020-05-30T17:52:45","date_gmt":"2020-05-30T17:52:45","guid":{"rendered":"http:\/\/www.terciariascapuchinas.es\/\/?page_id=950"},"modified":"2020-12-31T14:38:31","modified_gmt":"2020-12-31T14:38:31","slug":"san-francisco","status":"publish","type":"page","link":"https:\/\/www.terciariascapuchinas.org\/fr\/quienes-somos\/carisma-y-espiritualidad\/san-francisco\/","title":{"rendered":"San Francisco"},"content":{"rendered":"\t\t<div data-elementor-type=\"wp-page\" data-elementor-id=\"950\" class=\"elementor elementor-950\">\n\t\t\t\t\t\t<div class=\"elementor-inner\">\n\t\t\t\t<div class=\"elementor-section-wrap\">\n\t\t\t\t\t\t\t\t\t<section class=\"elementor-section elementor-top-section elementor-element elementor-element-3d4fb2d elementor-section-boxed elementor-section-height-default elementor-section-height-default\" data-id=\"3d4fb2d\" data-element_type=\"section\" data-settings=\"{&quot;background_background&quot;:&quot;classic&quot;}\">\n\t\t\t\t\t\t<div class=\"elementor-container elementor-column-gap-default\">\n\t\t\t\t\t\t\t<div class=\"elementor-row\">\n\t\t\t\t\t<div class=\"elementor-column elementor-col-100 elementor-top-column elementor-element elementor-element-e5b8464\" data-id=\"e5b8464\" data-element_type=\"column\">\n\t\t\t<div class=\"elementor-column-wrap elementor-element-populated\">\n\t\t\t\t\t\t\t<div class=\"elementor-widget-wrap\">\n\t\t\t\t\t\t<div class=\"elementor-element elementor-element-7205ab5 elementor-align-left elementor-icon-list--layout-traditional elementor-list-item-link-full_width elementor-widget elementor-widget-icon-list\" data-id=\"7205ab5\" data-element_type=\"widget\" data-widget_type=\"icon-list.default\">\n\t\t\t\t<div class=\"elementor-widget-container\">\n\t\t\t\t\t<ul class=\"elementor-icon-list-items\">\n\t\t\t\t\t\t\t<li class=\"elementor-icon-list-item\">\n\t\t\t\t\t\t\t\t\t\t\t<span class=\"elementor-icon-list-icon\">\n\t\t\t\t\t\t\t<i aria-hidden=\"true\" class=\"fas fa-child\"><\/i>\t\t\t\t\t\t<\/span>\n\t\t\t\t\t\t\t\t\t\t<span class=\"elementor-icon-list-text\"><span style=\"letter-spacing: -0.27px; background-color: rgb(245, 239, 224);\">Fran\u00e7ois  d\u2019Assise  et certains traits de sa spiritualit\u00e9<\/span><\/span>\n\t\t\t\t\t\t\t\t\t<\/li>\n\t\t\t\t\t\t<\/ul>\n\t\t\t\t<\/div>\n\t\t\t\t<\/div>\n\t\t\t\t<div class=\"elementor-element elementor-element-ee1dcbf elementor-widget elementor-widget-text-editor\" data-id=\"ee1dcbf\" data-element_type=\"widget\" data-widget_type=\"text-editor.default\">\n\t\t\t\t<div class=\"elementor-widget-container\">\n\t\t\t\t\t\t\t\t<div class=\"elementor-text-editor elementor-clearfix\">\n\t\t\t\t<p><img loading=\"lazy\" class=\"alignleft wp-image-3956\" src=\"https:\/\/www.terciariascapuchinas.es\/wp-content\/uploads\/2020\/12\/San-Francisco-Cimabue-1-765x1024.jpg\" alt=\"\" width=\"390\" height=\"522\" srcset=\"https:\/\/www.terciariascapuchinas.org\/fr\/wp-content\/uploads\/2020\/12\/San-Francisco-Cimabue-1-765x1024.jpg 765w, https:\/\/www.terciariascapuchinas.org\/fr\/wp-content\/uploads\/2020\/12\/San-Francisco-Cimabue-1-224x300.jpg 224w, https:\/\/www.terciariascapuchinas.org\/fr\/wp-content\/uploads\/2020\/12\/San-Francisco-Cimabue-1-768x1028.jpg 768w, https:\/\/www.terciariascapuchinas.org\/fr\/wp-content\/uploads\/2020\/12\/San-Francisco-Cimabue-1.jpg 1059w\" sizes=\"(max-width: 390px) 100vw, 390px\" \/><\/p><p>Formant partie de la famille religieuse franciscaine et de plus capucine, Fran\u00e7ois d\u2019Assise (1181-1226) est l\u2019inspirateur de notre forme de vie. Cet homme qui, au beau milieu du Moyen \u00c2ge fit de l\u2019\u00c9vangile son unique r\u00e8gle de vie, lan\u00e7a au monde un nouveau message qui continue \u00e0 r\u00e9sonner \u00e0 chaque \u00e9poque de l\u2019histoire.<\/p><p>Fran\u00e7ois avait devant lui un avenir que beaucoup auraient souhait\u00e9 avoir, mais fascin\u00e9 par le Christ et son \u00c9vangile il d\u00e9cida de cheminer \u00e0 contre courant\u00a0: pendant que les autres r\u00eavaient\u00a0 de monter au plus haut de la pyramide sociale et devenir les plus \u00ab\u00a0grands\u00a0\u00bb, Fran\u00e7ois choisit de partager la vie des plus \u00ab\u00a0petits\u00a0\u00bb de la soci\u00e9t\u00e9 de son \u00e9poque et vivre avec eux la fraternit\u00e9. Alors que beaucoup parmi ses amis cherchaient \u00e0 s\u2019enrichir, il \u00e9pousa \u00ab\u00a0Dame Pauvret\u00e9\u00a0\u00bb \u00e0 l\u2019exemple du \u00ab\u00a0Christ et de sa pauvre M\u00e8re\u00a0\u00bb et au milieu d\u2019une ambiance de guerre, il souhaitait \u00e0 tous <em>paix et bien.<\/em> D\u00e9pouill\u00e9 de tout par amour du Christ, il se rev\u00eatit de la richesse de la foi, de la confiance dans la Providence, de l\u2019humilit\u00e9 et la simplicit\u00e9\u00a0; il se sentait fr\u00e8re de toutes les cr\u00e9atures et cela l\u2019amena \u00e0 vivre la joie parfaite de l\u2019\u00c9vangile. Sa communion avec le Seigneur fit de Fran\u00e7ois un homme contemplatif, capable de regarder le monde avec les yeux de Dieu et de s\u2019approcher des fr\u00e8res avec une attitude de mis\u00e9ricorde.<\/p><p>Ces quelques traits de la vie et l\u2019exp\u00e9rience spirituelle de Fran\u00e7ois d\u2019Assise qui ont \u00e9galement caract\u00e9ris\u00e9 celles de Claire, visage f\u00e9minin du franciscanisme, sont le fondement\u00a0 de notre vie de femmes consacr\u00e9es dont\u00a0 Dieu est le seul bien.<\/p>\t\t\t\t\t<\/div>\n\t\t\t\t\t\t<\/div>\n\t\t\t\t<\/div>\n\t\t\t\t\t\t<\/div>\n\t\t\t\t\t<\/div>\n\t\t<\/div>\n\t\t\t\t\t\t\t\t<\/div>\n\t\t\t\t\t<\/div>\n\t\t<\/section>\n\t\t\t\t\t\t\t\t\t<\/div>\n\t\t\t<\/div>\n\t\t\t\t\t<\/div>\n\t\t","protected":false},"excerpt":{"rendered":"<p>Fran\u00e7ois d\u2019Assise et certains traits de sa spiritualit\u00e9 Formant partie de la famille religieuse franciscaine et de plus capucine, Fran\u00e7ois d\u2019Assise (1181-1226) est l\u2019inspirateur de notre forme de vie. Cet homme qui, au beau milieu du Moyen \u00c2ge fit de l\u2019\u00c9vangile son unique r\u00e8gle de vie, lan\u00e7a au monde un nouveau message qui continue \u00e0 [&hellip;]<\/p>\n","protected":false},"author":1,"featured_media":0,"parent":29,"menu_order":0,"comment_status":"closed","ping_status":"closed","template":"elementor_header_footer","meta":[],"_links":{"self":[{"href":"https:\/\/www.terciariascapuchinas.org\/fr\/wp-json\/wp\/v2\/pages\/950"}],"collection":[{"href":"https:\/\/www.terciariascapuchinas.org\/fr\/wp-json\/wp\/v2\/pages"}],"about":[{"href":"https:\/\/www.terciariascapuchinas.org\/fr\/wp-json\/wp\/v2\/types\/page"}],"author":[{"embeddable":true,"href":"https:\/\/www.terciariascapuchinas.org\/fr\/wp-json\/wp\/v2\/users\/1"}],"replies":[{"embeddable":true,"href":"https:\/\/www.terciariascapuchinas.org\/fr\/wp-json\/wp\/v2\/comments?post=950"}],"version-history":[{"count":23,"href":"https:\/\/www.terciariascapuchinas.org\/fr\/wp-json\/wp\/v2\/pages\/950\/revisions"}],"predecessor-version":[{"id":4491,"href":"https:\/\/www.terciariascapuchinas.org\/fr\/wp-json\/wp\/v2\/pages\/950\/revisions\/4491"}],"up":[{"embeddable":true,"href":"https:\/\/www.terciariascapuchinas.org\/fr\/wp-json\/wp\/v2\/pages\/29"}],"wp:attachment":[{"href":"https:\/\/www.terciariascapuchinas.org\/fr\/wp-json\/wp\/v2\/media?parent=950"}],"curies":[{"name":"wp","href":"https:\/\/api.w.org\/{rel}","templated":true}]}}