{"id":98,"date":"2020-05-04T13:05:13","date_gmt":"2020-05-04T13:05:13","guid":{"rendered":"http:\/\/florastrosytarot.com\/terciarias\/?page_id=98"},"modified":"2021-01-10T15:01:12","modified_gmt":"2021-01-10T15:01:12","slug":"mla","status":"publish","type":"page","link":"https:\/\/www.terciariascapuchinas.org\/fr\/mla\/","title":{"rendered":"M.L.A"},"content":{"rendered":"\t\t<div data-elementor-type=\"wp-page\" data-elementor-id=\"98\" class=\"elementor elementor-98\">\n\t\t\t\t\t\t<div class=\"elementor-inner\">\n\t\t\t\t<div class=\"elementor-section-wrap\">\n\t\t\t\t\t\t\t\t\t<section class=\"elementor-section elementor-top-section elementor-element elementor-element-1b26692e elementor-section-boxed elementor-section-height-default elementor-section-height-default\" data-id=\"1b26692e\" data-element_type=\"section\" data-settings=\"{&quot;background_background&quot;:&quot;classic&quot;}\">\n\t\t\t\t\t\t<div class=\"elementor-container elementor-column-gap-default\">\n\t\t\t\t\t\t\t<div class=\"elementor-row\">\n\t\t\t\t\t<div class=\"elementor-column elementor-col-100 elementor-top-column elementor-element elementor-element-470e9ad5\" data-id=\"470e9ad5\" data-element_type=\"column\">\n\t\t\t<div class=\"elementor-column-wrap elementor-element-populated\">\n\t\t\t\t\t\t\t<div class=\"elementor-widget-wrap\">\n\t\t\t\t\t\t<div class=\"elementor-element elementor-element-2089c621 elementor-align-left elementor-icon-list--layout-traditional elementor-list-item-link-full_width elementor-widget elementor-widget-icon-list\" data-id=\"2089c621\" data-element_type=\"widget\" data-widget_type=\"icon-list.default\">\n\t\t\t\t<div class=\"elementor-widget-container\">\n\t\t\t\t\t<ul class=\"elementor-icon-list-items\">\n\t\t\t\t\t\t\t<li class=\"elementor-icon-list-item\">\n\t\t\t\t\t\t\t\t\t\t\t<span class=\"elementor-icon-list-icon\">\n\t\t\t\t\t\t\t<i aria-hidden=\"true\" class=\"fas fa-people-carry\"><\/i>\t\t\t\t\t\t<\/span>\n\t\t\t\t\t\t\t\t\t\t<span class=\"elementor-icon-list-text\">Mouvement La\u00efque Amigonien (MLA)<\/span>\n\t\t\t\t\t\t\t\t\t<\/li>\n\t\t\t\t\t\t<\/ul>\n\t\t\t\t<\/div>\n\t\t\t\t<\/div>\n\t\t\t\t<div class=\"elementor-element elementor-element-826611c elementor-widget elementor-widget-heading\" data-id=\"826611c\" data-element_type=\"widget\" data-widget_type=\"heading.default\">\n\t\t\t\t<div class=\"elementor-widget-container\">\n\t\t\t<h2 class=\"elementor-heading-title elementor-size-default\">Le MLA  est une association de fid\u00e8les qui veulent vivre le charisme du P\u00e8re Louis Amig\u00f3 dans leur \u00e9tat de vie la\u00efque ; c\u2019est une \u0153uvre propre \u00e0 la Congr\u00e9gation qui fait participer les la\u00efcs \u00e0 sa spiritualit\u00e9 et mission et leur propose un chemin de saintet\u00e9 (cf. CIVCSVA, D\u00e9cret d\u2019approbation MLA ; Const. 63 ; Dir. 52).<\/h2>\t\t<\/div>\n\t\t\t\t<\/div>\n\t\t\t\t<div class=\"elementor-element elementor-element-e582ce7 elementor-widget elementor-widget-heading\" data-id=\"e582ce7\" data-element_type=\"widget\" data-widget_type=\"heading.default\">\n\t\t\t\t<div class=\"elementor-widget-container\">\n\t\t\t<h2 class=\"elementor-heading-title elementor-size-default\">L\u2019institutionnalisation de ce mouvement, qui re\u00e7ut l\u2019approbation de l\u2019\u00c9glise en 2002, donne continuit\u00e9 au z\u00e8le apostolique avec lequel le P\u00e8re Louis Amig\u00f3 travailla avec le Tiers Ordre S\u00e9culier franciscain, mettant en valeur son apport pour la transformation de la soci\u00e9t\u00e9 selon les valeurs \u00e9vang\u00e9liques t\u00e9moign\u00e9es par la vie (cf. OCLA 1016 et 1024). Les s\u0153urs r\u00e9alisent l\u2019accompagnement des la\u00efcs et leur cheminement par une formation chr\u00e9tienne et charismatique et par le soutien de leur engagement en vue de pouvoir partager avec les familles, au travail et dans la soci\u00e9t\u00e9 civile, o\u00f9 nous ne pouvons pas toujours \u00eatre pr\u00e9sentes, les valeurs re\u00e7ues  \u00e0 travers le P\u00e8re Fondateur. Le MLA est structur\u00e9 en trois sections : La\u00efcs Adultes, Jeunesse Amigonienne (JUVAM) et  Enfants et Adolescents (Zagales) (cf. Dir. MLA 15).<\/h2>\t\t<\/div>\n\t\t\t\t<\/div>\n\t\t\t\t<div class=\"elementor-element elementor-element-a724b4d elementor-widget elementor-widget-gallery\" data-id=\"a724b4d\" data-element_type=\"widget\" data-settings=\"{&quot;columns&quot;:3,&quot;lazyload&quot;:&quot;yes&quot;,&quot;gallery_layout&quot;:&quot;grid&quot;,&quot;columns_tablet&quot;:2,&quot;columns_mobile&quot;:1,&quot;gap&quot;:{&quot;unit&quot;:&quot;px&quot;,&quot;size&quot;:10,&quot;sizes&quot;:[]},&quot;gap_tablet&quot;:{&quot;unit&quot;:&quot;px&quot;,&quot;size&quot;:10,&quot;sizes&quot;:[]},&quot;gap_mobile&quot;:{&quot;unit&quot;:&quot;px&quot;,&quot;size&quot;:10,&quot;sizes&quot;:[]},&quot;link_to&quot;:&quot;file&quot;,&quot;aspect_ratio&quot;:&quot;3:2&quot;,&quot;overlay_background&quot;:&quot;yes&quot;,&quot;content_hover_animation&quot;:&quot;fade-in&quot;}\" data-widget_type=\"gallery.default\">\n\t\t\t\t<div class=\"elementor-widget-container\">\n\t\t\t\t\t<div class=\"elementor-gallery__container\">\n\t\t\t\t\t\t\t<a class=\"e-gallery-item elementor-gallery-item elementor-animated-content\" href=\"https:\/\/www.terciariascapuchinas.org\/fr\/wp-content\/uploads\/2020\/12\/62.-MLA-Santa-Clara-2-scaled.jpg\" data-elementor-open-lightbox=\"yes\" data-elementor-lightbox-slideshow=\"all-a724b4d\" data-elementor-lightbox-title=\"Mouvement La\u00efque Amigonien\" e-action-hash=\"#elementor-action%3Aaction%3Dlightbox%26settings%3DeyJpZCI6NDExOSwidXJsIjoiaHR0cHM6XC9cL3d3dy50ZXJjaWFyaWFzY2FwdWNoaW5hcy5vcmdcL2ZyXC93cC1jb250ZW50XC91cGxvYWRzXC8yMDIwXC8xMlwvNjIuLU1MQS1TYW50YS1DbGFyYS0yLXNjYWxlZC5qcGciLCJzbGlkZXNob3ciOiJhbGwtYTcyNGI0ZCJ9\">\n\t\t\t\t\t<div class=\"e-gallery-image elementor-gallery-item__image\" data-thumbnail=\"https:\/\/www.terciariascapuchinas.org\/fr\/wp-content\/uploads\/2020\/12\/62.-MLA-Santa-Clara-2-scaled.jpg\" data-width=\"2560\" data-height=\"1445\" alt=\"\" ><\/div>\n\t\t\t\t\t\t\t\t\t\t\t<div class=\"elementor-gallery-item__overlay\"><\/div>\n\t\t\t\t\t\t\t\t\t\t\t\t\t\t<\/a>\n\t\t\t\t\t\t\t<a class=\"e-gallery-item elementor-gallery-item elementor-animated-content\" href=\"https:\/\/www.terciariascapuchinas.org\/fr\/wp-content\/uploads\/2020\/12\/65.-MLA-Asia.jpg\" data-elementor-open-lightbox=\"yes\" data-elementor-lightbox-slideshow=\"all-a724b4d\" data-elementor-lightbox-title=\"Mouvement La\u00efque Amigonien\" e-action-hash=\"#elementor-action%3Aaction%3Dlightbox%26settings%3DeyJpZCI6NDEyMiwidXJsIjoiaHR0cHM6XC9cL3d3dy50ZXJjaWFyaWFzY2FwdWNoaW5hcy5vcmdcL2ZyXC93cC1jb250ZW50XC91cGxvYWRzXC8yMDIwXC8xMlwvNjUuLU1MQS1Bc2lhLmpwZyIsInNsaWRlc2hvdyI6ImFsbC1hNzI0YjRkIn0%3D\">\n\t\t\t\t\t<div class=\"e-gallery-image elementor-gallery-item__image\" data-thumbnail=\"https:\/\/www.terciariascapuchinas.org\/fr\/wp-content\/uploads\/2020\/12\/65.-MLA-Asia.jpg\" data-width=\"960\" data-height=\"435\" alt=\"\" ><\/div>\n\t\t\t\t\t\t\t\t\t\t\t<div class=\"elementor-gallery-item__overlay\"><\/div>\n\t\t\t\t\t\t\t\t\t\t\t\t\t\t<\/a>\n\t\t\t\t\t\t\t<a class=\"e-gallery-item elementor-gallery-item elementor-animated-content\" href=\"https:\/\/www.terciariascapuchinas.org\/fr\/wp-content\/uploads\/2020\/12\/66.-MLA-Santa-Clara.jpg\" data-elementor-open-lightbox=\"yes\" data-elementor-lightbox-slideshow=\"all-a724b4d\" data-elementor-lightbox-title=\"Mouvement La\u00efque Amigonien\" e-action-hash=\"#elementor-action%3Aaction%3Dlightbox%26settings%3DeyJpZCI6NDEyMywidXJsIjoiaHR0cHM6XC9cL3d3dy50ZXJjaWFyaWFzY2FwdWNoaW5hcy5vcmdcL2ZyXC93cC1jb250ZW50XC91cGxvYWRzXC8yMDIwXC8xMlwvNjYuLU1MQS1TYW50YS1DbGFyYS5qcGciLCJzbGlkZXNob3ciOiJhbGwtYTcyNGI0ZCJ9\">\n\t\t\t\t\t<div class=\"e-gallery-image elementor-gallery-item__image\" data-thumbnail=\"https:\/\/www.terciariascapuchinas.org\/fr\/wp-content\/uploads\/2020\/12\/66.-MLA-Santa-Clara.jpg\" data-width=\"960\" data-height=\"686\" alt=\"\" ><\/div>\n\t\t\t\t\t\t\t\t\t\t\t<div class=\"elementor-gallery-item__overlay\"><\/div>\n\t\t\t\t\t\t\t\t\t\t\t\t\t\t<\/a>\n\t\t\t\t\t\t\t<a class=\"e-gallery-item elementor-gallery-item elementor-animated-content\" href=\"https:\/\/www.terciariascapuchinas.org\/fr\/wp-content\/uploads\/2020\/12\/67.-MLA-Encuentro-naviden\u0303o.jpg\" data-elementor-open-lightbox=\"yes\" data-elementor-lightbox-slideshow=\"all-a724b4d\" data-elementor-lightbox-title=\"Mouvement La\u00efque Amigonien\" e-action-hash=\"#elementor-action%3Aaction%3Dlightbox%26settings%3DeyJpZCI6NDEyNCwidXJsIjoiaHR0cHM6XC9cL3d3dy50ZXJjaWFyaWFzY2FwdWNoaW5hcy5vcmdcL2ZyXC93cC1jb250ZW50XC91cGxvYWRzXC8yMDIwXC8xMlwvNjcuLU1MQS1FbmN1ZW50cm8tbmF2aWRlblx1MDMwM28uanBnIiwic2xpZGVzaG93IjoiYWxsLWE3MjRiNGQifQ%3D%3D\">\n\t\t\t\t\t<div class=\"e-gallery-image elementor-gallery-item__image\" data-thumbnail=\"https:\/\/www.terciariascapuchinas.org\/fr\/wp-content\/uploads\/2020\/12\/67.-MLA-Encuentro-naviden\u0303o.jpg\" data-width=\"1040\" data-height=\"780\" alt=\"\" ><\/div>\n\t\t\t\t\t\t\t\t\t\t\t<div class=\"elementor-gallery-item__overlay\"><\/div>\n\t\t\t\t\t\t\t\t\t\t\t\t\t\t<\/a>\n\t\t\t\t\t\t\t<a class=\"e-gallery-item elementor-gallery-item elementor-animated-content\" href=\"https:\/\/www.terciariascapuchinas.org\/fr\/wp-content\/uploads\/2020\/12\/63.-Mla-Kigamboni-1.jpg\" data-elementor-open-lightbox=\"yes\" data-elementor-lightbox-slideshow=\"all-a724b4d\" data-elementor-lightbox-title=\"Mouvement La\u00efque Amigonien\" e-action-hash=\"#elementor-action%3Aaction%3Dlightbox%26settings%3DeyJpZCI6NDEyNSwidXJsIjoiaHR0cHM6XC9cL3d3dy50ZXJjaWFyaWFzY2FwdWNoaW5hcy5vcmdcL2ZyXC93cC1jb250ZW50XC91cGxvYWRzXC8yMDIwXC8xMlwvNjMuLU1sYS1LaWdhbWJvbmktMS5qcGciLCJzbGlkZXNob3ciOiJhbGwtYTcyNGI0ZCJ9\">\n\t\t\t\t\t<div class=\"e-gallery-image elementor-gallery-item__image\" data-thumbnail=\"https:\/\/www.terciariascapuchinas.org\/fr\/wp-content\/uploads\/2020\/12\/63.-Mla-Kigamboni-1.jpg\" data-width=\"1587\" data-height=\"1191\" alt=\"\" ><\/div>\n\t\t\t\t\t\t\t\t\t\t\t<div class=\"elementor-gallery-item__overlay\"><\/div>\n\t\t\t\t\t\t\t\t\t\t\t\t\t\t<\/a>\n\t\t\t\t\t\t\t<a class=\"e-gallery-item elementor-gallery-item elementor-animated-content\" href=\"https:\/\/www.terciariascapuchinas.org\/fr\/wp-content\/uploads\/2020\/12\/64.-MLA-Polonia-1.jpg\" data-elementor-open-lightbox=\"yes\" data-elementor-lightbox-slideshow=\"all-a724b4d\" data-elementor-lightbox-title=\"Mouvement La\u00efque Amigonien\" e-action-hash=\"#elementor-action%3Aaction%3Dlightbox%26settings%3DeyJpZCI6NDEyNiwidXJsIjoiaHR0cHM6XC9cL3d3dy50ZXJjaWFyaWFzY2FwdWNoaW5hcy5vcmdcL2ZyXC93cC1jb250ZW50XC91cGxvYWRzXC8yMDIwXC8xMlwvNjQuLU1MQS1Qb2xvbmlhLTEuanBnIiwic2xpZGVzaG93IjoiYWxsLWE3MjRiNGQifQ%3D%3D\">\n\t\t\t\t\t<div class=\"e-gallery-image elementor-gallery-item__image\" data-thumbnail=\"https:\/\/www.terciariascapuchinas.org\/fr\/wp-content\/uploads\/2020\/12\/64.-MLA-Polonia-1.jpg\" data-width=\"1587\" data-height=\"1191\" alt=\"\" ><\/div>\n\t\t\t\t\t\t\t\t\t\t\t<div class=\"elementor-gallery-item__overlay\"><\/div>\n\t\t\t\t\t\t\t\t\t\t\t\t\t\t<\/a>\n\t\t\t\t\t<\/div>\n\t\t\t<\/div>\n\t\t\t\t<\/div>\n\t\t\t\t<div class=\"elementor-element elementor-element-57c0825 elementor-widget elementor-widget-heading\" data-id=\"57c0825\" data-element_type=\"widget\" data-widget_type=\"heading.default\">\n\t\t\t\t<div class=\"elementor-widget-container\">\n\t\t\t<h2 class=\"elementor-heading-title elementor-size-default\"><b><i>La JUVAM <\/i><\/b> est une association de jeunes qui veulent  grandir int\u00e9gralement comme personnes \u00e0 la lumi\u00e8re de la foi et du charisme amigonien. Les \u00e9ducateurs les accompagnent en leur proposant un itin\u00e9raire de croissance personnelle et d\u2019engagement \u00e0 la suite du Christ \u00e0 partir des \u00e9l\u00e9ments essentiels du Charisme amigonien tout en essayant d\u2019\u00eatre pour eux des t\u00e9moins de l\u2019\u00c9vangile et de leur transmettre de fa\u00e7on cr\u00e9dible ses valeurs.<br>\nL<b>es \u00ab Zagales \u00bb<\/b> sont des enfants et adolescents qui veulent vivre l\u2019exp\u00e9rience de l\u2019amiti\u00e9 et le v\u00e9cu de la foi  selon le charisme amigonien. Le nom de cette section renvoie \u00e0 la nuance amigonienne du Bon Pasteur de qui ils se sentent \u00ab petits bergers \u00bb. Accompagn\u00e9s par leurs \u00e9ducateurs ils se r\u00e9unissent pour r\u00e9fl\u00e9chir et dialoguer sur la vie, se retrouver avec Dieu dans l\u2019\u00e9coute de sa Parole et r\u00e9aliser de petits engagements solidaires avec ceux qui en ont le plus besoin.\n<\/h2>\t\t<\/div>\n\t\t\t\t<\/div>\n\t\t\t\t\t\t<\/div>\n\t\t\t\t\t<\/div>\n\t\t<\/div>\n\t\t\t\t\t\t\t\t<\/div>\n\t\t\t\t\t<\/div>\n\t\t<\/section>\n\t\t\t\t\t\t\t\t\t<\/div>\n\t\t\t<\/div>\n\t\t\t\t\t<\/div>\n\t\t","protected":false},"excerpt":{"rendered":"<p>Mouvement La\u00efque Amigonien (MLA) Le MLA est une association de fid\u00e8les qui veulent vivre le charisme du P\u00e8re Louis Amig\u00f3 dans leur \u00e9tat de vie la\u00efque ; c\u2019est une \u0153uvre propre \u00e0 la Congr\u00e9gation qui fait participer les la\u00efcs \u00e0 sa spiritualit\u00e9 et mission et leur propose un chemin de saintet\u00e9 (cf. CIVCSVA, D\u00e9cret d\u2019approbation [&hellip;]<\/p>\n","protected":false},"author":1,"featured_media":0,"parent":0,"menu_order":0,"comment_status":"closed","ping_status":"closed","template":"elementor_header_footer","meta":[],"_links":{"self":[{"href":"https:\/\/www.terciariascapuchinas.org\/fr\/wp-json\/wp\/v2\/pages\/98"}],"collection":[{"href":"https:\/\/www.terciariascapuchinas.org\/fr\/wp-json\/wp\/v2\/pages"}],"about":[{"href":"https:\/\/www.terciariascapuchinas.org\/fr\/wp-json\/wp\/v2\/types\/page"}],"author":[{"embeddable":true,"href":"https:\/\/www.terciariascapuchinas.org\/fr\/wp-json\/wp\/v2\/users\/1"}],"replies":[{"embeddable":true,"href":"https:\/\/www.terciariascapuchinas.org\/fr\/wp-json\/wp\/v2\/comments?post=98"}],"version-history":[{"count":23,"href":"https:\/\/www.terciariascapuchinas.org\/fr\/wp-json\/wp\/v2\/pages\/98\/revisions"}],"predecessor-version":[{"id":4670,"href":"https:\/\/www.terciariascapuchinas.org\/fr\/wp-json\/wp\/v2\/pages\/98\/revisions\/4670"}],"wp:attachment":[{"href":"https:\/\/www.terciariascapuchinas.org\/fr\/wp-json\/wp\/v2\/media?parent=98"}],"curies":[{"name":"wp","href":"https:\/\/api.w.org\/{rel}","templated":true}]}}