{"id":1271,"date":"2020-08-15T14:23:12","date_gmt":"2020-08-15T14:23:12","guid":{"rendered":"http:\/\/www.terciariascapuchinas.es\/\/?page_id=1271"},"modified":"2021-04-08T15:09:53","modified_gmt":"2021-04-08T15:09:53","slug":"testigos-de-la-caridad","status":"publish","type":"page","link":"https:\/\/www.terciariascapuchinas.org\/it\/quienes-somos\/testigos-de-la-caridad\/","title":{"rendered":"Testigos de la Caridad"},"content":{"rendered":"\t\t<div data-elementor-type=\"wp-page\" data-elementor-id=\"1271\" class=\"elementor elementor-1271\">\n\t\t\t\t\t\t<div class=\"elementor-inner\">\n\t\t\t\t<div class=\"elementor-section-wrap\">\n\t\t\t\t\t\t\t\t\t<section class=\"elementor-section elementor-top-section elementor-element elementor-element-16d5c8b elementor-section-boxed elementor-section-height-default elementor-section-height-default\" data-id=\"16d5c8b\" data-element_type=\"section\" data-settings=\"{&quot;background_background&quot;:&quot;classic&quot;}\">\n\t\t\t\t\t\t<div class=\"elementor-container elementor-column-gap-default\">\n\t\t\t\t\t\t\t<div class=\"elementor-row\">\n\t\t\t\t\t<div class=\"elementor-column elementor-col-100 elementor-top-column elementor-element elementor-element-e9e9ad8\" data-id=\"e9e9ad8\" data-element_type=\"column\">\n\t\t\t<div class=\"elementor-column-wrap elementor-element-populated\">\n\t\t\t\t\t\t\t<div class=\"elementor-widget-wrap\">\n\t\t\t\t\t\t<div class=\"elementor-element elementor-element-c69cf47 elementor-align-left elementor-icon-list--layout-traditional elementor-list-item-link-full_width elementor-widget elementor-widget-icon-list\" data-id=\"c69cf47\" data-element_type=\"widget\" data-widget_type=\"icon-list.default\">\n\t\t\t\t<div class=\"elementor-widget-container\">\n\t\t\t\t\t<ul class=\"elementor-icon-list-items\">\n\t\t\t\t\t\t\t<li class=\"elementor-icon-list-item\">\n\t\t\t\t\t\t\t\t\t\t\t<span class=\"elementor-icon-list-icon\">\n\t\t\t\t\t\t\t<i aria-hidden=\"true\" class=\"fas fa-dove\"><\/i>\t\t\t\t\t\t<\/span>\n\t\t\t\t\t\t\t\t\t\t<span class=\"elementor-icon-list-text\">Testimoni della carit\u00e0 che rischiarono la vita fino alla fine<\/span>\n\t\t\t\t\t\t\t\t\t<\/li>\n\t\t\t\t\t\t<\/ul>\n\t\t\t\t<\/div>\n\t\t\t\t<\/div>\n\t\t\t\t<div class=\"elementor-element elementor-element-09b81e9 elementor-widget elementor-widget-heading\" data-id=\"09b81e9\" data-element_type=\"widget\" data-widget_type=\"heading.default\">\n\t\t\t\t<div class=\"elementor-widget-container\">\n\t\t\t<h2 class=\"elementor-heading-title elementor-size-default\">Le nostre prime sorelle Clara del Grao, Francisca de las Llagas di Alcal\u00e1, Serafina di Benaguacil e la novizia Mar\u00eda de los Desamparados di Sueras che, all'inizio della nostra storia, morirono contagiate assistendo i malati di colera, furono indubbiamente \"martiri della carit\u00e0\" che dettero la vita per gli altri. Anni pi\u00f9 tardi, sr. Rosaria di Soano, Serafina di Ochovi e Francisca Javier di Rafelbu\u00f1ol, furono \u201cmartiri della fede\u201d durante la guerra in Spagna. Dopo di loro, altre sorelle, seguendo l'esempio di Ges\u00f9 e di tanti santi, non hanno avuto paura di rischiare la propria vita per prendersi cura degli altri.<\/h2>\t\t<\/div>\n\t\t\t\t<\/div>\n\t\t\t\t<div class=\"elementor-element elementor-element-8e6fb3b elementor-widget elementor-widget-heading\" data-id=\"8e6fb3b\" data-element_type=\"widget\" data-widget_type=\"heading.default\">\n\t\t\t\t<div class=\"elementor-widget-container\">\n\t\t\t<h2 class=\"elementor-heading-title elementor-size-default\">Nel novembre 1985, il Nevado del Ruiz, un vulcano apparentemente spento, situato nella regione di Tolima (Colombia), si svegli\u00f2 dal suo letargo e in poco tempo una valanga di cenere, lava e fango prodotto dallo scioglimento della neve che ricopriva la montagna, travolse e seppell\u00ed per sempre il paesino di Armero dove si trovava una  nostra comunit\u00e0 con annessa una scuola.  Davanti a questa minaccia preannunciata, le sorelle decisero di rimanere con la gente e, nel momento del pericolo, farla rifugiare nella propria casa. Ma il fiume di fango ardente che scendeva veloce dalla montagna, spazz\u03cc via tutto: Sr. Bertalina Mar\u00edn e la novizia Nora Engrith Ram\u00edrez ne vennero travolte e morirono subito, mentre,  Sr. Julia Alba Saldarriaga mor\u00ec in seguito per le gravi ferite che aveva riportato e l\u2019intero paese si trasform\u03cc  in un attimo in un cimitero. Cosi, come le sorelle della \u201cprima ora\u201d, possiamo considerare anche loro \"vittime della carit\u00e0\" e della loro dedizione agli altri.\n<\/h2>\t\t<\/div>\n\t\t\t\t<\/div>\n\t\t\t\t<div class=\"elementor-element elementor-element-12d6b0b elementor-widget elementor-widget-heading\" data-id=\"12d6b0b\" data-element_type=\"widget\" data-widget_type=\"heading.default\">\n\t\t\t\t<div class=\"elementor-widget-container\">\n\t\t\t<h2 class=\"elementor-heading-title elementor-size-default\">Due anni piu tardi, nel luglio 1987, Sr. In\u00e9s Arango missionaria colombiana tra le trib\u00f9 indigene della foresta amazzonica dell'Ecuador, spinta dal suo grande zelo di annunciare a Crist,o perse la vita, insieme al missionario cappuccino e vescovo spagnolo Alejandro Labaka. In uno dei suoi viaggi per entrare in contatto con una trib\u00f9 che era piuttosto chiusa nella sua cultura, i due missionari furono uccisi trafitti dalle lance della trib\u00fa indigena dei Tagaeri che aveva accumulato una certa aggressivit\u00e0 nei confronti degli stranieri a causa delle compagnie petrolifere che stavano invadendo le loro terre. Mons. Labaka e Sr. In\u00e9s, non furono martiri della fede ma certamente furono testimoni e messaggeri dell'amore di Dio per la trib\u00fa dei Tagaeri.<\/h2>\t\t<\/div>\n\t\t\t\t<\/div>\n\t\t\t\t<div class=\"elementor-element elementor-element-2da1e55 elementor-widget elementor-widget-text-editor\" data-id=\"2da1e55\" data-element_type=\"widget\" data-widget_type=\"text-editor.default\">\n\t\t\t\t<div class=\"elementor-widget-container\">\n\t\t\t\t\t\t\t\t<div class=\"elementor-text-editor elementor-clearfix\">\n\t\t\t\t<p><img loading=\"lazy\" class=\"alignnone wp-image-3944 size-large\" src=\"https:\/\/www.terciariascapuchinas.es\/wp-content\/uploads\/2020\/12\/ines3-1024x721.jpg\" alt=\"\" width=\"580\" height=\"408\" srcset=\"https:\/\/www.terciariascapuchinas.org\/it\/wp-content\/uploads\/2020\/12\/ines3-1024x721.jpg 1024w, https:\/\/www.terciariascapuchinas.org\/it\/wp-content\/uploads\/2020\/12\/ines3-300x211.jpg 300w, https:\/\/www.terciariascapuchinas.org\/it\/wp-content\/uploads\/2020\/12\/ines3-768x541.jpg 768w, https:\/\/www.terciariascapuchinas.org\/it\/wp-content\/uploads\/2020\/12\/ines3-1536x1081.jpg 1536w, https:\/\/www.terciariascapuchinas.org\/it\/wp-content\/uploads\/2020\/12\/ines3-1200x845.jpg 1200w, https:\/\/www.terciariascapuchinas.org\/it\/wp-content\/uploads\/2020\/12\/ines3-1980x1394.jpg 1980w, https:\/\/www.terciariascapuchinas.org\/it\/wp-content\/uploads\/2020\/12\/ines3.jpg 2031w\" sizes=\"(max-width: 580px) 100vw, 580px\" \/><\/p><p><img loading=\"lazy\" class=\"alignnone wp-image-3949 size-large\" src=\"https:\/\/www.terciariascapuchinas.es\/wp-content\/uploads\/2020\/12\/104-Ine\u0301s-Arango-1024x576.jpeg\" alt=\"\" width=\"580\" height=\"326\" srcset=\"https:\/\/www.terciariascapuchinas.org\/it\/wp-content\/uploads\/2020\/12\/104-Ine\u0301s-Arango-1024x576.jpeg 1024w, https:\/\/www.terciariascapuchinas.org\/it\/wp-content\/uploads\/2020\/12\/104-Ine\u0301s-Arango-300x169.jpeg 300w, https:\/\/www.terciariascapuchinas.org\/it\/wp-content\/uploads\/2020\/12\/104-Ine\u0301s-Arango-768x432.jpeg 768w, https:\/\/www.terciariascapuchinas.org\/it\/wp-content\/uploads\/2020\/12\/104-Ine\u0301s-Arango-1200x675.jpeg 1200w, https:\/\/www.terciariascapuchinas.org\/it\/wp-content\/uploads\/2020\/12\/104-Ine\u0301s-Arango-rotated.jpeg 1280w\" sizes=\"(max-width: 580px) 100vw, 580px\" \/> <img loading=\"lazy\" class=\"alignnone wp-image-3950 size-large\" src=\"https:\/\/www.terciariascapuchinas.es\/wp-content\/uploads\/2020\/12\/103.-Ine\u0301s-Arango-2-576x1024.jpeg\" alt=\"\" width=\"576\" height=\"1024\" srcset=\"https:\/\/www.terciariascapuchinas.org\/it\/wp-content\/uploads\/2020\/12\/103.-Ine\u0301s-Arango-2-576x1024.jpeg 576w, https:\/\/www.terciariascapuchinas.org\/it\/wp-content\/uploads\/2020\/12\/103.-Ine\u0301s-Arango-2-169x300.jpeg 169w, https:\/\/www.terciariascapuchinas.org\/it\/wp-content\/uploads\/2020\/12\/103.-Ine\u0301s-Arango-2.jpeg 720w\" sizes=\"(max-width: 576px) 100vw, 576px\" \/><\/p>\t\t\t\t\t<\/div>\n\t\t\t\t\t\t<\/div>\n\t\t\t\t<\/div>\n\t\t\t\t\t\t<\/div>\n\t\t\t\t\t<\/div>\n\t\t<\/div>\n\t\t\t\t\t\t\t\t<\/div>\n\t\t\t\t\t<\/div>\n\t\t<\/section>\n\t\t\t\t\t\t\t\t\t<\/div>\n\t\t\t<\/div>\n\t\t\t\t\t<\/div>\n\t\t","protected":false},"excerpt":{"rendered":"<p>Testimoni della carit\u00e0 che rischiarono la vita fino alla fine Le nostre prime sorelle Clara del Grao, Francisca de las Llagas di Alcal\u00e1, Serafina di Benaguacil e la novizia Mar\u00eda de los Desamparados di Sueras che, all&#8217;inizio della nostra storia, morirono contagiate assistendo i malati di colera, furono indubbiamente \u00abmartiri della carit\u00e0\u00bb che dettero la [&hellip;]<\/p>\n","protected":false},"author":1,"featured_media":0,"parent":25,"menu_order":0,"comment_status":"closed","ping_status":"closed","template":"elementor_header_footer","meta":[],"_links":{"self":[{"href":"https:\/\/www.terciariascapuchinas.org\/it\/wp-json\/wp\/v2\/pages\/1271"}],"collection":[{"href":"https:\/\/www.terciariascapuchinas.org\/it\/wp-json\/wp\/v2\/pages"}],"about":[{"href":"https:\/\/www.terciariascapuchinas.org\/it\/wp-json\/wp\/v2\/types\/page"}],"author":[{"embeddable":true,"href":"https:\/\/www.terciariascapuchinas.org\/it\/wp-json\/wp\/v2\/users\/1"}],"replies":[{"embeddable":true,"href":"https:\/\/www.terciariascapuchinas.org\/it\/wp-json\/wp\/v2\/comments?post=1271"}],"version-history":[{"count":37,"href":"https:\/\/www.terciariascapuchinas.org\/it\/wp-json\/wp\/v2\/pages\/1271\/revisions"}],"predecessor-version":[{"id":5300,"href":"https:\/\/www.terciariascapuchinas.org\/it\/wp-json\/wp\/v2\/pages\/1271\/revisions\/5300"}],"up":[{"embeddable":true,"href":"https:\/\/www.terciariascapuchinas.org\/it\/wp-json\/wp\/v2\/pages\/25"}],"wp:attachment":[{"href":"https:\/\/www.terciariascapuchinas.org\/it\/wp-json\/wp\/v2\/media?parent=1271"}],"curies":[{"name":"wp","href":"https:\/\/api.w.org\/{rel}","templated":true}]}}