{"id":1280,"date":"2020-08-15T14:37:32","date_gmt":"2020-08-15T14:37:32","guid":{"rendered":"http:\/\/www.terciariascapuchinas.es\/\/?page_id=1280"},"modified":"2021-03-28T18:27:05","modified_gmt":"2021-03-28T18:27:05","slug":"apuntes-sobre-su-vida","status":"publish","type":"page","link":"https:\/\/www.terciariascapuchinas.org\/it\/quienes-somos\/fundador\/apuntes-sobre-su-vida\/","title":{"rendered":"Apuntes sobre su vida"},"content":{"rendered":"\t\t<div data-elementor-type=\"wp-page\" data-elementor-id=\"1280\" class=\"elementor elementor-1280\">\n\t\t\t\t\t\t<div class=\"elementor-inner\">\n\t\t\t\t<div class=\"elementor-section-wrap\">\n\t\t\t\t\t\t\t\t\t<section class=\"elementor-section elementor-top-section elementor-element elementor-element-16d5c8b elementor-section-boxed elementor-section-height-default elementor-section-height-default\" data-id=\"16d5c8b\" data-element_type=\"section\" data-settings=\"{&quot;background_background&quot;:&quot;classic&quot;}\">\n\t\t\t\t\t\t<div class=\"elementor-container elementor-column-gap-default\">\n\t\t\t\t\t\t\t<div class=\"elementor-row\">\n\t\t\t\t\t<div class=\"elementor-column elementor-col-100 elementor-top-column elementor-element elementor-element-e9e9ad8\" data-id=\"e9e9ad8\" data-element_type=\"column\">\n\t\t\t<div class=\"elementor-column-wrap elementor-element-populated\">\n\t\t\t\t\t\t\t<div class=\"elementor-widget-wrap\">\n\t\t\t\t\t\t<div class=\"elementor-element elementor-element-c69cf47 elementor-align-left elementor-icon-list--layout-traditional elementor-list-item-link-full_width elementor-widget elementor-widget-icon-list\" data-id=\"c69cf47\" data-element_type=\"widget\" data-widget_type=\"icon-list.default\">\n\t\t\t\t<div class=\"elementor-widget-container\">\n\t\t\t\t\t<ul class=\"elementor-icon-list-items\">\n\t\t\t\t\t\t\t<li class=\"elementor-icon-list-item\">\n\t\t\t\t\t\t\t\t\t\t\t<span class=\"elementor-icon-list-icon\">\n\t\t\t\t\t\t\t<i aria-hidden=\"true\" class=\"fas fa-file-signature\"><\/i>\t\t\t\t\t\t<\/span>\n\t\t\t\t\t\t\t\t\t\t<span class=\"elementor-icon-list-text\">Note sulla sua vita<\/span>\n\t\t\t\t\t\t\t\t\t<\/li>\n\t\t\t\t\t\t<\/ul>\n\t\t\t\t<\/div>\n\t\t\t\t<\/div>\n\t\t\t\t<div class=\"elementor-element elementor-element-998faff elementor-widget elementor-widget-text-editor\" data-id=\"998faff\" data-element_type=\"widget\" data-widget_type=\"text-editor.default\">\n\t\t\t\t<div class=\"elementor-widget-container\">\n\t\t\t\t\t\t\t\t<div class=\"elementor-text-editor elementor-clearfix\">\n\t\t\t\t<p>Il fondatore della nostra Famiglia religiosa \u00e8 Fr. Luigi Amig\u00f3 y Ferrer, OFMCap.<\/p><p><img loading=\"lazy\" class=\"alignleft wp-image-3969\" src=\"https:\/\/www.terciariascapuchinas.es\/wp-content\/uploads\/2020\/12\/fundador2-1.jpg\" alt=\"\" width=\"650\" height=\"915\" srcset=\"https:\/\/www.terciariascapuchinas.org\/it\/wp-content\/uploads\/2020\/12\/fundador2-1.jpg 1356w, https:\/\/www.terciariascapuchinas.org\/it\/wp-content\/uploads\/2020\/12\/fundador2-1-213x300.jpg 213w, https:\/\/www.terciariascapuchinas.org\/it\/wp-content\/uploads\/2020\/12\/fundador2-1-727x1024.jpg 727w, https:\/\/www.terciariascapuchinas.org\/it\/wp-content\/uploads\/2020\/12\/fundador2-1-768x1081.jpg 768w, https:\/\/www.terciariascapuchinas.org\/it\/wp-content\/uploads\/2020\/12\/fundador2-1-1091x1536.jpg 1091w, https:\/\/www.terciariascapuchinas.org\/it\/wp-content\/uploads\/2020\/12\/fundador2-1-1200x1689.jpg 1200w\" sizes=\"(max-width: 650px) 100vw, 650px\" \/><\/p><p>Nacque il 17 ottobre 1854 a Massamagrell (Valencia &#8211; Spagna) e durante i suoi quasi 80 anni di vita, visse momenti difficili della storia della Spagna. Messo alla prova, durante la sua infanzia, per la morte prematura dei suoi genitori, coltiv\u00f2 sempre e con profondit\u00e0 la sua vita cristiana e si impegn\u00f2 in gruppi che gli permisero di fare un cammino di fede; tra di essi ricordiamo il Terz&#8217;Ordine Francescano Secolare che segn\u03cc profondamente la sua vita. Si dedic\u03cc anche ad opere di misericordia, come la visita ai malati presso l\u2019Ospedale di Valencia ed ai carcerati.<\/p><p>La sua chiamata alla vita consacrata si manifest\u00f2 con crescente chiarezza durante tutta la sua giovinezza e siccome in quegli anni, in Spagna erano state soppresse tutte le comunit\u00e0 religiose, nel 1874 si rec\u00f2 a Bayonne (Francia) dove, nel Convento dei Cappuccini in cui si erano rifugiati i confratelli spagnoli costretti a lasciare la loro patria, indoss\u00f2 l&#8217;abito cappuccino e, l&#8217;anno successivo, fece la professione religiosa.<\/p><p>Tre anni dopo, fece parte del primo gruppo di Cappuccini che torn\u00f2 in Spagna per restaurarvi la presenza dell\u2019Ordine. Nel 1879 venne ordinato sacerdote e cominci\u00f2 a vivere il suo ministero con entusiasmo e creativit\u00e0, allo stile e negli ambiti pi\u00f9 tipici della vita cappuccina: predicazione, confessioni, apostolato con i giovani e laici del Terz&#8217;Ordine e presenza nei luoghi di sofferenza come le carceri e gli ospedali. Tutto ci\u00f2 lo mise in contatto con tante persone e, in certo senso, lo condusse verso il progetto che Dio aveva su di lui come Fondatore.<\/p><p>L&#8217;incontro con donne desiderose di una vita di \u00abmaggiore perfezione\u00bb lo spinse a fondare una Congregazione di religiose e, nella cella del suo convento di Massamagrell, inizi\u00f2 a scrivere delle Costituzioni riflettendo in esse la spiritualit\u00e0 francescano-cappuccina che lui stesso viveva. Ben presto Dio mise sulla sua strada delle giovani che volevano impegarsi a viverle e, completate le procedure canoniche richieste, l&#8217;11 maggio 1885, nel Santuario di Nostra Signora di Montiel (Valencia &#8211; Spagna), nacque nella Chiesa la Congregazione delle Sorelle Terziarie Cappuccine della Sacra Famiglia. Il Fondatore aveva solo 30 anni, per\u03cc era indubbiamente un uomo di Dio, capace di guidare e accompagnare il cammino della nascente Congregazione con la forza dello Spirito Santo, umile sapienza, fiducia nella Provvidenza e visione di futuro.<\/p><p>Nel 1889, proiettando la sua particolare sensibilit\u00e0 verso i giovani a rischio di esclusione sociale, o gi\u00e0 \u201cdeviati dal cammino del bene\u201d, Padre Luigi fond\u00f2 la Congregazione dei Religiosi Terziari Cappuccini della Madonna Addolorata, il cui servizio apostolico, a differenza di quello delle Sorelle, che \u00e8 aperto a vari ambiti, \u00e8 quello di educare e \u201crieducare\u201d i bambini e i ragazzi con problemi di comportamento.<\/p><p>Nel 1907 Padre Luigi Amig\u00f3 venne nominato vescovo e da quel momento accompagn\u00f2 il cammino delle diocesi spagnole di Solsona (L\u00e9rida) e Segorbe (Castell\u00f3n), distinguendosi per l\u2019interesse e le iniziative in favore della famiglia e delle classi sociali pi\u00f9 fragili, come operai e contadini e per il suo zelo nel promuovere e mettere in pratica la dottrina sociale della Chiesa e formare nella fede e morale cristiana.<\/p><p>Mor\u00ec a Godella (Valencia &#8211; Spagna) il 30 settembre 1934; le sue spoglie riposano nella cappella della nostra Casa Madre di Massamagrell (Valencia &#8211; Spagna).<\/p><p>I teologi che hanno studiato la documentazione relativa al Processo di beatificazione del Padre Luigi Amig\u00f2, hanno sottolineato \u201cla perfetta rettitudine della sua vita e il suo progresso permanente nelle virt\u00f9 e nell&#8217;unione con Dio, scalando l&#8217;arduo cammino della santit\u00e0 ed integrando i doni naturali con la grazia divina. Hanno apprezzato anche il modo ammirabile in cui lui concili\u00f2 il suo essere cappuccino, fondatore e vescovo, affermando che \u00abil suo messaggio costituisce un richiamo riverberante per il tempo che stiamo vivendo, non solo per il clero e i religiosi, ma per tutto il popolo di Dio\u00bb.<\/p><p>\u00a0Il 13 giugno 1992 \u00e8 stato dichiarato Venerabile. Per la sua beatificazione occorre un miracolo riconducibile alla sua intercessione.<\/p>\t\t\t\t\t<\/div>\n\t\t\t\t\t\t<\/div>\n\t\t\t\t<\/div>\n\t\t\t\t\t\t<\/div>\n\t\t\t\t\t<\/div>\n\t\t<\/div>\n\t\t\t\t\t\t\t\t<\/div>\n\t\t\t\t\t<\/div>\n\t\t<\/section>\n\t\t\t\t\t\t\t\t\t<\/div>\n\t\t\t<\/div>\n\t\t\t\t\t<\/div>\n\t\t","protected":false},"excerpt":{"rendered":"<p>Note sulla sua vita Il fondatore della nostra Famiglia religiosa \u00e8 Fr. Luigi Amig\u00f3 y Ferrer, OFMCap. Nacque il 17 ottobre 1854 a Massamagrell (Valencia &#8211; Spagna) e durante i suoi quasi 80 anni di vita, visse momenti difficili della storia della Spagna. Messo alla prova, durante la sua infanzia, per la morte prematura dei [&hellip;]<\/p>\n","protected":false},"author":1,"featured_media":0,"parent":31,"menu_order":0,"comment_status":"closed","ping_status":"closed","template":"elementor_header_footer","meta":[],"_links":{"self":[{"href":"https:\/\/www.terciariascapuchinas.org\/it\/wp-json\/wp\/v2\/pages\/1280"}],"collection":[{"href":"https:\/\/www.terciariascapuchinas.org\/it\/wp-json\/wp\/v2\/pages"}],"about":[{"href":"https:\/\/www.terciariascapuchinas.org\/it\/wp-json\/wp\/v2\/types\/page"}],"author":[{"embeddable":true,"href":"https:\/\/www.terciariascapuchinas.org\/it\/wp-json\/wp\/v2\/users\/1"}],"replies":[{"embeddable":true,"href":"https:\/\/www.terciariascapuchinas.org\/it\/wp-json\/wp\/v2\/comments?post=1280"}],"version-history":[{"count":23,"href":"https:\/\/www.terciariascapuchinas.org\/it\/wp-json\/wp\/v2\/pages\/1280\/revisions"}],"predecessor-version":[{"id":5053,"href":"https:\/\/www.terciariascapuchinas.org\/it\/wp-json\/wp\/v2\/pages\/1280\/revisions\/5053"}],"up":[{"embeddable":true,"href":"https:\/\/www.terciariascapuchinas.org\/it\/wp-json\/wp\/v2\/pages\/31"}],"wp:attachment":[{"href":"https:\/\/www.terciariascapuchinas.org\/it\/wp-json\/wp\/v2\/media?parent=1280"}],"curies":[{"name":"wp","href":"https:\/\/api.w.org\/{rel}","templated":true}]}}