{"id":1289,"date":"2020-08-15T14:53:33","date_gmt":"2020-08-15T14:53:33","guid":{"rendered":"http:\/\/www.terciariascapuchinas.es\/\/?page_id=1289"},"modified":"2021-03-29T14:30:25","modified_gmt":"2021-03-29T14:30:25","slug":"introduccion","status":"publish","type":"page","link":"https:\/\/www.terciariascapuchinas.org\/it\/introduccion\/","title":{"rendered":"Introducci\u00f3n"},"content":{"rendered":"\t\t<div data-elementor-type=\"wp-page\" data-elementor-id=\"1289\" class=\"elementor elementor-1289\">\n\t\t\t\t\t\t<div class=\"elementor-inner\">\n\t\t\t\t<div class=\"elementor-section-wrap\">\n\t\t\t\t\t\t\t\t\t<section class=\"elementor-section elementor-top-section elementor-element elementor-element-16d5c8b elementor-section-boxed elementor-section-height-default elementor-section-height-default\" data-id=\"16d5c8b\" data-element_type=\"section\" data-settings=\"{&quot;background_background&quot;:&quot;classic&quot;}\">\n\t\t\t\t\t\t<div class=\"elementor-container elementor-column-gap-default\">\n\t\t\t\t\t\t\t<div class=\"elementor-row\">\n\t\t\t\t\t<div class=\"elementor-column elementor-col-100 elementor-top-column elementor-element elementor-element-e9e9ad8\" data-id=\"e9e9ad8\" data-element_type=\"column\">\n\t\t\t<div class=\"elementor-column-wrap elementor-element-populated\">\n\t\t\t\t\t\t\t<div class=\"elementor-widget-wrap\">\n\t\t\t\t\t\t<div class=\"elementor-element elementor-element-c69cf47 elementor-align-left elementor-icon-list--layout-traditional elementor-list-item-link-full_width elementor-widget elementor-widget-icon-list\" data-id=\"c69cf47\" data-element_type=\"widget\" data-widget_type=\"icon-list.default\">\n\t\t\t\t<div class=\"elementor-widget-container\">\n\t\t\t\t\t<ul class=\"elementor-icon-list-items\">\n\t\t\t\t\t\t\t<li class=\"elementor-icon-list-item\">\n\t\t\t\t\t\t\t\t\t\t\t<span class=\"elementor-icon-list-icon\">\n\t\t\t\t\t\t\t<i aria-hidden=\"true\" class=\"far fa-hand-paper\"><\/i>\t\t\t\t\t\t<\/span>\n\t\t\t\t\t\t\t\t\t\t<span class=\"elementor-icon-list-text\">Introduzione<\/span>\n\t\t\t\t\t\t\t\t\t<\/li>\n\t\t\t\t\t\t<\/ul>\n\t\t\t\t<\/div>\n\t\t\t\t<\/div>\n\t\t\t\t<div class=\"elementor-element elementor-element-09b81e9 elementor-widget elementor-widget-heading\" data-id=\"09b81e9\" data-element_type=\"widget\" data-widget_type=\"heading.default\">\n\t\t\t\t<div class=\"elementor-widget-container\">\n\t\t\t<h2 class=\"elementor-heading-title elementor-size-default\">Seguendo l'esempio del nostro Padre Fondatore, ci sentiamo inviate a curare, proteggere e istruire coloro che hanno bisogno di noi, soprattutto i pi\u00f9 poveri, facendoci solidali e condividendo la loro realt\u00e0, aiutandoli a scoprire la propria dignit\u00e0 di figli di Dio e promuovendo lo sviluppo integrale della persona. Sapendo di essere state inviate a incarnare Cristo nella storia ed a collaborare all\u2019edificazione di una societ\u00e0 pi\u00fa umana, cerchiamo di annunciare Ges\u00f9 e il suo Vangelo, per mezzo di tutte le attivit\u00e0 che facciamo (cf. Cost. 58 e 59). Realizziamo la nostra missione in comunione con la Chiesa ed attente alle sfide che ci presenta il momento storico (cf. Cost. 60).<\/h2>\t\t<\/div>\n\t\t\t\t<\/div>\n\t\t\t\t<div class=\"elementor-element elementor-element-f91d226 elementor-widget elementor-widget-heading\" data-id=\"f91d226\" data-element_type=\"widget\" data-widget_type=\"heading.default\">\n\t\t\t\t<div class=\"elementor-widget-container\">\n\t\t\t<h2 class=\"elementor-heading-title elementor-size-default\">Nelle nostre prime Costituzioni, Padre Luigi Amig\u00f3 indic\u03cc come campi di missione della Congregazione gli ospedali, le case di cura, le scuole, gli orfanotrofi e le missioni, lasciando aperta la possibilit\u00e0 di impegnarci anche in altri campi (cf. OCLA 2293; Cost. 60).  Cos\u00ec, da sempre, la Congregazione discerne in ogni tempo e luogo la sua presenza, cercando di stare attenta e capire quali sono le necessit\u00e0 dei fratelli per soddisfarle, sempre che siano in armonia con il nostro carisma, e di camminare a passo coi tempi per quanto riguarda il lavoro e la missione (cf. Dir. 39).<\/h2>\t\t<\/div>\n\t\t\t\t<\/div>\n\t\t\t\t<div class=\"elementor-element elementor-element-0efabbe elementor-widget elementor-widget-heading\" data-id=\"0efabbe\" data-element_type=\"widget\" data-widget_type=\"heading.default\">\n\t\t\t\t<div class=\"elementor-widget-container\">\n\t\t\t<h2 class=\"elementor-heading-title elementor-size-default\">Svolgiamo la nostra missione evangelizzatrice e carismatica sia in opere proprie, che in quelle promosse e gestite da altre entit\u00e0. Nelle prime, i laici sono una parte importante e integrante del nostro lavoro e, insieme a loro, cerchiamo di approfondire e arricchire il carisma e lavorare insieme per una sempre maggiore comunione e complementariet\u00e0 nella missione (cf. Cost. 64 e Dir. 51).<\/h2>\t\t<\/div>\n\t\t\t\t<\/div>\n\t\t\t\t\t\t<\/div>\n\t\t\t\t\t<\/div>\n\t\t<\/div>\n\t\t\t\t\t\t\t\t<\/div>\n\t\t\t\t\t<\/div>\n\t\t<\/section>\n\t\t\t\t\t\t\t\t\t<\/div>\n\t\t\t<\/div>\n\t\t\t\t\t<\/div>\n\t\t","protected":false},"excerpt":{"rendered":"<p>Introduzione Seguendo l&#8217;esempio del nostro Padre Fondatore, ci sentiamo inviate a curare, proteggere e istruire coloro che hanno bisogno di noi, soprattutto i pi\u00f9 poveri, facendoci solidali e condividendo la loro realt\u00e0, aiutandoli a scoprire la propria dignit\u00e0 di figli di Dio e promuovendo lo sviluppo integrale della persona. Sapendo di essere state inviate a [&hellip;]<\/p>\n","protected":false},"author":1,"featured_media":0,"parent":0,"menu_order":0,"comment_status":"closed","ping_status":"closed","template":"elementor_header_footer","meta":[],"_links":{"self":[{"href":"https:\/\/www.terciariascapuchinas.org\/it\/wp-json\/wp\/v2\/pages\/1289"}],"collection":[{"href":"https:\/\/www.terciariascapuchinas.org\/it\/wp-json\/wp\/v2\/pages"}],"about":[{"href":"https:\/\/www.terciariascapuchinas.org\/it\/wp-json\/wp\/v2\/types\/page"}],"author":[{"embeddable":true,"href":"https:\/\/www.terciariascapuchinas.org\/it\/wp-json\/wp\/v2\/users\/1"}],"replies":[{"embeddable":true,"href":"https:\/\/www.terciariascapuchinas.org\/it\/wp-json\/wp\/v2\/comments?post=1289"}],"version-history":[{"count":20,"href":"https:\/\/www.terciariascapuchinas.org\/it\/wp-json\/wp\/v2\/pages\/1289\/revisions"}],"predecessor-version":[{"id":5063,"href":"https:\/\/www.terciariascapuchinas.org\/it\/wp-json\/wp\/v2\/pages\/1289\/revisions\/5063"}],"wp:attachment":[{"href":"https:\/\/www.terciariascapuchinas.org\/it\/wp-json\/wp\/v2\/media?parent=1289"}],"curies":[{"name":"wp","href":"https:\/\/api.w.org\/{rel}","templated":true}]}}