{"id":1294,"date":"2020-08-15T14:58:36","date_gmt":"2020-08-15T14:58:36","guid":{"rendered":"http:\/\/www.terciariascapuchinas.es\/\/?page_id=1294"},"modified":"2021-03-29T14:44:33","modified_gmt":"2021-03-29T14:44:33","slug":"misiones","status":"publish","type":"page","link":"https:\/\/www.terciariascapuchinas.org\/it\/misiones\/","title":{"rendered":"Misiones"},"content":{"rendered":"\t\t<div data-elementor-type=\"wp-page\" data-elementor-id=\"1294\" class=\"elementor elementor-1294\">\n\t\t\t\t\t\t<div class=\"elementor-inner\">\n\t\t\t\t<div class=\"elementor-section-wrap\">\n\t\t\t\t\t\t\t\t\t<section class=\"elementor-section elementor-top-section elementor-element elementor-element-16d5c8b elementor-section-boxed elementor-section-height-default elementor-section-height-default\" data-id=\"16d5c8b\" data-element_type=\"section\" data-settings=\"{&quot;background_background&quot;:&quot;classic&quot;}\">\n\t\t\t\t\t\t<div class=\"elementor-container elementor-column-gap-default\">\n\t\t\t\t\t\t\t<div class=\"elementor-row\">\n\t\t\t\t\t<div class=\"elementor-column elementor-col-100 elementor-top-column elementor-element elementor-element-e9e9ad8\" data-id=\"e9e9ad8\" data-element_type=\"column\">\n\t\t\t<div class=\"elementor-column-wrap elementor-element-populated\">\n\t\t\t\t\t\t\t<div class=\"elementor-widget-wrap\">\n\t\t\t\t\t\t<div class=\"elementor-element elementor-element-c69cf47 elementor-align-left elementor-icon-list--layout-traditional elementor-list-item-link-full_width elementor-widget elementor-widget-icon-list\" data-id=\"c69cf47\" data-element_type=\"widget\" data-widget_type=\"icon-list.default\">\n\t\t\t\t<div class=\"elementor-widget-container\">\n\t\t\t\t\t<ul class=\"elementor-icon-list-items\">\n\t\t\t\t\t\t\t<li class=\"elementor-icon-list-item\">\n\t\t\t\t\t\t\t\t\t\t\t<span class=\"elementor-icon-list-icon\">\n\t\t\t\t\t\t\t<i aria-hidden=\"true\" class=\"fas fa-hiking\"><\/i>\t\t\t\t\t\t<\/span>\n\t\t\t\t\t\t\t\t\t\t<span class=\"elementor-icon-list-text\">Missione \"ad gentes\"<\/span>\n\t\t\t\t\t\t\t\t\t<\/li>\n\t\t\t\t\t\t<\/ul>\n\t\t\t\t<\/div>\n\t\t\t\t<\/div>\n\t\t\t\t<div class=\"elementor-element elementor-element-53988d7 elementor-widget elementor-widget-heading\" data-id=\"53988d7\" data-element_type=\"widget\" data-widget_type=\"heading.default\">\n\t\t\t\t<div class=\"elementor-widget-container\">\n\t\t\t<h2 class=\"elementor-heading-title elementor-size-default\">La Guajira colombiana, fu la prima missione fuori dalla Spagna, dove, rispondendo fedelmente a quanto Padre Luigi scrisse nelle nostre prime Costituzioni, le sorelle arrivarono nel 1905. Fin da allora, lo spirito missionario \"ad gentes\" \u00e8 sempre rimasto vivo nella Congregazione ed oggi siamo presenti in zone scristianizzate o con fede incipiente.\nEssendo obiettivo principale della nostra missione quello di accompagnare gli uomini e le donne nella ricerca di Dio e manifestare e annunciare loro il messaggio di salvezza del Vangelo, cerchiamo di farlo sull'esempio di Francesco d'Assisi con uno stile di vita che sia segno, con la testimonianza personale e l'esperienza di fraternit\u00e0. Con minorit\u00e0 e umilt\u00e0, cerchiamo di accogliere ogni persona rispettando la sua cultura e religiosit\u00e0, cercando di scoprirvi le impronte di Cristo e adattandoci alla realt\u00e0 in cui ci troviamo (cf. Dir. 48 e 49).\n<\/h2>\t\t<\/div>\n\t\t\t\t<\/div>\n\t\t\t\t<div class=\"elementor-element elementor-element-8551cc4 elementor-widget elementor-widget-gallery\" data-id=\"8551cc4\" data-element_type=\"widget\" data-settings=\"{&quot;columns&quot;:3,&quot;lazyload&quot;:&quot;yes&quot;,&quot;gallery_layout&quot;:&quot;grid&quot;,&quot;columns_tablet&quot;:2,&quot;columns_mobile&quot;:1,&quot;gap&quot;:{&quot;unit&quot;:&quot;px&quot;,&quot;size&quot;:10,&quot;sizes&quot;:[]},&quot;gap_tablet&quot;:{&quot;unit&quot;:&quot;px&quot;,&quot;size&quot;:10,&quot;sizes&quot;:[]},&quot;gap_mobile&quot;:{&quot;unit&quot;:&quot;px&quot;,&quot;size&quot;:10,&quot;sizes&quot;:[]},&quot;link_to&quot;:&quot;file&quot;,&quot;aspect_ratio&quot;:&quot;3:2&quot;,&quot;overlay_background&quot;:&quot;yes&quot;,&quot;content_hover_animation&quot;:&quot;fade-in&quot;}\" data-widget_type=\"gallery.default\">\n\t\t\t\t<div class=\"elementor-widget-container\">\n\t\t\t\t\t<div class=\"elementor-gallery__container\">\n\t\t\t\t\t\t\t<a class=\"e-gallery-item elementor-gallery-item elementor-animated-content\" href=\"https:\/\/www.terciariascapuchinas.org\/it\/wp-content\/uploads\/2020\/12\/44.-Misiones-Guajira-1.jpg\" data-elementor-open-lightbox=\"yes\" data-elementor-lightbox-slideshow=\"all-8551cc4\" data-elementor-lightbox-title=\"Mission ad gentes\" e-action-hash=\"#elementor-action%3Aaction%3Dlightbox%26settings%3DeyJpZCI6NDA2NSwidXJsIjoiaHR0cHM6XC9cL3d3dy50ZXJjaWFyaWFzY2FwdWNoaW5hcy5vcmdcL2l0XC93cC1jb250ZW50XC91cGxvYWRzXC8yMDIwXC8xMlwvNDQuLU1pc2lvbmVzLUd1YWppcmEtMS5qcGciLCJzbGlkZXNob3ciOiJhbGwtODU1MWNjNCJ9\">\n\t\t\t\t\t<div class=\"e-gallery-image elementor-gallery-item__image\" data-thumbnail=\"https:\/\/www.terciariascapuchinas.org\/it\/wp-content\/uploads\/2020\/12\/44.-Misiones-Guajira-1-1024x614.jpg\" data-width=\"580\" data-height=\"348\" alt=\"\" ><\/div>\n\t\t\t\t\t\t\t\t\t\t\t<div class=\"elementor-gallery-item__overlay\"><\/div>\n\t\t\t\t\t\t\t\t\t\t\t\t\t\t<\/a>\n\t\t\t\t\t\t\t<a class=\"e-gallery-item elementor-gallery-item elementor-animated-content\" href=\"https:\/\/www.terciariascapuchinas.org\/it\/wp-content\/uploads\/2020\/12\/49..-Misio\u0301n-Adgentes-India.jpg\" data-elementor-open-lightbox=\"yes\" data-elementor-lightbox-slideshow=\"all-8551cc4\" data-elementor-lightbox-title=\"Mission ad gentes\" e-action-hash=\"#elementor-action%3Aaction%3Dlightbox%26settings%3DeyJpZCI6NDA3NCwidXJsIjoiaHR0cHM6XC9cL3d3dy50ZXJjaWFyaWFzY2FwdWNoaW5hcy5vcmdcL2l0XC93cC1jb250ZW50XC91cGxvYWRzXC8yMDIwXC8xMlwvNDkuLi1NaXNpb1x1MDMwMW4tQWRnZW50ZXMtSW5kaWEuanBnIiwic2xpZGVzaG93IjoiYWxsLTg1NTFjYzQifQ%3D%3D\">\n\t\t\t\t\t<div class=\"e-gallery-image elementor-gallery-item__image\" data-thumbnail=\"https:\/\/www.terciariascapuchinas.org\/it\/wp-content\/uploads\/2020\/12\/49..-Misio\u0301n-Adgentes-India-1024x768.jpg\" data-width=\"580\" data-height=\"435\" alt=\"\" ><\/div>\n\t\t\t\t\t\t\t\t\t\t\t<div class=\"elementor-gallery-item__overlay\"><\/div>\n\t\t\t\t\t\t\t\t\t\t\t\t\t\t<\/a>\n\t\t\t\t\t\t\t<a class=\"e-gallery-item elementor-gallery-item elementor-animated-content\" href=\"https:\/\/www.terciariascapuchinas.org\/it\/wp-content\/uploads\/2020\/12\/45.-Misio\u0301n-Ad-Gentes-1.jpg\" data-elementor-open-lightbox=\"yes\" data-elementor-lightbox-slideshow=\"all-8551cc4\" data-elementor-lightbox-title=\"Mission ad gentes\" e-action-hash=\"#elementor-action%3Aaction%3Dlightbox%26settings%3DeyJpZCI6NDA4MiwidXJsIjoiaHR0cHM6XC9cL3d3dy50ZXJjaWFyaWFzY2FwdWNoaW5hcy5vcmdcL2l0XC93cC1jb250ZW50XC91cGxvYWRzXC8yMDIwXC8xMlwvNDUuLU1pc2lvXHUwMzAxbi1BZC1HZW50ZXMtMS5qcGciLCJzbGlkZXNob3ciOiJhbGwtODU1MWNjNCJ9\">\n\t\t\t\t\t<div class=\"e-gallery-image elementor-gallery-item__image\" data-thumbnail=\"https:\/\/www.terciariascapuchinas.org\/it\/wp-content\/uploads\/2020\/12\/45.-Misio\u0301n-Ad-Gentes-1-1024x768.jpg\" data-width=\"580\" data-height=\"435\" alt=\"\" ><\/div>\n\t\t\t\t\t\t\t\t\t\t\t<div class=\"elementor-gallery-item__overlay\"><\/div>\n\t\t\t\t\t\t\t\t\t\t\t\t\t\t<\/a>\n\t\t\t\t\t\t\t<a class=\"e-gallery-item elementor-gallery-item elementor-animated-content\" href=\"https:\/\/www.terciariascapuchinas.org\/it\/wp-content\/uploads\/2020\/12\/47.-Misio\u0301n-Adgentes-1.jpg\" data-elementor-open-lightbox=\"yes\" data-elementor-lightbox-slideshow=\"all-8551cc4\" data-elementor-lightbox-title=\"Mission ad gentes\" e-action-hash=\"#elementor-action%3Aaction%3Dlightbox%26settings%3DeyJpZCI6NDA4NCwidXJsIjoiaHR0cHM6XC9cL3d3dy50ZXJjaWFyaWFzY2FwdWNoaW5hcy5vcmdcL2l0XC93cC1jb250ZW50XC91cGxvYWRzXC8yMDIwXC8xMlwvNDcuLU1pc2lvXHUwMzAxbi1BZGdlbnRlcy0xLmpwZyIsInNsaWRlc2hvdyI6ImFsbC04NTUxY2M0In0%3D\">\n\t\t\t\t\t<div class=\"e-gallery-image elementor-gallery-item__image\" data-thumbnail=\"https:\/\/www.terciariascapuchinas.org\/it\/wp-content\/uploads\/2020\/12\/47.-Misio\u0301n-Adgentes-1-1024x768.jpg\" data-width=\"580\" data-height=\"435\" alt=\"\" ><\/div>\n\t\t\t\t\t\t\t\t\t\t\t<div class=\"elementor-gallery-item__overlay\"><\/div>\n\t\t\t\t\t\t\t\t\t\t\t\t\t\t<\/a>\n\t\t\t\t\t\t\t<a class=\"e-gallery-item elementor-gallery-item elementor-animated-content\" href=\"https:\/\/www.terciariascapuchinas.org\/it\/wp-content\/uploads\/2021\/01\/48.-Africa.jpg\" data-elementor-open-lightbox=\"yes\" data-elementor-lightbox-slideshow=\"all-8551cc4\" data-elementor-lightbox-title=\"Mission ad gentes\" e-action-hash=\"#elementor-action%3Aaction%3Dlightbox%26settings%3DeyJpZCI6NDY2MSwidXJsIjoiaHR0cHM6XC9cL3d3dy50ZXJjaWFyaWFzY2FwdWNoaW5hcy5vcmdcL2l0XC93cC1jb250ZW50XC91cGxvYWRzXC8yMDIxXC8wMVwvNDguLUFmcmljYS5qcGciLCJzbGlkZXNob3ciOiJhbGwtODU1MWNjNCJ9\">\n\t\t\t\t\t<div class=\"e-gallery-image elementor-gallery-item__image\" data-thumbnail=\"https:\/\/www.terciariascapuchinas.org\/it\/wp-content\/uploads\/2021\/01\/48.-Africa-768x1024.jpg\" data-width=\"580\" data-height=\"773\" alt=\"\" ><\/div>\n\t\t\t\t\t\t\t\t\t\t\t<div class=\"elementor-gallery-item__overlay\"><\/div>\n\t\t\t\t\t\t\t\t\t\t\t\t\t\t<\/a>\n\t\t\t\t\t<\/div>\n\t\t\t<\/div>\n\t\t\t\t<\/div>\n\t\t\t\t\t\t<\/div>\n\t\t\t\t\t<\/div>\n\t\t<\/div>\n\t\t\t\t\t\t\t\t<\/div>\n\t\t\t\t\t<\/div>\n\t\t<\/section>\n\t\t\t\t\t\t\t\t\t<\/div>\n\t\t\t<\/div>\n\t\t\t\t\t<\/div>\n\t\t","protected":false},"excerpt":{"rendered":"<p>Missione \u00abad gentes\u00bb La Guajira colombiana, fu la prima missione fuori dalla Spagna, dove, rispondendo fedelmente a quanto Padre Luigi scrisse nelle nostre prime Costituzioni, le sorelle arrivarono nel 1905. Fin da allora, lo spirito missionario \u00abad gentes\u00bb \u00e8 sempre rimasto vivo nella Congregazione ed oggi siamo presenti in zone scristianizzate o con fede incipiente. [&hellip;]<\/p>\n","protected":false},"author":1,"featured_media":0,"parent":0,"menu_order":0,"comment_status":"closed","ping_status":"closed","template":"elementor_header_footer","meta":[],"_links":{"self":[{"href":"https:\/\/www.terciariascapuchinas.org\/it\/wp-json\/wp\/v2\/pages\/1294"}],"collection":[{"href":"https:\/\/www.terciariascapuchinas.org\/it\/wp-json\/wp\/v2\/pages"}],"about":[{"href":"https:\/\/www.terciariascapuchinas.org\/it\/wp-json\/wp\/v2\/types\/page"}],"author":[{"embeddable":true,"href":"https:\/\/www.terciariascapuchinas.org\/it\/wp-json\/wp\/v2\/users\/1"}],"replies":[{"embeddable":true,"href":"https:\/\/www.terciariascapuchinas.org\/it\/wp-json\/wp\/v2\/comments?post=1294"}],"version-history":[{"count":24,"href":"https:\/\/www.terciariascapuchinas.org\/it\/wp-json\/wp\/v2\/pages\/1294\/revisions"}],"predecessor-version":[{"id":5076,"href":"https:\/\/www.terciariascapuchinas.org\/it\/wp-json\/wp\/v2\/pages\/1294\/revisions\/5076"}],"wp:attachment":[{"href":"https:\/\/www.terciariascapuchinas.org\/it\/wp-json\/wp\/v2\/media?parent=1294"}],"curies":[{"name":"wp","href":"https:\/\/api.w.org\/{rel}","templated":true}]}}