{"id":20,"date":"2020-05-04T12:18:23","date_gmt":"2020-05-04T12:18:23","guid":{"rendered":"http:\/\/florastrosytarot.com\/terciarias\/?page_id=20"},"modified":"2021-03-31T11:26:38","modified_gmt":"2021-03-31T11:26:38","slug":"xxii-capitulo-general","status":"publish","type":"page","link":"https:\/\/www.terciariascapuchinas.org\/it\/xxii-capitulo-general\/","title":{"rendered":"XXII Cap\u00edtulo General"},"content":{"rendered":"\t\t<div data-elementor-type=\"wp-page\" data-elementor-id=\"20\" class=\"elementor elementor-20\">\n\t\t\t\t\t\t<div class=\"elementor-inner\">\n\t\t\t\t<div class=\"elementor-section-wrap\">\n\t\t\t\t\t\t\t\t\t<section class=\"elementor-section elementor-top-section elementor-element elementor-element-726c420 elementor-section-boxed elementor-section-height-default elementor-section-height-default\" data-id=\"726c420\" data-element_type=\"section\" data-settings=\"{&quot;background_background&quot;:&quot;classic&quot;}\">\n\t\t\t\t\t\t<div class=\"elementor-container elementor-column-gap-default\">\n\t\t\t\t\t\t\t<div class=\"elementor-row\">\n\t\t\t\t\t<div class=\"elementor-column elementor-col-100 elementor-top-column elementor-element elementor-element-519ed12c\" data-id=\"519ed12c\" data-element_type=\"column\">\n\t\t\t<div class=\"elementor-column-wrap elementor-element-populated\">\n\t\t\t\t\t\t\t<div class=\"elementor-widget-wrap\">\n\t\t\t\t\t\t<div class=\"elementor-element elementor-element-62b2a301 elementor-align-left elementor-icon-list--layout-traditional elementor-list-item-link-full_width elementor-widget elementor-widget-icon-list\" data-id=\"62b2a301\" data-element_type=\"widget\" data-widget_type=\"icon-list.default\">\n\t\t\t\t<div class=\"elementor-widget-container\">\n\t\t\t\t\t<ul class=\"elementor-icon-list-items\">\n\t\t\t\t\t\t\t<li class=\"elementor-icon-list-item\">\n\t\t\t\t\t\t\t\t\t\t\t<span class=\"elementor-icon-list-icon\">\n\t\t\t\t\t\t\t<i aria-hidden=\"true\" class=\"fas fa-home\"><\/i>\t\t\t\t\t\t<\/span>\n\t\t\t\t\t\t\t\t\t\t<span class=\"elementor-icon-list-text\">XXII Capitolo generale<\/span>\n\t\t\t\t\t\t\t\t\t<\/li>\n\t\t\t\t\t\t<\/ul>\n\t\t\t\t<\/div>\n\t\t\t\t<\/div>\n\t\t\t\t<div class=\"elementor-element elementor-element-6f025c3 elementor-widget elementor-widget-heading\" data-id=\"6f025c3\" data-element_type=\"widget\" data-widget_type=\"heading.default\">\n\t\t\t\t<div class=\"elementor-widget-container\">\n\t\t\t<h2 class=\"elementor-heading-title elementor-size-default\">Il Capitolo generale \u00e8, per ogni Congregazione, segno di unit\u00e0 nella carit\u00e0. Noi Terziarie Cappuccine lo celebriamo ogni sei anni e vi partecipano sorelle che rappresentano tutte le nostre presenze nel mondo. \u00c8 un momento di fraternit\u00e0 e di profonda riflessione sul cammino percorso dalla Congregazione negli ultimi sei anni e di confronto sulla realt\u00e0 del mondo e della Chiesa per poi tracciare insieme gli obiettivi e le priorit\u00e0 per il sessennio che inizia. Durante il Capitolo le sorelle eleggono la Sorella Superiora generale e il suo Consiglio che accompagneranno la Congregazione fino al seguente Capitolo.<\/h2>\t\t<\/div>\n\t\t\t\t<\/div>\n\t\t\t\t<div class=\"elementor-element elementor-element-e9b8e6b elementor-widget elementor-widget-image\" data-id=\"e9b8e6b\" data-element_type=\"widget\" data-widget_type=\"image.default\">\n\t\t\t\t<div class=\"elementor-widget-container\">\n\t\t\t\t\t\t\t\t<div class=\"elementor-image\">\n\t\t\t\t\t\t\t\t\t\t\t\t<img width=\"2276\" height=\"1587\" src=\"https:\/\/www.terciariascapuchinas.org\/it\/wp-content\/uploads\/2020\/12\/68.1-XXII-Capi\u0301tulo-general-importante-.jpg\" class=\"attachment-full size-full\" alt=\"\" loading=\"lazy\" srcset=\"https:\/\/www.terciariascapuchinas.org\/it\/wp-content\/uploads\/2020\/12\/68.1-XXII-Capi\u0301tulo-general-importante-.jpg 2276w, https:\/\/www.terciariascapuchinas.org\/it\/wp-content\/uploads\/2020\/12\/68.1-XXII-Capi\u0301tulo-general-importante--300x209.jpg 300w, https:\/\/www.terciariascapuchinas.org\/it\/wp-content\/uploads\/2020\/12\/68.1-XXII-Capi\u0301tulo-general-importante--1024x714.jpg 1024w, https:\/\/www.terciariascapuchinas.org\/it\/wp-content\/uploads\/2020\/12\/68.1-XXII-Capi\u0301tulo-general-importante--768x536.jpg 768w, https:\/\/www.terciariascapuchinas.org\/it\/wp-content\/uploads\/2020\/12\/68.1-XXII-Capi\u0301tulo-general-importante--1536x1071.jpg 1536w, https:\/\/www.terciariascapuchinas.org\/it\/wp-content\/uploads\/2020\/12\/68.1-XXII-Capi\u0301tulo-general-importante--2048x1428.jpg 2048w, https:\/\/www.terciariascapuchinas.org\/it\/wp-content\/uploads\/2020\/12\/68.1-XXII-Capi\u0301tulo-general-importante--1200x837.jpg 1200w, https:\/\/www.terciariascapuchinas.org\/it\/wp-content\/uploads\/2020\/12\/68.1-XXII-Capi\u0301tulo-general-importante--1980x1381.jpg 1980w\" sizes=\"(max-width: 2276px) 100vw, 2276px\" \/>\t\t\t\t\t\t\t\t\t\t\t\t\t\t<\/div>\n\t\t\t\t\t\t<\/div>\n\t\t\t\t<\/div>\n\t\t\t\t<div class=\"elementor-element elementor-element-c3f3320 elementor-widget elementor-widget-heading\" data-id=\"c3f3320\" data-element_type=\"widget\" data-widget_type=\"heading.default\">\n\t\t\t\t<div class=\"elementor-widget-container\">\n\t\t\t<h2 class=\"elementor-heading-title elementor-size-default\">Abbiamo celebrato il nostro ultimo Capitolo generale nel 2016 e nel suo Documento Finale abbiamo raccolto quattro opzioni per continuare a lavorare, rafforzare e dare maggiore senso alla nostra vita come consacrate e alla missione, durante il sessennio 2016-2022:<\/h2>\t\t<\/div>\n\t\t\t\t<\/div>\n\t\t\t\t<div class=\"elementor-element elementor-element-9f56eba elementor-icon-list--layout-traditional elementor-list-item-link-full_width elementor-widget elementor-widget-icon-list\" data-id=\"9f56eba\" data-element_type=\"widget\" data-widget_type=\"icon-list.default\">\n\t\t\t\t<div class=\"elementor-widget-container\">\n\t\t\t\t\t<ul class=\"elementor-icon-list-items\">\n\t\t\t\t\t\t\t<li class=\"elementor-icon-list-item\">\n\t\t\t\t\t\t\t\t\t\t\t<span class=\"elementor-icon-list-icon\">\n\t\t\t\t\t\t\t<i aria-hidden=\"true\" class=\"fas fa-arrow-alt-circle-right\"><\/i>\t\t\t\t\t\t<\/span>\n\t\t\t\t\t\t\t\t\t\t<span class=\"elementor-icon-list-text\">Dara una nuova significativit\u00e0 alla messa in pratica della nostra identit\u00e0 carismatica<\/span>\n\t\t\t\t\t\t\t\t\t<\/li>\n\t\t\t\t\t\t\t\t<li class=\"elementor-icon-list-item\">\n\t\t\t\t\t\t\t\t\t\t\t<span class=\"elementor-icon-list-icon\">\n\t\t\t\t\t\t\t<i aria-hidden=\"true\" class=\"fas fa-arrow-alt-circle-right\"><\/i>\t\t\t\t\t\t<\/span>\n\t\t\t\t\t\t\t\t\t\t<span class=\"elementor-icon-list-text\">Rivitalizzare una formazione centrata su Ges\u00f9 Cristo, che sia personalizzata e inculturata  <\/span>\n\t\t\t\t\t\t\t\t\t<\/li>\n\t\t\t\t\t\t\t\t<li class=\"elementor-icon-list-item\">\n\t\t\t\t\t\t\t\t\t\t\t<span class=\"elementor-icon-list-icon\">\n\t\t\t\t\t\t\t<i aria-hidden=\"true\" class=\"fas fa-arrow-alt-circle-right\"><\/i>\t\t\t\t\t\t<\/span>\n\t\t\t\t\t\t\t\t\t\t<span class=\"elementor-icon-list-text\">Assumere la ristrutturazione nella sua fase di crescita e trasformazione<\/span>\n\t\t\t\t\t\t\t\t\t<\/li>\n\t\t\t\t\t\t\t\t<li class=\"elementor-icon-list-item\">\n\t\t\t\t\t\t\t\t\t\t\t<span class=\"elementor-icon-list-icon\">\n\t\t\t\t\t\t\t<i aria-hidden=\"true\" class=\"fas fa-arrow-alt-circle-right\"><\/i>\t\t\t\t\t\t<\/span>\n\t\t\t\t\t\t\t\t\t\t<span class=\"elementor-icon-list-text\">Vivere un'economia fraterna capace di creare vincoli e partecipazione solidaria<\/span>\n\t\t\t\t\t\t\t\t\t<\/li>\n\t\t\t\t\t\t<\/ul>\n\t\t\t\t<\/div>\n\t\t\t\t<\/div>\n\t\t\t\t\t\t<\/div>\n\t\t\t\t\t<\/div>\n\t\t<\/div>\n\t\t\t\t\t\t\t\t<\/div>\n\t\t\t\t\t<\/div>\n\t\t<\/section>\n\t\t\t\t\t\t\t\t\t<\/div>\n\t\t\t<\/div>\n\t\t\t\t\t<\/div>\n\t\t","protected":false},"excerpt":{"rendered":"<p>XXII Capitolo generale Il Capitolo generale \u00e8, per ogni Congregazione, segno di unit\u00e0 nella carit\u00e0. Noi Terziarie Cappuccine lo celebriamo ogni sei anni e vi partecipano sorelle che rappresentano tutte le nostre presenze nel mondo. \u00c8 un momento di fraternit\u00e0 e di profonda riflessione sul cammino percorso dalla Congregazione negli ultimi sei anni e di [&hellip;]<\/p>\n","protected":false},"author":1,"featured_media":0,"parent":0,"menu_order":0,"comment_status":"closed","ping_status":"closed","template":"elementor_header_footer","meta":[],"_links":{"self":[{"href":"https:\/\/www.terciariascapuchinas.org\/it\/wp-json\/wp\/v2\/pages\/20"}],"collection":[{"href":"https:\/\/www.terciariascapuchinas.org\/it\/wp-json\/wp\/v2\/pages"}],"about":[{"href":"https:\/\/www.terciariascapuchinas.org\/it\/wp-json\/wp\/v2\/types\/page"}],"author":[{"embeddable":true,"href":"https:\/\/www.terciariascapuchinas.org\/it\/wp-json\/wp\/v2\/users\/1"}],"replies":[{"embeddable":true,"href":"https:\/\/www.terciariascapuchinas.org\/it\/wp-json\/wp\/v2\/comments?post=20"}],"version-history":[{"count":39,"href":"https:\/\/www.terciariascapuchinas.org\/it\/wp-json\/wp\/v2\/pages\/20\/revisions"}],"predecessor-version":[{"id":5208,"href":"https:\/\/www.terciariascapuchinas.org\/it\/wp-json\/wp\/v2\/pages\/20\/revisions\/5208"}],"wp:attachment":[{"href":"https:\/\/www.terciariascapuchinas.org\/it\/wp-json\/wp\/v2\/media?parent=20"}],"curies":[{"name":"wp","href":"https:\/\/api.w.org\/{rel}","templated":true}]}}