{"id":43,"date":"2020-05-04T12:31:31","date_gmt":"2020-05-04T12:31:31","guid":{"rendered":"http:\/\/florastrosytarot.com\/terciarias\/?page_id=43"},"modified":"2021-03-30T09:13:51","modified_gmt":"2021-03-30T09:13:51","slug":"prov-madre-del-buen-pastor","status":"publish","type":"page","link":"https:\/\/www.terciariascapuchinas.org\/it\/quienes-somos\/demarcaciones\/prov-madre-del-buen-pastor\/","title":{"rendered":"Prov. Madre del Buen Pastor"},"content":{"rendered":"\t\t<div data-elementor-type=\"wp-page\" data-elementor-id=\"43\" class=\"elementor elementor-43\">\n\t\t\t\t\t\t<div class=\"elementor-inner\">\n\t\t\t\t<div class=\"elementor-section-wrap\">\n\t\t\t\t\t\t\t\t\t<section class=\"elementor-section elementor-top-section elementor-element elementor-element-7a3ff6c elementor-section-boxed elementor-section-height-default elementor-section-height-default\" data-id=\"7a3ff6c\" data-element_type=\"section\">\n\t\t\t\t\t\t<div class=\"elementor-container elementor-column-gap-default\">\n\t\t\t\t\t\t\t<div class=\"elementor-row\">\n\t\t\t\t\t<div class=\"elementor-column elementor-col-100 elementor-top-column elementor-element elementor-element-b7023c4\" data-id=\"b7023c4\" data-element_type=\"column\">\n\t\t\t<div class=\"elementor-column-wrap elementor-element-populated\">\n\t\t\t\t\t\t\t<div class=\"elementor-widget-wrap\">\n\t\t\t\t\t\t<div class=\"elementor-element elementor-element-1bea968 elementor-align-left elementor-icon-list--layout-traditional elementor-list-item-link-full_width elementor-widget elementor-widget-icon-list\" data-id=\"1bea968\" data-element_type=\"widget\" data-widget_type=\"icon-list.default\">\n\t\t\t\t<div class=\"elementor-widget-container\">\n\t\t\t\t\t<ul class=\"elementor-icon-list-items\">\n\t\t\t\t\t\t\t<li class=\"elementor-icon-list-item\">\n\t\t\t\t\t\t\t\t\t\t\t<span class=\"elementor-icon-list-icon\">\n\t\t\t\t\t\t\t<i aria-hidden=\"true\" class=\"fas fa-female\"><\/i>\t\t\t\t\t\t<\/span>\n\t\t\t\t\t\t\t\t\t\t<span class=\"elementor-icon-list-text\">Provincia \"Madre del Buon Pastore\"<\/span>\n\t\t\t\t\t\t\t\t\t<\/li>\n\t\t\t\t\t\t<\/ul>\n\t\t\t\t<\/div>\n\t\t\t\t<\/div>\n\t\t\t\t<div class=\"elementor-element elementor-element-dbb744e elementor-widget elementor-widget-heading\" data-id=\"dbb744e\" data-element_type=\"widget\" data-widget_type=\"heading.default\">\n\t\t\t\t<div class=\"elementor-widget-container\">\n\t\t\t<h2 class=\"elementor-heading-title elementor-size-medium\">Curia provinciale\t<br>Calle 24A   N\u00ba 43B-28. Barrio Quinta Paredes. Bogot\u00e1. Colombia\n<\/h2>\t\t<\/div>\n\t\t\t\t<\/div>\n\t\t\t\t<div class=\"elementor-element elementor-element-250143c elementor-widget elementor-widget-heading\" data-id=\"250143c\" data-element_type=\"widget\" data-widget_type=\"heading.default\">\n\t\t\t\t<div class=\"elementor-widget-container\">\n\t\t\t<h3 class=\"elementor-heading-title elementor-size-medium\">secretariambp@terciariascapuchinas.org<\/h3>\t\t<\/div>\n\t\t\t\t<\/div>\n\t\t\t\t<div class=\"elementor-element elementor-element-c035c47 elementor-widget elementor-widget-heading\" data-id=\"c035c47\" data-element_type=\"widget\" data-widget_type=\"heading.default\">\n\t\t\t\t<div class=\"elementor-widget-container\">\n\t\t\t<h3 class=\"elementor-heading-title elementor-size-medium\">+ 57 1 2693236<\/h3>\t\t<\/div>\n\t\t\t\t<\/div>\n\t\t\t\t<div class=\"elementor-element elementor-element-4910c75 elementor-widget elementor-widget-shortcode\" data-id=\"4910c75\" data-element_type=\"widget\" data-widget_type=\"shortcode.default\">\n\t\t\t\t<div class=\"elementor-widget-container\">\n\t\t\t\t\t<div class=\"elementor-shortcode\">\n<table id=\"tablepress-1\" class=\"tablepress tablepress-id-1\">\n<thead>\n<tr class=\"row-1 odd\">\n\t<th class=\"column-1\">Nombre<\/th><th class=\"column-2\">Direcci\u00f3n<\/th><th class=\"column-3\">Tel\u00e9fono<\/th>\n<\/tr>\n<\/thead>\n<tbody class=\"row-hover\">\n<tr class=\"row-2 even\">\n\t<td class=\"column-1\"><a href=\"https:\/\/www.terciariascapuchinas.org\/fr\/quienes-somos\/demarcaciones\/prov-madre-del-buen-pastor\/internado-sagrada-familia\/\" target=\"_blank\" rel=\"noopener noreferrer\">Instituci\u00f3n Etno-educativa rural Internado Sagrada Familia. Nazareth. Alta Guajira<\/a><\/td><td class=\"column-2\">Carrera 6\u00aa calle 11 N\u00b0 1 \u2013 21 Barrio centro. Riohacha Guajira. Colombia<\/td><td class=\"column-3\">Cel. +57 3137534153<\/td>\n<\/tr>\n<tr class=\"row-3 odd\">\n\t<td class=\"column-1\"><a href=\"https:\/\/www.terciariascapuchinas.org\/fr\/quienes-somos\/demarcaciones\/prov-madre-del-buen-pastor\/institucion-educativa-normal-superior-indigena\/\" target=\"_blank\" rel=\"noopener noreferrer\">Instituci\u00f3n Educativa Normal Superior Ind\u00edgena<\/a><\/td><td class=\"column-2\">Calle 8 No. 15-90. Uribia. Guajira. Colombia<\/td><td class=\"column-3\">CEL: +57 3108477252<\/td>\n<\/tr>\n<tr class=\"row-4 even\">\n\t<td class=\"column-1\"><a href=\"https:\/\/www.terciariascapuchinas.org\/fr\/quienes-somos\/demarcaciones\/prov-madre-del-buen-pastor\/colegio-sagrada-familia\/\" target=\"_blank\" rel=\"noopener noreferrer\">Colegio \u201cSagrada Familia\u201d<\/a><\/td><td class=\"column-2\">Carrera 6\u00aa calle 11 N\u00b0 1 \u2013 21 Barrio Centro. Riohacha. Guajira. Colombia<\/td><td class=\"column-3\">Tel. 57 5 7272509<\/td>\n<\/tr>\n<tr class=\"row-5 odd\">\n\t<td class=\"column-1\"><a href=\"https:\/\/www.terciariascapuchinas.org\/fr\/quienes-somos\/demarcaciones\/prov-madre-del-buen-pastor\/colegio-sagrada-familia-2\/\" target=\"_blank\" rel=\"noopener noreferrer\">Colegio \u201cSagrada Familia\u201d<\/a><\/td><td class=\"column-2\">Carrera 9-A N\u00ba 15-16. Barrio Hormigueral<br \/>\nVillanueva \u2013 Guajira. Colombia<\/td><td class=\"column-3\">Tel: +57 5 7772145. Cel: + 57 3205660806 <\/td>\n<\/tr>\n<tr class=\"row-6 even\">\n\t<td class=\"column-1\"><a href=\"https:\/\/www.terciariascapuchinas.org\/fr\/quienes-somos\/demarcaciones\/prov-madre-del-buen-pastor\/colegio-sagrada-familia-3\/\" target=\"_blank\" rel=\"noopener noreferrer\">Colegio \u201cSagrada Familia\u201d<\/a><\/td><td class=\"column-2\">Calle 72 N\u00b0 38-79 Barranquilla. Atl\u00e1ntico. Colombia<\/td><td class=\"column-3\">Tel: +57 5 3059040 <\/td>\n<\/tr>\n<tr class=\"row-7 odd\">\n\t<td class=\"column-1\"><a href=\"https:\/\/www.terciariascapuchinas.org\/fr\/quienes-somos\/demarcaciones\/prov-madre-del-buen-pastor\/colegio-sagrada-familia-4\/\" target=\"_blank\" rel=\"noopener noreferrer\">Colegio \u201cSagrada Familia\u201d<\/a><\/td><td class=\"column-2\">Transversal 8 No. 2B-85. V\u00eda a Hurtado\u2013Barrio Los Campanos. Valledupar. Cesar. Colombia<\/td><td class=\"column-3\">Tel: +57 5  5856664   <\/td>\n<\/tr>\n<tr class=\"row-8 even\">\n\t<td class=\"column-1\"><a href=\"https:\/\/www.terciariascapuchinas.org\/fr\/quienes-somos\/demarcaciones\/prov-madre-del-buen-pastor\/colegio-merced\/\" target=\"_blank\" rel=\"noopener noreferrer\">Colegio \u201cLa Merced\u201d<\/a><\/td><td class=\"column-2\">Carrera. 33 N\u00b0. 56-207. Barrio Conucos. Bucaramanga. Santander. Colombia<\/td><td class=\"column-3\">Tel: + 57 7 6477041 <\/td>\n<\/tr>\n<tr class=\"row-9 odd\">\n\t<td class=\"column-1\"><a href=\"https:\/\/www.terciariascapuchinas.org\/fr\/quienes-somos\/demarcaciones\/prov-madre-del-buen-pastor\/normal-superior-antonia-santos\/\" target=\"_blank\" rel=\"noopener noreferrer\">Normal superior \u201cAntonia Santos\u201d<\/a><\/td><td class=\"column-2\">Carrera 6 # 10-142 Barrio Chico. Puente Nacional. Santander Colombia <\/td><td class=\"column-3\">Tel: +57 7 7587096<\/td>\n<\/tr>\n<tr class=\"row-10 even\">\n\t<td class=\"column-1\"><a href=\"https:\/\/www.terciariascapuchinas.org\/fr\/quienes-somos\/demarcaciones\/prov-madre-del-buen-pastor\/colegio-maria-inmaculada\/\" target=\"_blank\" rel=\"noopener noreferrer\">Colegio \u201cMar\u00eda Inmaculada\u201d<\/a><\/td><td class=\"column-2\">Carrera 7 # 166 \u2013 71 Barrio Santa Teresa. Usaqu\u00e9n. Bogot\u00e1. Colombia <\/td><td class=\"column-3\">Tel: 57 1 6711177<\/td>\n<\/tr>\n<tr class=\"row-11 odd\">\n\t<td class=\"column-1\"><a href=\"https:\/\/www.terciariascapuchinas.org\/fr\/quienes-somos\/demarcaciones\/prov-madre-del-buen-pastor\/colegio-santa-teresa-jesus\/\" target=\"_blank\" rel=\"noopener noreferrer\">Colegio \u201cSanta Teresa de Jes\u00fas\u201d<\/a><\/td><td class=\"column-2\">Carrera 99 N\u00b0 19 \u2013 72 Fontib\u00f3n Centro. Bogot\u00e1. Colombia <\/td><td class=\"column-3\">Tel: +57 1 4180549<\/td>\n<\/tr>\n<tr class=\"row-12 even\">\n\t<td class=\"column-1\"><a href=\"https:\/\/www.terciariascapuchinas.org\/fr\/quienes-somos\/demarcaciones\/prov-madre-del-buen-pastor\/colegio-sagrada-familia-5\/\" target=\"_blank\" rel=\"noopener noreferrer\">Colegio \u201cSagrada Familia\u201d<\/a><\/td><td class=\"column-2\">Carrera 13 #12-11, Parque Sucre, Armenia Quind\u00edo. Colombia <\/td><td class=\"column-3\">Fijo. + 57 6 746-91-47<\/td>\n<\/tr>\n<tr class=\"row-13 odd\">\n\t<td class=\"column-1\"><a href=\"https:\/\/www.terciariascapuchinas.org\/fr\/quienes-somos\/demarcaciones\/prov-madre-del-buen-pastor\/colegio-nazaret\/\" target=\"_blank\" rel=\"noopener noreferrer\">Colegio \u201cNazaret\u201d<\/a><\/td><td class=\"column-2\">Calle 20 Cra 32\u00aa \u2013 13.  Barrio Alvernia. Tulu\u00e1. Valle Colombia <\/td><td class=\"column-3\">Tel: +92 2320184<\/td>\n<\/tr>\n<tr class=\"row-14 even\">\n\t<td class=\"column-1\"><a href=\"https:\/\/www.terciariascapuchinas.org\/fr\/quienes-somos\/demarcaciones\/prov-madre-del-buen-pastor\/centro-juvenil-elena-barranquilla\/\" target=\"_blank\" rel=\"noopener noreferrer\">Centro Juvenil \u201cElena de Barranquilla\u201d<\/a><\/td><td class=\"column-2\">Carrera 54 N\u00ba 48-35 Barrio Abajo. Barranquilla. Atl\u00e1ntico. Colombia <\/td><td class=\"column-3\">Cel. +57 3003393187<\/td>\n<\/tr>\n<tr class=\"row-15 odd\">\n\t<td class=\"column-1\"><a href=\"https:\/\/www.terciariascapuchinas.org\/fr\/quienes-somos\/demarcaciones\/prov-madre-del-buen-pastor\/instituto-santa-maria\/\" target=\"_blank\" rel=\"noopener noreferrer\">Instituto  \u201cSanta Mar\u00eda\u201d<\/a><\/td><td class=\"column-2\">Calle 7 # 12-15 Barrio San Bosco. Cali.  Valle. Colombia<\/td><td class=\"column-3\">Tel. +57 2 3760940 <\/td>\n<\/tr>\n<tr class=\"row-16 even\">\n\t<td class=\"column-1\"><a href=\"https:\/\/www.terciariascapuchinas.org\/fr\/quienes-somos\/demarcaciones\/prov-madre-del-buen-pastor\/instituto-sagrada-familia\/\" target=\"_blank\" rel=\"noopener noreferrer\">Instituto de la \u201cSagrada Familia\u201d<\/a><\/td><td class=\"column-2\">Calle 32. Calles 26 y 27. Tulu\u00e1 \u2013 Valle. Colombia<\/td><td class=\"column-3\">Tel. +57 2 2242024  <\/td>\n<\/tr>\n<tr class=\"row-17 odd\">\n\t<td class=\"column-1\"><a href=\"https:\/\/www.terciariascapuchinas.org\/fr\/quienes-somos\/demarcaciones\/prov-madre-del-buen-pastor\/centro-bienestar-anciano\/\" target=\"_blank\" rel=\"noopener noreferrer\">Centro del bienestar del Anciano<\/a><\/td><td class=\"column-2\">Calle 16 N\u00b0 7-124. Barrio: Buen Mayor. Buga. Valle. Colombia <\/td><td class=\"column-3\">Tel: +57 2 276222. +57 3148924342<\/td>\n<\/tr>\n<tr class=\"row-18 even\">\n\t<td class=\"column-1\"><a href=\"https:\/\/www.terciariascapuchinas.org\/fr\/quienes-somos\/demarcaciones\/prov-madre-del-buen-pastor\/casa-hermanas-mayores-emaus\/\" target=\"_blank\" rel=\"noopener noreferrer\">Casa de Hermanas Mayores \u201cEma\u00fas\u201d<\/a><\/td><td class=\"column-2\">Kil\u00f3metro. 7 V\u00eda el Ed\u00e9n. Armenia. Quind\u00edo. Colombia <\/td><td class=\"column-3\">Tel: +57 7479024. Cel. +57 3122583085<\/td>\n<\/tr>\n<tr class=\"row-19 odd\">\n\t<td class=\"column-1\"><a href=\"https:\/\/www.terciariascapuchinas.org\/fr\/quienes-somos\/demarcaciones\/prov-madre-del-buen-pastor\/casa-hermanas-mayores-valle-umbria\/\" target=\"_blank\" rel=\"noopener noreferrer\">Valle de Umbr\u00eda<\/a><\/td><td class=\"column-2\">Kil\u00f3metro 13 v\u00eda Piedecuesta. Vereda La Mata. Urbanizaci\u00f3n Manzanares. Piedecuesta. Santander. Colombia <\/td><td class=\"column-3\">Tel. +57 7 6555317 - Cel. +57 3112762785<\/td>\n<\/tr>\n<tr class=\"row-20 even\">\n\t<td class=\"column-1\"><a href=\"https:\/\/www.terciariascapuchinas.org\/fr\/quienes-somos\/demarcaciones\/prov-madre-del-buen-pastor\/casa-montiel\/\" target=\"_blank\" rel=\"noopener noreferrer\">Casa Montiel<\/a><\/td><td class=\"column-2\">Carrera 6 N\u00aa 10 \u2013 142 Puente Nacional. Santander Colombia<\/td><td class=\"column-3\">Tel. +57 7 7588732<\/td>\n<\/tr>\n<tr class=\"row-21 odd\">\n\t<td class=\"column-1\"><a href=\"https:\/\/www.terciariascapuchinas.org\/fr\/quienes-somos\/demarcaciones\/prov-madre-del-buen-pastor\/comunidad-sagrada-familia-2\/\" target=\"_blank\" rel=\"noopener noreferrer\">Comunidad \u201cSagrada Familia\"<\/a><\/td><td class=\"column-2\">Calle 3 No. 6-31 Sector el Centro Barichara. Santander. Colombia <\/td><td class=\"column-3\">Tel. + 57 7 7267102<\/td>\n<\/tr>\n<tr class=\"row-22 even\">\n\t<td class=\"column-1\"><a href=\"https:\/\/www.terciariascapuchinas.org\/fr\/quienes-somos\/demarcaciones\/prov-madre-del-buen-pastor\/comunidad-san-damian\/\" target=\"_blank\" rel=\"noopener noreferrer\">Comunidad \u201cSan Dami\u00e1n\u201d<\/a><\/td><td class=\"column-2\">Carrera 47A\u00a0 N\u00b011B-25. Barrio la Esperanza. 1ra. Etapa.  Villavicencio. Meta. Colombia <\/td><td class=\"column-3\">Cel: +57 3214684824<\/td>\n<\/tr>\n<tr class=\"row-23 odd\">\n\t<td class=\"column-1\"><a href=\"https:\/\/www.terciariascapuchinas.org\/fr\/quienes-somos\/demarcaciones\/prov-madre-del-buen-pastor\/comunidad-sagrada-familia-3\/\" target=\"_blank\" rel=\"noopener noreferrer\">Comunidad \u201cSagrada Familia\u201d<\/a><\/td><td class=\"column-2\">Calle 14 N 9-124 B\/Minuto de Dios. Armero-Guayabal. Tolima. Colombia   <\/td><td class=\"column-3\">Tel. +57 8 2530154\/\/ +57 3145723720, +57 3123413787.<\/td>\n<\/tr>\n<tr class=\"row-24 even\">\n\t<td class=\"column-1\"><a href=\"https:\/\/www.terciariascapuchinas.org\/fr\/quienes-somos\/demarcaciones\/prov-madre-del-buen-pastor\/casa-acogida-sagrada-familia\/\" target=\"_blank\" rel=\"noopener noreferrer\">Casa de acogida \u201cSagrada Familia<\/a><\/td><td class=\"column-2\">Calle 65A N\u00ba 113C \u2013 51, Engativ\u00e1. Centro. Bogot\u00e1. Colombia<\/td><td class=\"column-3\">Tel: +57 1 7516875<\/td>\n<\/tr>\n<tr class=\"row-25 odd\">\n\t<td class=\"column-1\"><a href=\"https:\/\/www.terciariascapuchinas.org\/fr\/quienes-somos\/demarcaciones\/prov-madre-del-buen-pastor\/centro-pastoral-vocacional-luis-amigo\/\" target=\"_blank\" rel=\"noopener noreferrer\">Centro de Pastoral Vocacional \u201cLuis Amig\u00f3\u201d<\/a><\/td><td class=\"column-2\">Carrera 51 No. 176-42. Barrio Nueva. Zelandia. Bogot\u00e1. Colombia. <\/td><td class=\"column-3\">Tel. +57 1 8051041<\/td>\n<\/tr>\n<tr class=\"row-26 even\">\n\t<td class=\"column-1\"><a href=\"https:\/\/www.terciariascapuchinas.org\/fr\/quienes-somos\/demarcaciones\/prov-madre-del-buen-pastor\/casa-formacion-madre-buen-pastor\/\" target=\"_blank\" rel=\"noopener noreferrer\">Casa de formaci\u00f3n \u201cMadre del Buen Pastor\u201d<\/a><\/td><td class=\"column-2\">Carrera 5 No. 2 \u2013 53. Madrid Cundinamarca. Colombia <\/td><td class=\"column-3\">Tel. +57 1 8281584<\/td>\n<\/tr>\n<tr class=\"row-27 odd\">\n\t<td class=\"column-1\"><a href=\"https:\/\/www.terciariascapuchinas.org\/fr\/quienes-somos\/demarcaciones\/prov-madre-del-buen-pastor\/comunidad-curia-provincial-madre-buen-pastor\/\" target=\"_blank\" rel=\"noopener noreferrer\">Comunidad Curia Provincial \u201cMadre del Buen Pastor\u201d<\/a><\/td><td class=\"column-2\">Calle 24A   N\u00ba 43B-28. Barrio Quinta Paredes. Bogot\u00e1. Colombia<\/td><td class=\"column-3\">Fijo: + 57 1 2693236<\/td>\n<\/tr>\n<tr class=\"row-28 even\">\n\t<td class=\"column-1\"><a href=\"https:\/\/www.terciariascapuchinas.org\/fr\/quienes-somos\/demarcaciones\/prov-madre-del-buen-pastor\/colegio-san-francisco\/\" target=\"_blank\" rel=\"noopener noreferrer\">Colegio \u201cSan Francisco\u201d<\/a><\/td><td class=\"column-2\">Rua Marechal Rond\u00f3n, 31 \u2013 Vila Santos \u2013 CEP: 12.280-019 Ca\u00e7apava \u2013 S. P. Brasil<\/td><td class=\"column-3\">Tel. 55 12 3652-9044<\/td>\n<\/tr>\n<tr class=\"row-29 odd\">\n\t<td class=\"column-1\"><a href=\"https:\/\/www.terciariascapuchinas.org\/fr\/quienes-somos\/demarcaciones\/prov-madre-del-buen-pastor\/centro-educativo-frei-luis-amigo-cefla\/\" target=\"_blank\" rel=\"noopener noreferrer\">Centro educativo \u201cFrei Luis Amig\u00f3\u201d. CEFLA<\/a><\/td><td class=\"column-2\">Rua Luiz Lopes Coelho, 300<br \/>\nJardim Centen\u00e1rio. S. P. Brasil<\/td><td class=\"column-3\">Tel. +55-11- 3733-6974<\/td>\n<\/tr>\n<tr class=\"row-30 even\">\n\t<td class=\"column-1\"><a href=\"https:\/\/www.terciariascapuchinas.org\/fr\/quienes-somos\/demarcaciones\/prov-madre-del-buen-pastor\/casa-crianca-cacapava\/\" target=\"_blank\" rel=\"noopener noreferrer\">Casa de Crian\u00e7a Ca\u00e7apava<\/a><\/td><td class=\"column-2\">Rua Tenente Mesquita, 211 Vila Pantale\u00e3o <br \/>\n12280-048 Ca\u00e7apava \u2013 S. P. Brasil <\/td><td class=\"column-3\">Tel. +55-(12) 36532424<\/td>\n<\/tr>\n<tr class=\"row-31 odd\">\n\t<td class=\"column-1\"><a href=\"https:\/\/www.terciariascapuchinas.org\/fr\/quienes-somos\/demarcaciones\/prov-madre-del-buen-pastor\/fraternidad-nuestra-senora-guadalupe\/\" target=\"_blank\" rel=\"noopener noreferrer\">Fraternidad \u201cNuestra Se\u00f1ora de Guadalupe\u201d<\/a><\/td><td class=\"column-2\">Avenida Buritis, Quadra 603,<br \/>\nCasa 31. CEP: 72640 \u2013 320. Brasilia. Brasil <\/td><td class=\"column-3\">Tel: +55 (061) 30819611<\/td>\n<\/tr>\n<tr class=\"row-32 even\">\n\t<td class=\"column-1\"><a href=\"https:\/\/www.terciariascapuchinas.org\/fr\/quienes-somos\/demarcaciones\/prov-madre-del-buen-pastor\/casa-estudiante-jesus-maria-jose\/\" target=\"_blank\" rel=\"noopener noreferrer\">Casa de la estudiante \u201cJes\u00fas, Mar\u00eda y Jos\u00e9\u201d<\/a><\/td><td class=\"column-2\">Gorriti 4753 (1414) Buenos Aires. Argentina <\/td><td class=\"column-3\">Tel. +54 114 8314672<\/td>\n<\/tr>\n<tr class=\"row-33 odd\">\n\t<td class=\"column-1\"><a href=\"https:\/\/www.terciariascapuchinas.org\/fr\/quienes-somos\/demarcaciones\/prov-madre-del-buen-pastor\/comunidad-nuestra-senora-montiel\/\" target=\"_blank\" rel=\"noopener noreferrer\">Comunidad \u201cNuestra Se\u00f1ora de Montiel\u201d<\/a><\/td><td class=\"column-2\">Las Araucarias # 1305, Poblaci\u00f3n Francke- Osorno. Chile<\/td><td class=\"column-3\">Cel. 56 9 74566377<\/td>\n<\/tr>\n<tr class=\"row-34 even\">\n\t<td class=\"column-1\"><a href=\"https:\/\/www.terciariascapuchinas.org\/fr\/quienes-somos\/demarcaciones\/prov-madre-del-buen-pastor\/comunidad-buen-pastor\/\" target=\"_blank\" rel=\"noopener noreferrer\">Comunidad \u201cBuen Pastor\u201d<\/a><\/td><td class=\"column-2\">Talagante \u2013Las Higueras 0564 \u2013 P. Las Gredas- Santiago. Chile <\/td><td class=\"column-3\">Tel: +56-2 8121255 <\/td>\n<\/tr>\n<tr class=\"row-35 odd\">\n\t<td class=\"column-1\"><a href=\"https:\/\/www.terciariascapuchinas.org\/fr\/quienes-somos\/demarcaciones\/prov-madre-del-buen-pastor\/comunidad-la-inmaculada\/\" target=\"_blank\" rel=\"noopener noreferrer\">Comunidad \u201cLa Inmaculada\u201d<\/a><\/td><td class=\"column-2\">Panambi Ver\u00e1 271 Barrio La Victoria. Asunci\u00f3n, Paraguay.<\/td><td class=\"column-3\">Tel +21 (595) 553204<\/td>\n<\/tr>\n<tr class=\"row-36 even\">\n\t<td class=\"column-1\"><a href=\"https:\/\/www.terciariascapuchinas.org\/fr\/quienes-somos\/demarcaciones\/prov-madre-del-buen-pastor\/casa-espiritualidad-luis-amigo\/\" target=\"_blank\" rel=\"noopener noreferrer\">Casa de espiritualidad \u201cLuis Amig\u00f3\u201d<\/a><\/td><td class=\"column-2\">Kil\u00f3metro 21, Carretera oriental. V\u00eda Sabanagrande. Sabanagrande. Atl\u00e1ntico. Colombia<\/td><td class=\"column-3\">Tel. +57 313 -420-11-34<\/td>\n<\/tr>\n<\/tbody>\n<\/table>\n<!-- #tablepress-1 from cache --><\/div>\n\t\t\t\t<\/div>\n\t\t\t\t<\/div>\n\t\t\t\t\t\t<\/div>\n\t\t\t\t\t<\/div>\n\t\t<\/div>\n\t\t\t\t\t\t\t\t<\/div>\n\t\t\t\t\t<\/div>\n\t\t<\/section>\n\t\t\t\t\t\t\t\t\t<\/div>\n\t\t\t<\/div>\n\t\t\t\t\t<\/div>\n\t\t","protected":false},"excerpt":{"rendered":"<p>Provincia \u00abMadre del Buon Pastore\u00bb Curia provinciale Calle 24A N\u00ba 43B-28. Barrio Quinta Paredes. Bogot\u00e1. Colombia secretariambp@terciariascapuchinas.org + 57 1 2693236<\/p>\n","protected":false},"author":1,"featured_media":0,"parent":39,"menu_order":0,"comment_status":"closed","ping_status":"closed","template":"elementor_header_footer","meta":[],"_links":{"self":[{"href":"https:\/\/www.terciariascapuchinas.org\/it\/wp-json\/wp\/v2\/pages\/43"}],"collection":[{"href":"https:\/\/www.terciariascapuchinas.org\/it\/wp-json\/wp\/v2\/pages"}],"about":[{"href":"https:\/\/www.terciariascapuchinas.org\/it\/wp-json\/wp\/v2\/types\/page"}],"author":[{"embeddable":true,"href":"https:\/\/www.terciariascapuchinas.org\/it\/wp-json\/wp\/v2\/users\/1"}],"replies":[{"embeddable":true,"href":"https:\/\/www.terciariascapuchinas.org\/it\/wp-json\/wp\/v2\/comments?post=43"}],"version-history":[{"count":22,"href":"https:\/\/www.terciariascapuchinas.org\/it\/wp-json\/wp\/v2\/pages\/43\/revisions"}],"predecessor-version":[{"id":5142,"href":"https:\/\/www.terciariascapuchinas.org\/it\/wp-json\/wp\/v2\/pages\/43\/revisions\/5142"}],"up":[{"embeddable":true,"href":"https:\/\/www.terciariascapuchinas.org\/it\/wp-json\/wp\/v2\/pages\/39"}],"wp:attachment":[{"href":"https:\/\/www.terciariascapuchinas.org\/it\/wp-json\/wp\/v2\/media?parent=43"}],"curies":[{"name":"wp","href":"https:\/\/api.w.org\/{rel}","templated":true}]}}