{"id":47,"date":"2020-05-04T12:33:05","date_gmt":"2020-05-04T12:33:05","guid":{"rendered":"http:\/\/florastrosytarot.com\/terciarias\/?page_id=47"},"modified":"2021-03-30T09:14:28","modified_gmt":"2021-03-30T09:14:28","slug":"prov-ntra-sra-de-la-divina-providencia","status":"publish","type":"page","link":"https:\/\/www.terciariascapuchinas.org\/it\/quienes-somos\/demarcaciones\/prov-ntra-sra-de-la-divina-providencia\/","title":{"rendered":"Prov. Ntra. Sra. de la Divina Providencia"},"content":{"rendered":"\t\t<div data-elementor-type=\"wp-page\" data-elementor-id=\"47\" class=\"elementor elementor-47\">\n\t\t\t\t\t\t<div class=\"elementor-inner\">\n\t\t\t\t<div class=\"elementor-section-wrap\">\n\t\t\t\t\t\t\t\t\t<section class=\"elementor-section elementor-top-section elementor-element elementor-element-8f9503c elementor-section-boxed elementor-section-height-default elementor-section-height-default\" data-id=\"8f9503c\" data-element_type=\"section\">\n\t\t\t\t\t\t<div class=\"elementor-container elementor-column-gap-default\">\n\t\t\t\t\t\t\t<div class=\"elementor-row\">\n\t\t\t\t\t<div class=\"elementor-column elementor-col-100 elementor-top-column elementor-element elementor-element-1abe588\" data-id=\"1abe588\" data-element_type=\"column\">\n\t\t\t<div class=\"elementor-column-wrap elementor-element-populated\">\n\t\t\t\t\t\t\t<div class=\"elementor-widget-wrap\">\n\t\t\t\t\t\t<div class=\"elementor-element elementor-element-5a50310 elementor-align-left elementor-icon-list--layout-traditional elementor-list-item-link-full_width elementor-widget elementor-widget-icon-list\" data-id=\"5a50310\" data-element_type=\"widget\" data-widget_type=\"icon-list.default\">\n\t\t\t\t<div class=\"elementor-widget-container\">\n\t\t\t\t\t<ul class=\"elementor-icon-list-items\">\n\t\t\t\t\t\t\t<li class=\"elementor-icon-list-item\">\n\t\t\t\t\t\t\t\t\t\t\t<span class=\"elementor-icon-list-icon\">\n\t\t\t\t\t\t\t<i aria-hidden=\"true\" class=\"fas fa-female\"><\/i>\t\t\t\t\t\t<\/span>\n\t\t\t\t\t\t\t\t\t\t<span class=\"elementor-icon-list-text\">Provincia \"Nostra Signora della Divina Provvidenza\"<\/span>\n\t\t\t\t\t\t\t\t\t<\/li>\n\t\t\t\t\t\t<\/ul>\n\t\t\t\t<\/div>\n\t\t\t\t<\/div>\n\t\t\t\t<div class=\"elementor-element elementor-element-146d62a elementor-widget elementor-widget-heading\" data-id=\"146d62a\" data-element_type=\"widget\" data-widget_type=\"heading.default\">\n\t\t\t\t<div class=\"elementor-widget-container\">\n\t\t\t<h2 class=\"elementor-heading-title elementor-size-medium\">Curia provinciale<br>Calle 62, 49-67 Medell\u00edn\t<\/h2>\t\t<\/div>\n\t\t\t\t<\/div>\n\t\t\t\t<div class=\"elementor-element elementor-element-5fa2422 elementor-widget elementor-widget-heading\" data-id=\"5fa2422\" data-element_type=\"widget\" data-widget_type=\"heading.default\">\n\t\t\t\t<div class=\"elementor-widget-container\">\n\t\t\t<h3 class=\"elementor-heading-title elementor-size-medium\">secreprovidencia@terciariascapuchinas.org<\/h3>\t\t<\/div>\n\t\t\t\t<\/div>\n\t\t\t\t<div class=\"elementor-element elementor-element-70b8ce7 elementor-widget elementor-widget-heading\" data-id=\"70b8ce7\" data-element_type=\"widget\" data-widget_type=\"heading.default\">\n\t\t\t\t<div class=\"elementor-widget-container\">\n\t\t\t<h3 class=\"elementor-heading-title elementor-size-medium\">+57 2 545537 \u00f3 4801060\u200b<\/h3>\t\t<\/div>\n\t\t\t\t<\/div>\n\t\t\t\t<div class=\"elementor-element elementor-element-72d70eb elementor-widget elementor-widget-shortcode\" data-id=\"72d70eb\" data-element_type=\"widget\" data-widget_type=\"shortcode.default\">\n\t\t\t\t<div class=\"elementor-widget-container\">\n\t\t\t\t\t<div class=\"elementor-shortcode\">\n<table id=\"tablepress-3\" class=\"tablepress tablepress-id-3\">\n<thead>\n<tr class=\"row-1 odd\">\n\t<th class=\"column-1\">Nombre<\/th><th class=\"column-2\">Direcci\u00f3n<\/th><th class=\"column-3\">Tel\u00e9fono<\/th>\n<\/tr>\n<\/thead>\n<tbody class=\"row-hover\">\n<tr class=\"row-2 even\">\n\t<td class=\"column-1\"><a href=\"https:\/\/www.terciariascapuchinas.org\/fr\/quienes-somos\/demarcaciones\/prov-ntra-sra-de-la-divina-providencia\/colegio-inmaculada\/\" target=\"_blank\" rel=\"noopener noreferrer\">Colegio \"La Inmaculada\"<\/a><\/td><td class=\"column-2\">Carrera 76 N\u00ba 12-57 Bel\u00e9n. Medell\u00edn. Antioquia (Colombia)<\/td><td class=\"column-3\">Tel. 3222835<\/td>\n<\/tr>\n<tr class=\"row-3 odd\">\n\t<td class=\"column-1\"><a href=\"https:\/\/www.terciariascapuchinas.org\/fr\/quienes-somos\/demarcaciones\/prov-ntra-sra-de-la-divina-providencia\/curia-provincial-providencia\/\" target=\"_blank\" rel=\"noopener noreferrer\">Curia Provincial<\/a><\/td><td class=\"column-2\">Calle 62, 49-67 Medell\u00edn <\/td><td class=\"column-3\">Tel. 2 545537 \u00f3 4801060 <\/td>\n<\/tr>\n<tr class=\"row-4 even\">\n\t<td class=\"column-1\"><a href=\"https:\/\/www.terciariascapuchinas.org\/fr\/quienes-somos\/demarcaciones\/prov-ntra-sra-de-la-divina-providencia\/comunidad-escuela-normal-superior-merced\/\" target=\"_blank\" rel=\"noopener noreferrer\">Comunidad Escuela Normal Superior \u201cLa Merced\u201d<\/a><\/td><td class=\"column-2\">Calle 15 N\u00ba. 18-7 San Francisco<br \/>\nYarumal. Antioquia (Colombia)<\/td><td class=\"column-3\">Tel. 8539625 <\/td>\n<\/tr>\n<tr class=\"row-5 odd\">\n\t<td class=\"column-1\"><a href=\"https:\/\/www.terciariascapuchinas.org\/fr\/quienes-somos\/demarcaciones\/prov-ntra-sra-de-la-divina-providencia\/comunidad-escuela-normal-superior-sagrada-familia\/\" target=\"_blank\" rel=\"noopener noreferrer\">Comunidad Escuela Normal Superior \u201cSagrada Familia\u201d<\/a><\/td><td class=\"column-2\">Calle 29, 32-48 Urrao-Antioquia<\/td><td class=\"column-3\">Tel. 8502566- 8502037 Celular: 3202613181 <\/td>\n<\/tr>\n<tr class=\"row-6 even\">\n\t<td class=\"column-1\"><a href=\"https:\/\/www.terciariascapuchinas.org\/fr\/quienes-somos\/demarcaciones\/prov-ntra-sra-de-la-divina-providencia\/colegio-sagrada-_familia\/\" target=\"_blank\" rel=\"noopener noreferrer\">Colegio \u201cSagrada Familia\u201d<\/a><\/td><td class=\"column-2\">Apdo. a\u00e9reo 269. San Andr\u00e9s \u2013 Isla. Colombia<\/td><td class=\"column-3\">Tel. 5126458    <\/td>\n<\/tr>\n<tr class=\"row-7 odd\">\n\t<td class=\"column-1\"><a href=\"https:\/\/www.terciariascapuchinas.org\/fr\/quienes-somos\/demarcaciones\/prov-ntra-sra-de-la-divina-providencia\/colegio-sagrada-familia-6\/\" target=\"_blank\" rel=\"noopener noreferrer\">Colegio \u201cSagrada Familia\u201d <\/a><\/td><td class=\"column-2\">Carrea 5\u00b0 No. 6-29.<br \/>\nFundaci\u00f3n, Magdalena<\/td><td class=\"column-3\">Tel. \u00a0413 07 08<\/td>\n<\/tr>\n<tr class=\"row-8 even\">\n\t<td class=\"column-1\"><a href=\"https:\/\/www.terciariascapuchinas.org\/fr\/quienes-somos\/demarcaciones\/prov-ntra-sra-de-la-divina-providencia\/colegio-sagrada-familia-7\/\" target=\"_blank\" rel=\"noopener noreferrer\">Colegio \u201cSagrada Familia\u201d<\/a><\/td><td class=\"column-2\">Cl 64 cra. 7 Barrio\u00a0los Alc\u00e1zares<br \/>\nMonter\u00eda-C\u00f3rdoba<\/td><td class=\"column-3\">Tel. 789 06 57<\/td>\n<\/tr>\n<tr class=\"row-9 odd\">\n\t<td class=\"column-1\"><a href=\"https:\/\/www.terciariascapuchinas.org\/fr\/quienes-somos\/demarcaciones\/prov-ntra-sra-de-la-divina-providencia\/colegio-nuestra-senora-carmen\/\" target=\"_blank\" rel=\"noopener noreferrer\">Colegio \u201cNuestra Se\u00f1ora del Carmen\u201d<\/a><\/td><td class=\"column-2\">Hnas. Terciarias Capuchinas   Calle De Las Flores  12-55 Cerete  C\u00f3rdoba <\/td><td class=\"column-3\">Tel. 774 6319<br \/>\nCEL 200300 75 16<\/td>\n<\/tr>\n<tr class=\"row-10 even\">\n\t<td class=\"column-1\"><a href=\"https:\/\/www.terciariascapuchinas.org\/fr\/quienes-somos\/demarcaciones\/prov-ntra-sra-de-la-divina-providencia\/colegio-nuestra-senora-angeles\/\" target=\"_blank\" rel=\"noopener noreferrer\">Colegio \u201cNuestra Se\u00f1ora de los \u00e1ngeles\u201d<\/a><\/td><td class=\"column-2\">Calle 51 No. 21-27  Manizales<\/td><td class=\"column-3\">Tel: 8911145 - 8911155  <\/td>\n<\/tr>\n<tr class=\"row-11 odd\">\n\t<td class=\"column-1\"><a href=\"https:\/\/www.terciariascapuchinas.org\/fr\/quienes-somos\/demarcaciones\/prov-ntra-sra-de-la-divina-providencia\/colegio-divina-providencia\/\" target=\"_blank\" rel=\"noopener noreferrer\">Colegio de la \u201cDivina Providencia\u201d<\/a><\/td><td class=\"column-2\">Calle 27 No 15-17   Manizales <\/td><td class=\"column-3\">Tel.8832489<\/td>\n<\/tr>\n<tr class=\"row-12 even\">\n\t<td class=\"column-1\"><a href=\"https:\/\/www.terciariascapuchinas.org\/fr\/quienes-somos\/demarcaciones\/prov-ntra-sra-de-la-divina-providencia\/fraternidad-santa-maria-uraba\/\" target=\"_blank\" rel=\"noopener noreferrer\">Fraternidad \u201dSanta Mar\u00eda de Urab\u00e1\u201d<\/a><\/td><td class=\"column-2\">Cra.78, 80-25 Barrio Pueblo Nuevo-Carepa Antioquia<\/td><td class=\"column-3\">Tel. 8236943<\/td>\n<\/tr>\n<tr class=\"row-13 odd\">\n\t<td class=\"column-1\"><a href=\"https:\/\/www.terciariascapuchinas.org\/fr\/quienes-somos\/demarcaciones\/prov-ntra-sra-de-la-divina-providencia\/hogar-colina-amigo\/\" target=\"_blank\" rel=\"noopener noreferrer\">Hogar \u201cLa Colina Amig\u00f3\u201d<\/a><\/td><td class=\"column-2\">Carrera 55 N\u00ba 110 Sur-76 Vereda El Cano. Caldas \u2013 Antioquia (Colombia)<\/td><td class=\"column-3\">Tel. 2781991 Comunidad<br \/>\nTel 2781717 Obra<\/td>\n<\/tr>\n<tr class=\"row-14 even\">\n\t<td class=\"column-1\"><a href=\"https:\/\/www.terciariascapuchinas.org\/fr\/quienes-somos\/demarcaciones\/prov-ntra-sra-de-la-divina-providencia\/comunidad-instituto-nuestra-senora-carmen\/\" target=\"_blank\" rel=\"noopener noreferrer\">Comunidad Instituto   \u201c Nuestra Se\u00f1ora del Carmen\u201d<\/a><\/td><td class=\"column-2\">Calle 28, 26A- 14<br \/>\nCalle El Palo. Santa Rosa de Osos. Antioquia (Colombia)<\/td><td class=\"column-3\">Tel. 8608196<\/td>\n<\/tr>\n<tr class=\"row-15 odd\">\n\t<td class=\"column-1\"><a href=\"https:\/\/www.terciariascapuchinas.org\/fr\/quienes-somos\/demarcaciones\/prov-ntra-sra-de-la-divina-providencia\/comunidad-nuestra-senora-montiel\" target=\"_blank\" rel=\"noopener noreferrer\">Comunidad \u201cNuestra Se\u00f1ora de Montiel\u201d<\/a><\/td><td class=\"column-2\">Diagonal 79 N\u00ba 9-295 Medell\u00edn, Antioquia.<\/td><td class=\"column-3\">Tel. 4805691<\/td>\n<\/tr>\n<tr class=\"row-16 even\">\n\t<td class=\"column-1\"><a href=\"https:\/\/www.terciariascapuchinas.org\/fr\/quienes-somos\/demarcaciones\/prov-ntra-sra-de-la-divina-providencia\/fraternidad-sagrada-familia\/\" target=\"_blank\" rel=\"noopener noreferrer\">Fraternidad \u201cSagrada Familia\u201d<\/a><\/td><td class=\"column-2\">Calle 82C N\u00ba 50c \u2013 150 B\/ Campo Vald\u00e9s <br \/>\nMedell\u00edn <\/td><td class=\"column-3\">Tel. 4033440 \u2013 3499260 CEL 3178746483<\/td>\n<\/tr>\n<tr class=\"row-17 odd\">\n\t<td class=\"column-1\"><a href=\"https:\/\/www.terciariascapuchinas.org\/fr\/quienes-somos\/demarcaciones\/prov-ntra-sra-de-la-divina-providencia\/comunidad-casa-nino\/\" target=\"_blank\" rel=\"noopener noreferrer\">Comunidad \u201cCasa del Ni\u00f1o\u201d<\/a><\/td><td class=\"column-2\">Transversal 33 #33-36 <br \/>\nBarrio Bruselas Cartagena. Bol. (Colombia)<\/td><td class=\"column-3\">Tel. 6694965<\/td>\n<\/tr>\n<tr class=\"row-18 even\">\n\t<td class=\"column-1\"><a href=\"https:\/\/www.terciariascapuchinas.org\/fr\/quienes-somos\/demarcaciones\/prov-ntra-sra-de-la-divina-providencia\/comunidad-perpetuo-socorro\/\" target=\"_blank\" rel=\"noopener noreferrer\">Comunidad \u201cPerpetuo Socorro\u201d<\/a><\/td><td class=\"column-2\">Cra. 9 No. 8-9 Parque Sim\u00f3n Bol\u00edvar. Liborina. Antioquia (Colombia)<\/td><td class=\"column-3\">Tel. 8561890<\/td>\n<\/tr>\n<tr class=\"row-19 odd\">\n\t<td class=\"column-1\"><a href=\"https:\/\/www.terciariascapuchinas.org\/fr\/quienes-somos\/demarcaciones\/prov-ntra-sra-de-la-divina-providencia\/comunidad-mision-nazaret\/\" target=\"_blank\" rel=\"noopener noreferrer\">Comunidad \u201cMisi\u00f3n Nazaret\u201d<\/a><\/td><td class=\"column-2\">Puerto Echeverri. Alta Baudo Choc\u00f3 (Colombia)<\/td><td class=\"column-3\"><\/td>\n<\/tr>\n<tr class=\"row-20 even\">\n\t<td class=\"column-1\"><a href=\"https:\/\/www.terciariascapuchinas.org\/fr\/quienes-somos\/demarcaciones\/prov-ntra-sra-de-la-divina-providencia\/comunidad-san-francisco-asis\/\" target=\"_blank\" rel=\"noopener noreferrer\">Comunidad \u201cSan Francisco de As\u00eds<\/a><\/td><td class=\"column-2\">Calle 98N\u00ba50 B-7Sta Cruz La Rosa. Medell\u00edn. Ant (Colombia)<\/td><td class=\"column-3\">Tel. 2361096<\/td>\n<\/tr>\n<tr class=\"row-21 odd\">\n\t<td class=\"column-1\"><a href=\"https:\/\/www.terciariascapuchinas.org\/fr\/quienes-somos\/demarcaciones\/prov-ntra-sra-de-la-divina-providencia\/ermita-postulado-san-jose\/\" target=\"_blank\" rel=\"noopener noreferrer\">\u201cLa Ermita Postulantado San Jos\u00e9\u201d<\/a><\/td><td class=\"column-2\">Carrera 26 Calle 1-3 Zona 3 La Ermita El Pe\u00f1ol <\/td><td class=\"column-3\">Tel: 8517608<\/td>\n<\/tr>\n<tr class=\"row-22 even\">\n\t<td class=\"column-1\"><a href=\"https:\/\/www.terciariascapuchinas.org\/fr\/quienes-somos\/demarcaciones\/prov-ntra-sra-de-la-divina-providencia\/comunidad-colina-san-jose\/\" target=\"_blank\" rel=\"noopener noreferrer\">Comunidad \u201dLa Colina San Jos\u00e9\u201d<\/a><\/td><td class=\"column-2\">Carrera 50, 108 Sur-151 Caldas-Antioquia<\/td><td class=\"column-3\">Tel.2 781812<\/td>\n<\/tr>\n<tr class=\"row-23 odd\">\n\t<td class=\"column-1\"><a href=\"https:\/\/www.terciariascapuchinas.org\/fr\/quienes-somos\/demarcaciones\/prov-ntra-sra-de-la-divina-providencia\/comunidad-fray-luis\/\" target=\"_blank\" rel=\"noopener noreferrer\">Comunidad \u201cFray Luis\u201d<\/a><\/td><td class=\"column-2\">Diagonal 79 N\u00ba 9-295 Bel\u00e9n. . .Medell\u00edn. Ant (Colombia)<\/td><td class=\"column-3\">Tel. 2380740 - 3425822<\/td>\n<\/tr>\n<tr class=\"row-24 even\">\n\t<td class=\"column-1\"><a href=\"https:\/\/www.terciariascapuchinas.org\/fr\/quienes-somos\/demarcaciones\/prov-ntra-sra-de-la-divina-providencia\/comunidad-santa-maria-angeles\/\" target=\"_blank\" rel=\"noopener noreferrer\">Comunidad \u201cSanta Mar\u00eda de los \u00c1ngeles\u201d<\/a><\/td><td class=\"column-2\">Carrera 90. No. 65C-101<br \/>\nRobledo  la Pola Medell\u00edn<\/td><td class=\"column-3\">Tel. 2348057<\/td>\n<\/tr>\n<tr class=\"row-25 odd\">\n\t<td class=\"column-1\"><a href=\"https:\/\/www.terciariascapuchinas.org\/fr\/quienes-somos\/demarcaciones\/prov-ntra-sra-de-la-divina-providencia\/comunidad-ines-arango\/\" target=\"_blank\" rel=\"noopener noreferrer\">Comunidad \u201dIn\u00e9s Arango\u201d<\/a><\/td><td class=\"column-2\">Malec\u00f3n Velasco Ibarra<br \/>\nNuevo Rocafuerte<\/td><td class=\"column-3\">Tel: 06 23 82 191<\/td>\n<\/tr>\n<tr class=\"row-26 even\">\n\t<td class=\"column-1\"><a href=\"https:\/\/www.terciariascapuchinas.org\/fr\/quienes-somos\/demarcaciones\/prov-ntra-sra-de-la-divina-providencia\/comunidad-santa-clara\/\" target=\"_blank\" rel=\"noopener noreferrer\">Comunidad \u201cSanta Clara\u201d<\/a><\/td><td class=\"column-2\">Av. 9 de Octubre y Vicente Rocafuerte S\/N Francisco de Orellana (Coca) Ecuador.<\/td><td class=\"column-3\">Tel. (593-06) 2880158<\/td>\n<\/tr>\n<tr class=\"row-27 odd\">\n\t<td class=\"column-1\"><a href=\"https:\/\/www.terciariascapuchinas.org\/fr\/quienes-somos\/demarcaciones\/prov-ntra-sra-de-la-divina-providencia\/comunidad-sagrada-familia\/\" target=\"_blank\" rel=\"noopener noreferrer\">Comunidad \u201cSagrada Familia\u201d<\/a><\/td><td class=\"column-2\">Barbones Cant\u00f3n  El Guabo, Provincia de El Oro,  Ecuador <\/td><td class=\"column-3\">Tel.  07-2618 071<\/td>\n<\/tr>\n<tr class=\"row-28 even\">\n\t<td class=\"column-1\"><a href=\"https:\/\/www.terciariascapuchinas.org\/fr\/quienes-somos\/demarcaciones\/prov-ntra-sra-de-la-divina-providencia\/fraternidad-divina-providencia\/\" target=\"_blank\" rel=\"noopener noreferrer\">Fraternidad \u201cDivina Providencia\u201d<\/a><\/td><td class=\"column-2\">Sector Andaluc\u00eda<br \/>\nCalle Jorge Piedra OE 4-53<br \/>\nEntre calle Manuel Serrano  y  Gonzalo Ben\u00edtez<\/td><td class=\"column-3\">Tel. \u00a0023300161<\/td>\n<\/tr>\n<tr class=\"row-29 odd\">\n\t<td class=\"column-1\"><a href=\"https:\/\/www.terciariascapuchinas.org\/fr\/quienes-somos\/demarcaciones\/prov-ntra-sra-de-la-divina-providencia\/comunidad-divina-providencia\/\" target=\"_blank\" rel=\"noopener noreferrer\">Comunidad \u201cDivina Providencia\u201d<\/a><\/td><td class=\"column-2\">Avenida Bolivia, Barrio Fortaleza, Parroquia Cristo Salvador <br \/>\nSanta Cruz de la Sierra BOLIVIA<\/td><td class=\"column-3\">Tel. 591 3574197<\/td>\n<\/tr>\n<tr class=\"row-30 even\">\n\t<td class=\"column-1\"><a href=\"https:\/\/www.terciariascapuchinas.org\/fr\/quienes-somos\/demarcaciones\/prov-ntra-sra-de-la-divina-providencia\/obra-pastoral-san-antonio-lomerio\/\" target=\"_blank\" rel=\"noopener noreferrer\">Obra Pastoral \u201cSan Antonio de Lomer\u00edo\u201d<\/a><\/td><td class=\"column-2\">San Antonio de Lomer\u00edo BOLIVIA<\/td><td class=\"column-3\"><\/td>\n<\/tr>\n<tr class=\"row-31 odd\">\n\t<td class=\"column-1\"><a href=\"https:\/\/www.terciariascapuchinas.org\/fr\/quienes-somos\/demarcaciones\/prov-ntra-sra-de-la-divina-providencia\/comunidad-santa-clara-asis\/\" target=\"_blank\" rel=\"noopener noreferrer\">Comunidad \u201cSanta Clara de As\u00eds\u201d<\/a><\/td><td class=\"column-2\">Avda. Grau 677 D Barranco Lima Per\u00fa<\/td><td class=\"column-3\">Tel. 0095114-771856  <\/td>\n<\/tr>\n<tr class=\"row-32 even\">\n\t<td class=\"column-1\"><a href=\"https:\/\/www.terciariascapuchinas.org\/fr\/quienes-somos\/demarcaciones\/prov-ntra-sra-de-la-divina-providencia\/comunidad-fray-luis-amigo\/\" target=\"_blank\" rel=\"noopener noreferrer\">Comunidad \u201cFray Luis Amig\u00f3\u201d<\/a><\/td><td class=\"column-2\">Jir\u00f3n Asunci\u00f3n manzana J. Lote18 Barrio Santa Rosa Caraz  Ancash (Per\u00fa)<\/td><td class=\"column-3\">Tel. +91043391895 <\/td>\n<\/tr>\n<tr class=\"row-33 odd\">\n\t<td class=\"column-1\"><a href=\"https:\/\/www.terciariascapuchinas.org\/fr\/quienes-somos\/demarcaciones\/prov-ntra-sra-de-la-divina-providencia\/comunidad-nuevo-amanecer\/\" target=\"_blank\" rel=\"noopener noreferrer\">Comunidad \u201dNuevo Amanecer\u201d<\/a><\/td><td class=\"column-2\">V\u00eda Iquitos Requena Per\u00fa<\/td><td class=\"column-3\">Tel. 5165412088  <\/td>\n<\/tr>\n<tr class=\"row-34 even\">\n\t<td class=\"column-1\"><a href=\"https:\/\/www.terciariascapuchinas.org\/fr\/quienes-somos\/demarcaciones\/prov-ntra-sra-de-la-divina-providencia\/fraternidad-nuestra-senora-cobre\/\" target=\"_blank\" rel=\"noopener noreferrer\">Fraternidad \u201cNuestra Se\u00f1ora del Cobre\u201d<\/a><\/td><td class=\"column-2\">CALLE 24 DE FEBRERO. N0.210 entre Trujillo y rep\u00fablica. CRUCES 57-500 CIENFUEGOS. (CUBA)<\/td><td class=\"column-3\">Tel.43 574116 celular 54353128<\/td>\n<\/tr>\n<tr class=\"row-35 odd\">\n\t<td class=\"column-1\"><a href=\"https:\/\/www.terciariascapuchinas.org\/fr\/quienes-somos\/demarcaciones\/prov-ntra-sra-de-la-divina-providencia\/casa-hogar-ninas-fray-luis-amigo-2\/\" target=\"_blank\" rel=\"noopener noreferrer\">Casa Hogar de ni\u00f1as \u201cFray Luis Amig\u00f3\u201d<\/a><\/td><td class=\"column-2\">Car. 119, Int \u2013 Car. 483, Km. 4.9, Barrio Piedra Gorda, Camuy \u2013 Puerto Rico<\/td><td class=\"column-3\">Tel. 787 356 2679<\/td>\n<\/tr>\n<tr class=\"row-36 even\">\n\t<td class=\"column-1\"><a href=\"https:\/\/www.terciariascapuchinas.org\/fr\/quienes-somos\/demarcaciones\/prov-ntra-sra-de-la-divina-providencia\/centro-educativo-fe-alegria-nelly-biaggi-santo-domingo\/\" target=\"_blank\" rel=\"noopener noreferrer\">Centro Educativo Fe y Alegr\u00eda Nelly Biaggi Santo Domingo - R. D.\"<\/a><\/td><td class=\"column-2\">Calle Antonio Torres Casa No. 3 Barrio El Almirante S.D.  Santo Domingo<\/td><td class=\"column-3\">Tel. 6950407<\/td>\n<\/tr>\n<\/tbody>\n<\/table>\n<!-- #tablepress-3 from cache --><\/div>\n\t\t\t\t<\/div>\n\t\t\t\t<\/div>\n\t\t\t\t\t\t<\/div>\n\t\t\t\t\t<\/div>\n\t\t<\/div>\n\t\t\t\t\t\t\t\t<\/div>\n\t\t\t\t\t<\/div>\n\t\t<\/section>\n\t\t\t\t\t\t\t\t\t<\/div>\n\t\t\t<\/div>\n\t\t\t\t\t<\/div>\n\t\t","protected":false},"excerpt":{"rendered":"<p>Provincia \u00abNostra Signora della Divina Provvidenza\u00bb Curia provincialeCalle 62, 49-67 Medell\u00edn secreprovidencia@terciariascapuchinas.org +57 2 545537 \u00f3 4801060\u200b<\/p>\n","protected":false},"author":1,"featured_media":0,"parent":39,"menu_order":0,"comment_status":"closed","ping_status":"closed","template":"elementor_header_footer","meta":[],"_links":{"self":[{"href":"https:\/\/www.terciariascapuchinas.org\/it\/wp-json\/wp\/v2\/pages\/47"}],"collection":[{"href":"https:\/\/www.terciariascapuchinas.org\/it\/wp-json\/wp\/v2\/pages"}],"about":[{"href":"https:\/\/www.terciariascapuchinas.org\/it\/wp-json\/wp\/v2\/types\/page"}],"author":[{"embeddable":true,"href":"https:\/\/www.terciariascapuchinas.org\/it\/wp-json\/wp\/v2\/users\/1"}],"replies":[{"embeddable":true,"href":"https:\/\/www.terciariascapuchinas.org\/it\/wp-json\/wp\/v2\/comments?post=47"}],"version-history":[{"count":19,"href":"https:\/\/www.terciariascapuchinas.org\/it\/wp-json\/wp\/v2\/pages\/47\/revisions"}],"predecessor-version":[{"id":5145,"href":"https:\/\/www.terciariascapuchinas.org\/it\/wp-json\/wp\/v2\/pages\/47\/revisions\/5145"}],"up":[{"embeddable":true,"href":"https:\/\/www.terciariascapuchinas.org\/it\/wp-json\/wp\/v2\/pages\/39"}],"wp:attachment":[{"href":"https:\/\/www.terciariascapuchinas.org\/it\/wp-json\/wp\/v2\/media?parent=47"}],"curies":[{"name":"wp","href":"https:\/\/api.w.org\/{rel}","templated":true}]}}