{"id":51,"date":"2020-05-04T12:34:07","date_gmt":"2020-05-04T12:34:07","guid":{"rendered":"http:\/\/florastrosytarot.com\/terciarias\/?page_id=51"},"modified":"2023-01-15T13:44:06","modified_gmt":"2023-01-15T13:44:06","slug":"prov-ntra-sra-de-guadalupe","status":"publish","type":"page","link":"https:\/\/www.terciariascapuchinas.org\/it\/quienes-somos\/demarcaciones\/prov-ntra-sra-de-guadalupe\/","title":{"rendered":"Prov. Ntra. Sra. de Guadalupe"},"content":{"rendered":"\t\t<div data-elementor-type=\"wp-page\" data-elementor-id=\"51\" class=\"elementor elementor-51\">\n\t\t\t\t\t\t<div class=\"elementor-inner\">\n\t\t\t\t<div class=\"elementor-section-wrap\">\n\t\t\t\t\t\t\t\t\t<section class=\"elementor-section elementor-top-section elementor-element elementor-element-30f52bc elementor-section-boxed elementor-section-height-default elementor-section-height-default\" data-id=\"30f52bc\" data-element_type=\"section\" data-settings=\"{&quot;background_background&quot;:&quot;classic&quot;}\">\n\t\t\t\t\t\t<div class=\"elementor-container elementor-column-gap-default\">\n\t\t\t\t\t\t\t<div class=\"elementor-row\">\n\t\t\t\t\t<div class=\"elementor-column elementor-col-100 elementor-top-column elementor-element elementor-element-8382430\" data-id=\"8382430\" data-element_type=\"column\">\n\t\t\t<div class=\"elementor-column-wrap elementor-element-populated\">\n\t\t\t\t\t\t\t<div class=\"elementor-widget-wrap\">\n\t\t\t\t\t\t<div class=\"elementor-element elementor-element-2de2f73 elementor-align-left elementor-icon-list--layout-traditional elementor-list-item-link-full_width elementor-widget elementor-widget-icon-list\" data-id=\"2de2f73\" data-element_type=\"widget\" data-widget_type=\"icon-list.default\">\n\t\t\t\t<div class=\"elementor-widget-container\">\n\t\t\t\t\t<ul class=\"elementor-icon-list-items\">\n\t\t\t\t\t\t\t<li class=\"elementor-icon-list-item\">\n\t\t\t\t\t\t\t\t\t\t\t<span class=\"elementor-icon-list-icon\">\n\t\t\t\t\t\t\t<i aria-hidden=\"true\" class=\"fas fa-female\"><\/i>\t\t\t\t\t\t<\/span>\n\t\t\t\t\t\t\t\t\t\t<span class=\"elementor-icon-list-text\">Provincia \"Nostra Signora di Guadalupe\"<\/span>\n\t\t\t\t\t\t\t\t\t<\/li>\n\t\t\t\t\t\t<\/ul>\n\t\t\t\t<\/div>\n\t\t\t\t<\/div>\n\t\t\t\t<div class=\"elementor-element elementor-element-a8eb940 elementor-widget elementor-widget-heading\" data-id=\"a8eb940\" data-element_type=\"widget\" data-widget_type=\"heading.default\">\n\t\t\t\t<div class=\"elementor-widget-container\">\n\t\t\t<h2 class=\"elementor-heading-title elementor-size-medium\">Curia provinciale\t<br>Para correo expreso:\nDe Autos Boh\u00edo 200 mts Sur y 25 mts Oeste, Barrio C\u00f3rdoba, Zapote, San Jos\u00e9 (Costa Rica).\n\n\n<\/h2>\t\t<\/div>\n\t\t\t\t<\/div>\n\t\t\t\t<div class=\"elementor-element elementor-element-cd09939 elementor-widget elementor-widget-heading\" data-id=\"cd09939\" data-element_type=\"widget\" data-widget_type=\"heading.default\">\n\t\t\t\t<div class=\"elementor-widget-container\">\n\t\t\t<h2 class=\"elementor-heading-title elementor-size-medium\">Para Correo Postal:  \nApdo. 339 \u2013 Y Griega San Jos\u00e9 (Costa Rica).\n\n\n<\/h2>\t\t<\/div>\n\t\t\t\t<\/div>\n\t\t\t\t<div class=\"elementor-element elementor-element-689305d elementor-widget elementor-widget-heading\" data-id=\"689305d\" data-element_type=\"widget\" data-widget_type=\"heading.default\">\n\t\t\t\t<div class=\"elementor-widget-container\">\n\t\t\t<h3 class=\"elementor-heading-title elementor-size-medium\">secretariansg@terciariascapuchinas.org<\/h3>\t\t<\/div>\n\t\t\t\t<\/div>\n\t\t\t\t<div class=\"elementor-element elementor-element-cabffe1 elementor-widget elementor-widget-heading\" data-id=\"cabffe1\" data-element_type=\"widget\" data-widget_type=\"heading.default\">\n\t\t\t\t<div class=\"elementor-widget-container\">\n\t\t\t<h3 class=\"elementor-heading-title elementor-size-medium\">+506 2226-3982<\/h3>\t\t<\/div>\n\t\t\t\t<\/div>\n\t\t\t\t<div class=\"elementor-element elementor-element-ae66441 elementor-widget elementor-widget-shortcode\" data-id=\"ae66441\" data-element_type=\"widget\" data-widget_type=\"shortcode.default\">\n\t\t\t\t<div class=\"elementor-widget-container\">\n\t\t\t\t\t<div class=\"elementor-shortcode\">\n<table id=\"tablepress-4\" class=\"tablepress tablepress-id-4\">\n<thead>\n<tr class=\"row-1 odd\">\n\t<th class=\"column-1\">Nombre<\/th><th class=\"column-2\">Direcci\u00f3n<\/th><th class=\"column-3\">Tel\u00e9fono<\/th>\n<\/tr>\n<\/thead>\n<tbody class=\"row-hover\">\n<tr class=\"row-2 even\">\n\t<td class=\"column-1\"><a href=\"https:\/\/www.terciariascapuchinas.org\/fr\/quienes-somos\/demarcaciones\/prov-ntra-sra-de-guadalupe\/colegio-sagrada-familia\/\" target=\"_blank\" rel=\"noopener noreferrer\">Colegio Sagrada Familia<\/a><\/td><td class=\"column-2\">Avda Arismendi, N\u00ba. 3 C.P. 6401 TUCUPITA<br \/>\nEdo. Delta Amacuro VENEZUELA<\/td><td class=\"column-3\">Telf. +58 287 721 3360<br \/>\nTelf. +58 287 721 3027<\/td>\n<\/tr>\n<tr class=\"row-3 odd\">\n\t<td class=\"column-1\"><a href=\"https:\/\/www.terciariascapuchinas.org\/fr\/quienes-somos\/demarcaciones\/prov-ntra-sra-de-guadalupe\/colegio-sta-teresa-nino-jesus\/\" target=\"_blank\" rel=\"noopener noreferrer\">Colegio Sta. Teresa del Ni\u00f1o Jes\u00fas<\/a><\/td><td class=\"column-2\">Sta. B\u00e1rbara a Fe N\u00ba. 54 C.P.1010 A - Altagracia CARACAS VENEZUELA<\/td><td class=\"column-3\">Telf. +58 212 564 64 62<br \/>\nTelf. +58 212 564 88 55<\/td>\n<\/tr>\n<tr class=\"row-4 even\">\n\t<td class=\"column-1\"><a href=\"https:\/\/www.terciariascapuchinas.org\/fr\/quienes-somos\/demarcaciones\/prov-ntra-sra-de-guadalupe\/colegio-maria-inmaculada\/\" target=\"_blank\" rel=\"noopener noreferrer\">Colegio Mar\u00eda Inmaculada<\/a><\/td><td class=\"column-2\">Urb. Bicentenario. Avda. Alberto Ravel C.P. 8028 UPATA Estado Bol\u00edvar VENEZUELA<\/td><td class=\"column-3\">Telf. +58 288 221 1147<\/td>\n<\/tr>\n<tr class=\"row-5 odd\">\n\t<td class=\"column-1\"><a href=\"https:\/\/www.terciariascapuchinas.org\/fr\/quienes-somos\/demarcaciones\/prov-ntra-sra-de-guadalupe\/casa-hogar-san-rafael\/\" target=\"_blank\" rel=\"noopener noreferrer\">Casa Hogar San Rafael<\/a><\/td><td class=\"column-2\">Sector La Palmita C\/ Principal C.P. 5145 EL VIG\u00cdA<br \/>\nEstado M\u00e9rida VENEZUELA<\/td><td class=\"column-3\">Telf. +58 275 808 3105<\/td>\n<\/tr>\n<tr class=\"row-6 even\">\n\t<td class=\"column-1\"><a href=\"https:\/\/www.terciariascapuchinas.org\/fr\/quienes-somos\/demarcaciones\/prov-ntra-sra-de-guadalupe\/casa-mision-san-francisco\/\" target=\"_blank\" rel=\"noopener noreferrer\">Casa Misi\u00f3n San Francisco<\/a><\/td><td class=\"column-2\">V\u00eda Tucupita C.P. 6401 GUAYO Edo. Delta Amacuro VENEZUELA<\/td><td class=\"column-3\">Telf. +58 426 797 6306<\/td>\n<\/tr>\n<tr class=\"row-7 odd\">\n\t<td class=\"column-1\"><a href=\"https:\/\/www.terciariascapuchinas.org\/fr\/quienes-somos\/demarcaciones\/prov-ntra-sra-de-guadalupe\/escuela-parroquial-san-antonio-u-e-san-antonio\/\" target=\"_blank\" rel=\"noopener noreferrer\">Escuela Parroquial San Antonio U.E. San Antonio<\/a><\/td><td class=\"column-2\">Barrio La Sabana, Cra.2. C.P. 4021 MACHIQUES<br \/>\nEstado Zulia<\/td><td class=\"column-3\">Telf. +58 263 473 4592<\/td>\n<\/tr>\n<tr class=\"row-8 even\">\n\t<td class=\"column-1\"><a href=\"https:\/\/www.terciariascapuchinas.org\/fr\/quienes-somos\/demarcaciones\/prov-ntra-sra-de-guadalupe\/colegio-parroquial-san-jose\/\" target=\"_blank\" rel=\"noopener noreferrer\">Colegio Parroquial San Jos\u00e9<\/a><\/td><td class=\"column-2\">Almirante, Bocas del Toro, Rep\u00fablica de Panam\u00e1<\/td><td class=\"column-3\">Telf. Cdad:  +507 758 4150<br \/>\nColegio: +507 758 3768<\/td>\n<\/tr>\n<tr class=\"row-9 odd\">\n\t<td class=\"column-1\"><a href=\"https:\/\/www.terciariascapuchinas.org\/fr\/quienes-somos\/demarcaciones\/prov-ntra-sra-de-guadalupe\/obra-pastoral-tocumen\/\" target=\"_blank\" rel=\"noopener noreferrer\">Obra Pastoral Tocumen<\/a><\/td><td class=\"column-2\">Urbanizaci\u00f3n La Siesta nueva 2\u00b0 Rotonda diagonal a la escuela-iglesia, Tocumen Panam\u00e1<\/td><td class=\"column-3\">Telf.\/Cdad: +507 2036692<\/td>\n<\/tr>\n<tr class=\"row-10 even\">\n\t<td class=\"column-1\"><a href=\"https:\/\/www.terciariascapuchinas.org\/fr\/quienes-somos\/demarcaciones\/prov-ntra-sra-de-guadalupe\/colegio-maria-inmaculada\/\" target=\"_blank\" rel=\"noopener noreferrer\">Centro Educativo Mar\u00eda Inmaculad<\/a><\/td><td class=\"column-2\">Carretera Saop\u00edn, frente a la UNED, Lim\u00f3n Apdo. 486 LIM\u00d3N, (Costa Rica)<\/td><td class=\"column-3\">Telf. Cdad: +506 2798 0584<br \/>\nColegio: +506 27984544<\/td>\n<\/tr>\n<tr class=\"row-11 odd\">\n\t<td class=\"column-1\"><a href=\"https:\/\/www.terciariascapuchinas.org\/fr\/quienes-somos\/demarcaciones\/prov-ntra-sra-de-guadalupe\/colegio-nuestra-senora\/\" target=\"_blank\" rel=\"noopener noreferrer\">Colegio Nuestra Se\u00f1ora<\/a><\/td><td class=\"column-2\">200 mts Norte de la Iglesia de Desamparados. Apdo: 10-2400 Desamparados (Costa Rica)<\/td><td class=\"column-3\">Cdad: +506 2250 6260<br \/>\nColegio:  +506 40002022<br \/>\nTelefax: +506 2250 8022 ext. 124<\/td>\n<\/tr>\n<tr class=\"row-12 even\">\n\t<td class=\"column-1\"><a href=\"https:\/\/www.terciariascapuchinas.org\/fr\/quienes-somos\/demarcaciones\/prov-ntra-sra-de-guadalupe\/sede-provincial-santa-maria-angeles\/\" target=\"_blank\" rel=\"noopener noreferrer\">Sede Provincial Ntra. Sra. de Guadalupe.<\/a><\/td><td class=\"column-2\">Para correo expreso:<br \/>\nBarrio C\u00f3rdoba 200 mts Sur de Autos Boh\u00edo 25 mts Oeste, San Jos\u00e9 (Costa Rica).<br \/>\n<br \/>\nPara Correo Postal:<br \/>\nApdo: 223-2010 \u2013 ZAPOTE San Jos\u00e9 (Costa Rica)<\/td><td class=\"column-3\">Sup. Prov.+506 2226-3982<br \/>\nCelular:     +502 78212014<br \/>\nCdad.        +506 2227-9056<br \/>\nFax:             +506 2286-0157<\/td>\n<\/tr>\n<tr class=\"row-13 odd\">\n\t<td class=\"column-1\"><a href=\"https:\/\/www.terciariascapuchinas.org\/fr\/quienes-somos\/demarcaciones\/prov-ntra-sra-de-guadalupe\/casa-postulantado-santa-maria-angeles\/\" target=\"_blank\" rel=\"noopener noreferrer\">Casa Postulantado Santa Mar\u00eda de los \u00c1ngeles<\/a><\/td><td class=\"column-2\">200 mts Este de la Iglesia Apdo. 515-4005<br \/>\nLA RIBERA DE BEL\u00c9N Heredia, (Costa Rica)<\/td><td class=\"column-3\">Telf. +506 2293-5416<\/td>\n<\/tr>\n<tr class=\"row-14 even\">\n\t<td class=\"column-1\"><a href=\"https:\/\/www.terciariascapuchinas.org\/fr\/quienes-somos\/demarcaciones\/prov-ntra-sra-de-guadalupe\/hogar-divina-providencia\/\" target=\"_blank\" rel=\"noopener noreferrer\">Hogar Divina Providencia<\/a><\/td><td class=\"column-2\">Entrada principal de Jim\u00e9nez de Pococ\u00ed, Gu\u00e1piles, Lim\u00f3n, (Costa Rica)<\/td><td class=\"column-3\">Telf. +506 2763-7402<\/td>\n<\/tr>\n<tr class=\"row-15 odd\">\n\t<td class=\"column-1\"><a href=\"https:\/\/www.terciariascapuchinas.org\/fr\/quienes-somos\/demarcaciones\/prov-ntra-sra-de-guadalupe\/hogar-montiel\/\" target=\"_blank\" rel=\"noopener noreferrer\">Hogar Montiel<\/a><\/td><td class=\"column-2\">De la entrada principal de Urb. Rio de Oro 400 mts Norte, 100 mts Sur, 50 Este. Apdo: 164  Santa Ana 2000 San Jos\u00e9 (Costa Rica)<\/td><td class=\"column-3\">Telf. +506 2282-7868<\/td>\n<\/tr>\n<tr class=\"row-16 even\">\n\t<td class=\"column-1\"><a href=\"https:\/\/www.terciariascapuchinas.org\/fr\/quienes-somos\/demarcaciones\/prov-ntra-sra-de-guadalupe\/colegio-sagrada-familia-2\/\" target=\"_blank\" rel=\"noopener noreferrer\">Colegio Sagrada Familia<\/a><\/td><td class=\"column-2\">6\u00aa Avenida 5-68 zona 1<br \/>\n20001 \u2013 Chiquimula,  (Guatemala)<\/td><td class=\"column-3\">Telf. Cdad. +502 7942-6694<br \/>\nColeg. +502 7942-0232<br \/>\nFax:     +502 7942-4390<\/td>\n<\/tr>\n<tr class=\"row-17 odd\">\n\t<td class=\"column-1\"><a href=\"https:\/\/www.terciariascapuchinas.org\/fr\/quienes-somos\/demarcaciones\/prov-ntra-sra-de-guadalupe\/obra-pastoral-ipala\/\" target=\"_blank\" rel=\"noopener noreferrer\">Obra Pastoral Ipala<\/a><\/td><td class=\"column-2\">3\u00aa avda. 5-26 zona 1, Cerrito Colorado 20011- Ipala, Chiquimula, (Guatemala)<\/td><td class=\"column-3\">Telf. +502 7942-8452<\/td>\n<\/tr>\n<tr class=\"row-18 even\">\n\t<td class=\"column-1\"><a href=\"https:\/\/www.terciariascapuchinas.org\/fr\/quienes-somos\/demarcaciones\/prov-ntra-sra-de-guadalupe\/casa-acogida-formacion\/\" target=\"_blank\" rel=\"noopener noreferrer\">Casa de Acogida y Formaci\u00f3n<\/a><\/td><td class=\"column-2\">14 \u00aa avda. 5-47 zona 6 01006 \u2013 Guatemala,<br \/>\n(Guatemala)<\/td><td class=\"column-3\">Telf. +502 2289-2199<\/td>\n<\/tr>\n<tr class=\"row-19 odd\">\n\t<td class=\"column-1\"><a href=\"https:\/\/www.terciariascapuchinas.org\/fr\/quienes-somos\/demarcaciones\/prov-ntra-sra-de-guadalupe\/colegio-mixto-san-jose\/\" target=\"_blank\" rel=\"noopener noreferrer\">Colegio Mixto San Jos\u00e9<\/a><\/td><td class=\"column-2\">Km 122 Carretera al Atl\u00e1ntico. 19005-Teculut\u00e1n, Zacapa (Guatemala)<\/td><td class=\"column-3\">Telf.   +502 7934-7805<br \/>\nColeg. Tel\/fax: +502 7934-7154<br \/>\n<br \/>\nCentro Nutricional San Jos\u00e9<br \/>\nTel\u00a0: 7934-7949<\/td>\n<\/tr>\n<tr class=\"row-20 even\">\n\t<td class=\"column-1\"><a href=\"https:\/\/www.terciariascapuchinas.org\/fr\/quienes-somos\/demarcaciones\/prov-ntra-sra-de-guadalupe\/centro-nutricional-luis-amigo\/\" target=\"_blank\" rel=\"noopener noreferrer\">Centro Nutricional Luis Amig\u00f3<\/a><\/td><td class=\"column-2\">Avenida Coatepeque, 3\u00b0 Calle, Barrio el Centro Champerico, Retalhuleu, (Guatemala)<\/td><td class=\"column-3\">Telf. +502 7773-7211<\/td>\n<\/tr>\n<tr class=\"row-21 odd\">\n\t<td class=\"column-1\"><a href=\"https:\/\/www.terciariascapuchinas.org\/fr\/quienes-somos\/demarcaciones\/prov-ntra-sra-de-guadalupe\/colegio-pedro-betancourt\/\" target=\"_blank\" rel=\"noopener noreferrer\">Colegio Pedro Betancourt<\/a><\/td><td class=\"column-2\">4\u00aaavda. 3\u00aa calle zona 1, 08001 \u2013 Totonicap\u00e1n, (Guatemala)<\/td><td class=\"column-3\">Telf. Cdad. +502 7766-7168<br \/>\nColeg.         +502 7766-1118<\/td>\n<\/tr>\n<tr class=\"row-22 even\">\n\t<td class=\"column-1\"><a href=\"https:\/\/www.terciariascapuchinas.org\/fr\/quienes-somos\/demarcaciones\/prov-ntra-sra-de-guadalupe\/noviciado-inmaculada\/\" target=\"_blank\" rel=\"noopener noreferrer\">Noviciado La Inmaculada<\/a><\/td><td class=\"column-2\">3\u00aa avda. 8-86 zona 1, 01051 \u2013 San Jos\u00e9 P\u00ednula<br \/>\n(Guatemala)<\/td><td class=\"column-3\">Telf.                +502 6634-8531<br \/>\nCasa Retiro: +502 4891-9870<\/td>\n<\/tr>\n<tr class=\"row-23 odd\">\n\t<td class=\"column-1\"><a href=\"https:\/\/www.terciariascapuchinas.org\/fr\/quienes-somos\/demarcaciones\/prov-ntra-sra-de-guadalupe\/hogar-luis-amigo\/\" target=\"_blank\" rel=\"noopener noreferrer\">Hogar Luis Amig\u00f3<\/a><\/td><td class=\"column-2\">Llano de Urbina,<br \/>\nCantel, Quetzaltenango, (Guatemala)<\/td><td class=\"column-3\">Telf. +502 5353-8422<\/td>\n<\/tr>\n<tr class=\"row-24 even\">\n\t<td class=\"column-1\"><a href=\"https:\/\/www.terciariascapuchinas.org\/fr\/quienes-somos\/demarcaciones\/prov-ntra-sra-de-guadalupe\/hogar-oasis-paz\/\" target=\"_blank\" rel=\"noopener noreferrer\">Hogar Oasis de Paz<\/a><\/td><td class=\"column-2\">Infonavit Calle La Guayaba Villa Parrilla Villahermosa M\u00e9xico<\/td><td class=\"column-3\">Telf. +52 9933555700<\/td>\n<\/tr>\n<tr class=\"row-25 odd\">\n\t<td class=\"column-1\"><a href=\"https:\/\/www.terciariascapuchinas.org\/fr\/quienes-somos\/demarcaciones\/prov-ntra-sra-de-guadalupe\/comunidad-nuestra-senora-guadalupe\/\" target=\"_blank\" rel=\"noopener noreferrer\">Comunidad Nuestra Se\u00f1ora de Guadalupe<\/a><\/td><td class=\"column-2\">C\/ Lago Patzcuaro, 9 Club de Mayorazgo 72410 Puebla M\u00e9xico<\/td><td class=\"column-3\">Telf. +52 22 22 19 45 32<\/td>\n<\/tr>\n<tr class=\"row-26 even\">\n\t<td class=\"column-1\"><a href=\"https:\/\/www.terciariascapuchinas.org\/fr\/quienes-somos\/demarcaciones\/prov-ntra-sra-de-guadalupe\/fraternidad-nazaret\/\" target=\"_blank\" rel=\"noopener noreferrer\">Fraternidad Nazaret<\/a><\/td><td class=\"column-2\">Calle San Marcos N\u00ba 119 entre 5 de Mayo Abasolo 14999 Tlalpan M\u00e9xico<\/td><td class=\"column-3\">Telf. +52 5555 736753<\/td>\n<\/tr>\n<tr class=\"row-27 odd\">\n\t<td class=\"column-1\"><a href=\"https:\/\/www.terciariascapuchinas.org\/fr\/quienes-somos\/demarcaciones\/prov-ntra-sra-de-guadalupe\/obra-pastoral-totogalpa\/\" target=\"_blank\" rel=\"noopener noreferrer\">Obra Pastoral Totogalpa<\/a><\/td><td class=\"column-2\">Frente Costado Norte de la Iglesia cat\u00f3lica, Totogalpa, Madriz (Nicaragua)<\/td><td class=\"column-3\">Telf. +505 85609627<\/td>\n<\/tr>\n<tr class=\"row-28 even\">\n\t<td class=\"column-1\"><a href=\"https:\/\/www.terciariascapuchinas.org\/fr\/quienes-somos\/demarcaciones\/prov-ntra-sra-de-guadalupe\/obra-pastoral-diversificada-fray-luis\/\" target=\"_blank\" rel=\"noopener noreferrer\">Obra Pastoral Diversificada Fray Luis<\/a><\/td><td class=\"column-2\">Colonia Ram\u00f3n Amaya Amador. Sector 3, bloque 59, N\u00ba14, junto al consultorio M\u00e9dico Virgen de la Paz.<br \/>\n<br \/>\nColonia Arturo Quesada, 2da etapa, bloque 80, Peatonal 14, casa N\u00aa 12. Comayag\u00fcela,<br \/>\nTegucigalpa, Honduras<\/td><td class=\"column-3\">Telf.  +504 213-0007<br \/>\nEmergencias:<br \/>\n+504 96895619<\/td>\n<\/tr>\n<tr class=\"row-29 odd\">\n\t<td class=\"column-1\"><a href=\"https:\/\/www.terciariascapuchinas.org\/fr\/quienes-somos\/demarcaciones\/prov-ntra-sra-de-guadalupe\/fraternidad-virgen-paz\/\" target=\"_blank\" rel=\"noopener noreferrer\">Fraternidad Virgen de la Paz<\/a><\/td><td class=\"column-2\">Colonia Argentina, Cant\u00f3n el Lim\u00f3n, Soyapango - San Salvador<\/td><td class=\"column-3\"><\/td>\n<\/tr>\n<\/tbody>\n<\/table>\n<!-- #tablepress-4 from cache --><\/div>\n\t\t\t\t<\/div>\n\t\t\t\t<\/div>\n\t\t\t\t\t\t<\/div>\n\t\t\t\t\t<\/div>\n\t\t<\/div>\n\t\t\t\t\t\t\t\t<\/div>\n\t\t\t\t\t<\/div>\n\t\t<\/section>\n\t\t\t\t\t\t\t\t\t<\/div>\n\t\t\t<\/div>\n\t\t\t\t\t<\/div>\n\t\t","protected":false},"excerpt":{"rendered":"<p>Provincia \u00abNostra Signora di Guadalupe\u00bb Curia provinciale Para correo expreso: De Autos Boh\u00edo 200 mts Sur y 25 mts Oeste, Barrio C\u00f3rdoba, Zapote, San Jos\u00e9 (Costa Rica). Para Correo Postal: Apdo. 339 \u2013 Y Griega San Jos\u00e9 (Costa Rica). secretariansg@terciariascapuchinas.org +506 2226-3982<\/p>\n","protected":false},"author":1,"featured_media":0,"parent":39,"menu_order":0,"comment_status":"closed","ping_status":"closed","template":"elementor_header_footer","meta":[],"_links":{"self":[{"href":"https:\/\/www.terciariascapuchinas.org\/it\/wp-json\/wp\/v2\/pages\/51"}],"collection":[{"href":"https:\/\/www.terciariascapuchinas.org\/it\/wp-json\/wp\/v2\/pages"}],"about":[{"href":"https:\/\/www.terciariascapuchinas.org\/it\/wp-json\/wp\/v2\/types\/page"}],"author":[{"embeddable":true,"href":"https:\/\/www.terciariascapuchinas.org\/it\/wp-json\/wp\/v2\/users\/1"}],"replies":[{"embeddable":true,"href":"https:\/\/www.terciariascapuchinas.org\/it\/wp-json\/wp\/v2\/comments?post=51"}],"version-history":[{"count":25,"href":"https:\/\/www.terciariascapuchinas.org\/it\/wp-json\/wp\/v2\/pages\/51\/revisions"}],"predecessor-version":[{"id":6360,"href":"https:\/\/www.terciariascapuchinas.org\/it\/wp-json\/wp\/v2\/pages\/51\/revisions\/6360"}],"up":[{"embeddable":true,"href":"https:\/\/www.terciariascapuchinas.org\/it\/wp-json\/wp\/v2\/pages\/39"}],"wp:attachment":[{"href":"https:\/\/www.terciariascapuchinas.org\/it\/wp-json\/wp\/v2\/media?parent=51"}],"curies":[{"name":"wp","href":"https:\/\/api.w.org\/{rel}","templated":true}]}}