{"id":55,"date":"2020-05-04T12:35:26","date_gmt":"2020-05-04T12:35:26","guid":{"rendered":"http:\/\/florastrosytarot.com\/terciarias\/?page_id=55"},"modified":"2021-03-30T09:17:54","modified_gmt":"2021-03-30T09:17:54","slug":"delegacion-general-ntra-sra-de-africa","status":"publish","type":"page","link":"https:\/\/www.terciariascapuchinas.org\/it\/quienes-somos\/demarcaciones\/delegacion-general-ntra-sra-de-africa\/","title":{"rendered":"Delegaci\u00f3n General Ntra. Sra. de \u00c1frica"},"content":{"rendered":"\t\t<div data-elementor-type=\"wp-page\" data-elementor-id=\"55\" class=\"elementor elementor-55\">\n\t\t\t\t\t\t<div class=\"elementor-inner\">\n\t\t\t\t<div class=\"elementor-section-wrap\">\n\t\t\t\t\t\t\t\t\t<section class=\"elementor-section elementor-top-section elementor-element elementor-element-6117989 elementor-section-boxed elementor-section-height-default elementor-section-height-default\" data-id=\"6117989\" data-element_type=\"section\">\n\t\t\t\t\t\t<div class=\"elementor-container elementor-column-gap-default\">\n\t\t\t\t\t\t\t<div class=\"elementor-row\">\n\t\t\t\t\t<div class=\"elementor-column elementor-col-100 elementor-top-column elementor-element elementor-element-d2f0759\" data-id=\"d2f0759\" data-element_type=\"column\">\n\t\t\t<div class=\"elementor-column-wrap elementor-element-populated\">\n\t\t\t\t\t\t\t<div class=\"elementor-widget-wrap\">\n\t\t\t\t\t\t<div class=\"elementor-element elementor-element-c77254d elementor-align-left elementor-icon-list--layout-traditional elementor-list-item-link-full_width elementor-widget elementor-widget-icon-list\" data-id=\"c77254d\" data-element_type=\"widget\" data-widget_type=\"icon-list.default\">\n\t\t\t\t<div class=\"elementor-widget-container\">\n\t\t\t\t\t<ul class=\"elementor-icon-list-items\">\n\t\t\t\t\t\t\t<li class=\"elementor-icon-list-item\">\n\t\t\t\t\t\t\t\t\t\t\t<span class=\"elementor-icon-list-icon\">\n\t\t\t\t\t\t\t<i aria-hidden=\"true\" class=\"fas fa-female\"><\/i>\t\t\t\t\t\t<\/span>\n\t\t\t\t\t\t\t\t\t\t<span class=\"elementor-icon-list-text\">Delegazione generale \"Nostra Signora d'Africa\"<\/span>\n\t\t\t\t\t\t\t\t\t<\/li>\n\t\t\t\t\t\t<\/ul>\n\t\t\t\t<\/div>\n\t\t\t\t<\/div>\n\t\t\t\t<div class=\"elementor-element elementor-element-cd3d5bb elementor-widget elementor-widget-heading\" data-id=\"cd3d5bb\" data-element_type=\"widget\" data-widget_type=\"heading.default\">\n\t\t\t\t<div class=\"elementor-widget-container\">\n\t\t\t<h2 class=\"elementor-heading-title elementor-size-medium\">Sede della delegazione generale<br> Plot 695 Block \u201cE\u201d Tungi\u2013 Kigamboni. \nP.O. Box 70498 Dar Es Salaam. Tanzania.\n<\/h2>\t\t<\/div>\n\t\t\t\t<\/div>\n\t\t\t\t<div class=\"elementor-element elementor-element-e2b6a1d elementor-widget elementor-widget-heading\" data-id=\"e2b6a1d\" data-element_type=\"widget\" data-widget_type=\"heading.default\">\n\t\t\t\t<div class=\"elementor-widget-container\">\n\t\t\t<h3 class=\"elementor-heading-title elementor-size-medium\">kigamboni@terciariascapuchinas.org<\/h3>\t\t<\/div>\n\t\t\t\t<\/div>\n\t\t\t\t<div class=\"elementor-element elementor-element-932f057 elementor-widget elementor-widget-heading\" data-id=\"932f057\" data-element_type=\"widget\" data-widget_type=\"heading.default\">\n\t\t\t\t<div class=\"elementor-widget-container\">\n\t\t\t<h3 class=\"elementor-heading-title elementor-size-medium\">+255 758 129 374<\/h3>\t\t<\/div>\n\t\t\t\t<\/div>\n\t\t\t\t\t\t<\/div>\n\t\t\t\t\t<\/div>\n\t\t<\/div>\n\t\t\t\t\t\t\t\t<\/div>\n\t\t\t\t\t<\/div>\n\t\t<\/section>\n\t\t\t\t<section class=\"elementor-section elementor-top-section elementor-element elementor-element-e8693fe elementor-section-boxed elementor-section-height-default elementor-section-height-default\" data-id=\"e8693fe\" data-element_type=\"section\" data-settings=\"{&quot;background_background&quot;:&quot;classic&quot;}\">\n\t\t\t\t\t\t<div class=\"elementor-container elementor-column-gap-default\">\n\t\t\t\t\t\t\t<div class=\"elementor-row\">\n\t\t\t\t\t<div class=\"elementor-column elementor-col-100 elementor-top-column elementor-element elementor-element-bfd2643\" data-id=\"bfd2643\" data-element_type=\"column\">\n\t\t\t<div class=\"elementor-column-wrap elementor-element-populated\">\n\t\t\t\t\t\t\t<div class=\"elementor-widget-wrap\">\n\t\t\t\t\t\t<div class=\"elementor-element elementor-element-4ed6f63 elementor-widget elementor-widget-shortcode\" data-id=\"4ed6f63\" data-element_type=\"widget\" data-widget_type=\"shortcode.default\">\n\t\t\t\t<div class=\"elementor-widget-container\">\n\t\t\t\t\t<div class=\"elementor-shortcode\">\n<table id=\"tablepress-6\" class=\"tablepress tablepress-id-6\">\n<thead>\n<tr class=\"row-1 odd\">\n\t<th class=\"column-1\">Nombre<\/th><th class=\"column-2\">Direcci\u00f3n<\/th><th class=\"column-3\">Tel\u00e9fono<\/th>\n<\/tr>\n<\/thead>\n<tbody class=\"row-hover\">\n<tr class=\"row-2 even\">\n\t<td class=\"column-1\"><a href=\"https:\/\/www.terciariascapuchinas.org\/fr\/quienes-somos\/demarcaciones\/delegacion-general-ntra-sra-de-africa\/maison-saint-benoit\/\" target=\"_blank\" rel=\"noopener noreferrer\">Mission Saint Benoit <\/a><\/td><td class=\"column-2\">S\u0153urs Tertiaires Capucines de la Sainte Famille.<br \/>\nMission Catholique-Kansenia. <br \/>\nHaut Lualaba. R\u00e9publique D\u00e9mocratique du Congo<\/td><td class=\"column-3\">+243 990 252 613<\/td>\n<\/tr>\n<tr class=\"row-3 odd\">\n\t<td class=\"column-1\"><a href=\"https:\/\/www.terciariascapuchinas.org\/fr\/quienes-somos\/demarcaciones\/delegacion-general-ntra-sra-de-africa\/sagrada-familia\/\" target=\"_blank\" rel=\"noopener noreferrer\">Sagrada Familia<\/a><\/td><td class=\"column-2\">S\u0153urs Tertiaires Capucines de la Sainte Famille.<br \/>\n\u201c Mission Catholique\u201d Kasungami. Lubumbashi. Haut Katanga. R\u00e9publique D\u00e9mocratique du Congo.<\/td><td class=\"column-3\">+243 844 531 263<\/td>\n<\/tr>\n<tr class=\"row-4 even\">\n\t<td class=\"column-1\"><a href=\"https:\/\/www.terciariascapuchinas.org\/fr\/quienes-somos\/demarcaciones\/delegacion-general-ntra-sra-de-africa\/rosario-soano\/\" target=\"_blank\" rel=\"noopener noreferrer\">Rosario de Soano<\/a><\/td><td class=\"column-2\">S\u0153urs Tertiaires Capucines de la Sainte Famille (Postulat)<br \/>\nAvda. Manika 3109. Lubumbashi. Haut Katanga. R\u00e9publique D\u00e9mocratique du Congo.<\/td><td class=\"column-3\">+243 853 524 008<\/td>\n<\/tr>\n<tr class=\"row-5 odd\">\n\t<td class=\"column-1\"><a href=\"https:\/\/www.terciariascapuchinas.org\/fr\/quienes-somos\/demarcaciones\/delegacion-general-ntra-sra-de-africa\/luis-amigo\/\" target=\"_blank\" rel=\"noopener noreferrer\">Luis Amig\u00f3<\/a><\/td><td class=\"column-2\">S\u0153urs Tertiaires Capucines de la Sainte Famille<br \/>\nAvda. Kinkondja, 3061 (Quartier Gambela) Lubumbashi. Haut Katanga. R\u00e9publique D\u00e9mocratique du Congo.<\/td><td class=\"column-3\">+243 973 453 897<\/td>\n<\/tr>\n<tr class=\"row-6 even\">\n\t<td class=\"column-1\"><a href=\"https:\/\/www.terciariascapuchinas.org\/fr\/quienes-somos\/demarcaciones\/delegacion-general-ntra-sra-de-africa\/sagrada-familia-2\/\" target=\"_blank\" rel=\"noopener noreferrer\">Sagrada Familia<\/a><\/td><td class=\"column-2\">Capuchin Tertiary Sisters of the Holy Family. <br \/>\nPlot 315 Block \u201cB\u201d Kihonda Moghorofani. P. O. Box 1989. Morogoro. Tanzania.<\/td><td class=\"column-3\">+255 682 821 922<\/td>\n<\/tr>\n<tr class=\"row-7 odd\">\n\t<td class=\"column-1\"><a href=\"https:\/\/www.terciariascapuchinas.org\/fr\/quienes-somos\/demarcaciones\/delegacion-general-ntra-sra-de-africa\/luis-amigo-2\/\" target=\"_blank\" rel=\"noopener noreferrer\">Luis Amig\u00f3<\/a><\/td><td class=\"column-2\">Capuchin Tertiary Sisters of the Holy Family (Postulancy)<br \/>\nPlot 695 Block \u201cE\u201d Tungi\u2013 Kigamboni. <br \/>\nP.O. Box 70498 Dar Es Salaam. Tanzania.<\/td><td class=\"column-3\">+255 758 129 374<\/td>\n<\/tr>\n<tr class=\"row-8 even\">\n\t<td class=\"column-1\"><a href=\"https:\/\/www.terciariascapuchinas.org\/fr\/quienes-somos\/demarcaciones\/delegacion-general-ntra-sra-de-africa\/santa-clara\/\" target=\"_blank\" rel=\"noopener noreferrer\">Santa Clara<\/a><\/td><td class=\"column-2\">Capuchin Tertiary Sisters of the Holy Family. <br \/>\nNtuntu Jimbo la Singida. Tanzania.<\/td><td class=\"column-3\">+255 789 182 585<\/td>\n<\/tr>\n<tr class=\"row-9 odd\">\n\t<td class=\"column-1\"><a href=\"https:\/\/www.terciariascapuchinas.org\/fr\/quienes-somos\/demarcaciones\/delegacion-general-ntra-sra-de-africa\/fray-luis-amigo\/\" target=\"_blank\" rel=\"noopener noreferrer\">Fray Luis Amig\u00f3<\/a><\/td><td class=\"column-2\">S\u0153urs Tertiaires Capucines de la Sainte Famille<br \/>\nB.P: 06 BP 2057<br \/>\nAkpakpa-Cotonou. <br \/>\nR\u00e9publique du B\u00e9nin. <\/td><td class=\"column-3\">+229 946 677 67<\/td>\n<\/tr>\n<tr class=\"row-10 even\">\n\t<td class=\"column-1\"><a href=\"https:\/\/www.terciariascapuchinas.org\/fr\/quienes-somos\/demarcaciones\/delegacion-general-ntra-sra-de-africa\/san-francisco\/\" target=\"_blank\" rel=\"noopener noreferrer\">San Francisco<\/a><\/td><td class=\"column-2\">S\u0153urs Tertiaires Capucines de la Sainte Famille<br \/>\nB.P. 06-2057 Nikki R\u00e9publique du B\u00e9nin.<\/td><td class=\"column-3\">+229 646 599 65<\/td>\n<\/tr>\n<tr class=\"row-11 odd\">\n\t<td class=\"column-1\"><a href=\"https:\/\/www.terciariascapuchinas.org\/fr\/quienes-somos\/demarcaciones\/delegacion-general-ntra-sra-de-africa\/sagrada-familia-3\/\" target=\"_blank\" rel=\"noopener noreferrer\">Sagrada Familia<\/a><\/td><td class=\"column-2\">S\u0153urs Tertiaires Capucines de la Sainte Famille<br \/>\nMaison de Formation (Noviciat) Ou\u00e9ss\u00e9-Ouidah, R\u00e9publique du B\u00e9nin.<\/td><td class=\"column-3\">+229 95 10 80<\/td>\n<\/tr>\n<tr class=\"row-12 even\">\n\t<td class=\"column-1\"><a href=\"https:\/\/www.terciariascapuchinas.org\/fr\/quienes-somos\/demarcaciones\/delegacion-general-ntra-sra-de-africa\/francisca-rafelbunol\/\" target=\"_blank\" rel=\"noopener noreferrer\">Francisca de Rafelbu\u00f1ol<\/a><\/td><td class=\"column-2\">Francisca de Rafelbu\u00f1ol (Postulat)<br \/>\n Gl\u00f3-Djigb\u00e9. R\u00e9publique du B\u00e9nin.<\/td><td class=\"column-3\">+229 658 615 28<\/td>\n<\/tr>\n<tr class=\"row-13 odd\">\n\t<td class=\"column-1\"><a href=\"https:\/\/www.terciariascapuchinas.org\/fr\/quienes-somos\/demarcaciones\/delegacion-general-ntra-sra-de-africa\/fraternidad-nazaret\/\" target=\"_blank\" rel=\"noopener noreferrer\">Fraternidad Nazaret<\/a><\/td><td class=\"column-2\">Hermanas Terciarias Capuchinas de la Sagrada Familia. <br \/>\nCentro Infantil Luis Amigo (CILA)<br \/>\nAvenida Luis Amigo. Evinayong. Centro Sur.  Guinea Ecuatorial<\/td><td class=\"column-3\">+240 222 760 497<\/td>\n<\/tr>\n<tr class=\"row-14 even\">\n\t<td class=\"column-1\"><a href=\"https:\/\/www.terciariascapuchinas.org\/fr\/quienes-somos\/demarcaciones\/delegacion-general-ntra-sra-de-africa\/fraternidad-emaus\/\" target=\"_blank\" rel=\"noopener noreferrer\">Fraternidad Ema\u00fas<\/a><\/td><td class=\"column-2\">Hermanas Terciarias Capuchinas de la Sagrada Familia.<br \/>\nBarrio Ncolombong. Bata Litoral. Guinea Ecuatorial.<\/td><td class=\"column-3\">+240 222 355 485<\/td>\n<\/tr>\n<\/tbody>\n<\/table>\n<!-- #tablepress-6 from cache --><\/div>\n\t\t\t\t<\/div>\n\t\t\t\t<\/div>\n\t\t\t\t\t\t<\/div>\n\t\t\t\t\t<\/div>\n\t\t<\/div>\n\t\t\t\t\t\t\t\t<\/div>\n\t\t\t\t\t<\/div>\n\t\t<\/section>\n\t\t\t\t\t\t\t\t\t<\/div>\n\t\t\t<\/div>\n\t\t\t\t\t<\/div>\n\t\t","protected":false},"excerpt":{"rendered":"<p>Delegazione generale \u00abNostra Signora d&#8217;Africa\u00bb Sede della delegazione generale Plot 695 Block \u201cE\u201d Tungi\u2013 Kigamboni. P.O. Box 70498 Dar Es Salaam. Tanzania. kigamboni@terciariascapuchinas.org +255 758 129 374<\/p>\n","protected":false},"author":1,"featured_media":0,"parent":39,"menu_order":0,"comment_status":"closed","ping_status":"closed","template":"elementor_header_footer","meta":[],"_links":{"self":[{"href":"https:\/\/www.terciariascapuchinas.org\/it\/wp-json\/wp\/v2\/pages\/55"}],"collection":[{"href":"https:\/\/www.terciariascapuchinas.org\/it\/wp-json\/wp\/v2\/pages"}],"about":[{"href":"https:\/\/www.terciariascapuchinas.org\/it\/wp-json\/wp\/v2\/types\/page"}],"author":[{"embeddable":true,"href":"https:\/\/www.terciariascapuchinas.org\/it\/wp-json\/wp\/v2\/users\/1"}],"replies":[{"embeddable":true,"href":"https:\/\/www.terciariascapuchinas.org\/it\/wp-json\/wp\/v2\/comments?post=55"}],"version-history":[{"count":20,"href":"https:\/\/www.terciariascapuchinas.org\/it\/wp-json\/wp\/v2\/pages\/55\/revisions"}],"predecessor-version":[{"id":5151,"href":"https:\/\/www.terciariascapuchinas.org\/it\/wp-json\/wp\/v2\/pages\/55\/revisions\/5151"}],"up":[{"embeddable":true,"href":"https:\/\/www.terciariascapuchinas.org\/it\/wp-json\/wp\/v2\/pages\/39"}],"wp:attachment":[{"href":"https:\/\/www.terciariascapuchinas.org\/it\/wp-json\/wp\/v2\/media?parent=55"}],"curies":[{"name":"wp","href":"https:\/\/api.w.org\/{rel}","templated":true}]}}