{"id":73,"date":"2020-05-04T12:50:10","date_gmt":"2020-05-04T12:50:10","guid":{"rendered":"http:\/\/florastrosytarot.com\/terciarias\/?page_id=73"},"modified":"2021-03-29T14:41:44","modified_gmt":"2021-03-29T14:41:44","slug":"proteccion-y-reeducacion","status":"publish","type":"page","link":"https:\/\/www.terciariascapuchinas.org\/it\/campos-de-mision\/proteccion-y-reeducacion\/","title":{"rendered":"Protecci\u00f3n y Reeducaci\u00f3n"},"content":{"rendered":"\t\t<div data-elementor-type=\"wp-page\" data-elementor-id=\"73\" class=\"elementor elementor-73\">\n\t\t\t\t\t\t<div class=\"elementor-inner\">\n\t\t\t\t<div class=\"elementor-section-wrap\">\n\t\t\t\t\t\t\t\t\t<section class=\"elementor-section elementor-top-section elementor-element elementor-element-e32ca29 elementor-section-boxed elementor-section-height-default elementor-section-height-default\" data-id=\"e32ca29\" data-element_type=\"section\" data-settings=\"{&quot;background_background&quot;:&quot;classic&quot;}\">\n\t\t\t\t\t\t<div class=\"elementor-container elementor-column-gap-default\">\n\t\t\t\t\t\t\t<div class=\"elementor-row\">\n\t\t\t\t\t<div class=\"elementor-column elementor-col-100 elementor-top-column elementor-element elementor-element-b4695c9\" data-id=\"b4695c9\" data-element_type=\"column\">\n\t\t\t<div class=\"elementor-column-wrap elementor-element-populated\">\n\t\t\t\t\t\t\t<div class=\"elementor-widget-wrap\">\n\t\t\t\t\t\t<div class=\"elementor-element elementor-element-32a8eac elementor-align-left elementor-icon-list--layout-traditional elementor-list-item-link-full_width elementor-widget elementor-widget-icon-list\" data-id=\"32a8eac\" data-element_type=\"widget\" data-widget_type=\"icon-list.default\">\n\t\t\t\t<div class=\"elementor-widget-container\">\n\t\t\t\t\t<ul class=\"elementor-icon-list-items\">\n\t\t\t\t\t\t\t<li class=\"elementor-icon-list-item\">\n\t\t\t\t\t\t\t\t\t\t\t<span class=\"elementor-icon-list-icon\">\n\t\t\t\t\t\t\t<i aria-hidden=\"true\" class=\"fas fa-female\"><\/i>\t\t\t\t\t\t<\/span>\n\t\t\t\t\t\t\t\t\t\t<span class=\"elementor-icon-list-text\">Protezione e rieducazione<\/span>\n\t\t\t\t\t\t\t\t\t<\/li>\n\t\t\t\t\t\t<\/ul>\n\t\t\t\t<\/div>\n\t\t\t\t<\/div>\n\t\t\t\t<div class=\"elementor-element elementor-element-8037c05 elementor-widget elementor-widget-heading\" data-id=\"8037c05\" data-element_type=\"widget\" data-widget_type=\"heading.default\">\n\t\t\t\t<div class=\"elementor-widget-container\">\n\t\t\t<h2 class=\"elementor-heading-title elementor-size-default\">Spinte dalla carit\u00e0 di Colui che \u00e8 venuto a salvare ci\u00f2 che era perduto, accogliamo con amore bambini e giovani a rischio di esclusione sociale (protezione), con problemi comportamentali o di personalit\u00e0 e feriti nella loro dignit\u00e0 umana (rieducazione). Nelle case o nelle altre strutture dove li accogliamo, cerchiamo di offrire loro un ambiente familiare dove possano sperimentare un clima di affetto e dialogo, vivere rapporti personali di fiducia e essere protagonisti del proprio processo di crescita (cf. Dir. 42, 43 e 44). <\/h2>\t\t<\/div>\n\t\t\t\t<\/div>\n\t\t\t\t<div class=\"elementor-element elementor-element-6ec518a elementor-widget elementor-widget-gallery\" data-id=\"6ec518a\" data-element_type=\"widget\" data-settings=\"{&quot;columns&quot;:3,&quot;lazyload&quot;:&quot;yes&quot;,&quot;gallery_layout&quot;:&quot;grid&quot;,&quot;columns_tablet&quot;:2,&quot;columns_mobile&quot;:1,&quot;gap&quot;:{&quot;unit&quot;:&quot;px&quot;,&quot;size&quot;:10,&quot;sizes&quot;:[]},&quot;gap_tablet&quot;:{&quot;unit&quot;:&quot;px&quot;,&quot;size&quot;:10,&quot;sizes&quot;:[]},&quot;gap_mobile&quot;:{&quot;unit&quot;:&quot;px&quot;,&quot;size&quot;:10,&quot;sizes&quot;:[]},&quot;link_to&quot;:&quot;file&quot;,&quot;aspect_ratio&quot;:&quot;3:2&quot;,&quot;overlay_background&quot;:&quot;yes&quot;,&quot;content_hover_animation&quot;:&quot;fade-in&quot;}\" data-widget_type=\"gallery.default\">\n\t\t\t\t<div class=\"elementor-widget-container\">\n\t\t\t\t\t<div class=\"elementor-gallery__container\">\n\t\t\t\t\t\t\t<a class=\"e-gallery-item elementor-gallery-item elementor-animated-content\" href=\"https:\/\/www.terciariascapuchinas.org\/it\/wp-content\/uploads\/2020\/12\/25.-Proteccio\u0301n-Cali.jpg\" data-elementor-open-lightbox=\"yes\" data-elementor-lightbox-slideshow=\"all-6ec518a\" data-elementor-lightbox-title=\"Protection\" e-action-hash=\"#elementor-action%3Aaction%3Dlightbox%26settings%3DeyJpZCI6NDAzNSwidXJsIjoiaHR0cHM6XC9cL3d3dy50ZXJjaWFyaWFzY2FwdWNoaW5hcy5vcmdcL2l0XC93cC1jb250ZW50XC91cGxvYWRzXC8yMDIwXC8xMlwvMjUuLVByb3RlY2Npb1x1MDMwMW4tQ2FsaS5qcGciLCJzbGlkZXNob3ciOiJhbGwtNmVjNTE4YSJ9\">\n\t\t\t\t\t<div class=\"e-gallery-image elementor-gallery-item__image\" data-thumbnail=\"https:\/\/www.terciariascapuchinas.org\/it\/wp-content\/uploads\/2020\/12\/25.-Proteccio\u0301n-Cali.jpg\" data-width=\"1152\" data-height=\"560\" alt=\"\" ><\/div>\n\t\t\t\t\t\t\t\t\t\t\t<div class=\"elementor-gallery-item__overlay\"><\/div>\n\t\t\t\t\t\t\t\t\t\t\t\t\t\t<\/a>\n\t\t\t\t\t\t\t<a class=\"e-gallery-item elementor-gallery-item elementor-animated-content\" href=\"https:\/\/www.terciariascapuchinas.org\/it\/wp-content\/uploads\/2020\/12\/26.-Proteccio\u0301n-Santa-Rosa-.jpg\" data-elementor-open-lightbox=\"yes\" data-elementor-lightbox-slideshow=\"all-6ec518a\" data-elementor-lightbox-title=\"Protection\" e-action-hash=\"#elementor-action%3Aaction%3Dlightbox%26settings%3DeyJpZCI6NDAzNiwidXJsIjoiaHR0cHM6XC9cL3d3dy50ZXJjaWFyaWFzY2FwdWNoaW5hcy5vcmdcL2l0XC93cC1jb250ZW50XC91cGxvYWRzXC8yMDIwXC8xMlwvMjYuLVByb3RlY2Npb1x1MDMwMW4tU2FudGEtUm9zYS0uanBnIiwic2xpZGVzaG93IjoiYWxsLTZlYzUxOGEifQ%3D%3D\">\n\t\t\t\t\t<div class=\"e-gallery-image elementor-gallery-item__image\" data-thumbnail=\"https:\/\/www.terciariascapuchinas.org\/it\/wp-content\/uploads\/2020\/12\/26.-Proteccio\u0301n-Santa-Rosa-.jpg\" data-width=\"864\" data-height=\"1152\" alt=\"\" ><\/div>\n\t\t\t\t\t\t\t\t\t\t\t<div class=\"elementor-gallery-item__overlay\"><\/div>\n\t\t\t\t\t\t\t\t\t\t\t\t\t\t<\/a>\n\t\t\t\t\t\t\t<a class=\"e-gallery-item elementor-gallery-item elementor-animated-content\" href=\"https:\/\/www.terciariascapuchinas.org\/it\/wp-content\/uploads\/2020\/12\/27.-Proteccio\u0301n-Brasil.jpg\" data-elementor-open-lightbox=\"yes\" data-elementor-lightbox-slideshow=\"all-6ec518a\" data-elementor-lightbox-title=\"Protection\" e-action-hash=\"#elementor-action%3Aaction%3Dlightbox%26settings%3DeyJpZCI6NDAzNywidXJsIjoiaHR0cHM6XC9cL3d3dy50ZXJjaWFyaWFzY2FwdWNoaW5hcy5vcmdcL2l0XC93cC1jb250ZW50XC91cGxvYWRzXC8yMDIwXC8xMlwvMjcuLVByb3RlY2Npb1x1MDMwMW4tQnJhc2lsLmpwZyIsInNsaWRlc2hvdyI6ImFsbC02ZWM1MThhIn0%3D\">\n\t\t\t\t\t<div class=\"e-gallery-image elementor-gallery-item__image\" data-thumbnail=\"https:\/\/www.terciariascapuchinas.org\/it\/wp-content\/uploads\/2020\/12\/27.-Proteccio\u0301n-Brasil.jpg\" data-width=\"1040\" data-height=\"780\" alt=\"\" ><\/div>\n\t\t\t\t\t\t\t\t\t\t\t<div class=\"elementor-gallery-item__overlay\"><\/div>\n\t\t\t\t\t\t\t\t\t\t\t\t\t\t<\/a>\n\t\t\t\t\t\t\t<a class=\"e-gallery-item elementor-gallery-item elementor-animated-content\" href=\"https:\/\/www.terciariascapuchinas.org\/it\/wp-content\/uploads\/2020\/12\/28.-P.-Proteccio\u0301n-Sta.-Rosa.jpg\" data-elementor-open-lightbox=\"yes\" data-elementor-lightbox-slideshow=\"all-6ec518a\" data-elementor-lightbox-title=\"Protection\" e-action-hash=\"#elementor-action%3Aaction%3Dlightbox%26settings%3DeyJpZCI6NDAzOCwidXJsIjoiaHR0cHM6XC9cL3d3dy50ZXJjaWFyaWFzY2FwdWNoaW5hcy5vcmdcL2l0XC93cC1jb250ZW50XC91cGxvYWRzXC8yMDIwXC8xMlwvMjguLVAuLVByb3RlY2Npb1x1MDMwMW4tU3RhLi1Sb3NhLmpwZyIsInNsaWRlc2hvdyI6ImFsbC02ZWM1MThhIn0%3D\">\n\t\t\t\t\t<div class=\"e-gallery-image elementor-gallery-item__image\" data-thumbnail=\"https:\/\/www.terciariascapuchinas.org\/it\/wp-content\/uploads\/2020\/12\/28.-P.-Proteccio\u0301n-Sta.-Rosa.jpg\" data-width=\"1203\" data-height=\"1224\" alt=\"\" ><\/div>\n\t\t\t\t\t\t\t\t\t\t\t<div class=\"elementor-gallery-item__overlay\"><\/div>\n\t\t\t\t\t\t\t\t\t\t\t\t\t\t<\/a>\n\t\t\t\t\t\t\t<a class=\"e-gallery-item elementor-gallery-item elementor-animated-content\" href=\"https:\/\/www.terciariascapuchinas.org\/it\/wp-content\/uploads\/2020\/12\/29.-Proteccio\u0301n-Guatemala.jpg\" data-elementor-open-lightbox=\"yes\" data-elementor-lightbox-slideshow=\"all-6ec518a\" data-elementor-lightbox-title=\"Protection\" e-action-hash=\"#elementor-action%3Aaction%3Dlightbox%26settings%3DeyJpZCI6NDAzOSwidXJsIjoiaHR0cHM6XC9cL3d3dy50ZXJjaWFyaWFzY2FwdWNoaW5hcy5vcmdcL2l0XC93cC1jb250ZW50XC91cGxvYWRzXC8yMDIwXC8xMlwvMjkuLVByb3RlY2Npb1x1MDMwMW4tR3VhdGVtYWxhLmpwZyIsInNsaWRlc2hvdyI6ImFsbC02ZWM1MThhIn0%3D\">\n\t\t\t\t\t<div class=\"e-gallery-image elementor-gallery-item__image\" data-thumbnail=\"https:\/\/www.terciariascapuchinas.org\/it\/wp-content\/uploads\/2020\/12\/29.-Proteccio\u0301n-Guatemala.jpg\" data-width=\"1032\" data-height=\"581\" alt=\"\" ><\/div>\n\t\t\t\t\t\t\t\t\t\t\t<div class=\"elementor-gallery-item__overlay\"><\/div>\n\t\t\t\t\t\t\t\t\t\t\t\t\t\t<\/a>\n\t\t\t\t\t\t\t<a class=\"e-gallery-item elementor-gallery-item elementor-animated-content\" href=\"https:\/\/www.terciariascapuchinas.org\/it\/wp-content\/uploads\/2020\/12\/30.-Proteccio\u0301n-Hogar-la-Colina.jpg\" data-elementor-open-lightbox=\"yes\" data-elementor-lightbox-slideshow=\"all-6ec518a\" data-elementor-lightbox-title=\"Protection\" e-action-hash=\"#elementor-action%3Aaction%3Dlightbox%26settings%3DeyJpZCI6NDA0MCwidXJsIjoiaHR0cHM6XC9cL3d3dy50ZXJjaWFyaWFzY2FwdWNoaW5hcy5vcmdcL2l0XC93cC1jb250ZW50XC91cGxvYWRzXC8yMDIwXC8xMlwvMzAuLVByb3RlY2Npb1x1MDMwMW4tSG9nYXItbGEtQ29saW5hLmpwZyIsInNsaWRlc2hvdyI6ImFsbC02ZWM1MThhIn0%3D\">\n\t\t\t\t\t<div class=\"e-gallery-image elementor-gallery-item__image\" data-thumbnail=\"https:\/\/www.terciariascapuchinas.org\/it\/wp-content\/uploads\/2020\/12\/30.-Proteccio\u0301n-Hogar-la-Colina.jpg\" data-width=\"1152\" data-height=\"864\" alt=\"\" ><\/div>\n\t\t\t\t\t\t\t\t\t\t\t<div class=\"elementor-gallery-item__overlay\"><\/div>\n\t\t\t\t\t\t\t\t\t\t\t\t\t\t<\/a>\n\t\t\t\t\t\t\t<a class=\"e-gallery-item elementor-gallery-item elementor-animated-content\" href=\"https:\/\/www.terciariascapuchinas.org\/it\/wp-content\/uploads\/2020\/12\/31.-Proteccio\u0301n-Barranquilla-2.jpg\" data-elementor-open-lightbox=\"yes\" data-elementor-lightbox-slideshow=\"all-6ec518a\" data-elementor-lightbox-title=\"Protection\" e-action-hash=\"#elementor-action%3Aaction%3Dlightbox%26settings%3DeyJpZCI6NDA0MSwidXJsIjoiaHR0cHM6XC9cL3d3dy50ZXJjaWFyaWFzY2FwdWNoaW5hcy5vcmdcL2l0XC93cC1jb250ZW50XC91cGxvYWRzXC8yMDIwXC8xMlwvMzEuLVByb3RlY2Npb1x1MDMwMW4tQmFycmFucXVpbGxhLTIuanBnIiwic2xpZGVzaG93IjoiYWxsLTZlYzUxOGEifQ%3D%3D\">\n\t\t\t\t\t<div class=\"e-gallery-image elementor-gallery-item__image\" data-thumbnail=\"https:\/\/www.terciariascapuchinas.org\/it\/wp-content\/uploads\/2020\/12\/31.-Proteccio\u0301n-Barranquilla-2.jpg\" data-width=\"1280\" data-height=\"720\" alt=\"\" ><\/div>\n\t\t\t\t\t\t\t\t\t\t\t<div class=\"elementor-gallery-item__overlay\"><\/div>\n\t\t\t\t\t\t\t\t\t\t\t\t\t\t<\/a>\n\t\t\t\t\t\t\t<a class=\"e-gallery-item elementor-gallery-item elementor-animated-content\" href=\"https:\/\/www.terciariascapuchinas.org\/it\/wp-content\/uploads\/2020\/12\/32.-Proteccio\u0301n.jpg\" data-elementor-open-lightbox=\"yes\" data-elementor-lightbox-slideshow=\"all-6ec518a\" data-elementor-lightbox-title=\"Protection\" e-action-hash=\"#elementor-action%3Aaction%3Dlightbox%26settings%3DeyJpZCI6NDA0MiwidXJsIjoiaHR0cHM6XC9cL3d3dy50ZXJjaWFyaWFzY2FwdWNoaW5hcy5vcmdcL2l0XC93cC1jb250ZW50XC91cGxvYWRzXC8yMDIwXC8xMlwvMzIuLVByb3RlY2Npb1x1MDMwMW4uanBnIiwic2xpZGVzaG93IjoiYWxsLTZlYzUxOGEifQ%3D%3D\">\n\t\t\t\t\t<div class=\"e-gallery-image elementor-gallery-item__image\" data-thumbnail=\"https:\/\/www.terciariascapuchinas.org\/it\/wp-content\/uploads\/2020\/12\/32.-Proteccio\u0301n.jpg\" data-width=\"960\" data-height=\"1280\" alt=\"\" ><\/div>\n\t\t\t\t\t\t\t\t\t\t\t<div class=\"elementor-gallery-item__overlay\"><\/div>\n\t\t\t\t\t\t\t\t\t\t\t\t\t\t<\/a>\n\t\t\t\t\t\t\t<a class=\"e-gallery-item elementor-gallery-item elementor-animated-content\" href=\"https:\/\/www.terciariascapuchinas.org\/it\/wp-content\/uploads\/2020\/12\/34.-Proteccio\u0301n-Santa-Rosa.jpg\" data-elementor-open-lightbox=\"yes\" data-elementor-lightbox-slideshow=\"all-6ec518a\" data-elementor-lightbox-title=\"Protection\" e-action-hash=\"#elementor-action%3Aaction%3Dlightbox%26settings%3DeyJpZCI6NDA0NSwidXJsIjoiaHR0cHM6XC9cL3d3dy50ZXJjaWFyaWFzY2FwdWNoaW5hcy5vcmdcL2l0XC93cC1jb250ZW50XC91cGxvYWRzXC8yMDIwXC8xMlwvMzQuLVByb3RlY2Npb1x1MDMwMW4tU2FudGEtUm9zYS5qcGciLCJzbGlkZXNob3ciOiJhbGwtNmVjNTE4YSJ9\">\n\t\t\t\t\t<div class=\"e-gallery-image elementor-gallery-item__image\" data-thumbnail=\"https:\/\/www.terciariascapuchinas.org\/it\/wp-content\/uploads\/2020\/12\/34.-Proteccio\u0301n-Santa-Rosa.jpg\" data-width=\"1152\" data-height=\"864\" alt=\"\" ><\/div>\n\t\t\t\t\t\t\t\t\t\t\t<div class=\"elementor-gallery-item__overlay\"><\/div>\n\t\t\t\t\t\t\t\t\t\t\t\t\t\t<\/a>\n\t\t\t\t\t\t\t<a class=\"e-gallery-item elementor-gallery-item elementor-animated-content\" href=\"https:\/\/www.terciariascapuchinas.org\/it\/wp-content\/uploads\/2020\/12\/35.-Proteccio\u0301n-Barranquilla.jpg\" data-elementor-open-lightbox=\"yes\" data-elementor-lightbox-slideshow=\"all-6ec518a\" data-elementor-lightbox-title=\"Protection\" e-action-hash=\"#elementor-action%3Aaction%3Dlightbox%26settings%3DeyJpZCI6NDA0NiwidXJsIjoiaHR0cHM6XC9cL3d3dy50ZXJjaWFyaWFzY2FwdWNoaW5hcy5vcmdcL2l0XC93cC1jb250ZW50XC91cGxvYWRzXC8yMDIwXC8xMlwvMzUuLVByb3RlY2Npb1x1MDMwMW4tQmFycmFucXVpbGxhLmpwZyIsInNsaWRlc2hvdyI6ImFsbC02ZWM1MThhIn0%3D\">\n\t\t\t\t\t<div class=\"e-gallery-image elementor-gallery-item__image\" data-thumbnail=\"https:\/\/www.terciariascapuchinas.org\/it\/wp-content\/uploads\/2020\/12\/35.-Proteccio\u0301n-Barranquilla.jpg\" data-width=\"1280\" data-height=\"960\" alt=\"\" ><\/div>\n\t\t\t\t\t\t\t\t\t\t\t<div class=\"elementor-gallery-item__overlay\"><\/div>\n\t\t\t\t\t\t\t\t\t\t\t\t\t\t<\/a>\n\t\t\t\t\t<\/div>\n\t\t\t<\/div>\n\t\t\t\t<\/div>\n\t\t\t\t\t\t<\/div>\n\t\t\t\t\t<\/div>\n\t\t<\/div>\n\t\t\t\t\t\t\t\t<\/div>\n\t\t\t\t\t<\/div>\n\t\t<\/section>\n\t\t\t\t\t\t\t\t\t<\/div>\n\t\t\t<\/div>\n\t\t\t\t\t<\/div>\n\t\t","protected":false},"excerpt":{"rendered":"<p>Protezione e rieducazione Spinte dalla carit\u00e0 di Colui che \u00e8 venuto a salvare ci\u00f2 che era perduto, accogliamo con amore bambini e giovani a rischio di esclusione sociale (protezione), con problemi comportamentali o di personalit\u00e0 e feriti nella loro dignit\u00e0 umana (rieducazione). Nelle case o nelle altre strutture dove li accogliamo, cerchiamo di offrire loro [&hellip;]<\/p>\n","protected":false},"author":1,"featured_media":0,"parent":69,"menu_order":0,"comment_status":"closed","ping_status":"closed","template":"elementor_header_footer","meta":[],"_links":{"self":[{"href":"https:\/\/www.terciariascapuchinas.org\/it\/wp-json\/wp\/v2\/pages\/73"}],"collection":[{"href":"https:\/\/www.terciariascapuchinas.org\/it\/wp-json\/wp\/v2\/pages"}],"about":[{"href":"https:\/\/www.terciariascapuchinas.org\/it\/wp-json\/wp\/v2\/types\/page"}],"author":[{"embeddable":true,"href":"https:\/\/www.terciariascapuchinas.org\/it\/wp-json\/wp\/v2\/users\/1"}],"replies":[{"embeddable":true,"href":"https:\/\/www.terciariascapuchinas.org\/it\/wp-json\/wp\/v2\/comments?post=73"}],"version-history":[{"count":32,"href":"https:\/\/www.terciariascapuchinas.org\/it\/wp-json\/wp\/v2\/pages\/73\/revisions"}],"predecessor-version":[{"id":5070,"href":"https:\/\/www.terciariascapuchinas.org\/it\/wp-json\/wp\/v2\/pages\/73\/revisions\/5070"}],"up":[{"embeddable":true,"href":"https:\/\/www.terciariascapuchinas.org\/it\/wp-json\/wp\/v2\/pages\/69"}],"wp:attachment":[{"href":"https:\/\/www.terciariascapuchinas.org\/it\/wp-json\/wp\/v2\/media?parent=73"}],"curies":[{"name":"wp","href":"https:\/\/api.w.org\/{rel}","templated":true}]}}