{"id":950,"date":"2020-05-30T17:52:45","date_gmt":"2020-05-30T17:52:45","guid":{"rendered":"http:\/\/www.terciariascapuchinas.es\/\/?page_id=950"},"modified":"2021-04-08T15:11:37","modified_gmt":"2021-04-08T15:11:37","slug":"san-francisco","status":"publish","type":"page","link":"https:\/\/www.terciariascapuchinas.org\/it\/quienes-somos\/carisma-y-espiritualidad\/san-francisco\/","title":{"rendered":"San Francisco"},"content":{"rendered":"\t\t<div data-elementor-type=\"wp-page\" data-elementor-id=\"950\" class=\"elementor elementor-950\">\n\t\t\t\t\t\t<div class=\"elementor-inner\">\n\t\t\t\t<div class=\"elementor-section-wrap\">\n\t\t\t\t\t\t\t\t\t<section class=\"elementor-section elementor-top-section elementor-element elementor-element-3d4fb2d elementor-section-boxed elementor-section-height-default elementor-section-height-default\" data-id=\"3d4fb2d\" data-element_type=\"section\" data-settings=\"{&quot;background_background&quot;:&quot;classic&quot;}\">\n\t\t\t\t\t\t<div class=\"elementor-container elementor-column-gap-default\">\n\t\t\t\t\t\t\t<div class=\"elementor-row\">\n\t\t\t\t\t<div class=\"elementor-column elementor-col-100 elementor-top-column elementor-element elementor-element-e5b8464\" data-id=\"e5b8464\" data-element_type=\"column\">\n\t\t\t<div class=\"elementor-column-wrap elementor-element-populated\">\n\t\t\t\t\t\t\t<div class=\"elementor-widget-wrap\">\n\t\t\t\t\t\t<div class=\"elementor-element elementor-element-7205ab5 elementor-align-left elementor-icon-list--layout-traditional elementor-list-item-link-full_width elementor-widget elementor-widget-icon-list\" data-id=\"7205ab5\" data-element_type=\"widget\" data-widget_type=\"icon-list.default\">\n\t\t\t\t<div class=\"elementor-widget-container\">\n\t\t\t\t\t<ul class=\"elementor-icon-list-items\">\n\t\t\t\t\t\t\t<li class=\"elementor-icon-list-item\">\n\t\t\t\t\t\t\t\t\t\t\t<span class=\"elementor-icon-list-icon\">\n\t\t\t\t\t\t\t<i aria-hidden=\"true\" class=\"fas fa-child\"><\/i>\t\t\t\t\t\t<\/span>\n\t\t\t\t\t\t\t\t\t\t<span class=\"elementor-icon-list-text\">Francesco d'Assisi e la sua spiritualit\u00e0<\/span>\n\t\t\t\t\t\t\t\t\t<\/li>\n\t\t\t\t\t\t<\/ul>\n\t\t\t\t<\/div>\n\t\t\t\t<\/div>\n\t\t\t\t<div class=\"elementor-element elementor-element-ee1dcbf elementor-widget elementor-widget-text-editor\" data-id=\"ee1dcbf\" data-element_type=\"widget\" data-widget_type=\"text-editor.default\">\n\t\t\t\t<div class=\"elementor-widget-container\">\n\t\t\t\t\t\t\t\t<div class=\"elementor-text-editor elementor-clearfix\">\n\t\t\t\t<p><img loading=\"lazy\" class=\"alignleft wp-image-3956\" src=\"https:\/\/www.terciariascapuchinas.es\/wp-content\/uploads\/2020\/12\/San-Francisco-Cimabue-1-765x1024.jpg\" alt=\"\" width=\"390\" height=\"522\" srcset=\"https:\/\/www.terciariascapuchinas.org\/it\/wp-content\/uploads\/2020\/12\/San-Francisco-Cimabue-1-765x1024.jpg 765w, https:\/\/www.terciariascapuchinas.org\/it\/wp-content\/uploads\/2020\/12\/San-Francisco-Cimabue-1-224x300.jpg 224w, https:\/\/www.terciariascapuchinas.org\/it\/wp-content\/uploads\/2020\/12\/San-Francisco-Cimabue-1-768x1028.jpg 768w, https:\/\/www.terciariascapuchinas.org\/it\/wp-content\/uploads\/2020\/12\/San-Francisco-Cimabue-1.jpg 1059w\" sizes=\"(max-width: 390px) 100vw, 390px\" \/><\/p><p>Come congregazione religiosa appartenente alla famiglia francescana e per di pi\u00f9 cappuccina, l&#8217;ispiratore della nostra forma di vita \u00e8 Francesco d&#8217;Assisi (1181-1226). Quest&#8217;uomo che in pieno Medioevo, fece del Vangelo la sua unica regola di vita, lanci\u03cc al mondo un messaggio che continua a risuonarvi ancora oggi.<\/p><p>Francesco aveva davanti a s\u00e9 un futuro che molti avrebbero voluto avere ma, affascinato da Cristo e dal suo Vangelo, decise di camminare controcorrente: mentre tutti sognavano di scalare la piramide sociale e diventare \u00abmayores\u00bb, lui scelse di condividere la vita dei \u00abmemores\u00bb della societ\u00e0 del suo tempo e stringere con loro lacci di fraternit\u00e0; mentre molti dei suoi amici si impegnavano per diventare ricchi, lui spos\u03cc \u00a0\u00abMadonna povert\u00e0\u00bb prendendo come esempio \u00abCristo e la sua Madre poverella\u00bb e mentre intorno a lui soffiavano venti di guerra, lui augurava a tutti la pace e il bene. Spogliato di tutto per amore a Cristo, si rivest\u00ec della ricchezza della fede, di fiducia nella Provvidenza, di umilt\u00e0 e di semplicit\u00e0. Si sentiva fratello di tutte le creature e ci\u00f2 gli permise vivere la perfetta letizia del Vangelo e la comunione con il Signore lo rese un uomo contemplativo capace di guardare il mondo con gli occhi di Dio e di avvicinarsi ai suoi fratelli con misericordia.<\/p><p>Queste caratteristiche della vita e dell&#8217;esperienza spirituale di Francesco d&#8217;Assisi, caratterizzarono anche quella di Chiara, volto femminile del francescanesimo e sono le fondamenta della nostra vita di donne consacrate, che hanno scelto Dio come loro unico e sommo bene (Cost. 2).<\/p>\t\t\t\t\t<\/div>\n\t\t\t\t\t\t<\/div>\n\t\t\t\t<\/div>\n\t\t\t\t\t\t<\/div>\n\t\t\t\t\t<\/div>\n\t\t<\/div>\n\t\t\t\t\t\t\t\t<\/div>\n\t\t\t\t\t<\/div>\n\t\t<\/section>\n\t\t\t\t\t\t\t\t\t<\/div>\n\t\t\t<\/div>\n\t\t\t\t\t<\/div>\n\t\t","protected":false},"excerpt":{"rendered":"<p>Francesco d&#8217;Assisi e la sua spiritualit\u00e0 Come congregazione religiosa appartenente alla famiglia francescana e per di pi\u00f9 cappuccina, l&#8217;ispiratore della nostra forma di vita \u00e8 Francesco d&#8217;Assisi (1181-1226). Quest&#8217;uomo che in pieno Medioevo, fece del Vangelo la sua unica regola di vita, lanci\u03cc al mondo un messaggio che continua a risuonarvi ancora oggi. Francesco aveva [&hellip;]<\/p>\n","protected":false},"author":1,"featured_media":0,"parent":29,"menu_order":0,"comment_status":"closed","ping_status":"closed","template":"elementor_header_footer","meta":[],"_links":{"self":[{"href":"https:\/\/www.terciariascapuchinas.org\/it\/wp-json\/wp\/v2\/pages\/950"}],"collection":[{"href":"https:\/\/www.terciariascapuchinas.org\/it\/wp-json\/wp\/v2\/pages"}],"about":[{"href":"https:\/\/www.terciariascapuchinas.org\/it\/wp-json\/wp\/v2\/types\/page"}],"author":[{"embeddable":true,"href":"https:\/\/www.terciariascapuchinas.org\/it\/wp-json\/wp\/v2\/users\/1"}],"replies":[{"embeddable":true,"href":"https:\/\/www.terciariascapuchinas.org\/it\/wp-json\/wp\/v2\/comments?post=950"}],"version-history":[{"count":29,"href":"https:\/\/www.terciariascapuchinas.org\/it\/wp-json\/wp\/v2\/pages\/950\/revisions"}],"predecessor-version":[{"id":5303,"href":"https:\/\/www.terciariascapuchinas.org\/it\/wp-json\/wp\/v2\/pages\/950\/revisions\/5303"}],"up":[{"embeddable":true,"href":"https:\/\/www.terciariascapuchinas.org\/it\/wp-json\/wp\/v2\/pages\/29"}],"wp:attachment":[{"href":"https:\/\/www.terciariascapuchinas.org\/it\/wp-json\/wp\/v2\/media?parent=950"}],"curies":[{"name":"wp","href":"https:\/\/api.w.org\/{rel}","templated":true}]}}