{"id":98,"date":"2020-05-04T13:05:13","date_gmt":"2020-05-04T13:05:13","guid":{"rendered":"http:\/\/florastrosytarot.com\/terciarias\/?page_id=98"},"modified":"2021-04-08T15:13:27","modified_gmt":"2021-04-08T15:13:27","slug":"mla","status":"publish","type":"page","link":"https:\/\/www.terciariascapuchinas.org\/it\/mla\/","title":{"rendered":"M.L.A"},"content":{"rendered":"\t\t<div data-elementor-type=\"wp-page\" data-elementor-id=\"98\" class=\"elementor elementor-98\">\n\t\t\t\t\t\t<div class=\"elementor-inner\">\n\t\t\t\t<div class=\"elementor-section-wrap\">\n\t\t\t\t\t\t\t\t\t<section class=\"elementor-section elementor-top-section elementor-element elementor-element-1b26692e elementor-section-boxed elementor-section-height-default elementor-section-height-default\" data-id=\"1b26692e\" data-element_type=\"section\" data-settings=\"{&quot;background_background&quot;:&quot;classic&quot;}\">\n\t\t\t\t\t\t<div class=\"elementor-container elementor-column-gap-default\">\n\t\t\t\t\t\t\t<div class=\"elementor-row\">\n\t\t\t\t\t<div class=\"elementor-column elementor-col-100 elementor-top-column elementor-element elementor-element-470e9ad5\" data-id=\"470e9ad5\" data-element_type=\"column\">\n\t\t\t<div class=\"elementor-column-wrap elementor-element-populated\">\n\t\t\t\t\t\t\t<div class=\"elementor-widget-wrap\">\n\t\t\t\t\t\t<div class=\"elementor-element elementor-element-2089c621 elementor-align-left elementor-icon-list--layout-traditional elementor-list-item-link-full_width elementor-widget elementor-widget-icon-list\" data-id=\"2089c621\" data-element_type=\"widget\" data-widget_type=\"icon-list.default\">\n\t\t\t\t<div class=\"elementor-widget-container\">\n\t\t\t\t\t<ul class=\"elementor-icon-list-items\">\n\t\t\t\t\t\t\t<li class=\"elementor-icon-list-item\">\n\t\t\t\t\t\t\t\t\t\t\t<span class=\"elementor-icon-list-icon\">\n\t\t\t\t\t\t\t<i aria-hidden=\"true\" class=\"fas fa-people-carry\"><\/i>\t\t\t\t\t\t<\/span>\n\t\t\t\t\t\t\t\t\t\t<span class=\"elementor-icon-list-text\">Movimento Laicale Amigoniano (MLA) \u2013 JUVAM - Zagales<\/span>\n\t\t\t\t\t\t\t\t\t<\/li>\n\t\t\t\t\t\t<\/ul>\n\t\t\t\t<\/div>\n\t\t\t\t<\/div>\n\t\t\t\t<div class=\"elementor-element elementor-element-826611c elementor-widget elementor-widget-heading\" data-id=\"826611c\" data-element_type=\"widget\" data-widget_type=\"heading.default\">\n\t\t\t\t<div class=\"elementor-widget-container\">\n\t\t\t<h2 class=\"elementor-heading-title elementor-size-default\">\u00c8 un'associazione di fedeli che vogliono vivere il carisma di Padre Luigi Amig\u00f3 nel loro stato di vita laicale; \u00e8 un'opera propria della Congregazione che rende partecipi i laici della propria spiritualit\u00e0 e missione e propone loro un cammino di santit\u00e0 (cf. CIVCSVA, Decreto Approvazione MLA; Cost. 63; Dir. 52).<\/h2>\t\t<\/div>\n\t\t\t\t<\/div>\n\t\t\t\t<div class=\"elementor-element elementor-element-e582ce7 elementor-widget elementor-widget-heading\" data-id=\"e582ce7\" data-element_type=\"widget\" data-widget_type=\"heading.default\">\n\t\t\t\t<div class=\"elementor-widget-container\">\n\t\t\t<h2 class=\"elementor-heading-title elementor-size-default\">L'istituzione di questo Movimento, che ha ricevuto l'approvazione della Chiesa nel 2002, d\u00e0 continuit\u00e0 allo zelo apostolico con cui Padre Luigi Amig\u00f3 lavor\u00f3 con il Terz'Ordine Francescano Secolare, riconoscendo il suo contributo alla trasformazione della societ\u00e0 a partire dai valori evangelici testimoniati con la vita (cf. OCLA 1016 e 1024). Le sorelle accompagnano il cammino dei Laici Amigoniani offrendo loro formazione cristiana e carismatica e sostenendoli nell\u2019impegno per trasmettere i valori ricevuti da Padre Luigi nelle proprie famiglie, nel mondo del lavoro e nella societ\u00e0 civile dove non sempre le religiose possono farsi presenti. Il Movimento \u00e8 strutturato in tre sezioni: Laici Adulti, Giovent\u00f9 Amigoniana (JUVAM) e Zagales (cf. Dir. MLA 15).<\/h2>\t\t<\/div>\n\t\t\t\t<\/div>\n\t\t\t\t<div class=\"elementor-element elementor-element-a724b4d elementor-widget elementor-widget-gallery\" data-id=\"a724b4d\" data-element_type=\"widget\" data-settings=\"{&quot;columns&quot;:3,&quot;lazyload&quot;:&quot;yes&quot;,&quot;gallery_layout&quot;:&quot;grid&quot;,&quot;columns_tablet&quot;:2,&quot;columns_mobile&quot;:1,&quot;gap&quot;:{&quot;unit&quot;:&quot;px&quot;,&quot;size&quot;:10,&quot;sizes&quot;:[]},&quot;gap_tablet&quot;:{&quot;unit&quot;:&quot;px&quot;,&quot;size&quot;:10,&quot;sizes&quot;:[]},&quot;gap_mobile&quot;:{&quot;unit&quot;:&quot;px&quot;,&quot;size&quot;:10,&quot;sizes&quot;:[]},&quot;link_to&quot;:&quot;file&quot;,&quot;aspect_ratio&quot;:&quot;3:2&quot;,&quot;overlay_background&quot;:&quot;yes&quot;,&quot;content_hover_animation&quot;:&quot;fade-in&quot;}\" data-widget_type=\"gallery.default\">\n\t\t\t\t<div class=\"elementor-widget-container\">\n\t\t\t\t\t<div class=\"elementor-gallery__container\">\n\t\t\t\t\t\t\t<a class=\"e-gallery-item elementor-gallery-item elementor-animated-content\" href=\"https:\/\/www.terciariascapuchinas.org\/it\/wp-content\/uploads\/2020\/12\/62.-MLA-Santa-Clara-2-scaled.jpg\" data-elementor-open-lightbox=\"yes\" data-elementor-lightbox-slideshow=\"all-a724b4d\" data-elementor-lightbox-title=\"Mouvement La\u00efque Amigonien\" e-action-hash=\"#elementor-action%3Aaction%3Dlightbox%26settings%3DeyJpZCI6NDExOSwidXJsIjoiaHR0cHM6XC9cL3d3dy50ZXJjaWFyaWFzY2FwdWNoaW5hcy5vcmdcL2l0XC93cC1jb250ZW50XC91cGxvYWRzXC8yMDIwXC8xMlwvNjIuLU1MQS1TYW50YS1DbGFyYS0yLXNjYWxlZC5qcGciLCJzbGlkZXNob3ciOiJhbGwtYTcyNGI0ZCJ9\">\n\t\t\t\t\t<div class=\"e-gallery-image elementor-gallery-item__image\" data-thumbnail=\"https:\/\/www.terciariascapuchinas.org\/it\/wp-content\/uploads\/2020\/12\/62.-MLA-Santa-Clara-2-scaled.jpg\" data-width=\"2560\" data-height=\"1445\" alt=\"\" ><\/div>\n\t\t\t\t\t\t\t\t\t\t\t<div class=\"elementor-gallery-item__overlay\"><\/div>\n\t\t\t\t\t\t\t\t\t\t\t\t\t\t<\/a>\n\t\t\t\t\t\t\t<a class=\"e-gallery-item elementor-gallery-item elementor-animated-content\" href=\"https:\/\/www.terciariascapuchinas.org\/it\/wp-content\/uploads\/2020\/12\/65.-MLA-Asia.jpg\" data-elementor-open-lightbox=\"yes\" data-elementor-lightbox-slideshow=\"all-a724b4d\" data-elementor-lightbox-title=\"Mouvement La\u00efque Amigonien\" e-action-hash=\"#elementor-action%3Aaction%3Dlightbox%26settings%3DeyJpZCI6NDEyMiwidXJsIjoiaHR0cHM6XC9cL3d3dy50ZXJjaWFyaWFzY2FwdWNoaW5hcy5vcmdcL2l0XC93cC1jb250ZW50XC91cGxvYWRzXC8yMDIwXC8xMlwvNjUuLU1MQS1Bc2lhLmpwZyIsInNsaWRlc2hvdyI6ImFsbC1hNzI0YjRkIn0%3D\">\n\t\t\t\t\t<div class=\"e-gallery-image elementor-gallery-item__image\" data-thumbnail=\"https:\/\/www.terciariascapuchinas.org\/it\/wp-content\/uploads\/2020\/12\/65.-MLA-Asia.jpg\" data-width=\"960\" data-height=\"435\" alt=\"\" ><\/div>\n\t\t\t\t\t\t\t\t\t\t\t<div class=\"elementor-gallery-item__overlay\"><\/div>\n\t\t\t\t\t\t\t\t\t\t\t\t\t\t<\/a>\n\t\t\t\t\t\t\t<a class=\"e-gallery-item elementor-gallery-item elementor-animated-content\" href=\"https:\/\/www.terciariascapuchinas.org\/it\/wp-content\/uploads\/2020\/12\/66.-MLA-Santa-Clara.jpg\" data-elementor-open-lightbox=\"yes\" data-elementor-lightbox-slideshow=\"all-a724b4d\" data-elementor-lightbox-title=\"Mouvement La\u00efque Amigonien\" e-action-hash=\"#elementor-action%3Aaction%3Dlightbox%26settings%3DeyJpZCI6NDEyMywidXJsIjoiaHR0cHM6XC9cL3d3dy50ZXJjaWFyaWFzY2FwdWNoaW5hcy5vcmdcL2l0XC93cC1jb250ZW50XC91cGxvYWRzXC8yMDIwXC8xMlwvNjYuLU1MQS1TYW50YS1DbGFyYS5qcGciLCJzbGlkZXNob3ciOiJhbGwtYTcyNGI0ZCJ9\">\n\t\t\t\t\t<div class=\"e-gallery-image elementor-gallery-item__image\" data-thumbnail=\"https:\/\/www.terciariascapuchinas.org\/it\/wp-content\/uploads\/2020\/12\/66.-MLA-Santa-Clara.jpg\" data-width=\"960\" data-height=\"686\" alt=\"\" ><\/div>\n\t\t\t\t\t\t\t\t\t\t\t<div class=\"elementor-gallery-item__overlay\"><\/div>\n\t\t\t\t\t\t\t\t\t\t\t\t\t\t<\/a>\n\t\t\t\t\t\t\t<a class=\"e-gallery-item elementor-gallery-item elementor-animated-content\" href=\"https:\/\/www.terciariascapuchinas.org\/it\/wp-content\/uploads\/2020\/12\/67.-MLA-Encuentro-naviden\u0303o.jpg\" data-elementor-open-lightbox=\"yes\" data-elementor-lightbox-slideshow=\"all-a724b4d\" data-elementor-lightbox-title=\"Mouvement La\u00efque Amigonien\" e-action-hash=\"#elementor-action%3Aaction%3Dlightbox%26settings%3DeyJpZCI6NDEyNCwidXJsIjoiaHR0cHM6XC9cL3d3dy50ZXJjaWFyaWFzY2FwdWNoaW5hcy5vcmdcL2l0XC93cC1jb250ZW50XC91cGxvYWRzXC8yMDIwXC8xMlwvNjcuLU1MQS1FbmN1ZW50cm8tbmF2aWRlblx1MDMwM28uanBnIiwic2xpZGVzaG93IjoiYWxsLWE3MjRiNGQifQ%3D%3D\">\n\t\t\t\t\t<div class=\"e-gallery-image elementor-gallery-item__image\" data-thumbnail=\"https:\/\/www.terciariascapuchinas.org\/it\/wp-content\/uploads\/2020\/12\/67.-MLA-Encuentro-naviden\u0303o.jpg\" data-width=\"1040\" data-height=\"780\" alt=\"\" ><\/div>\n\t\t\t\t\t\t\t\t\t\t\t<div class=\"elementor-gallery-item__overlay\"><\/div>\n\t\t\t\t\t\t\t\t\t\t\t\t\t\t<\/a>\n\t\t\t\t\t\t\t<a class=\"e-gallery-item elementor-gallery-item elementor-animated-content\" href=\"https:\/\/www.terciariascapuchinas.org\/it\/wp-content\/uploads\/2020\/12\/63.-Mla-Kigamboni-1.jpg\" data-elementor-open-lightbox=\"yes\" data-elementor-lightbox-slideshow=\"all-a724b4d\" data-elementor-lightbox-title=\"Mouvement La\u00efque Amigonien\" e-action-hash=\"#elementor-action%3Aaction%3Dlightbox%26settings%3DeyJpZCI6NDEyNSwidXJsIjoiaHR0cHM6XC9cL3d3dy50ZXJjaWFyaWFzY2FwdWNoaW5hcy5vcmdcL2l0XC93cC1jb250ZW50XC91cGxvYWRzXC8yMDIwXC8xMlwvNjMuLU1sYS1LaWdhbWJvbmktMS5qcGciLCJzbGlkZXNob3ciOiJhbGwtYTcyNGI0ZCJ9\">\n\t\t\t\t\t<div class=\"e-gallery-image elementor-gallery-item__image\" data-thumbnail=\"https:\/\/www.terciariascapuchinas.org\/it\/wp-content\/uploads\/2020\/12\/63.-Mla-Kigamboni-1.jpg\" data-width=\"1587\" data-height=\"1191\" alt=\"\" ><\/div>\n\t\t\t\t\t\t\t\t\t\t\t<div class=\"elementor-gallery-item__overlay\"><\/div>\n\t\t\t\t\t\t\t\t\t\t\t\t\t\t<\/a>\n\t\t\t\t\t\t\t<a class=\"e-gallery-item elementor-gallery-item elementor-animated-content\" href=\"https:\/\/www.terciariascapuchinas.org\/it\/wp-content\/uploads\/2020\/12\/64.-MLA-Polonia-1.jpg\" data-elementor-open-lightbox=\"yes\" data-elementor-lightbox-slideshow=\"all-a724b4d\" data-elementor-lightbox-title=\"Mouvement La\u00efque Amigonien\" e-action-hash=\"#elementor-action%3Aaction%3Dlightbox%26settings%3DeyJpZCI6NDEyNiwidXJsIjoiaHR0cHM6XC9cL3d3dy50ZXJjaWFyaWFzY2FwdWNoaW5hcy5vcmdcL2l0XC93cC1jb250ZW50XC91cGxvYWRzXC8yMDIwXC8xMlwvNjQuLU1MQS1Qb2xvbmlhLTEuanBnIiwic2xpZGVzaG93IjoiYWxsLWE3MjRiNGQifQ%3D%3D\">\n\t\t\t\t\t<div class=\"e-gallery-image elementor-gallery-item__image\" data-thumbnail=\"https:\/\/www.terciariascapuchinas.org\/it\/wp-content\/uploads\/2020\/12\/64.-MLA-Polonia-1.jpg\" data-width=\"1587\" data-height=\"1191\" alt=\"\" ><\/div>\n\t\t\t\t\t\t\t\t\t\t\t<div class=\"elementor-gallery-item__overlay\"><\/div>\n\t\t\t\t\t\t\t\t\t\t\t\t\t\t<\/a>\n\t\t\t\t\t<\/div>\n\t\t\t<\/div>\n\t\t\t\t<\/div>\n\t\t\t\t<div class=\"elementor-element elementor-element-57c0825 elementor-widget elementor-widget-heading\" data-id=\"57c0825\" data-element_type=\"widget\" data-widget_type=\"heading.default\">\n\t\t\t\t<div class=\"elementor-widget-container\">\n\t\t\t<h2 class=\"elementor-heading-title elementor-size-default\">JUVAM \u00e8 un'associazione di giovani che vogliono crescere integralmente come persone alla luce della fede e del carisma amigoniano. Le sorelle propongono loro un itinerario di crescita personale e di sequela di Cristo a partire dagli elementi fondamentali del carisma amigoniano; nel loro cammino sono accompagnati da educatori laici che si impegnano ad essere per loro testimoni del Vangelo e trasmettitori credibili dei suoi valori.\n\n\n<\/h2>\t\t<\/div>\n\t\t\t\t<\/div>\n\t\t\t\t<div class=\"elementor-element elementor-element-2acc560 elementor-widget elementor-widget-heading\" data-id=\"2acc560\" data-element_type=\"widget\" data-widget_type=\"heading.default\">\n\t\t\t\t<div class=\"elementor-widget-container\">\n\t\t\t<h2 class=\"elementor-heading-title elementor-size-default\">Gli \u201cZagales\u201d (pastorelli) sono bambini e adolescenti che vogliono vivere l'esperienza dell'amicizia e l'esperienza della fede secondo il carisma amigoniano. Il loro nome fa riferimento al Buon Pastore, il cui spirito \u00e8 parte del carisma amigoniano e di cui si sentono \"pastorelli\". Accompagnati dai propri educatori, i bambini si riuniscono per riflettere e confrontarsi sulla vita, incontrare Dio nell'ascolto della Parola e realizzare semplici gesti di solidariet\u00e0 con chi ne ha pi\u00f9 bisogno.\n<\/h2>\t\t<\/div>\n\t\t\t\t<\/div>\n\t\t\t\t\t\t<\/div>\n\t\t\t\t\t<\/div>\n\t\t<\/div>\n\t\t\t\t\t\t\t\t<\/div>\n\t\t\t\t\t<\/div>\n\t\t<\/section>\n\t\t\t\t\t\t\t\t\t<\/div>\n\t\t\t<\/div>\n\t\t\t\t\t<\/div>\n\t\t","protected":false},"excerpt":{"rendered":"<p>Movimento Laicale Amigoniano (MLA) \u2013 JUVAM &#8211; Zagales \u00c8 un&#8217;associazione di fedeli che vogliono vivere il carisma di Padre Luigi Amig\u00f3 nel loro stato di vita laicale; \u00e8 un&#8217;opera propria della Congregazione che rende partecipi i laici della propria spiritualit\u00e0 e missione e propone loro un cammino di santit\u00e0 (cf. CIVCSVA, Decreto Approvazione MLA; Cost. [&hellip;]<\/p>\n","protected":false},"author":1,"featured_media":0,"parent":0,"menu_order":0,"comment_status":"closed","ping_status":"closed","template":"elementor_header_footer","meta":[],"_links":{"self":[{"href":"https:\/\/www.terciariascapuchinas.org\/it\/wp-json\/wp\/v2\/pages\/98"}],"collection":[{"href":"https:\/\/www.terciariascapuchinas.org\/it\/wp-json\/wp\/v2\/pages"}],"about":[{"href":"https:\/\/www.terciariascapuchinas.org\/it\/wp-json\/wp\/v2\/types\/page"}],"author":[{"embeddable":true,"href":"https:\/\/www.terciariascapuchinas.org\/it\/wp-json\/wp\/v2\/users\/1"}],"replies":[{"embeddable":true,"href":"https:\/\/www.terciariascapuchinas.org\/it\/wp-json\/wp\/v2\/comments?post=98"}],"version-history":[{"count":35,"href":"https:\/\/www.terciariascapuchinas.org\/it\/wp-json\/wp\/v2\/pages\/98\/revisions"}],"predecessor-version":[{"id":5306,"href":"https:\/\/www.terciariascapuchinas.org\/it\/wp-json\/wp\/v2\/pages\/98\/revisions\/5306"}],"wp:attachment":[{"href":"https:\/\/www.terciariascapuchinas.org\/it\/wp-json\/wp\/v2\/media?parent=98"}],"curies":[{"name":"wp","href":"https:\/\/api.w.org\/{rel}","templated":true}]}}